{"id":70,"date":"2024-10-05T18:03:20","date_gmt":"2024-10-05T16:03:20","guid":{"rendered":"https:\/\/proyectum.com\/mx\/?page_id=70"},"modified":"2025-07-05T01:22:06","modified_gmt":"2025-07-05T07:22:06","slug":"manifiesto-proyectum","status":"publish","type":"page","link":"https:\/\/proyectum.com\/mx\/nosotros\/manifiesto-proyectum\/","title":{"rendered":"Manifiesto Proyectum"},"content":{"rendered":"\n<div class=\"wp-block-toolset-blocks-container tb-container\" data-toolset-blocks-container=\"ff8f85b2fc7e4cc1f9185f05324aed06\">\n<h1 class=\"tb-heading\" data-toolset-blocks-heading=\"de31bd02d48f106671751fd9d7b42431\" data-last-update=\"1.4\">MANIFIESTO PROYECTUM PARA INTERVENCIONES ORGANIZACIONALES<\/h1>\n<\/div>\n\n\n\n<div class=\"wp-block-toolset-blocks-container tb-container\" data-toolset-blocks-container=\"5d97e2cba4077e8b390ff826b168a5ae\">\n<div class=\"wp-block-toolset-blocks-grid tb-grid\" data-toolset-blocks-grid=\"7f1026c9709550f03755229a6093e359\">\n<div class=\"wp-block-toolset-blocks-grid-column tb-grid-column tb-grid-align-center\" data-toolset-blocks-grid-column=\"e3c22d0cdd46c68191607d65d4fab235\">\n<div class=\"wp-block-toolset-blocks-container tb-container\" data-toolset-blocks-container=\"6fbe0b680499d3ddbd3faeb96b5201ab\">\n<h2 class=\"tb-heading has-text-color\" data-toolset-blocks-heading=\"948b05dae7dcbe4d0c18303cd8b8db65\" data-last-update=\"1.4\">Nuestros Valores<\/h2>\n\n\n\n<div style=\"height:100px\" aria-hidden=\"true\" class=\"wp-block-spacer\"><\/div>\n\n\n\n<div class=\"tb-fields-and-text\" data-toolset-blocks-fields-and-text=\"b94cf1e3cc99508bb82f8cc1e61c5061\"><ul>\n<li style=\"text-align: justify;\">\n<h3><span style=\"color: #faac47;\"><strong>En cada sistema humano hay algo que funciona bien.<\/strong><\/span><\/h3>\n<h3 style=\"font-weight: 400; text-align: left;\">No importa cu\u00e1n desafiante sea la situaci\u00f3n, siempre hay aspectos positivos y \u00e9xitos pasados que pueden ser aprovechados para el cambio.<\/h3>\n<\/li>\n<\/ul>\n<p style=\"text-align: justify;\">\u00a0<\/p>\n<ul style=\"text-align: justify;\">\n<li style=\"text-align: left;\">\n<h3><span style=\"color: #faac47;\"><strong>Lo que enfocamos se expande.<\/strong><\/span><\/h3>\n<\/li>\n<\/ul>\n<h3 style=\"padding-left: 40px;\">Cuanto m\u00e1s nos centramos en los aspectos positivos de nuestro entorno, m\u00e1s crecer\u00e1n las fortalezas y las posibilidades\u00a0<span style=\"color: #ffffff;\">\u00a0y se desarrollar\u00e1n.<\/span><\/h3>\n<p style=\"text-align: justify;\">\u00a0<\/p>\n<ul style=\"text-align: justify;\">\n<li style=\"text-align: left;\">\n<h3><span style=\"color: #faac47;\"><strong>La gente tiene m\u00e1s confianza y est\u00e1 m\u00e1s abierta al cambio cuando apreciamos nuestras fortalezas <\/strong><\/span><\/h3>\n<\/li>\n<\/ul>\n<h3 style=\"padding-left: 40px;\"><span style=\"color: #ffffff;\">Cuando las personas se sienten valoradas y reconocidas, est\u00e1n m\u00e1s dispuestas a participar activamente en procesos de transformaci\u00f3n.<\/span><\/h3>\n<p style=\"text-align: justify;\">\u00a0<\/p>\n<ul style=\"text-align: justify;\">\n<li style=\"text-align: left;\">\n<h3><span style=\"color: #faac47;\"><strong>La colaboraci\u00f3n y el di\u00e1logo generan posibilidades infinitas<\/strong>:<\/span><\/h3>\n<\/li>\n<\/ul>\n<h3 style=\"padding-left: 40px;\">Al co-crear y compartir diferentes perspectivas de manera abierta, se generan oportunidades y soluciones innovadoras.<\/h3>\n<p style=\"text-align: justify;\">\u00a0<\/p>\n<ul>\n<li style=\"text-align: left;\">\n<h3><span style=\"color: #faac47;\"><strong>La visi\u00f3n colectiva de un futuro inspirador es un poderoso motor de cambio: <\/strong><\/span><\/h3>\n<\/li>\n<\/ul>\n<h3 style=\"padding-left: 40px;\"><span style=\"color: #ffffff;\">Una visi\u00f3n compartida y aspiracional del futuro, tiene la capacidad de movilizar y alinear a las personas hacia el logro de objetivos comunes.<\/span><\/h3><\/div>\n<\/div>\n<\/div>\n\n\n\n<div class=\"wp-block-toolset-blocks-grid-column tb-grid-column tb-grid-align-top\" data-toolset-blocks-grid-column=\"3034fbe886c11054e95b46b09d3e4112\"><div class=\"wp-block-image\">\n<figure class=\" tb-image tb-image-dynamic tb-image-frame-none alignright\" data-toolset-blocks-image=\"6c42b42ef9f68480178de2386f9939f8\"><img decoding=\"async\" width=\"800\" height=\"1200\" loading=\"lazy\" src=\"https:\/\/proyectum.com\/mx\/wp-content\/uploads\/2024\/10\/valores-1.jpg\" alt=\"\" class=\"wp-image-592\" srcset=\"https:\/\/proyectum.com\/mx\/wp-content\/uploads\/2024\/10\/valores-1.jpg 800w, https:\/\/proyectum.com\/mx\/wp-content\/uploads\/2024\/10\/valores-1-200x300.jpg 200w, https:\/\/proyectum.com\/mx\/wp-content\/uploads\/2024\/10\/valores-1-683x1024.jpg 683w, https:\/\/proyectum.com\/mx\/wp-content\/uploads\/2024\/10\/valores-1-768x1152.jpg 768w\" sizes=\"auto, (max-width: 800px) 100vw, 800px\" \/><\/figure>\n<\/div><\/div>\n<\/div>\n<\/div>\n\n\n\n<div class=\"wp-block-toolset-blocks-container tb-container\" data-toolset-blocks-container=\"1bf0cbe6cf8327ba1d43432d5121bf8f\">\n<div class=\"wp-block-toolset-blocks-grid tb-grid\" data-toolset-blocks-grid=\"7f1026c9709550f03755229a6093e359\">\n<div class=\"wp-block-toolset-blocks-grid-column tb-grid-column tb-grid-align-top\" data-toolset-blocks-grid-column=\"3034fbe886c11054e95b46b09d3e4112\">\n<figure class=\"wp-block-image tb-image tb-image-dynamic tb-image-frame-none\" data-toolset-blocks-image=\"4c133b2b224aefe448efeb085a1162e8\"><img decoding=\"async\" width=\"800\" height=\"1200\" loading=\"lazy\" src=\"https:\/\/proyectum.com\/mx\/wp-content\/uploads\/2024\/10\/principios-1.jpg\" alt=\"\" class=\"wp-image-594\" srcset=\"https:\/\/proyectum.com\/mx\/wp-content\/uploads\/2024\/10\/principios-1.jpg 800w, https:\/\/proyectum.com\/mx\/wp-content\/uploads\/2024\/10\/principios-1-200x300.jpg 200w, https:\/\/proyectum.com\/mx\/wp-content\/uploads\/2024\/10\/principios-1-683x1024.jpg 683w, https:\/\/proyectum.com\/mx\/wp-content\/uploads\/2024\/10\/principios-1-768x1152.jpg 768w\" sizes=\"auto, (max-width: 800px) 100vw, 800px\" \/><\/figure>\n<\/div>\n\n\n\n<div class=\"wp-block-toolset-blocks-grid-column tb-grid-column tb-grid-align-center\" data-toolset-blocks-grid-column=\"ee5d1508b797e39af31a502d28f35ab7\">\n<div class=\"wp-block-toolset-blocks-container tb-container\" data-toolset-blocks-container=\"6fbe0b680499d3ddbd3faeb96b5201ab\">\n<h2 class=\"tb-heading has-text-color\" data-toolset-blocks-heading=\"948b05dae7dcbe4d0c18303cd8b8db65\" data-last-update=\"1.4\">Nuestros Principios<\/h2>\n\n\n\n<div class=\"tb-fields-and-text\" data-toolset-blocks-fields-and-text=\"b0e45c64aca5bde607e9632d96b10646\"><ul>\n<li style=\"text-align: left;\">\n<h3><strong><span style=\"color: #faac47;\">Principio de la Construcci\u00f3n:<\/span> <\/strong><\/h3>\n<\/li>\n<\/ul>\n<h3 style=\"padding-left: 40px;\">Nuestra realidad es construida a trav\u00e9s del lenguaje y las conversaciones que tenemos. Lo que decimos y c\u00f3mo lo decimos afecta la forma en que percibimos y vivimos nuestra realidad. Las palabras que elegimos y las historias que contamos tienen el poder de influir en c\u00f3mo vemos y experimentamos nuestro entorno<\/h3>\n<h3 style=\"text-align: justify;\">\u00a0<\/h3>\n<ul style=\"text-align: justify;\">\n<li>\n<h3><strong><span style=\"color: #faac47;\">Principio de la Simultaneidad:<\/span> <\/strong><\/h3>\n<\/li>\n<\/ul>\n<h3 style=\"padding-left: 40px;\">El acto de hacer preguntas es en s\u00ed mismo un acto de intervenci\u00f3n. Las preguntas que hacemos empiezan a influir y a crear el cambio desde el primer momento; determinan nuestro enfoque y, por lo tanto, gu\u00edan el proceso de cambio.<\/h3>\n<h3 style=\"text-align: justify;\">\u00a0<\/h3>\n<ul style=\"text-align: justify;\">\n<li style=\"text-align: left;\">\n<h3><strong><span style=\"color: #faac47;\">Principio del Impulso:<\/span> <\/strong><\/h3>\n<\/li>\n<\/ul>\n<h3 style=\"padding-left: 40px;\">El cambio requiere de energ\u00eda positiva. Las emociones como la esperanza, el entusiasmo, la humildad y la inspiraci\u00f3n son fuerzas que impulsan el cambio y la transformaci\u00f3n.<\/h3>\n<h3 style=\"text-align: justify;\">\u00a0<\/h3>\n<ul style=\"text-align: justify;\">\n<li style=\"text-align: left;\">\n<h3><span style=\"color: #faac47;\"><strong>Principio de la Continuidad: <\/strong><\/span><\/h3>\n<\/li>\n<\/ul>\n<h3 style=\"padding-left: 40px;\">Las personas aceptan y abrazan mejor el cambio cuando pueden llevar consigo elementos valiosos de su pasado. Esto significa que, al reconocer y honrar lo que ha funcionado bien anteriormente, se crea un puente que facilita la transici\u00f3n hacia el futuro, contribuyendo a \u00a0que el cambio sea m\u00e1s sostenible y menos amenazante.<\/h3>\n<h3 style=\"text-align: justify;\">\u00a0<\/h3>\n<ul>\n<li>\n<h3><span style=\"color: #faac47;\"><strong>Principio del Movimiento Libre<\/strong>:<\/span><\/h3>\n<\/li>\n<\/ul>\n<h3 style=\"padding-left: 40px;\">Las personas se involucran, contribuyen y apoyan cuando participan con libertad en construir el futuro. Esto les da sentido de propiedad. La autonom\u00eda y colaboraci\u00f3n facilitan la transformaci\u00f3n y el compromiso con los resultados.\u00a0<\/h3><\/div>\n<\/div>\n<\/div>\n<\/div>\n<\/div>\n","protected":false},"excerpt":{"rendered":"","protected":false},"author":1,"featured_media":0,"parent":45,"menu_order":0,"comment_status":"closed","ping_status":"closed","template":"","meta":{"footnotes":""},"class_list":["post-70","page","type-page","status-publish","hentry"],"_links":{"self":[{"href":"https:\/\/proyectum.com\/mx\/wp-json\/wp\/v2\/pages\/70","targetHints":{"allow":["GET"]}}],"collection":[{"href":"https:\/\/proyectum.com\/mx\/wp-json\/wp\/v2\/pages"}],"about":[{"href":"https:\/\/proyectum.com\/mx\/wp-json\/wp\/v2\/types\/page"}],"author":[{"embeddable":true,"href":"https:\/\/proyectum.com\/mx\/wp-json\/wp\/v2\/users\/1"}],"replies":[{"embeddable":true,"href":"https:\/\/proyectum.com\/mx\/wp-json\/wp\/v2\/comments?post=70"}],"version-history":[{"count":53,"href":"https:\/\/proyectum.com\/mx\/wp-json\/wp\/v2\/pages\/70\/revisions"}],"predecessor-version":[{"id":2332,"href":"https:\/\/proyectum.com\/mx\/wp-json\/wp\/v2\/pages\/70\/revisions\/2332"}],"up":[{"embeddable":true,"href":"https:\/\/proyectum.com\/mx\/wp-json\/wp\/v2\/pages\/45"}],"wp:attachment":[{"href":"https:\/\/proyectum.com\/mx\/wp-json\/wp\/v2\/media?parent=70"}],"curies":[{"name":"wp","href":"https:\/\/api.w.org\/{rel}","templated":true}]}}