{"id":72,"date":"2024-10-05T18:03:53","date_gmt":"2024-10-05T16:03:53","guid":{"rendered":"https:\/\/proyectum.com\/mx\/?page_id=72"},"modified":"2024-12-04T23:29:54","modified_gmt":"2024-12-04T22:29:54","slug":"nuestra-historia","status":"publish","type":"page","link":"https:\/\/proyectum.com\/mx\/nosotros\/nuestra-historia\/","title":{"rendered":"Nuestra historia"},"content":{"rendered":"\n<div class=\"wp-block-toolset-blocks-container tb-container\" data-toolset-blocks-container=\"80c4aab3e3ffec3870d23a13cc3e3e43\">\n<h1 class=\"tb-heading\" data-toolset-blocks-heading=\"de31bd02d48f106671751fd9d7b42431\" data-last-update=\"1.4\">NUESTRA HISTORIA<\/h1>\n<\/div>\n\n\n\n<div class=\"wp-block-toolset-blocks-container tb-container\" data-toolset-blocks-container=\"f1ca4f640835f8f5ec2f36bea3f5d168\">\n<div class=\"wp-block-toolset-blocks-grid tb-grid\" data-toolset-blocks-grid=\"feec00174d31d9716587c0571fd2d956\">\n<div class=\"wp-block-toolset-blocks-grid-column tb-grid-column tb-grid-align-center\" data-toolset-blocks-grid-column=\"64620aae55c218bef86aa715485e9e9a\">\n<figure class=\"wp-block-image tb-image tb-image-dynamic tb-image-frame-none\" data-toolset-blocks-image=\"b6f613caf68c8e65cad5fa246c00dbfc\"><img decoding=\"async\" width=\"800\" height=\"395\" loading=\"lazy\" src=\"https:\/\/proyectum.com\/mx\/wp-content\/uploads\/2024\/11\/logo_proyectum_white.png\" alt=\"\" class=\"wp-image-1447\" srcset=\"https:\/\/proyectum.com\/mx\/wp-content\/uploads\/2024\/11\/logo_proyectum_white.png 800w, https:\/\/proyectum.com\/mx\/wp-content\/uploads\/2024\/11\/logo_proyectum_white-300x148.png 300w, https:\/\/proyectum.com\/mx\/wp-content\/uploads\/2024\/11\/logo_proyectum_white-768x379.png 768w\" sizes=\"auto, (max-width: 800px) 100vw, 800px\" \/><\/figure>\n\n\n\n<div style=\"height:50px\" aria-hidden=\"true\" class=\"wp-block-spacer\"><\/div>\n\n\n\n<div class=\"tb-fields-and-text\" data-toolset-blocks-fields-and-text=\"3e1d2592ce20bdf2bf813c9dfa44c991\"><p style=\"text-align: justify;\">En 1994, Jorge Vald\u00e9s Garciatorres vivi\u00f3 un momento que cambiar\u00eda el rumbo de su vida: liderar un importante proyecto de integraci\u00f3n cultural en el \u00e1rea de tecnolog\u00eda de una de las aseguradoras m\u00e1s grandes de M\u00e9xico. En medio del conflicto y la resistencia al cambio, fue testigo de algo extraordinario: un facilitador de Desarrollo Organizacional logr\u00f3 unir las culturas de dos organizaciones aparentemente opuestas, mostrando el poder transformador del di\u00e1logo, la empat\u00eda y la conexi\u00f3n humana. Esa experiencia despert\u00f3 en Jorge su verdadera vocaci\u00f3n y lo inspir\u00f3 a seguir un nuevo camino.<\/p>\n<p style=\"text-align: justify;\">&nbsp;<\/p>\n<p style=\"text-align: justify;\">Decidido a llevar esa visi\u00f3n a m\u00e1s organizaciones, Jorge dej\u00f3 atr\u00e1s la seguridad de su empleo y despu\u00e9s de un periodo de incubaci\u00f3n de 6 a\u00f1os, fund\u00f3 Proyectum. A pesar del miedo y la incertidumbre, su compromiso con entregar resultados sobresalientes le permitieron obtener su primer cliente. Desde ese momento, Proyectum comenz\u00f3 a destacarse por su enfoque genuino, siempre privilegiando a los clientes, incluso si eso significaba perder una venta, buscando siempre construir relaciones basadas en la confianza y el respeto.<\/p>\n<p style=\"text-align: justify;\">&nbsp;<\/p>\n<p style=\"text-align: justify;\">Con el tiempo, Proyectum fue creciendo y expandi\u00e9ndose, estableciendo oficinas regionales en Chile, Ecuador, Guatemala, Costa Rica, Rep\u00fablica Dominicana, Panam\u00e1, El Salvador, Colombia, Per\u00fa y Honduras. Esta expansi\u00f3n permiti\u00f3 llevar su filosof\u00eda y \u00e9tica del trabajo y transformaci\u00f3n a m\u00e1s organizaciones, construyendo una s\u00f3lida red de conocimiento y experiencia que potencia la capacidad de nuestros clientes para enfrentar los desaf\u00edos actuales y futuros.<\/p>\n<p style=\"text-align: justify;\">&nbsp;<\/p>\n<p style=\"text-align: justify;\">A lo largo de nuestra trayectoria, y gracias a la retroalimentaci\u00f3n continua de nuestros clientes y colaboradores, hemos evolucionado para ofrecer a nuestros clientes lo mejor de nosotros. Hoy desde nuestra fundaci\u00f3n, hemos publicado m\u00e1s de 350 n\u00fameros de nuestro bolet\u00edn, contamos con cerca de 800 art\u00edculos y reportajes en nuestro blog, m\u00e1s de 2 millones y medio de lectores acumulados, 80 webinars que crecen cada mes, y m\u00e1s de 50 mil suscriptores. Todo esto, siempre pensando en profesionales como t\u00fa, que buscan estar mejor preparados d\u00eda a d\u00eda.<\/p>\n<p style=\"text-align: justify;\">&nbsp;<\/p>\n<p style=\"text-align: justify;\">En Proyectum, reunimos a un equipo multidisciplinario de profesionales que comparten un ADN com\u00fan: la pasi\u00f3n por ayudar a nuestros clientes a materializar estrategias de negocio y una mentalidad \u00e1gil para anticipar y responder a las necesidades del mundo actual.&nbsp;<\/p>\n<p style=\"text-align: justify;\">&nbsp;<\/p>\n<p style=\"text-align: justify;\">Hoy, Proyectum es un catalizador de cambio en Latinoam\u00e9rica. A lo largo de 22 a\u00f1os, hemos demostrado que el coraje de hablar la verdad y la conexi\u00f3n humana son los motores que impulsan la verdadera transformaci\u00f3n. Nos hemos posicionado como l\u00edderes en la entrega de soluciones innovadoras de negocio, guiando a las organizaciones a enfrentar sus desaf\u00edos con valent\u00eda y autenticidad, para que alcancen su m\u00e1ximo potencial.<\/p>\n<p style=\"text-align: justify;\">&nbsp;<\/p>\n<p style=\"text-align: justify;\">Ponemos todo esto a tu servicio, con un profundo compromiso de acompa\u00f1arte en cada paso de tu camino, ayud\u00e1ndote a superar los desaf\u00edos y a descubrir nuevas oportunidades. Para Proyectum, tu \u00e9xito es nuestra mayor satisfacci\u00f3n.&nbsp; Juntos, seguiremos construyendo un futuro m\u00e1s innovador, humano y pr\u00f3spero para nuestros clientes.&nbsp;<\/p><\/div>\n<\/div>\n\n\n\n<div class=\"wp-block-toolset-blocks-grid-column tb-grid-column tb-grid-align-center\" data-toolset-blocks-grid-column=\"9c0479c413076f74f7e96240483ee46a\">\n<div class=\"tb-video video\"><video autoplay playsinline loop muted data-src=\"https:\/\/proyectum.com\/mx\/wp-content\/uploads\/2024\/11\/Chess-Pieces-Loop-Animation-1080p_30fps_H264-128kbit_AAC.mp4\" data-toolset-blocks-video=\"a336c40052579116301b9c260079baaf\"><\/video><\/div>\n<\/div>\n<\/div>\n<\/div>\n","protected":false},"excerpt":{"rendered":"","protected":false},"author":1,"featured_media":0,"parent":45,"menu_order":0,"comment_status":"closed","ping_status":"closed","template":"","meta":{"footnotes":""},"class_list":["post-72","page","type-page","status-publish","hentry"],"_links":{"self":[{"href":"https:\/\/proyectum.com\/mx\/wp-json\/wp\/v2\/pages\/72","targetHints":{"allow":["GET"]}}],"collection":[{"href":"https:\/\/proyectum.com\/mx\/wp-json\/wp\/v2\/pages"}],"about":[{"href":"https:\/\/proyectum.com\/mx\/wp-json\/wp\/v2\/types\/page"}],"author":[{"embeddable":true,"href":"https:\/\/proyectum.com\/mx\/wp-json\/wp\/v2\/users\/1"}],"replies":[{"embeddable":true,"href":"https:\/\/proyectum.com\/mx\/wp-json\/wp\/v2\/comments?post=72"}],"version-history":[{"count":55,"href":"https:\/\/proyectum.com\/mx\/wp-json\/wp\/v2\/pages\/72\/revisions"}],"predecessor-version":[{"id":1589,"href":"https:\/\/proyectum.com\/mx\/wp-json\/wp\/v2\/pages\/72\/revisions\/1589"}],"up":[{"embeddable":true,"href":"https:\/\/proyectum.com\/mx\/wp-json\/wp\/v2\/pages\/45"}],"wp:attachment":[{"href":"https:\/\/proyectum.com\/mx\/wp-json\/wp\/v2\/media?parent=72"}],"curies":[{"name":"wp","href":"https:\/\/api.w.org\/{rel}","templated":true}]}}