{"id":74,"date":"2024-10-05T18:04:48","date_gmt":"2024-10-05T16:04:48","guid":{"rendered":"https:\/\/proyectum.com\/mx\/?page_id=74"},"modified":"2024-12-05T00:06:41","modified_gmt":"2024-12-04T23:06:41","slug":"desarrollo-organizacional","status":"publish","type":"page","link":"https:\/\/proyectum.com\/mx\/servicios-para-organizaciones\/desarrollo-organizacional\/","title":{"rendered":"Desarrollo Organizacional"},"content":{"rendered":"\n<div class=\"wp-block-toolset-blocks-container tb-container\" data-toolset-blocks-container=\"80c4aab3e3ffec3870d23a13cc3e3e43\">\n<h1 class=\"tb-heading\" data-toolset-blocks-heading=\"c4eafc96d320853fcd8717a34858a5a5\" data-last-update=\"1.4\">Desarrollo Organizacional<\/h1>\n<\/div>\n\n\n\n<div class=\"wp-block-toolset-blocks-container tb-container\" data-toolset-blocks-container=\"f363864a0d71cb3b3d765169e1bd324d\">\n<div class=\"tb-fields-and-text\" data-toolset-blocks-fields-and-text=\"3e1d2592ce20bdf2bf813c9dfa44c991\"><h3 style=\"text-align: center;\"><br><span style=\"color: #ffffff;\">En Proyectum, creemos que la clave para un desarrollo organizacional efectivo radica en un enfoque que combine la mentalidad correcta (mindset), <\/span><\/h3>\n<h3 style=\"text-align: center;\"><span style=\"color: #ffffff;\">las habilidades necesarias (skillset) y las herramientas adecuadas (toolset). <\/span><\/h3>\n<h3 style=\"text-align: center;\"><span style=\"color: #ffffff;\">Estos tres elementos trabajan en conjunto para impulsar un cambio sostenible y significativo en cualquier organizaci\u00f3n.<\/span><\/h3>\n<p>&nbsp;<\/p><\/div>\n<\/div>\n\n\n\n<div class=\"wp-block-toolset-blocks-container tb-container\" data-toolset-blocks-container=\"c05c469dbf01e3811695016acc44890f\">\n<div class=\"wp-block-toolset-blocks-grid tb-grid\" data-toolset-blocks-grid=\"23579153e290a10e7a8118c2f1b3aade\">\n<div class=\"wp-block-toolset-blocks-grid-column tb-grid-column tb-grid-align-top\" data-toolset-blocks-grid-column=\"3034fbe886c11054e95b46b09d3e4112\"><\/div>\n\n\n\n<div class=\"wp-block-toolset-blocks-grid-column tb-grid-column tb-grid-align-top\" data-toolset-blocks-grid-column=\"3034fbe886c11054e95b46b09d3e4112\">\n<div class=\"tb-fields-and-text\" data-toolset-blocks-fields-and-text=\"3e1d2592ce20bdf2bf813c9dfa44c991\"><ol>\n  <li style=\"text-align: justify;\"><strong>Mindset (Mentalidad):<\/strong> Se refiere a las creencias, valores y actitudes que influyen en la forma en que las personas abordan su trabajo y los desaf\u00edos que enfrentan. En Proyectum, ayudamos a desarrollar una mentalidad abierta al cambio, orientada a la innovaci\u00f3n y centrada en el crecimiento continuo.<\/li>\n<\/ol>\n<p>&nbsp;<\/p>\n<ol start=\"2\">\n  <li style=\"text-align: justify;\"><strong>Skillset (Habilidades):<\/strong> No basta con tener la mentalidad correcta; es necesario contar con las habilidades adecuadas para llevar a cabo las tareas y responsabilidades de manera efectiva. Proyectum ofrece formaci\u00f3n y desarrollo para que los equipos adquieran las competencias t\u00e9cnicas, comunicativas y de liderazgo que necesitan para tener \u00e9xito.<\/li>\n<\/ol>\n<p>&nbsp;<\/p>\n<ol start=\"3\">\n  <li style=\"text-align: justify;\"><strong>Toolset (Herramientas):<\/strong> Las herramientas son los recursos y m\u00e9todos que facilitan la implementaci\u00f3n de cambios y la ejecuci\u00f3n de estrategias. Proyectum proporciona las metodolog\u00edas, tecnolog\u00edas y marcos de trabajo necesarios para transformar las ideas en acciones concretas.<\/li>\n<\/ol><\/div>\n<\/div>\n<\/div>\n<\/div>\n\n\n\n<div class=\"wp-block-toolset-blocks-container tb-container\" data-toolset-blocks-container=\"0d88f88a201a004c8220729f000bb807\">\n<div class=\"tb-fields-and-text\" data-toolset-blocks-fields-and-text=\"3e1d2592ce20bdf2bf813c9dfa44c991\"><h3 style=\"text-align: center;\"><span style=\"color: #ffffff;\">Consideramos que &nbsp;una organizaci\u00f3n s\u00f3lida y adaptable es la clave del \u00e9xito a largo plazo. Nuestro enfoque de intervenci\u00f3n es de de amplio espectro, engloba soluciones a la medida de tus necesidades, &nbsp;que impulsan la transformaci\u00f3n y el crecimiento de tu empresa. Esto incluye:<\/span><\/h3><\/div>\n<\/div>\n\n\n\n<div class=\"wp-block-toolset-blocks-container tb-container\" data-toolset-blocks-container=\"45e4aabfa5272c208bc5edb08253068e\">\n<div class=\"wp-block-toolset-blocks-grid tb-grid\" data-toolset-blocks-grid=\"23579153e290a10e7a8118c2f1b3aade\">\n<div class=\"wp-block-toolset-blocks-grid-column tb-grid-column tb-grid-align-top\" data-toolset-blocks-grid-column=\"3034fbe886c11054e95b46b09d3e4112\">\n<div class=\"tb-fields-and-text\" data-toolset-blocks-fields-and-text=\"3e1d2592ce20bdf2bf813c9dfa44c991\"><ul>\n  <li style=\"text-align: justify;\"><strong>Desarrollo de la Visi\u00f3n y Estrategia<\/strong>: Te ayudamos a definir la visi\u00f3n y estrategia que guiar\u00e1n tu negocio hacia el futuro, asegurando que todos los colaboradores est\u00e9n alineados con los objetivos a largo plazo.<\/li>\n  <li style=\"text-align: justify;\"><strong>Gesti\u00f3n del Capital Humano<\/strong>: Fomentamos el desarrollo de tus colaboradores a trav\u00e9s de la b\u00fasqueda, selecci\u00f3n y capacitaci\u00f3n continua del talento especializado, asegurando que tu equipo est\u00e9 preparado para los desaf\u00edos de hoy y del ma\u00f1ana.<\/li>\n  <li style=\"text-align: justify;\"><strong>Gesti\u00f3n del Riesgo Empresarial, Cumplimiento, Remediaci\u00f3n y Resiliencia<\/strong>: Implementamos esquemas para gestionar el riesgo organizacional, el cumplimiento normativo y la resiliencia, asegurando que tu empresa sea capaz de afrontar y superar cualquier adversidad.<\/li>\n  <li style=\"text-align: justify;\"><strong>Desarrollo y Gesti\u00f3n de las Capacidades organizacionales<\/strong>: Dise\u00f1amos y optimizamos procesos de negocio, portafolio, programas y proyectos, as\u00ed como la gesti\u00f3n del cambio y la calidad organizacional, para que tu empresa opere de manera eficiente y efectiva.<\/li>\n  <li style=\"text-align: justify;\"><strong>Gesti\u00f3n de la Innovaci\u00f3n<\/strong> Ayudamos a definir estrategias de innovaci\u00f3n, desarrollar una cultura de innovaci\u00f3n<\/li>\n  <li style=\"text-align: justify;\"><strong>Gobierno y Gesti\u00f3n de Datos<\/strong>: apoyamos a definir esquemas para gestionar la informaci\u00f3n y datos de tu empresa para una toma de decisiones informada y estrat\u00e9gica.<\/li>\n<\/ul><\/div>\n<\/div>\n\n\n\n<div class=\"wp-block-toolset-blocks-grid-column tb-grid-column tb-grid-align-top\" data-toolset-blocks-grid-column=\"3034fbe886c11054e95b46b09d3e4112\"><\/div>\n<\/div>\n<\/div>\n\n\n\n<div class=\"wp-block-toolset-blocks-container tb-container\" data-toolset-blocks-container=\"0e9010f7afe6665a644cd108e23d8eec\">\n<div class=\"tb-fields-and-text\" data-toolset-blocks-fields-and-text=\"3e1d2592ce20bdf2bf813c9dfa44c991\"><h3 style=\"text-align: center;\"><span style=\"color: #ffffff;\"><strong>Nuestro enfoque de Desarrollo Organizacional es integral<\/strong>, asegur\u00e1ndonos de que cada parte de tu empresa est\u00e9 preparada para enfrentar los desaf\u00edos del entorno y aprovechar las oportunidades que el futuro ofrece. (Ver detalle m\u00e1s abajo).<\/span><\/h3>\n<h3 style=\"text-align: center;\"><span style=\"color: #ffffff;\">&nbsp;<\/span><\/h3><\/div>\n<\/div>\n","protected":false},"excerpt":{"rendered":"","protected":false},"author":1,"featured_media":0,"parent":47,"menu_order":0,"comment_status":"closed","ping_status":"closed","template":"","meta":{"footnotes":""},"class_list":["post-74","page","type-page","status-publish","hentry"],"_links":{"self":[{"href":"https:\/\/proyectum.com\/mx\/wp-json\/wp\/v2\/pages\/74","targetHints":{"allow":["GET"]}}],"collection":[{"href":"https:\/\/proyectum.com\/mx\/wp-json\/wp\/v2\/pages"}],"about":[{"href":"https:\/\/proyectum.com\/mx\/wp-json\/wp\/v2\/types\/page"}],"author":[{"embeddable":true,"href":"https:\/\/proyectum.com\/mx\/wp-json\/wp\/v2\/users\/1"}],"replies":[{"embeddable":true,"href":"https:\/\/proyectum.com\/mx\/wp-json\/wp\/v2\/comments?post=74"}],"version-history":[{"count":25,"href":"https:\/\/proyectum.com\/mx\/wp-json\/wp\/v2\/pages\/74\/revisions"}],"predecessor-version":[{"id":1590,"href":"https:\/\/proyectum.com\/mx\/wp-json\/wp\/v2\/pages\/74\/revisions\/1590"}],"up":[{"embeddable":true,"href":"https:\/\/proyectum.com\/mx\/wp-json\/wp\/v2\/pages\/47"}],"wp:attachment":[{"href":"https:\/\/proyectum.com\/mx\/wp-json\/wp\/v2\/media?parent=74"}],"curies":[{"name":"wp","href":"https:\/\/api.w.org\/{rel}","templated":true}]}}