{"id":76,"date":"2024-10-05T18:05:29","date_gmt":"2024-10-05T16:05:29","guid":{"rendered":"https:\/\/proyectum.com\/mx\/?page_id=76"},"modified":"2024-12-05T00:07:10","modified_gmt":"2024-12-04T23:07:10","slug":"consultoria-facilitadora","status":"publish","type":"page","link":"https:\/\/proyectum.com\/mx\/servicios-para-organizaciones\/desarrollo-organizacional\/consultoria-facilitadora\/","title":{"rendered":"Consultor\u00eda facilitadora"},"content":{"rendered":"\n<div class=\"wp-block-group\"><div class=\"wp-block-group__inner-container is-layout-constrained wp-block-group-is-layout-constrained\">\n<div class=\"wp-block-toolset-blocks-container tb-container\" data-toolset-blocks-container=\"7a7ecbffe4939851e8773bd4767c1364\">\n<h1 class=\"tb-heading\" data-toolset-blocks-heading=\"c4eafc96d320853fcd8717a34858a5a5\" data-last-update=\"1.4\"><strong>Consultor\u00eda Facilitadora<\/strong><\/h1>\n<\/div>\n\n\n\n<div class=\"wp-block-toolset-blocks-container tb-container\" data-toolset-blocks-container=\"088ecb72d24abcd4380b6f45707f58a0\">\n<div class=\"tb-fields-and-text\" data-toolset-blocks-fields-and-text=\"3e1d2592ce20bdf2bf813c9dfa44c991\"><h3 style=\"text-align: center;\"><span style=\"color: #ffffff;\">La consultor\u00eda facilitadora de Proyectum es un viaje que recorremos juntos. Nos convertimos en&nbsp;aliados &nbsp;estrat\u00e9gicos de nuestros clientes.<\/span><\/h3>\n<p>&nbsp;<\/p>\n<p>&nbsp;<\/p><\/div>\n<\/div>\n\n\n\n<div class=\"wp-block-toolset-blocks-container tb-container\" data-toolset-blocks-container=\"979e91baf9402e80328439c1878b2172\">\n<div class=\"wp-block-toolset-blocks-grid tb-grid\" data-toolset-blocks-grid=\"23579153e290a10e7a8118c2f1b3aade\">\n<div class=\"wp-block-toolset-blocks-grid-column tb-grid-column tb-grid-align-top\" data-toolset-blocks-grid-column=\"3034fbe886c11054e95b46b09d3e4112\">\n<figure class=\"wp-block-image tb-image tb-image-dynamic tb-image-frame-none\" data-toolset-blocks-image=\"7eba84fa0377e41f256833c00d7a79ce\"><img decoding=\"async\" width=\"700\" height=\"500\" loading=\"lazy\" src=\"https:\/\/proyectum.com\/mx\/wp-content\/uploads\/2024\/11\/cf_10.jpg\" alt=\"\" class=\"wp-image-1271\" srcset=\"https:\/\/proyectum.com\/mx\/wp-content\/uploads\/2024\/11\/cf_10.jpg 700w, https:\/\/proyectum.com\/mx\/wp-content\/uploads\/2024\/11\/cf_10-300x214.jpg 300w\" sizes=\"auto, (max-width: 700px) 100vw, 700px\" \/><\/figure>\n\n\n\n<div style=\"height:10px\" aria-hidden=\"true\" class=\"wp-block-spacer\"><\/div>\n\n\n\n<figure class=\"wp-block-image tb-image tb-image-dynamic tb-image-frame-none\" data-toolset-blocks-image=\"c7009bd214b1949e3d421a10d7255d80\"><img decoding=\"async\" width=\"700\" height=\"500\" loading=\"lazy\" src=\"https:\/\/proyectum.com\/mx\/wp-content\/uploads\/2024\/11\/cf_11.jpg\" alt=\"\" class=\"wp-image-1273\" srcset=\"https:\/\/proyectum.com\/mx\/wp-content\/uploads\/2024\/11\/cf_11.jpg 700w, https:\/\/proyectum.com\/mx\/wp-content\/uploads\/2024\/11\/cf_11-300x214.jpg 300w\" sizes=\"auto, (max-width: 700px) 100vw, 700px\" \/><\/figure>\n<\/div>\n\n\n\n<div class=\"wp-block-toolset-blocks-grid-column tb-grid-column tb-grid-align-top\" data-toolset-blocks-grid-column=\"3034fbe886c11054e95b46b09d3e4112\">\n<h2 class=\"tb-heading\" data-toolset-blocks-heading=\"3a94a5f5ac99f0c5642cb0af3ba9a028\" data-last-update=\"1.4\">Transformaci\u00f3n desde Adentro<\/h2>\n\n\n\n<div class=\"tb-fields-and-text\" data-toolset-blocks-fields-and-text=\"3e1d2592ce20bdf2bf813c9dfa44c991\"><p style=\"text-align: justify;\">La consultor\u00eda facilitadora va m\u00e1s all\u00e1 del enfoque tradicional de \u00abdiagn\u00f3stico y soluci\u00f3n\u00bb. En lugar de imponer respuestas,&nbsp;facilitamos un proceso de descubrimiento, donde t\u00fa y tu equipo son los protagonistas del cambio. Creemos que las mejores soluciones nacen cuando las personas se sienten escuchadas, valoradas y empoderadas para contribuir.<\/p>\n<p>&nbsp;<\/p>\n<p style=\"text-align: justify;\">Nuestro papel como consultores facilitadores es&nbsp;crear el espacio y las condiciones necesarias&nbsp;para que tu equipo explore, innove y encuentre las respuestas que mejor se adapten a su realidad. Trabajamos juntos, co-creando un camino hacia el \u00e9xito, y asegur\u00e1ndonos de que cada paso est\u00e9 alineado con tu visi\u00f3n, cultura y objetivos.<\/p>\n<p>&nbsp;<\/p>\n<p style=\"text-align: justify;\">La magia de la consultor\u00eda facilitadora radica en su capacidad para generar un cambio sostenible, ya que no solo proporciona soluciones, sino que&nbsp;desarrolla las habilidades y la mentalidad&nbsp;que tu organizaci\u00f3n necesita para seguir prosperando en el futuro. Porque cuando tus colaboradores son parte activa del proceso, el cambio no es algo impuesto, sino un viaje compartido que inspira, motiva y transforma.<\/p>\n<p><strong>&nbsp;<\/strong><\/p>\n<p style=\"text-align: justify;\">En lugar de simplemente decirte qu\u00e9 hacer, trabajamos contigo para encontrar las respuestas que tu organizaci\u00f3n necesita. Nuestra consultor\u00eda facilitadora:<\/p>\n<p>&nbsp;<\/p>\n<ul>\n  <li style=\"text-align: justify;\"><strong>Potencia tus fortalezas:<\/strong> Nos enfocamos en lo que ya funciona y construimos a partir de ah\u00ed, porque creemos que cada empresa tiene un potencial \u00fanico por descubrir.<\/li>\n  <li style=\"text-align: justify;\"><strong>Fomenta el aprendizaje:<\/strong> No se trata solo de implementar soluciones, sino de asegurar que tu equipo adquiera las habilidades y el conocimiento necesario para continuar creciendo, incluso despu\u00e9s de nuestra intervenci\u00f3n.<\/li>\n  <li style=\"text-align: justify;\"><strong>Crea soluciones a medida:<\/strong> Te ayudamos a identificar y resolver los desaf\u00edos m\u00e1s complejos, pero de una manera que se adapte a tu cultura, visi\u00f3n y objetivos.<\/li>\n  <li style=\"text-align: justify;\"><strong>Facilitan el di\u00e1logo y la co-creaci\u00f3n:<\/strong> Trabajamos de la mano contigo y tu equipo, generando ideas, dise\u00f1ando estrategias y construyendo soluciones que realmente funcionen.<\/li>\n  <li style=\"text-align: justify;\"><strong>Fomentan la innovaci\u00f3n desde todos los niveles<\/strong>: Creemos en la diversidad de perspectivas y en el poder que tiene cada colaborador para contribuir al \u00e9xito de la organizaci\u00f3n.<\/li>\n<\/ul><\/div>\n<\/div>\n<\/div>\n<\/div>\n\n\n\n<div class=\"wp-block-toolset-blocks-container tb-container\" data-toolset-blocks-container=\"1235d3126e1a3394d8319a5d85738eef\">\n<div class=\"wp-block-toolset-blocks-grid tb-grid\" data-toolset-blocks-grid=\"23579153e290a10e7a8118c2f1b3aade\">\n<div class=\"wp-block-toolset-blocks-grid-column tb-grid-column tb-grid-align-center\" data-toolset-blocks-grid-column=\"f586ff7bfe1d7317c63162ec7b7039ed\">\n<h2 class=\"tb-heading\" data-toolset-blocks-heading=\"3a94a5f5ac99f0c5642cb0af3ba9a028\" data-last-update=\"1.4\">El Poder de la Autonom\u00eda y el Facultamiento<\/h2>\n\n\n\n<div class=\"tb-fields-and-text\" data-toolset-blocks-fields-and-text=\"3e1d2592ce20bdf2bf813c9dfa44c991\"><p style=\"text-align: justify;\">Nuestro objetivo es que tu equipo sea autosuficiente y est\u00e9 preparado para afrontar cualquier reto futuro.<\/p>\n<ul>\n  <li>Desarrollar habilidades cr\u00edticas&nbsp;que les permitir\u00e1n navegar en un entorno cambiante.<\/li>\n  <li>Crear una cultura de agilidad y adaptabilidad&nbsp;que fomente el crecimiento sostenible.<\/li>\n<\/ul>\n<p style=\"text-align: justify;\">No solo consultamos, facilitamos tu evoluci\u00f3n.<\/p>\n<p style=\"text-align: justify;\">Los servicios profesionales de Proyectum es la chispa que necesitas para transformar tu organizaci\u00f3n desde adentro hacia afuera. \u00bfEst\u00e1s listo para empezar este viaje juntos?<\/p><\/div>\n<\/div>\n\n\n\n<div class=\"wp-block-toolset-blocks-grid-column tb-grid-column tb-grid-align-center\" data-toolset-blocks-grid-column=\"f586ff7bfe1d7317c63162ec7b7039ed\">\n<figure class=\"wp-block-image tb-image tb-image-dynamic tb-image-frame-none\" data-toolset-blocks-image=\"9b07e4a2a8d9c11ec92a4150ac44bc45\"><img decoding=\"async\" width=\"700\" height=\"500\" loading=\"lazy\" src=\"https:\/\/proyectum.com\/mx\/wp-content\/uploads\/2024\/11\/cf_12.jpg\" alt=\"\" class=\"wp-image-1274\" srcset=\"https:\/\/proyectum.com\/mx\/wp-content\/uploads\/2024\/11\/cf_12.jpg 700w, https:\/\/proyectum.com\/mx\/wp-content\/uploads\/2024\/11\/cf_12-300x214.jpg 300w\" sizes=\"auto, (max-width: 700px) 100vw, 700px\" \/><\/figure>\n<\/div>\n<\/div>\n<\/div>\n\n\n\n<div class=\"wp-block-toolset-blocks-container tb-container\" data-toolset-blocks-container=\"2eb30fa8c6b9c322fdf284ced5fa03e9\">\n<div class=\"wp-block-toolset-blocks-grid tb-grid\" data-toolset-blocks-grid=\"23579153e290a10e7a8118c2f1b3aade\">\n<div class=\"wp-block-toolset-blocks-grid-column tb-grid-column tb-grid-align-center\" data-toolset-blocks-grid-column=\"f586ff7bfe1d7317c63162ec7b7039ed\">\n<figure class=\"wp-block-image tb-image tb-image-dynamic tb-image-frame-none\" data-toolset-blocks-image=\"5020f9802bc3429f93d01116232d7e17\"><img decoding=\"async\" width=\"700\" height=\"500\" loading=\"lazy\" src=\"https:\/\/proyectum.com\/mx\/wp-content\/uploads\/2024\/11\/cf_13.jpg\" alt=\"\" class=\"wp-image-1275\" srcset=\"https:\/\/proyectum.com\/mx\/wp-content\/uploads\/2024\/11\/cf_13.jpg 700w, https:\/\/proyectum.com\/mx\/wp-content\/uploads\/2024\/11\/cf_13-300x214.jpg 300w\" sizes=\"auto, (max-width: 700px) 100vw, 700px\" \/><\/figure>\n<\/div>\n\n\n\n<div class=\"wp-block-toolset-blocks-grid-column tb-grid-column tb-grid-align-center\" data-toolset-blocks-grid-column=\"f586ff7bfe1d7317c63162ec7b7039ed\">\n<h2 class=\"tb-heading\" data-toolset-blocks-heading=\"3a94a5f5ac99f0c5642cb0af3ba9a028\" data-last-update=\"1.4\">Business Solutions Architecture (BSA)<\/h2>\n\n\n\n<div class=\"tb-fields-and-text\" data-toolset-blocks-fields-and-text=\"3e1d2592ce20bdf2bf813c9dfa44c991\"><p>\u00bfQuieres transformar tu organizaci\u00f3n y asegurar un crecimiento sostenible?<\/p>\n<p><strong>\u00a1Proyectum tiene la soluci\u00f3n!<\/strong><\/p>\n<p style=\"text-align: justify;\">Nuestra&nbsp;Business Solutions Architecture (BSA)&nbsp;es un enfoque integral dise\u00f1ado para ayudarte a alcanzar el \u00e9xito en todos los niveles de tu empresa: desde la estrategia hasta el desarrollo personal. Descubre c\u00f3mo podemos ayudarte a entregar valor a tus clientes y a desarrollar una organizaci\u00f3n m\u00e1s \u00e1gil, resiliente y orientada al futuro.<\/p><\/div>\n<\/div>\n<\/div>\n<\/div>\n\n\n\n<div class=\"wp-block-toolset-blocks-container tb-container\" data-toolset-blocks-container=\"6a2bd5743e34cf9bb2be7b3c74fa00e4\">\n<div class=\"wp-block-toolset-blocks-grid tb-grid\" data-toolset-blocks-grid=\"23579153e290a10e7a8118c2f1b3aade\">\n<div class=\"wp-block-toolset-blocks-grid-column tb-grid-column tb-grid-align-center\" data-toolset-blocks-grid-column=\"f586ff7bfe1d7317c63162ec7b7039ed\">\n<h2 class=\"tb-heading\" data-toolset-blocks-heading=\"3a94a5f5ac99f0c5642cb0af3ba9a028\" data-last-update=\"1.4\">Diagn\u00f3stico: Conoce y Mejora tu Empresa<\/h2>\n\n\n\n<div class=\"tb-fields-and-text\" data-toolset-blocks-fields-and-text=\"3e1d2592ce20bdf2bf813c9dfa44c991\"><ul>\n  <li><strong>1000 &#8211; Videre\u00ae:<\/strong>&nbsp;Realizamos un diagn\u00f3stico organizacional completo que te permitir\u00e1 entender y mejorar cada aspecto de tu negocio.<\/li>\n  <li><strong>0410 \u2013 Evolve\u00ae:<\/strong>&nbsp;Te guiamos en el desarrollo personal y organizacional, asegurando que tu equipo est\u00e1 siempre listo para los desaf\u00edos del ma\u00f1ana.<\/li>\n<\/ul><\/div>\n<\/div>\n\n\n\n<div class=\"wp-block-toolset-blocks-grid-column tb-grid-column tb-grid-align-center\" data-toolset-blocks-grid-column=\"f586ff7bfe1d7317c63162ec7b7039ed\">\n<figure class=\"wp-block-image tb-image tb-image-dynamic tb-image-frame-none\" data-toolset-blocks-image=\"9c3f10b8708d56c1f7e97ae431fe89c9\"><img decoding=\"async\" width=\"700\" height=\"500\" loading=\"lazy\" src=\"https:\/\/proyectum.com\/mx\/wp-content\/uploads\/2024\/11\/cf_14.jpg\" alt=\"\" class=\"wp-image-1278\" srcset=\"https:\/\/proyectum.com\/mx\/wp-content\/uploads\/2024\/11\/cf_14.jpg 700w, https:\/\/proyectum.com\/mx\/wp-content\/uploads\/2024\/11\/cf_14-300x214.jpg 300w\" sizes=\"auto, (max-width: 700px) 100vw, 700px\" \/><\/figure>\n<\/div>\n<\/div>\n<\/div>\n\n\n\n<div class=\"wp-block-toolset-blocks-container tb-container\" data-toolset-blocks-container=\"2eb30fa8c6b9c322fdf284ced5fa03e9\">\n<div class=\"wp-block-toolset-blocks-grid tb-grid\" data-toolset-blocks-grid=\"23579153e290a10e7a8118c2f1b3aade\">\n<div class=\"wp-block-toolset-blocks-grid-column tb-grid-column tb-grid-align-center\" data-toolset-blocks-grid-column=\"f586ff7bfe1d7317c63162ec7b7039ed\">\n<figure class=\"wp-block-image tb-image tb-image-dynamic tb-image-frame-none\" data-toolset-blocks-image=\"5d77c4e83468937e9c464363ee4fecf3\"><img decoding=\"async\" width=\"700\" height=\"500\" loading=\"lazy\" src=\"https:\/\/proyectum.com\/mx\/wp-content\/uploads\/2024\/11\/cf_15.jpg\" alt=\"\" class=\"wp-image-1283\" srcset=\"https:\/\/proyectum.com\/mx\/wp-content\/uploads\/2024\/11\/cf_15.jpg 700w, https:\/\/proyectum.com\/mx\/wp-content\/uploads\/2024\/11\/cf_15-300x214.jpg 300w\" sizes=\"auto, (max-width: 700px) 100vw, 700px\" \/><\/figure>\n<\/div>\n\n\n\n<div class=\"wp-block-toolset-blocks-grid-column tb-grid-column tb-grid-align-center\" data-toolset-blocks-grid-column=\"f586ff7bfe1d7317c63162ec7b7039ed\">\n<h2 class=\"tb-heading\" data-toolset-blocks-heading=\"3a94a5f5ac99f0c5642cb0af3ba9a028\" data-last-update=\"1.4\">Nivel Estrat\u00e9gico: Construyendo la Visi\u00f3n<\/h2>\n\n\n\n<div class=\"tb-fields-and-text\" data-toolset-blocks-fields-and-text=\"3e1d2592ce20bdf2bf813c9dfa44c991\"><ul>\n  <li style=\"text-align: justify;\"><strong>0100-Estrategia:<\/strong>&nbsp;Dise\u00f1amos un marco de actuaci\u00f3n para crear estrategias corporativas efectivas que alineen a toda tu organizaci\u00f3n.<\/li>\n  <li style=\"text-align: justify;\"><strong>0110-BModeler\u00ae:<\/strong>&nbsp;Te ayudamos a desarrollar un modelo de negocio s\u00f3lido y adaptable.<\/li>\n  <li style=\"text-align: justify;\"><strong>0120-InAction\u00ae: <\/strong>Definimos el foco y marco estrat\u00e9gico para asegurar que tu empresa est\u00e1 siempre en la direcci\u00f3n correcta.<\/li>\n  <li style=\"text-align: justify;\"><strong>0140\u2013Regie:<\/strong>&nbsp;Desplegamos el gobierno corporativo que necesitas para mantener tu empresa en marcha de forma efectiva y eficiente.<\/li>\n<\/ul><\/div>\n<\/div>\n<\/div>\n<\/div>\n\n\n\n<div class=\"wp-block-toolset-blocks-container tb-container\" data-toolset-blocks-container=\"4793dbcf89ea5d9ad98e99a0d19e9108\">\n<div class=\"wp-block-toolset-blocks-grid tb-grid\" data-toolset-blocks-grid=\"23579153e290a10e7a8118c2f1b3aade\">\n<div class=\"wp-block-toolset-blocks-grid-column tb-grid-column tb-grid-align-center\" data-toolset-blocks-grid-column=\"f586ff7bfe1d7317c63162ec7b7039ed\">\n<h2 class=\"tb-heading\" data-toolset-blocks-heading=\"3a94a5f5ac99f0c5642cb0af3ba9a028\" data-last-update=\"1.4\">Nivel de Soluciones de Negocio: Impulsando la Excelencia Operativa<\/h2>\n\n\n\n<div class=\"tb-fields-and-text\" data-toolset-blocks-fields-and-text=\"3e1d2592ce20bdf2bf813c9dfa44c991\"><ul>\n  <li style=\"text-align: justify;\"><strong>0320\u2013FLOW\u00ae:<\/strong> Dise\u00f1amos y mejoramos tus procesos de negocio para que fluyan con eficacia y eficiencia.<\/li>\n  <li style=\"text-align: justify;\"><strong>0340\u2013RISKE\u00ae:<\/strong> Gestionamos el riesgo institucional, asegurando que tu organizaci\u00f3n est\u00e1 preparada para cualquier desaf\u00edo.<\/li>\n  <li style=\"text-align: justify;\"><strong>0360\u2013INSIGHT\u00ae:<\/strong> Creamos capacidades de innovaci\u00f3n organizacional para que tu empresa siempre est\u00e9 a la vanguardia.<\/li>\n  <li style=\"text-align: justify;\"><strong>0370\u2013KUNDE\u00ae:<\/strong> Desarrollamos una cultura de calidad en el servicio al cliente que te diferenciar\u00e1 de la competencia.<\/li>\n<\/ul><\/div>\n<\/div>\n\n\n\n<div class=\"wp-block-toolset-blocks-grid-column tb-grid-column tb-grid-align-center\" data-toolset-blocks-grid-column=\"f586ff7bfe1d7317c63162ec7b7039ed\">\n<figure class=\"wp-block-image tb-image tb-image-dynamic tb-image-frame-none\" data-toolset-blocks-image=\"a03f80bae7cda674b5372fae9e9b45a9\"><img decoding=\"async\" width=\"700\" height=\"500\" loading=\"lazy\" src=\"https:\/\/proyectum.com\/mx\/wp-content\/uploads\/2024\/11\/cf_16.jpg\" alt=\"\" class=\"wp-image-1289\" srcset=\"https:\/\/proyectum.com\/mx\/wp-content\/uploads\/2024\/11\/cf_16.jpg 700w, https:\/\/proyectum.com\/mx\/wp-content\/uploads\/2024\/11\/cf_16-300x214.jpg 300w\" sizes=\"auto, (max-width: 700px) 100vw, 700px\" \/><\/figure>\n<\/div>\n<\/div>\n<\/div>\n\n\n\n<div class=\"wp-block-toolset-blocks-container tb-container\" data-toolset-blocks-container=\"607893aeab12d6fa9cb6ad96602cdee7\">\n<div class=\"wp-block-toolset-blocks-grid tb-grid\" data-toolset-blocks-grid=\"23579153e290a10e7a8118c2f1b3aade\">\n<div class=\"wp-block-toolset-blocks-grid-column tb-grid-column tb-grid-align-center\" data-toolset-blocks-grid-column=\"f586ff7bfe1d7317c63162ec7b7039ed\">\n<figure class=\"wp-block-image tb-image tb-image-dynamic tb-image-frame-none\" data-toolset-blocks-image=\"75a9dacc121e868c96ac28fd2f866077\"><img decoding=\"async\" width=\"700\" height=\"500\" loading=\"lazy\" src=\"https:\/\/proyectum.com\/mx\/wp-content\/uploads\/2024\/11\/cf_17.jpg\" alt=\"\" class=\"wp-image-1294\" srcset=\"https:\/\/proyectum.com\/mx\/wp-content\/uploads\/2024\/11\/cf_17.jpg 700w, https:\/\/proyectum.com\/mx\/wp-content\/uploads\/2024\/11\/cf_17-300x214.jpg 300w\" sizes=\"auto, (max-width: 700px) 100vw, 700px\" \/><\/figure>\n<\/div>\n\n\n\n<div class=\"wp-block-toolset-blocks-grid-column tb-grid-column tb-grid-align-center\" data-toolset-blocks-grid-column=\"f586ff7bfe1d7317c63162ec7b7039ed\">\n<h2 class=\"tb-heading\" data-toolset-blocks-heading=\"3a94a5f5ac99f0c5642cb0af3ba9a028\" data-last-update=\"1.4\">Formaci\u00f3n y Educaci\u00f3n Continua<\/h2>\n\n\n\n<div class=\"tb-fields-and-text\" data-toolset-blocks-fields-and-text=\"3e1d2592ce20bdf2bf813c9dfa44c991\"><ul>\n  <li style=\"text-align: justify;\"><strong>0500\u2013Proyectum Shool:<\/strong>Ofrecemos un portafolio de capacitaci\u00f3n y formaci\u00f3n continua que potencia el talento de tu organizaci\u00f3n.<\/li>\n<\/ul><\/div>\n<\/div>\n<\/div>\n<\/div>\n<\/div><\/div>\n","protected":false},"excerpt":{"rendered":"","protected":false},"author":1,"featured_media":0,"parent":74,"menu_order":0,"comment_status":"closed","ping_status":"closed","template":"","meta":{"footnotes":""},"class_list":["post-76","page","type-page","status-publish","hentry"],"_links":{"self":[{"href":"https:\/\/proyectum.com\/mx\/wp-json\/wp\/v2\/pages\/76","targetHints":{"allow":["GET"]}}],"collection":[{"href":"https:\/\/proyectum.com\/mx\/wp-json\/wp\/v2\/pages"}],"about":[{"href":"https:\/\/proyectum.com\/mx\/wp-json\/wp\/v2\/types\/page"}],"author":[{"embeddable":true,"href":"https:\/\/proyectum.com\/mx\/wp-json\/wp\/v2\/users\/1"}],"replies":[{"embeddable":true,"href":"https:\/\/proyectum.com\/mx\/wp-json\/wp\/v2\/comments?post=76"}],"version-history":[{"count":43,"href":"https:\/\/proyectum.com\/mx\/wp-json\/wp\/v2\/pages\/76\/revisions"}],"predecessor-version":[{"id":1592,"href":"https:\/\/proyectum.com\/mx\/wp-json\/wp\/v2\/pages\/76\/revisions\/1592"}],"up":[{"embeddable":true,"href":"https:\/\/proyectum.com\/mx\/wp-json\/wp\/v2\/pages\/74"}],"wp:attachment":[{"href":"https:\/\/proyectum.com\/mx\/wp-json\/wp\/v2\/media?parent=76"}],"curies":[{"name":"wp","href":"https:\/\/api.w.org\/{rel}","templated":true}]}}