{"id":78,"date":"2024-10-05T18:06:20","date_gmt":"2024-10-05T16:06:20","guid":{"rendered":"https:\/\/proyectum.com\/mx\/?page_id=78"},"modified":"2024-12-05T00:07:29","modified_gmt":"2024-12-04T23:07:29","slug":"despliegue-de-metodologias-agiles","status":"publish","type":"page","link":"https:\/\/proyectum.com\/mx\/servicios-para-organizaciones\/desarrollo-organizacional\/despliegue-de-metodologias-agiles\/","title":{"rendered":"Despliegue de Metodolog\u00edas \u00c1giles"},"content":{"rendered":"\n<div class=\"wp-block-toolset-blocks-container tb-container\" data-toolset-blocks-container=\"80c4aab3e3ffec3870d23a13cc3e3e43\">\n<h1 class=\"tb-heading\" data-toolset-blocks-heading=\"c4eafc96d320853fcd8717a34858a5a5\" data-last-update=\"1.4\">Despliegue de Metodolog\u00edas \u00c1giles<\/h1>\n<\/div>\n\n\n\n<div class=\"wp-block-toolset-blocks-container tb-container\" data-toolset-blocks-container=\"e5eaad10727118ce1137948f790d036b\">\n<div class=\"tb-fields-and-text\" data-toolset-blocks-fields-and-text=\"3e1d2592ce20bdf2bf813c9dfa44c991\"><h2 style=\"text-align: center;\"><span style=\"color: #ffffff;\">Ayudamos a las organizaciones a transformarse y adoptar pr\u00e1cticas \u00e1giles que mejoren la eficiencia y el rendimiento. <br><\/span><\/h2>\n<h3 style=\"text-align: center;\"><span style=\"color: #ffffff;\">&nbsp;<\/span><\/h3>\n<p>&nbsp;<\/p><\/div>\n<\/div>\n\n\n\n<div class=\"wp-block-toolset-blocks-container tb-container\" data-toolset-blocks-container=\"2b02333e068c6ccee08e9882b3d06fb2\">\n<div class=\"wp-block-toolset-blocks-grid tb-grid\" data-toolset-blocks-grid=\"23579153e290a10e7a8118c2f1b3aade\">\n<div class=\"wp-block-toolset-blocks-grid-column tb-grid-column tb-grid-align-top\" data-toolset-blocks-grid-column=\"3034fbe886c11054e95b46b09d3e4112\"><\/div>\n\n\n\n<div class=\"wp-block-toolset-blocks-grid-column tb-grid-column tb-grid-align-top\" data-toolset-blocks-grid-column=\"3034fbe886c11054e95b46b09d3e4112\">\n<h2 class=\"tb-heading\" data-toolset-blocks-heading=\"3a94a5f5ac99f0c5642cb0af3ba9a028\" data-last-update=\"1.4\">Nuestros servicios incluyen:<\/h2>\n\n\n\n<div class=\"tb-fields-and-text\" data-toolset-blocks-fields-and-text=\"3e1d2592ce20bdf2bf813c9dfa44c991\"><ul>\n  <li>Ayudamos a construir una metnalidad agil en los colaboradores de la organizaci\u00f3n y a desarrollar un mapa de ruta hacia la agilidad de negocios basado en comportamientos.<\/li>\n  <li>Asesoramiento en la adopci\u00f3n de marcos \u00e1giles&nbsp;como Scrum, Kanban y SAFe.<\/li>\n  <li>Implementaci\u00f3n de pr\u00e1cticas \u00e1giles en equipos y proyectos, facilitando la transici\u00f3n hacia una cultura m\u00e1s flexible y adaptativa.<\/li>\n  <li>Coaching y mentoring&nbsp;para l\u00edderes y equipos que deseen alcanzar un alto rendimiento en entornos \u00e1giles.<\/li>\n<\/ul><\/div>\n<\/div>\n<\/div>\n<\/div>\n","protected":false},"excerpt":{"rendered":"","protected":false},"author":1,"featured_media":0,"parent":74,"menu_order":0,"comment_status":"closed","ping_status":"closed","template":"","meta":{"footnotes":""},"class_list":["post-78","page","type-page","status-publish","hentry"],"_links":{"self":[{"href":"https:\/\/proyectum.com\/mx\/wp-json\/wp\/v2\/pages\/78","targetHints":{"allow":["GET"]}}],"collection":[{"href":"https:\/\/proyectum.com\/mx\/wp-json\/wp\/v2\/pages"}],"about":[{"href":"https:\/\/proyectum.com\/mx\/wp-json\/wp\/v2\/types\/page"}],"author":[{"embeddable":true,"href":"https:\/\/proyectum.com\/mx\/wp-json\/wp\/v2\/users\/1"}],"replies":[{"embeddable":true,"href":"https:\/\/proyectum.com\/mx\/wp-json\/wp\/v2\/comments?post=78"}],"version-history":[{"count":12,"href":"https:\/\/proyectum.com\/mx\/wp-json\/wp\/v2\/pages\/78\/revisions"}],"predecessor-version":[{"id":1593,"href":"https:\/\/proyectum.com\/mx\/wp-json\/wp\/v2\/pages\/78\/revisions\/1593"}],"up":[{"embeddable":true,"href":"https:\/\/proyectum.com\/mx\/wp-json\/wp\/v2\/pages\/74"}],"wp:attachment":[{"href":"https:\/\/proyectum.com\/mx\/wp-json\/wp\/v2\/media?parent=78"}],"curies":[{"name":"wp","href":"https:\/\/api.w.org\/{rel}","templated":true}]}}