{"id":80,"date":"2024-10-05T18:07:00","date_gmt":"2024-10-05T16:07:00","guid":{"rendered":"https:\/\/proyectum.com\/mx\/?page_id=80"},"modified":"2024-12-19T02:23:53","modified_gmt":"2024-12-19T01:23:53","slug":"estrategia","status":"publish","type":"page","link":"https:\/\/proyectum.com\/mx\/servicios-para-organizaciones\/estrategia\/","title":{"rendered":"Estrateg\u00eda"},"content":{"rendered":"\n<div class=\"wp-block-toolset-blocks-container tb-container\" data-toolset-blocks-container=\"7cd906994761a288f84c87642e6feefd\">\n<h1 class=\"tb-heading\" data-toolset-blocks-heading=\"56025d813f349a61393dd928db918af7\" data-last-update=\"1.4\">Estrateg\u00eda<\/h1>\n<\/div>\n\n\n\n<div class=\"wp-block-toolset-blocks-container tb-container\" data-toolset-blocks-container=\"56dea7f9449cd580c86c8740bbbc5a14\">\n<div class=\"tb-fields-and-text\" data-toolset-blocks-fields-and-text=\"3e1d2592ce20bdf2bf813c9dfa44c991\"><h1 style=\"text-align: center;\"><span style=\"color: #faac47;\">&nbsp;<\/span><\/h1>\n<h2 style=\"text-align: center;\"><span style=\"color: #faac47;\"><strong>\u00bfTu estrategia no est\u00e1 dando los resultados esperados?<\/strong><\/span><\/h2>\n<h3 style=\"text-align: center;\"><span style=\"color: #ffffff;\"><strong>Muchas organizaciones enfrentan desaf\u00edos significativos cuando su estrategia no logra el impacto deseado.<\/strong><\/span><span style=\"color: #ffffff;\"><br><\/span><\/h3><\/div>\n<\/div>\n\n\n\n<div class=\"wp-block-toolset-blocks-container tb-container\" data-toolset-blocks-container=\"4c1cb683be106ac95a294625559fc486\">\n<div class=\"wp-block-toolset-blocks-grid tb-grid\" data-toolset-blocks-grid=\"7f1026c9709550f03755229a6093e359\">\n<div class=\"wp-block-toolset-blocks-grid-column tb-grid-column tb-grid-align-center\" data-toolset-blocks-grid-column=\"f586ff7bfe1d7317c63162ec7b7039ed\">\n<div class=\"tb-fields-and-text\" data-toolset-blocks-fields-and-text=\"3e1d2592ce20bdf2bf813c9dfa44c991\"><h2><span style=\"color: #174168;\">Entre los s\u00edntomas m\u00e1s comunes est\u00e1n:<\/span><\/h2>\n<p>&nbsp;<\/p>\n<ul>\n  <li style=\"text-align: justify;\"><strong>Falta de alineaci\u00f3n interna:&nbsp;<\/strong>Los equipos trabajan con prioridades desconectadas, generando esfuerzos duplicados o contraproducentes.<\/li>\n  <li style=\"text-align: justify;\"><strong>Decisiones reactivas:&nbsp;<\/strong>Las decisiones estrat\u00e9gicas parecen responder m\u00e1s a emergencias o presiones externas que a una visi\u00f3n clara y estructurada.<\/li>\n  <li style=\"text-align: justify;\"><strong>P\u00e9rdida de enfoque:<\/strong>&nbsp;Con m\u00faltiples iniciativas en marcha, se diluyen los recursos y se pierde claridad sobre qu\u00e9 proyectos son realmente clave para el crecimiento.<\/li>\n  <li style=\"text-align: justify;\"><strong>Dificultad para medir el progreso:<\/strong>&nbsp;Sin m\u00e9tricas claras, se vuelve complicado evaluar el impacto de las iniciativas y ajustar el rumbo de manera oportuna.<\/li>\n  <li style=\"text-align: justify;\"><strong>Desgaste organizacional:<\/strong>&nbsp;La falta de claridad genera incertidumbre, resistencia al cambio y desmotivaci\u00f3n entre los colaboradores.<\/li>\n  <li style=\"text-align: justify;\"><strong>Oportunidades desaprovechadas:&nbsp;<\/strong>Las organizaciones no logran capitalizar su potencial al carecer de una estructura para identificar y priorizar oportunidades estrat\u00e9gicas.<\/li>\n<\/ul>\n<p>En&nbsp;Proyectum, ayudamos a las organizaciones a transformar estos desaf\u00edos en fortalezas, construyendo una estrategia clara, alineada y orientada a resultados que maximice el impacto y asegure un crecimiento sostenible.<\/p><\/div>\n<\/div>\n\n\n\n<div class=\"wp-block-toolset-blocks-grid-column tb-grid-column tb-grid-align-center\" data-toolset-blocks-grid-column=\"f586ff7bfe1d7317c63162ec7b7039ed\"><div class=\"wp-block-image\">\n<figure class=\" tb-image tb-image-dynamic tb-image-frame-none alignright\" data-toolset-blocks-image=\"24cccb629f010414170f4bdf5c193d27\"><img decoding=\"async\" width=\"1000\" height=\"1000\" loading=\"lazy\" src=\"https:\/\/proyectum.com\/mx\/wp-content\/uploads\/2024\/11\/estartegia_2.jpg\" alt=\"\" class=\"wp-image-1491\" srcset=\"https:\/\/proyectum.com\/mx\/wp-content\/uploads\/2024\/11\/estartegia_2.jpg 1000w, https:\/\/proyectum.com\/mx\/wp-content\/uploads\/2024\/11\/estartegia_2-300x300.jpg 300w, https:\/\/proyectum.com\/mx\/wp-content\/uploads\/2024\/11\/estartegia_2-150x150.jpg 150w, https:\/\/proyectum.com\/mx\/wp-content\/uploads\/2024\/11\/estartegia_2-768x768.jpg 768w\" sizes=\"auto, (max-width: 1000px) 100vw, 1000px\" \/><\/figure>\n<\/div><\/div>\n<\/div>\n<\/div>\n\n\n\n<div class=\"wp-block-toolset-blocks-container tb-container\" data-toolset-blocks-container=\"b6184bcc262527dcfa8aae1b015b97a7\">\n<div class=\"tb-fields-and-text\" data-toolset-blocks-fields-and-text=\"360284519b991feb492b582c7d84725f\"><h2 style=\"text-align: center;\"><span style=\"color: #ffffff;\">Hablemos de negocios HOY<\/span><\/h2><\/div>\n\n\n\n<div class=\"tb-button\" data-toolset-blocks-button=\"f495708df6f3aba507b985f4ab0d0ffd\"><a class=\"tb-button__link\" href=\"https:\/\/proyectum.com\/mx\/formulario-de-contacto\/\"><i class=\"tb-button__icon\"><\/i><span class=\"tb-button__content\">Cont\u00e1ctenos<\/span><\/a><\/div>\n<\/div>\n\n\n\n<div class=\"wp-block-toolset-blocks-grid tb-grid\" data-toolset-blocks-grid=\"ca54a89867dc1056ae831c7c9307f3cc\">\n<div class=\"wp-block-toolset-blocks-grid-column tb-grid-column tb-grid-align-center\" data-toolset-blocks-grid-column=\"f586ff7bfe1d7317c63162ec7b7039ed\">\n<figure class=\"wp-block-image tb-image tb-image-dynamic tb-image-frame-none\" data-toolset-blocks-image=\"e1496f73b567676996d1ea7ab16622cd\"><img decoding=\"async\" width=\"1000\" height=\"1000\" loading=\"lazy\" src=\"https:\/\/proyectum.com\/mx\/wp-content\/uploads\/2024\/11\/estartegia_3.jpg\" alt=\"\" class=\"wp-image-1492\" srcset=\"https:\/\/proyectum.com\/mx\/wp-content\/uploads\/2024\/11\/estartegia_3.jpg 1000w, https:\/\/proyectum.com\/mx\/wp-content\/uploads\/2024\/11\/estartegia_3-300x300.jpg 300w, https:\/\/proyectum.com\/mx\/wp-content\/uploads\/2024\/11\/estartegia_3-150x150.jpg 150w, https:\/\/proyectum.com\/mx\/wp-content\/uploads\/2024\/11\/estartegia_3-768x768.jpg 768w\" sizes=\"auto, (max-width: 1000px) 100vw, 1000px\" \/><\/figure>\n<\/div>\n\n\n\n<div class=\"wp-block-toolset-blocks-grid-column tb-grid-column tb-grid-align-center\" data-toolset-blocks-grid-column=\"7c62d15a8f83c7a7a7abf826ddabe164\">\n<div class=\"tb-fields-and-text\" data-toolset-blocks-fields-and-text=\"3e1d2592ce20bdf2bf813c9dfa44c991\"><h2><span style=\"color: #174168;\"><strong>Acompa\u00f1amos la Definici\u00f3n y Planeaci\u00f3n Estrat\u00e9gica de tu Organizaci\u00f3n<\/strong><\/span><\/h2>\n<p style=\"text-align: justify;\">En&nbsp;<strong>Proyectum<\/strong>, hemos colaborado con diversas organizaciones de m\u00faltiples industrias en la creaci\u00f3n y consolidaci\u00f3n de su visi\u00f3n estrat\u00e9gica. Creemos que una planeaci\u00f3n estrat\u00e9gica s\u00f3lida es el cimiento para alcanzar el \u00e9xito sostenible en un entorno din\u00e1mico y competitivo.<\/p><\/div>\n<\/div>\n<\/div>\n\n\n\n<div class=\"wp-block-toolset-blocks-container tb-container\" data-toolset-blocks-container=\"b6184bcc262527dcfa8aae1b015b97a7\">\n<div class=\"tb-fields-and-text\" data-toolset-blocks-fields-and-text=\"3e1d2592ce20bdf2bf813c9dfa44c991\"><h2 style=\"text-align: center;\"><span style=\"color: #ffffff;\">Hablemos de negocios HOY<\/span><\/h2><\/div>\n\n\n\n<div class=\"tb-button\" data-toolset-blocks-button=\"f495708df6f3aba507b985f4ab0d0ffd\"><a class=\"tb-button__link\" href=\"https:\/\/proyectum.com\/mx\/formulario-de-contacto\/\"><i class=\"tb-button__icon\"><\/i><span class=\"tb-button__content\">Cont\u00e1ctenos<\/span><\/a><\/div>\n<\/div>\n\n\n\n<div class=\"wp-block-toolset-blocks-container tb-container\" data-toolset-blocks-container=\"4c1cb683be106ac95a294625559fc486\">\n<div class=\"wp-block-toolset-blocks-grid tb-grid\" data-toolset-blocks-grid=\"452f980e9530eda003ecf68f47c45c49\">\n<div class=\"wp-block-toolset-blocks-grid-column tb-grid-column tb-grid-align-center\" data-toolset-blocks-grid-column=\"7c62d15a8f83c7a7a7abf826ddabe164\">\n<div class=\"tb-fields-and-text\" data-toolset-blocks-fields-and-text=\"3e1d2592ce20bdf2bf813c9dfa44c991\"><h2><span style=\"color: #174168;\"><strong>Nuestro Enfoque de servicios para planeaci\u00f3n estrat\u00e9gica<\/strong><\/span><\/h2>\n<p><strong>&nbsp;<\/strong><\/p>\n<p style=\"text-align: justify;\">Buscamos crear o reforzar el Ecosistema Organizacional de Gesti\u00f3n de la Estrategia (OSME), aprovechando lo que ya existe en tu organizaci\u00f3n y complement\u00e1ndolo con un enfoque sist\u00e9mico:<\/p>\n<p>&nbsp;<\/p>\n<ul>\n  <li style=\"text-align: justify;\"><strong>Diagn\u00f3stico del Ecosistema Organizacional de Gesti\u00f3n de la Estrategia (OSME):<\/strong>&nbsp;Evaluamos de manera integral la estructura, procesos y herramientas utilizados para gestionar y ejecutar la estrategia, identificando fortalezas y \u00e1reas de mejora para garantizar la alineaci\u00f3n y efectividad en el logro de los objetivos organizacionales.<\/li>\n  <li style=\"text-align: justify;\"><strong>Definici\u00f3n Estrat\u00e9gica:<\/strong>&nbsp;Dise\u00f1amos junto a ti un marco estrat\u00e9gico que alinee los objetivos de tu organizaci\u00f3n con su misi\u00f3n y visi\u00f3n. Ayudamos a clarificar las prioridades clave, definir un modelo de negocio s\u00f3lido y establecer una direcci\u00f3n clara que gu\u00ede tus decisiones.<\/li>\n  <li style=\"text-align: justify;\"><strong>Planeaci\u00f3n Estrat\u00e9gica:<\/strong>&nbsp;Co-creamos contigo un plan estrat\u00e9gico integral que contempla metas medibles, iniciativas clave y recursos necesarios para ejecutarlas. Nuestro enfoque garantiza que todos los niveles de tu organizaci\u00f3n est\u00e9n alineados con los objetivos establecidos.<\/li>\n  <li style=\"text-align: justify;\"><strong>Priorizaci\u00f3n de Iniciativas:<\/strong>&nbsp;Junto con tu equipo, definimos criterios claros y medibles para evaluar y clasificar iniciativas seg\u00fan su impacto estrat\u00e9gico, urgencia, riesgos asociados y viabilidad. Aplicamos herramientas avanzadas, como matrices de impacto y esfuerzo, para garantizar decisiones objetivas y alineadas con los intereses del negocio.<\/li>\n  <li style=\"text-align: justify;\"><strong>Conformaci\u00f3n del Portafolio Estrat\u00e9gico:<\/strong>&nbsp;Organizamos las iniciativas priorizadas dentro de un portafolio coherente, equilibrando proyectos operativos, transformadores e innovadores. Esto asegura una ejecuci\u00f3n eficiente, visibilidad total y un impacto sostenido.<\/li>\n  <li style=\"text-align: justify;\"><strong>Asignaci\u00f3n Eficiente de Recursos:<\/strong>&nbsp;Dise\u00f1amos mecanismos para distribuir recursos financieros, humanos y tecnol\u00f3gicos de manera eficiente, maximizando el impacto de cada acci\u00f3n emprendida.<\/li>\n<\/ul><\/div>\n<\/div>\n\n\n\n<div class=\"wp-block-toolset-blocks-grid-column tb-grid-column tb-grid-align-center\" data-toolset-blocks-grid-column=\"f586ff7bfe1d7317c63162ec7b7039ed\"><div class=\"wp-block-image\">\n<figure class=\" tb-image tb-image-dynamic tb-image-frame-none alignright\" data-toolset-blocks-image=\"17c431ab211dd96d899a45d84a08c381\"><img decoding=\"async\" width=\"1000\" height=\"1000\" loading=\"lazy\" src=\"https:\/\/proyectum.com\/mx\/wp-content\/uploads\/2024\/11\/estartegia_4.jpg\" alt=\"\" class=\"wp-image-1493\" srcset=\"https:\/\/proyectum.com\/mx\/wp-content\/uploads\/2024\/11\/estartegia_4.jpg 1000w, https:\/\/proyectum.com\/mx\/wp-content\/uploads\/2024\/11\/estartegia_4-300x300.jpg 300w, https:\/\/proyectum.com\/mx\/wp-content\/uploads\/2024\/11\/estartegia_4-150x150.jpg 150w, https:\/\/proyectum.com\/mx\/wp-content\/uploads\/2024\/11\/estartegia_4-768x768.jpg 768w\" sizes=\"auto, (max-width: 1000px) 100vw, 1000px\" \/><\/figure>\n<\/div><\/div>\n<\/div>\n<\/div>\n\n\n\n<div class=\"wp-block-toolset-blocks-container tb-container\" data-toolset-blocks-container=\"b6184bcc262527dcfa8aae1b015b97a7\">\n<div class=\"tb-fields-and-text\" data-toolset-blocks-fields-and-text=\"360284519b991feb492b582c7d84725f\"><h2 style=\"text-align: center;\"><span style=\"color: #ffffff;\">Hablemos de negocios HOY<\/span><\/h2><\/div>\n\n\n\n<div class=\"tb-button\" data-toolset-blocks-button=\"f495708df6f3aba507b985f4ab0d0ffd\"><a class=\"tb-button__link\" href=\"https:\/\/proyectum.com\/mx\/formulario-de-contacto\/\"><i class=\"tb-button__icon\"><\/i><span class=\"tb-button__content\">Cont\u00e1ctenos<\/span><\/a><\/div>\n<\/div>\n\n\n\n<div class=\"wp-block-toolset-blocks-container tb-container\" data-toolset-blocks-container=\"6ac9f18d3d8681087afd499002915a13\">\n<div class=\"wp-block-toolset-blocks-grid tb-grid\" data-toolset-blocks-grid=\"69334d57ab71c50d0bf0f4f37a803160\">\n<div class=\"wp-block-toolset-blocks-grid-column tb-grid-column tb-grid-align-center\" data-toolset-blocks-grid-column=\"f586ff7bfe1d7317c63162ec7b7039ed\"><div class=\"wp-block-image\">\n<figure class=\" tb-image tb-image-dynamic tb-image-frame-none alignleft\" data-toolset-blocks-image=\"0b2cd6600bca5205372e51f2f2d4ef0e\"><img decoding=\"async\" width=\"1000\" height=\"1000\" loading=\"lazy\" src=\"https:\/\/proyectum.com\/mx\/wp-content\/uploads\/2024\/11\/estartegia_5.jpg\" alt=\"\" class=\"wp-image-1494\" srcset=\"https:\/\/proyectum.com\/mx\/wp-content\/uploads\/2024\/11\/estartegia_5.jpg 1000w, https:\/\/proyectum.com\/mx\/wp-content\/uploads\/2024\/11\/estartegia_5-300x300.jpg 300w, https:\/\/proyectum.com\/mx\/wp-content\/uploads\/2024\/11\/estartegia_5-150x150.jpg 150w, https:\/\/proyectum.com\/mx\/wp-content\/uploads\/2024\/11\/estartegia_5-768x768.jpg 768w\" sizes=\"auto, (max-width: 1000px) 100vw, 1000px\" \/><\/figure>\n<\/div><\/div>\n\n\n\n<div class=\"wp-block-toolset-blocks-grid-column tb-grid-column tb-grid-align-center\" data-toolset-blocks-grid-column=\"7c62d15a8f83c7a7a7abf826ddabe164\">\n<div class=\"tb-fields-and-text\" data-toolset-blocks-fields-and-text=\"3e1d2592ce20bdf2bf813c9dfa44c991\"><h2><span style=\"color: #174168;\"><strong>\u00bfQu\u00e9 nos hace diferentes?<\/strong><\/span><\/h2>\n<p><strong>&nbsp;<\/strong><\/p>\n<ul>\n  <li style=\"text-align: justify;\"><strong>Enfoque sist\u00e9mico:<\/strong>&nbsp;Consideramos cada organizaci\u00f3n como un sistema interconectado, interviniendo de manera equilibrada en personas, procesos y tecnolog\u00eda para lograr soluciones sostenibles y de alto impacto.<\/li>\n  <li style=\"text-align: justify;\"><strong>Colaboraci\u00f3n activa:<\/strong>&nbsp;Facilitamos procesos donde l\u00edderes y equipos son protagonistas, garantizando que las estrategias est\u00e9n alineadas con la cultura organizacional.<\/li>\n  <li style=\"text-align: justify;\"><strong>Metodolog\u00edas probadas:<\/strong>&nbsp;Implementamos herramientas exclusivas como&nbsp;<em>Videre\u00ae<\/em>,&nbsp;<em>Invision\u00ae<\/em>&nbsp;e&nbsp;<em>Inpriority\u00ae<\/em>&nbsp;para diagnosticar, modelar y construir estrategias efectivas.<\/li>\n  <li style=\"text-align: justify;\"><strong>Adaptabilidad:<\/strong>&nbsp;Personalizamos cada intervenci\u00f3n seg\u00fan las necesidades espec\u00edficas de tu industria, mercado y organizaci\u00f3n.<\/li>\n  <li style=\"text-align: justify;\"><strong>Impacto sostenible:<\/strong>&nbsp;Nos enfocamos en generar resultados tangibles y cambios que perduren en el tiempo.<\/li>\n<\/ul><\/div>\n<\/div>\n<\/div>\n<\/div>\n\n\n\n<div class=\"wp-block-toolset-blocks-container tb-container\" data-toolset-blocks-container=\"b6184bcc262527dcfa8aae1b015b97a7\">\n<div class=\"tb-fields-and-text\" data-toolset-blocks-fields-and-text=\"360284519b991feb492b582c7d84725f\"><h2 style=\"text-align: center;\"><span style=\"color: #ffffff;\">Hablemos de negocios HOY<\/span><\/h2><\/div>\n\n\n\n<div class=\"tb-button\" data-toolset-blocks-button=\"f495708df6f3aba507b985f4ab0d0ffd\"><a class=\"tb-button__link\" href=\"https:\/\/proyectum.com\/mx\/formulario-de-contacto\/\"><i class=\"tb-button__icon\"><\/i><span class=\"tb-button__content\">Cont\u00e1ctenos<\/span><\/a><\/div>\n<\/div>\n\n\n\n<div class=\"wp-block-toolset-blocks-container tb-container\" data-toolset-blocks-container=\"4c1cb683be106ac95a294625559fc486\">\n<div class=\"wp-block-toolset-blocks-grid tb-grid\" data-toolset-blocks-grid=\"452f980e9530eda003ecf68f47c45c49\">\n<div class=\"wp-block-toolset-blocks-grid-column tb-grid-column tb-grid-align-center\" data-toolset-blocks-grid-column=\"7c62d15a8f83c7a7a7abf826ddabe164\">\n<div class=\"tb-fields-and-text\" data-toolset-blocks-fields-and-text=\"3e1d2592ce20bdf2bf813c9dfa44c991\"><h2><span style=\"color: #174168;\"><strong>Beneficios de trabajar con Proyectum<\/strong><\/span><\/h2>\n<p><strong>&nbsp;<\/strong><\/p>\n<ul>\n  <li style=\"text-align: justify;\"><strong>Visi\u00f3n compartida:<\/strong>&nbsp;Consolidamos una visi\u00f3n estrat\u00e9gica que alinea todos los niveles de la organizaci\u00f3n hacia un objetivo com\u00fan.<\/li>\n  <li style=\"text-align: justify;\"><strong>Ejecuci\u00f3n efectiva:<\/strong>&nbsp;Aseguramos que las iniciativas estrat\u00e9gicas se transformen en acciones concretas y medibles.<\/li>\n  <li style=\"text-align: justify;\"><strong>Mayor eficiencia:<\/strong>&nbsp;Optimizamos el uso de recursos, reduciendo desperdicios y maximizando el impacto.<\/li>\n  <li style=\"text-align: justify;\"><strong>Agilidad organizacional:<\/strong>&nbsp;Construimos capacidades que permiten adaptarse r\u00e1pidamente a cambios en el entorno.<\/li>\n  <li style=\"text-align: justify;\"><strong>Decisiones informadas:<\/strong>&nbsp;Implementamos herramientas y m\u00e9tricas para monitorear avances y ajustar estrategias en tiempo real.<\/li>\n  <li style=\"text-align: justify;\"><strong>Sostenibilidad:<\/strong>&nbsp;Garantizamos que las estrategias implementadas se integren de manera org\u00e1nica en la cultura organizacional.<\/li>\n<\/ul><\/div>\n<\/div>\n\n\n\n<div class=\"wp-block-toolset-blocks-grid-column tb-grid-column tb-grid-align-center\" data-toolset-blocks-grid-column=\"f586ff7bfe1d7317c63162ec7b7039ed\"><div class=\"wp-block-image\">\n<figure class=\" tb-image tb-image-dynamic tb-image-frame-none alignright\" data-toolset-blocks-image=\"58263c85e428046030a2ec2602fc204b\"><img decoding=\"async\" width=\"1000\" height=\"1000\" loading=\"lazy\" src=\"https:\/\/proyectum.com\/mx\/wp-content\/uploads\/2024\/11\/estartegia_8.jpg\" alt=\"\" class=\"wp-image-1501\" srcset=\"https:\/\/proyectum.com\/mx\/wp-content\/uploads\/2024\/11\/estartegia_8.jpg 1000w, https:\/\/proyectum.com\/mx\/wp-content\/uploads\/2024\/11\/estartegia_8-300x300.jpg 300w, https:\/\/proyectum.com\/mx\/wp-content\/uploads\/2024\/11\/estartegia_8-150x150.jpg 150w, https:\/\/proyectum.com\/mx\/wp-content\/uploads\/2024\/11\/estartegia_8-768x768.jpg 768w\" sizes=\"auto, (max-width: 1000px) 100vw, 1000px\" \/><\/figure>\n<\/div><\/div>\n<\/div>\n<\/div>\n\n\n\n<div class=\"wp-block-toolset-blocks-container tb-container\" data-toolset-blocks-container=\"b6184bcc262527dcfa8aae1b015b97a7\">\n<div class=\"tb-fields-and-text\" data-toolset-blocks-fields-and-text=\"360284519b991feb492b582c7d84725f\"><h2 style=\"text-align: center;\"><span style=\"color: #ffffff;\">Hablemos de negocios HOY<\/span><\/h2><\/div>\n\n\n\n<div class=\"tb-button\" data-toolset-blocks-button=\"f495708df6f3aba507b985f4ab0d0ffd\"><a class=\"tb-button__link\" href=\"https:\/\/proyectum.com\/mx\/formulario-de-contacto\/\"><i class=\"tb-button__icon\"><\/i><span class=\"tb-button__content\">Cont\u00e1ctenos<\/span><\/a><\/div>\n<\/div>\n\n\n\n<div class=\"wp-block-toolset-blocks-container tb-container\" data-toolset-blocks-container=\"d90cfe8dc81d9a511312bee82bd50099\">\n<div class=\"tb-fields-and-text\" data-toolset-blocks-fields-and-text=\"3e1d2592ce20bdf2bf813c9dfa44c991\"><h2 style=\"text-align: center;\"><span style=\"color: #faac47;\"><strong>Resultados Tangibles<\/strong><\/span><\/h2>\n<p><span style=\"color: #ffffff;\"><strong>&nbsp;<\/strong><\/span><\/p>\n<h3 style=\"text-align: center;\"><span style=\"color: #ffffff;\">Con nuestro acompa\u00f1amiento, tu organizaci\u00f3n ser\u00e1 m\u00e1s \u00e1gil, resiliente y orientada a resultados. Construiremos una base s\u00f3lida para que tu empresa no solo alcance, sino supere sus metas estrat\u00e9gicas.<\/span><\/h3><\/div>\n<\/div>\n\n\n\n<div class=\"wp-block-toolset-blocks-container tb-container\" data-toolset-blocks-container=\"b6184bcc262527dcfa8aae1b015b97a7\">\n<div class=\"tb-fields-and-text\" data-toolset-blocks-fields-and-text=\"360284519b991feb492b582c7d84725f\"><h2 style=\"text-align: center;\"><span style=\"color: #ffffff;\">Hablemos de negocios HOY<\/span><\/h2><\/div>\n\n\n\n<div class=\"tb-button\" data-toolset-blocks-button=\"f495708df6f3aba507b985f4ab0d0ffd\"><a class=\"tb-button__link\" href=\"https:\/\/proyectum.com\/mx\/formulario-de-contacto\/\"><i class=\"tb-button__icon\"><\/i><span class=\"tb-button__content\">Cont\u00e1ctenos<\/span><\/a><\/div>\n<\/div>\n\n\n\n<div class=\"wp-block-toolset-blocks-container tb-container\" data-toolset-blocks-container=\"113470762820f49e76281a2a1b2b2649\">\n<div class=\"tb-fields-and-text\" data-toolset-blocks-fields-and-text=\"3e1d2592ce20bdf2bf813c9dfa44c991\"><h2 style=\"text-align: center;\"><span style=\"color: #faac47;\"><strong>\u00bfEst\u00e1s listo para dise\u00f1ar el futuro de tu negocio?<\/strong><\/span><\/h2>\n<p style=\"text-align: center;\"><span style=\"color: #ffffff;\"><strong>&nbsp;<\/strong><\/span><\/p>\n<h3 style=\"text-align: center;\"><span style=\"color: #ffffff;\">Agenda una consulta estrat\u00e9gica con nuestros expertos y comienza a transformar tu visi\u00f3n en acci\u00f3n.<\/span><\/h3><\/div>\n<\/div>\n\n\n\n<div class=\"wp-block-toolset-blocks-container tb-container\" data-toolset-blocks-container=\"b6184bcc262527dcfa8aae1b015b97a7\">\n<div class=\"tb-fields-and-text\" data-toolset-blocks-fields-and-text=\"360284519b991feb492b582c7d84725f\"><h2 style=\"text-align: center;\"><span style=\"color: #ffffff;\">Hablemos de negocios HOY<\/span><\/h2><\/div>\n\n\n\n<div class=\"tb-button\" data-toolset-blocks-button=\"f495708df6f3aba507b985f4ab0d0ffd\"><a class=\"tb-button__link\" href=\"https:\/\/proyectum.com\/mx\/formulario-de-contacto\/\"><i class=\"tb-button__icon\"><\/i><span class=\"tb-button__content\">Cont\u00e1ctenos<\/span><\/a><\/div>\n<\/div>\n","protected":false},"excerpt":{"rendered":"","protected":false},"author":1,"featured_media":0,"parent":47,"menu_order":0,"comment_status":"closed","ping_status":"closed","template":"","meta":{"footnotes":""},"class_list":["post-80","page","type-page","status-publish","hentry"],"_links":{"self":[{"href":"https:\/\/proyectum.com\/mx\/wp-json\/wp\/v2\/pages\/80","targetHints":{"allow":["GET"]}}],"collection":[{"href":"https:\/\/proyectum.com\/mx\/wp-json\/wp\/v2\/pages"}],"about":[{"href":"https:\/\/proyectum.com\/mx\/wp-json\/wp\/v2\/types\/page"}],"author":[{"embeddable":true,"href":"https:\/\/proyectum.com\/mx\/wp-json\/wp\/v2\/users\/1"}],"replies":[{"embeddable":true,"href":"https:\/\/proyectum.com\/mx\/wp-json\/wp\/v2\/comments?post=80"}],"version-history":[{"count":28,"href":"https:\/\/proyectum.com\/mx\/wp-json\/wp\/v2\/pages\/80\/revisions"}],"predecessor-version":[{"id":1617,"href":"https:\/\/proyectum.com\/mx\/wp-json\/wp\/v2\/pages\/80\/revisions\/1617"}],"up":[{"embeddable":true,"href":"https:\/\/proyectum.com\/mx\/wp-json\/wp\/v2\/pages\/47"}],"wp:attachment":[{"href":"https:\/\/proyectum.com\/mx\/wp-json\/wp\/v2\/media?parent=80"}],"curies":[{"name":"wp","href":"https:\/\/api.w.org\/{rel}","templated":true}]}}