{"id":82,"date":"2024-10-05T18:08:00","date_gmt":"2024-10-05T16:08:00","guid":{"rendered":"https:\/\/proyectum.com\/mx\/?page_id=82"},"modified":"2024-12-19T02:25:33","modified_gmt":"2024-12-19T01:25:33","slug":"direccion-de-proyectos","status":"publish","type":"page","link":"https:\/\/proyectum.com\/mx\/servicios-para-organizaciones\/direccion-de-proyectos\/","title":{"rendered":"Direcci\u00f3n de proyectos"},"content":{"rendered":"\n<div class=\"wp-block-toolset-blocks-container tb-container\" data-toolset-blocks-container=\"7cd906994761a288f84c87642e6feefd\">\n<h1 class=\"tb-heading\" data-toolset-blocks-heading=\"56025d813f349a61393dd928db918af7\" data-last-update=\"1.4\">Direcci\u00f3n de proyectos<\/h1>\n<\/div>\n\n\n\n<div class=\"wp-block-toolset-blocks-container tb-container\" data-toolset-blocks-container=\"f9c6b453c472823de7d67d88e7a595e5\">\n<div class=\"tb-fields-and-text\" data-toolset-blocks-fields-and-text=\"3e1d2592ce20bdf2bf813c9dfa44c991\"><h1 style=\"text-align: center;\"><span style=\"color: #faac47;\">&nbsp;<\/span><\/h1>\n<h2 style=\"text-align: center;\"><span style=\"color: #faac47;\"><strong>\u00bfTu ecosistema de Direcci\u00f3n de Proyectos enfrenta desaf\u00edos recurrentes?<\/strong><\/span><\/h2>\n<h3 style=\"text-align: center;\"><span style=\"color: #ffffff;\"><strong>Gran cantidad de organizaciones experimentan problemas que limitan su capacidad de entregar resultados a trav\u00e9s de proyectos de manera eficiente y estrat\u00e9gica. <\/strong><\/span><span style=\"color: #ffffff;\"><br><\/span><\/h3><\/div>\n<\/div>\n\n\n\n<div class=\"wp-block-toolset-blocks-container tb-container\" data-toolset-blocks-container=\"4c1cb683be106ac95a294625559fc486\">\n<div class=\"wp-block-toolset-blocks-grid tb-grid\" data-toolset-blocks-grid=\"7f1026c9709550f03755229a6093e359\">\n<div class=\"wp-block-toolset-blocks-grid-column tb-grid-column tb-grid-align-center\" data-toolset-blocks-grid-column=\"f586ff7bfe1d7317c63162ec7b7039ed\">\n<div class=\"tb-fields-and-text\" data-toolset-blocks-fields-and-text=\"3e1d2592ce20bdf2bf813c9dfa44c991\"><h2><span style=\"color: #174168;\">Algunos de los s\u00edntomas m\u00e1s comunes incluyen:<\/span><\/h2>\n<p>&nbsp;<\/p>\n<ul>\n  <li><strong>Iniciativas desalineadas:<\/strong>&nbsp;Los proyectos no se conectan claramente con los objetivos estrat\u00e9gicos, generando esfuerzos dispersos y p\u00e9rdida de recursos.<\/li>\n  <li><strong>Recursos insuficientes:<\/strong>&nbsp;La falta de un proceso claro de priorizaci\u00f3n lleva a gestionar m\u00e1s proyectos de los que los recursos pueden manejar, afectando la calidad y los tiempos de entrega.<\/li>\n  <li><strong>Falta de visibilidad y control:<\/strong>&nbsp;Careces de una estructura que proporcione claridad sobre el avance, riesgos y beneficios de sus proyectos y sobre todo, informaci\u00f3n fidedigna para soportar la toma de decisiones.<\/li>\n  <li><strong>Gesti\u00f3n reactiva de riesgos:<\/strong>&nbsp;Los riesgos no se identifican ni gestionan de manera proactiva, lo que aumenta la probabilidad de impactos negativos.<\/li>\n  <li><strong>Fragmentaci\u00f3n en la ejecuci\u00f3n:<\/strong>&nbsp;Las \u00e1reas operan de manera aislada, con enfoques inconsistentes y duplicidad de esfuerzos.<\/li>\n  <li><strong>Desgaste organizacional:<\/strong>&nbsp;La falta de gobernanza clara y procesos estructurados genera desmotivaci\u00f3n y reduce la eficiencia de los equipos.<\/li>\n<\/ul>\n<p>&nbsp;<\/p>\n<p>En&nbsp;<strong>Proyectum<\/strong>, ayudamos a las organizaciones a superar estos desaf\u00edos con un enfoque integral que fortalece el ecosistema de Direcci\u00f3n de Proyectos, conectando estrategias, portafolios, programas y proyectos para maximizar resultados.<\/p><\/div>\n<\/div>\n\n\n\n<div class=\"wp-block-toolset-blocks-grid-column tb-grid-column tb-grid-align-center\" data-toolset-blocks-grid-column=\"f586ff7bfe1d7317c63162ec7b7039ed\"><div class=\"wp-block-image\">\n<figure class=\" tb-image tb-image-dynamic tb-image-frame-none alignright\" data-toolset-blocks-image=\"177505f7bc2ba2f562bc3d88fab9dc94\"><img decoding=\"async\" width=\"1000\" height=\"1000\" loading=\"lazy\" src=\"https:\/\/proyectum.com\/mx\/wp-content\/uploads\/2024\/11\/direccion_2.jpg\" alt=\"\" class=\"wp-image-1507\" srcset=\"https:\/\/proyectum.com\/mx\/wp-content\/uploads\/2024\/11\/direccion_2.jpg 1000w, https:\/\/proyectum.com\/mx\/wp-content\/uploads\/2024\/11\/direccion_2-300x300.jpg 300w, https:\/\/proyectum.com\/mx\/wp-content\/uploads\/2024\/11\/direccion_2-150x150.jpg 150w, https:\/\/proyectum.com\/mx\/wp-content\/uploads\/2024\/11\/direccion_2-768x768.jpg 768w\" sizes=\"auto, (max-width: 1000px) 100vw, 1000px\" \/><\/figure>\n<\/div><\/div>\n<\/div>\n<\/div>\n\n\n\n<div class=\"wp-block-toolset-blocks-container tb-container\" data-toolset-blocks-container=\"b6184bcc262527dcfa8aae1b015b97a7\">\n<div class=\"tb-fields-and-text\" data-toolset-blocks-fields-and-text=\"360284519b991feb492b582c7d84725f\"><h2 style=\"text-align: center;\"><span style=\"color: #ffffff;\">Hablemos de negocios HOY<\/span><\/h2><\/div>\n\n\n\n<div class=\"tb-button\" data-toolset-blocks-button=\"f495708df6f3aba507b985f4ab0d0ffd\"><a class=\"tb-button__link\" href=\"https:\/\/proyectum.com\/mx\/formulario-de-contacto\/\"><i class=\"tb-button__icon\"><\/i><span class=\"tb-button__content\">Cont\u00e1ctenos<\/span><\/a><\/div>\n<\/div>\n\n\n\n<div class=\"wp-block-toolset-blocks-grid tb-grid\" data-toolset-blocks-grid=\"ca54a89867dc1056ae831c7c9307f3cc\">\n<div class=\"wp-block-toolset-blocks-grid-column tb-grid-column tb-grid-align-center\" data-toolset-blocks-grid-column=\"f586ff7bfe1d7317c63162ec7b7039ed\">\n<figure class=\"wp-block-image tb-image tb-image-dynamic tb-image-frame-none\" data-toolset-blocks-image=\"23533d68338de5bfd50e9ef7978d5bd2\"><img decoding=\"async\" width=\"853\" height=\"1024\" loading=\"lazy\" src=\"https:\/\/proyectum.com\/mx\/wp-content\/uploads\/2024\/11\/direccion_3-853x1024.jpg\" alt=\"\" class=\"wp-image-1504\" srcset=\"https:\/\/proyectum.com\/mx\/wp-content\/uploads\/2024\/11\/direccion_3-853x1024.jpg 853w, https:\/\/proyectum.com\/mx\/wp-content\/uploads\/2024\/11\/direccion_3-250x300.jpg 250w, https:\/\/proyectum.com\/mx\/wp-content\/uploads\/2024\/11\/direccion_3-768x922.jpg 768w, https:\/\/proyectum.com\/mx\/wp-content\/uploads\/2024\/11\/direccion_3.jpg 1000w\" sizes=\"auto, (max-width: 853px) 100vw, 853px\" \/><\/figure>\n<\/div>\n\n\n\n<div class=\"wp-block-toolset-blocks-grid-column tb-grid-column tb-grid-align-center\" data-toolset-blocks-grid-column=\"7c62d15a8f83c7a7a7abf826ddabe164\">\n<div class=\"tb-fields-and-text\" data-toolset-blocks-fields-and-text=\"3e1d2592ce20bdf2bf813c9dfa44c991\"><h2><span style=\"color: #174168;\"><strong>Nuestro Enfoque Integral para mejorar el ecosistema de direcci\u00f3n de proyectos<\/strong><\/span><\/h2>\n<p>&nbsp;<\/p>\n<ol>\n  <li><strong>Diagn\u00f3stico OPMS: <\/strong>El&nbsp;<strong>OPMS (Organizational Project Management System)<\/strong>&nbsp;es un diagn\u00f3stico integral que eval\u00faa el ecosistema de Direcci\u00f3n de Proyectos dentro de una organizaci\u00f3n. Este an\u00e1lisis identifica fortalezas, debilidades y \u00e1reas de oportunidad en los procesos, herramientas, gobernanza y capacidades relacionadas con la gesti\u00f3n de portafolios, programas y proyectos. A trav\u00e9s del OPMS, se obtiene una visi\u00f3n clara del nivel de madurez del ecosistema, permitiendo dise\u00f1ar estrategias personalizadas para optimizar la alineaci\u00f3n entre los objetivos estrat\u00e9gicos y la ejecuci\u00f3n de iniciativas. Este diagn\u00f3stico es fundamental para organizaciones que buscan elevar su eficiencia, reducir riesgos y maximizar el impacto de sus proyectos en el cumplimiento de sus metas.<\/li>\n  <li><strong>Gobierno de Proyectos:<\/strong> Dise\u00f1amos esquemas de gobernanza que alinean roles, responsabilidades y decisiones clave, proporcionando claridad y control en todos los niveles del ecosistema de proyectos.<\/li>\n  <li><strong>Gesti\u00f3n de Portafolios:<\/strong> Dise\u00f1amos e implementamos estructuras para priorizar, alinear y gestionar iniciativas estrat\u00e9gicas, asegurando la asignaci\u00f3n eficiente de recursos y la entrega de valor continuo.<\/li>\n  <li><strong>Gesti\u00f3n de Programas:<\/strong> Integramos proyectos relacionados dentro de programas coherentes, maximizando la sinergia entre ellos y garantizando el cumplimiento de objetivos a gran escala.<\/li>\n  <li><strong>Gesti\u00f3n de Proyectos:<\/strong> Establecemos procesos y metodolog\u00edas claras para planificar, ejecutar y monitorear proyectos, mejorando la eficiencia y la calidad en cada entrega.<\/li>\n  <li><strong>Dise\u00f1o y despliegue de PMOs:<\/strong> Dise\u00f1amos Oficinas de Gesti\u00f3n de Proyectos (PMO) que act\u00faan como centros de excelencia, proporcionando gobernanza, estandarizaci\u00f3n y visibilidad en la ejecuci\u00f3n de proyectos.<\/li>\n  <li><strong>Gesti\u00f3n de Riesgos:<\/strong> Desarrollamos sistemas proactivos para identificar, evaluar y mitigar riesgos, reduciendo impactos negativos y fortaleciendo la resiliencia organizacional.<\/li>\n  <li><strong>Project Jumpstart:<\/strong> Ofrecemos intervenciones r\u00e1pidas para proyectos cr\u00edticos, estableciendo las bases necesarias para su \u00e9xito y asegurando un inicio s\u00f3lido.&nbsp;&nbsp;&nbsp;<\/li>\n<\/ol><\/div>\n<\/div>\n<\/div>\n\n\n\n<div class=\"wp-block-toolset-blocks-container tb-container\" data-toolset-blocks-container=\"b6184bcc262527dcfa8aae1b015b97a7\">\n<div class=\"tb-fields-and-text\" data-toolset-blocks-fields-and-text=\"3e1d2592ce20bdf2bf813c9dfa44c991\"><h2 style=\"text-align: center;\"><span style=\"color: #ffffff;\">Hablemos de negocios HOY<\/span><\/h2><\/div>\n\n\n\n<div class=\"tb-button\" data-toolset-blocks-button=\"f495708df6f3aba507b985f4ab0d0ffd\"><a class=\"tb-button__link\" href=\"https:\/\/proyectum.com\/mx\/formulario-de-contacto\/\"><i class=\"tb-button__icon\"><\/i><span class=\"tb-button__content\">Cont\u00e1ctenos<\/span><\/a><\/div>\n<\/div>\n\n\n\n<div class=\"wp-block-toolset-blocks-container tb-container\" data-toolset-blocks-container=\"4c1cb683be106ac95a294625559fc486\">\n<div class=\"wp-block-toolset-blocks-grid tb-grid\" data-toolset-blocks-grid=\"452f980e9530eda003ecf68f47c45c49\">\n<div class=\"wp-block-toolset-blocks-grid-column tb-grid-column tb-grid-align-center\" data-toolset-blocks-grid-column=\"7c62d15a8f83c7a7a7abf826ddabe164\">\n<div class=\"tb-fields-and-text\" data-toolset-blocks-fields-and-text=\"360284519b991feb492b582c7d84725f\"><h2><strong style=\"color: #174168;\">\u00bfQu\u00e9 nos hace diferentes?<\/strong><\/h2>\n<p>&nbsp;<\/p>\n<ul>\n  <li><strong>Enfoque sist\u00e9mico:<\/strong>&nbsp;Abordamos el ecosistema de Direcci\u00f3n de Proyectos como un todo interconectado, asegurando soluciones equilibradas y sostenibles.<\/li>\n  <li><strong>Colaboraci\u00f3n activa:<\/strong>&nbsp;Trabajamos de la mano con tus equipos para co-crear soluciones que se adapten a tu realidad organizacional.<\/li>\n  <li><strong>Metodolog\u00edas probadas:<\/strong>&nbsp;Utilizamos frameworks reconocidos y adaptables como PMBOK, Agile y herramientas propias, para garantizar resultados \u00f3ptimos.<\/li>\n  <li><strong>Adaptabilidad:<\/strong>&nbsp;Personalizamos cada intervenci\u00f3n seg\u00fan las caracter\u00edsticas de tu industria, tama\u00f1o y objetivos estrat\u00e9gicos.<\/li>\n  <li><strong>Impacto medible:<\/strong>&nbsp;Implementamos m\u00e9tricas claras que permiten evaluar el progreso y ajustar las estrategias en tiempo real.<\/li>\n<\/ul><\/div>\n<\/div>\n\n\n\n<div class=\"wp-block-toolset-blocks-grid-column tb-grid-column tb-grid-align-center\" data-toolset-blocks-grid-column=\"f586ff7bfe1d7317c63162ec7b7039ed\"><div class=\"wp-block-image\">\n<figure class=\" tb-image tb-image-dynamic tb-image-frame-none alignright\" data-toolset-blocks-image=\"58983f309fb6ecd76b344b98f3b71a4a\"><img decoding=\"async\" width=\"1000\" height=\"1000\" loading=\"lazy\" src=\"https:\/\/proyectum.com\/mx\/wp-content\/uploads\/2024\/11\/direccion_4.jpg\" alt=\"\" class=\"wp-image-1508\" srcset=\"https:\/\/proyectum.com\/mx\/wp-content\/uploads\/2024\/11\/direccion_4.jpg 1000w, https:\/\/proyectum.com\/mx\/wp-content\/uploads\/2024\/11\/direccion_4-300x300.jpg 300w, https:\/\/proyectum.com\/mx\/wp-content\/uploads\/2024\/11\/direccion_4-150x150.jpg 150w, https:\/\/proyectum.com\/mx\/wp-content\/uploads\/2024\/11\/direccion_4-768x768.jpg 768w\" sizes=\"auto, (max-width: 1000px) 100vw, 1000px\" \/><\/figure>\n<\/div><\/div>\n<\/div>\n<\/div>\n\n\n\n<div class=\"wp-block-toolset-blocks-container tb-container\" data-toolset-blocks-container=\"b6184bcc262527dcfa8aae1b015b97a7\">\n<div class=\"tb-fields-and-text\" data-toolset-blocks-fields-and-text=\"360284519b991feb492b582c7d84725f\"><h2 style=\"text-align: center;\"><span style=\"color: #ffffff;\">Hablemos de negocios HOY<\/span><\/h2><\/div>\n\n\n\n<div class=\"tb-button\" data-toolset-blocks-button=\"f495708df6f3aba507b985f4ab0d0ffd\"><a class=\"tb-button__link\" href=\"https:\/\/proyectum.com\/mx\/formulario-de-contacto\/\"><i class=\"tb-button__icon\"><\/i><span class=\"tb-button__content\">Cont\u00e1ctenos<\/span><\/a><\/div>\n<\/div>\n\n\n\n<div class=\"wp-block-toolset-blocks-container tb-container\" data-toolset-blocks-container=\"9d97c5447d06f73869b5f95e7a4ca897\">\n<div class=\"tb-fields-and-text\" data-toolset-blocks-fields-and-text=\"360284519b991feb492b582c7d84725f\"><h2 style=\"text-align: center;\"><span style=\"color: #faac47;\"><strong>Resultados Tangibles<\/strong><\/span><\/h2>\n<p><span style=\"color: #ffffff;\"><strong>&nbsp;<\/strong><\/span><\/p>\n<h3 style=\"text-align: center;\"><span style=\"color: #ffffff;\">Con nuestro acompa\u00f1amiento, lograr\u00e1s un ecosistema de Direcci\u00f3n de Proyectos m\u00e1s eficiente, transparente y alineado con tus objetivos estrat\u00e9gicos. Aumentar\u00e1s la capacidad de entrega, minimizar\u00e1s riesgos y maximizar\u00e1s el impacto de cada iniciativa.<\/span><\/h3><\/div>\n<\/div>\n\n\n\n<div class=\"wp-block-toolset-blocks-container tb-container\" data-toolset-blocks-container=\"b6184bcc262527dcfa8aae1b015b97a7\">\n<div class=\"tb-fields-and-text\" data-toolset-blocks-fields-and-text=\"360284519b991feb492b582c7d84725f\"><h2 style=\"text-align: center;\"><span style=\"color: #ffffff;\">Hablemos de negocios HOY<\/span><\/h2><\/div>\n\n\n\n<div class=\"tb-button\" data-toolset-blocks-button=\"f495708df6f3aba507b985f4ab0d0ffd\"><a class=\"tb-button__link\" href=\"https:\/\/proyectum.com\/mx\/formulario-de-contacto\/\"><i class=\"tb-button__icon\"><\/i><span class=\"tb-button__content\">Cont\u00e1ctenos<\/span><\/a><\/div>\n<\/div>\n\n\n\n<div class=\"wp-block-toolset-blocks-container tb-container\" data-toolset-blocks-container=\"796075c1dc93b5c44e586ef1546dd820\">\n<div class=\"tb-fields-and-text\" data-toolset-blocks-fields-and-text=\"360284519b991feb492b582c7d84725f\"><h2 style=\"text-align: center;\"><span style=\"color: #faac47;\"><strong>\u00bfEst\u00e1s listo para fortalecer tu ecosistema de proyectos? <\/strong><\/span><\/h2>\n<p style=\"text-align: center;\"><span style=\"color: #ffffff;\"><strong>&nbsp;<\/strong><\/span><\/p>\n<h3 style=\"text-align: center;\"><span style=\"color: #ffffff;\">Agenda una consulta con nuestros expertos y descubre c\u00f3mo podemos ayudarte a transformar la gesti\u00f3n de tus portafolios, programas y proyectos en un motor de \u00e9xito organizacional.<\/span><\/h3><\/div>\n<\/div>\n\n\n\n<div class=\"wp-block-toolset-blocks-container tb-container\" data-toolset-blocks-container=\"b6184bcc262527dcfa8aae1b015b97a7\">\n<div class=\"tb-fields-and-text\" data-toolset-blocks-fields-and-text=\"360284519b991feb492b582c7d84725f\"><h2 style=\"text-align: center;\"><span style=\"color: #ffffff;\">Hablemos de negocios HOY<\/span><\/h2><\/div>\n\n\n\n<div class=\"tb-button\" data-toolset-blocks-button=\"f495708df6f3aba507b985f4ab0d0ffd\"><a class=\"tb-button__link\" href=\"https:\/\/proyectum.com\/mx\/formulario-de-contacto\/\"><i class=\"tb-button__icon\"><\/i><span class=\"tb-button__content\">Cont\u00e1ctenos<\/span><\/a><\/div>\n<\/div>\n","protected":false},"excerpt":{"rendered":"","protected":false},"author":1,"featured_media":0,"parent":47,"menu_order":0,"comment_status":"closed","ping_status":"closed","template":"","meta":{"footnotes":""},"class_list":["post-82","page","type-page","status-publish","hentry"],"_links":{"self":[{"href":"https:\/\/proyectum.com\/mx\/wp-json\/wp\/v2\/pages\/82","targetHints":{"allow":["GET"]}}],"collection":[{"href":"https:\/\/proyectum.com\/mx\/wp-json\/wp\/v2\/pages"}],"about":[{"href":"https:\/\/proyectum.com\/mx\/wp-json\/wp\/v2\/types\/page"}],"author":[{"embeddable":true,"href":"https:\/\/proyectum.com\/mx\/wp-json\/wp\/v2\/users\/1"}],"replies":[{"embeddable":true,"href":"https:\/\/proyectum.com\/mx\/wp-json\/wp\/v2\/comments?post=82"}],"version-history":[{"count":13,"href":"https:\/\/proyectum.com\/mx\/wp-json\/wp\/v2\/pages\/82\/revisions"}],"predecessor-version":[{"id":1618,"href":"https:\/\/proyectum.com\/mx\/wp-json\/wp\/v2\/pages\/82\/revisions\/1618"}],"up":[{"embeddable":true,"href":"https:\/\/proyectum.com\/mx\/wp-json\/wp\/v2\/pages\/47"}],"wp:attachment":[{"href":"https:\/\/proyectum.com\/mx\/wp-json\/wp\/v2\/media?parent=82"}],"curies":[{"name":"wp","href":"https:\/\/api.w.org\/{rel}","templated":true}]}}