{"id":84,"date":"2024-10-05T18:08:41","date_gmt":"2024-10-05T16:08:41","guid":{"rendered":"https:\/\/proyectum.com\/mx\/?page_id=84"},"modified":"2024-12-19T02:27:10","modified_gmt":"2024-12-19T01:27:10","slug":"administracion-de-procesos-de-negocio","status":"publish","type":"page","link":"https:\/\/proyectum.com\/mx\/servicios-para-organizaciones\/administracion-de-procesos-de-negocio\/","title":{"rendered":"Administraci\u00f3n de procesos de negocio"},"content":{"rendered":"\n<div class=\"wp-block-toolset-blocks-container tb-container\" data-toolset-blocks-container=\"ff8f85b2fc7e4cc1f9185f05324aed06\">\n<h1 class=\"tb-heading\" data-toolset-blocks-heading=\"de31bd02d48f106671751fd9d7b42431\" data-last-update=\"1.4\"><strong>Gesti\u00f3n de Procesos de Negocio (BPM): <\/strong><\/h1>\n\n\n\n<h1 class=\"tb-heading\" data-toolset-blocks-heading=\"de31bd02d48f106671751fd9d7b42431\" data-last-update=\"1.4\"><strong>Optimizaci\u00f3n y Eficiencia para tu Organizaci\u00f3n<\/strong><\/h1>\n<\/div>\n\n\n\n<div class=\"wp-block-toolset-blocks-container tb-container\" data-toolset-blocks-container=\"93d9e17efc6aceb0a3644d06f2b6a665\">\n<div class=\"tb-fields-and-text\" data-toolset-blocks-fields-and-text=\"3e1d2592ce20bdf2bf813c9dfa44c991\"><h2 style=\"text-align: center;\"><span style=\"color: #faac47;\"><strong>\u00bfTu organizaci\u00f3n <span style=\"color: #faac47;\">enfrenta<\/span> estos desaf\u00edos?<\/strong><\/span><\/h2><\/div>\n<\/div>\n\n\n\n<div class=\"wp-block-toolset-blocks-container tb-container\" data-toolset-blocks-container=\"ec71a8c1e5bb7f8d7c82c84e83f9158a\">\n<div class=\"wp-block-toolset-blocks-grid tb-grid\" data-toolset-blocks-grid=\"feec00174d31d9716587c0571fd2d956\">\n<div class=\"wp-block-toolset-blocks-grid-column tb-grid-column tb-grid-align-center\" data-toolset-blocks-grid-column=\"3ee33ffdd52f08bdfe2b59db23eecbf8\">\n<div class=\"wp-block-toolset-blocks-container tb-container\" data-toolset-blocks-container=\"6fbe0b680499d3ddbd3faeb96b5201ab\">\n<div class=\"tb-fields-and-text\" data-toolset-blocks-fields-and-text=\"3393c227866197b1b0aef6ae00e99dac\"><ul>\n  <li><span style=\"color: #faac47;\">Procesos desorganizados:<\/span>&nbsp;Las tareas no est\u00e1n bien definidas o documentadas, lo que genera confusi\u00f3n y errores frecuentes.<\/li>\n  <li><span style=\"color: #faac47;\">Duplicidad de esfuerzos:<\/span>&nbsp;Varias \u00e1reas realizan actividades similares sin coordinaci\u00f3n, lo que aumenta los costos y reduce la eficiencia.<\/li>\n  <li><span style=\"color: #faac47;\">Tiempos de respuesta lentos:<\/span>&nbsp;La falta de automatizaci\u00f3n y flujo adecuado retrasa las entregas y afecta la experiencia del cliente.<\/li>\n  <li><span style=\"color: #faac47;\">Falta de visibilidad:<\/span>&nbsp;Los l\u00edderes carecen de informaci\u00f3n clara y actualizada sobre el desempe\u00f1o de los procesos para tomar decisiones informadas.<\/li>\n  <li><span style=\"color: #faac47;\">Dificultad para adaptarse al cambio:<\/span>&nbsp;Los procesos existentes no son lo suficientemente \u00e1giles para responder a nuevas demandas del mercado.<\/li>\n  <li><span style=\"color: #faac47;\">Resistencia organizacional:<\/span>&nbsp;Los equipos est\u00e1n acostumbrados a formas de trabajo tradicionales, dificultando la adopci\u00f3n de nuevas pr\u00e1cticas.<\/li>\n  <li><span style=\"color: #faac47;\">Altos costos operativos:<\/span>&nbsp;Procesos ineficientes generan desperdicio de recursos financieros, tecnol\u00f3gicos y humanos.<\/li>\n<\/ul><\/div>\n<\/div>\n<\/div>\n\n\n\n<div class=\"wp-block-toolset-blocks-grid-column tb-grid-column tb-grid-align-center\" data-toolset-blocks-grid-column=\"f586ff7bfe1d7317c63162ec7b7039ed\"><div class=\"wp-block-image\">\n<figure class=\" tb-image tb-image-dynamic tb-image-frame-none alignright\" data-toolset-blocks-image=\"1f02def63a460a4813e8ac724e35ed76\"><img decoding=\"async\" width=\"1000\" height=\"650\" loading=\"lazy\" src=\"https:\/\/proyectum.com\/mx\/wp-content\/uploads\/2024\/11\/procces_1.jpg\" alt=\"\" class=\"wp-image-1529\" srcset=\"https:\/\/proyectum.com\/mx\/wp-content\/uploads\/2024\/11\/procces_1.jpg 1000w, https:\/\/proyectum.com\/mx\/wp-content\/uploads\/2024\/11\/procces_1-300x195.jpg 300w, https:\/\/proyectum.com\/mx\/wp-content\/uploads\/2024\/11\/procces_1-768x499.jpg 768w\" sizes=\"auto, (max-width: 1000px) 100vw, 1000px\" \/><\/figure>\n<\/div><\/div>\n<\/div>\n<\/div>\n\n\n\n<div class=\"wp-block-toolset-blocks-container tb-container\" data-toolset-blocks-container=\"2e3035b6a7b0b15ba4e5c1bf680747cd\">\n<div class=\"tb-fields-and-text\" data-toolset-blocks-fields-and-text=\"3e1d2592ce20bdf2bf813c9dfa44c991\"><h3 style=\"text-align: center;\">&nbsp;<\/h3>\n<h2 style=\"text-align: center;\"><span style=\"color: #faac47;\"><strong>\u00bfListo para transformar tus procesos de negocio?<\/strong>&nbsp;Agenda<\/span><span style=\"color: #faac47;\"><strong>&nbsp;<\/strong><\/span><\/h2>\n<h3 style=\"text-align: center;\"><span style=\"color: #ffffff;\">Agenda una consulta con nuestros expertos y descubre c\u00f3mo la Gesti\u00f3n de Procesos de Negocio puede impulsar el \u00e9xito de tu organizaci\u00f3n.<\/span><\/h3><\/div>\n\n\n\n<div class=\"tb-button\" data-toolset-blocks-button=\"f495708df6f3aba507b985f4ab0d0ffd\"><a class=\"tb-button__link\" href=\"https:\/\/proyectum.com\/mx\/formulario-de-contacto\/\"><i class=\"tb-button__icon\"><\/i><span class=\"tb-button__content\">Cont\u00e1ctenos<\/span><\/a><\/div>\n<\/div>\n\n\n\n<div class=\"wp-block-toolset-blocks-container tb-container\" data-toolset-blocks-container=\"86c036d9c58f8bef95c34ea1932c9b8a\">\n<div class=\"tb-fields-and-text\" data-toolset-blocks-fields-and-text=\"3e1d2592ce20bdf2bf813c9dfa44c991\"><h2 style=\"text-align: center;\"><span style=\"color: #faac47;\"><strong>Nuestro Enfoque para mejorar el Ecosistema de Gesti\u00f3n de Procesos de Negocio<\/strong><\/span><\/h2>\n<p><strong>&nbsp;<\/strong><\/p>\n<h3 style=\"text-align: justify;\"><span style=\"color: #ffffff;\">En&nbsp;<strong>Proyectum<\/strong>, sabemos que los procesos son el motor de las operaciones y el puente que conecta las estrategias con los resultados. Nuestro enfoque en Gesti\u00f3n de Procesos de Negocio (<em>Business Process Management &#8211; BPM<\/em>) est\u00e1 dise\u00f1ado para resolver los desaf\u00edos m\u00e1s comunes que enfrentan las organizaciones al intentar optimizar sus procesos clave.<\/span><\/h3><\/div>\n<\/div>\n\n\n\n<div class=\"wp-block-toolset-blocks-container tb-container\" data-toolset-blocks-container=\"8bb44c1dcb1914cd61957608ec89ed01\">\n<div class=\"wp-block-toolset-blocks-grid tb-grid\" data-toolset-blocks-grid=\"feec00174d31d9716587c0571fd2d956\">\n<div class=\"wp-block-toolset-blocks-grid-column tb-grid-column tb-grid-align-center\" data-toolset-blocks-grid-column=\"f586ff7bfe1d7317c63162ec7b7039ed\">\n<figure class=\"wp-block-image tb-image tb-image-dynamic tb-image-frame-none\" data-toolset-blocks-image=\"dd0ec4fac2b999e382d388a8424c5d1a\"><img decoding=\"async\" width=\"1000\" height=\"650\" loading=\"lazy\" src=\"https:\/\/proyectum.com\/mx\/wp-content\/uploads\/2024\/11\/procces_2.jpg\" alt=\"\" class=\"wp-image-1530\" srcset=\"https:\/\/proyectum.com\/mx\/wp-content\/uploads\/2024\/11\/procces_2.jpg 1000w, https:\/\/proyectum.com\/mx\/wp-content\/uploads\/2024\/11\/procces_2-300x195.jpg 300w, https:\/\/proyectum.com\/mx\/wp-content\/uploads\/2024\/11\/procces_2-768x499.jpg 768w\" sizes=\"auto, (max-width: 1000px) 100vw, 1000px\" \/><\/figure>\n<\/div>\n\n\n\n<div class=\"wp-block-toolset-blocks-grid-column tb-grid-column tb-grid-align-center\" data-toolset-blocks-grid-column=\"ee5d1508b797e39af31a502d28f35ab7\">\n<div class=\"wp-block-toolset-blocks-container tb-container\" data-toolset-blocks-container=\"6fbe0b680499d3ddbd3faeb96b5201ab\">\n<div class=\"tb-fields-and-text\" data-toolset-blocks-fields-and-text=\"65a6b529ced9fce0e61aabd55425fe29\"><ol>\n  <li style=\"text-align: justify;\"><span style=\"color: #faac47;\"><strong>Diagn\u00f3stico OBPME (Organizational Business Process Management Ecosystem):<\/strong> <\/span>Evaluamos de manera integral el <strong>Ecosistema de Gesti\u00f3n de Procesos de Negocio<\/strong>&nbsp;en tu organizaci\u00f3n, identificando fortalezas, debilidades y \u00e1reas de oportunidad en la estructura, gobernanza, herramientas y capacidades de los procesos clave. Este diagn\u00f3stico permite priorizar iniciativas de mejora y dise\u00f1ar estrategias personalizadas para optimizar la eficiencia operativa y alineaci\u00f3n con los objetivos estrat\u00e9gicos.<\/li>\n  <li style=\"text-align: justify;\"><span style=\"color: #faac47;\"><strong>Redise\u00f1o de Procesos:<\/strong> <\/span>Co-creamos contigo procesos m\u00e1s \u00e1giles, efectivos y alineados con las necesidades del mercado y las expectativas de tus clientes.<\/li>\n  <li style=\"text-align: justify;\"><span style=\"color: #faac47;\"><strong>Automatizaci\u00f3n de Procesos:<\/strong><\/span> Incorporamos herramientas tecnol\u00f3gicas y sistemas digitales que automatizan tareas repetitivas y reducen el tiempo y los errores en la ejecuci\u00f3n.<\/li>\n  <li style=\"text-align: justify;\"><span style=\"color: #faac47;\"><strong>Gesti\u00f3n del Cambio:<\/strong> <\/span>Acompa\u00f1amos a tu equipo en la transici\u00f3n hacia los nuevos procesos, asegurando su adopci\u00f3n y sostenibilidad en el tiempo.<\/li>\n  <li style=\"text-align: justify;\"><span style=\"color: #faac47;\"><strong>Monitoreo y Mejora Continua:<\/strong><\/span> Establecemos m\u00e9tricas e indicadores clave para medir el desempe\u00f1o de los procesos, ajust\u00e1ndolos de manera continua seg\u00fan los resultados obtenidos.<\/li>\n<\/ol><\/div>\n<\/div>\n<\/div>\n<\/div>\n<\/div>\n\n\n\n<div class=\"wp-block-toolset-blocks-container tb-container\" data-toolset-blocks-container=\"2e3035b6a7b0b15ba4e5c1bf680747cd\">\n<div class=\"tb-fields-and-text\" data-toolset-blocks-fields-and-text=\"3e1d2592ce20bdf2bf813c9dfa44c991\"><h3 style=\"text-align: center;\">&nbsp;<\/h3>\n<h2 style=\"text-align: center;\"><span style=\"color: #faac47;\"><strong>\u00bfListo para transformar tus procesos de negocio?<\/strong>&nbsp;Agenda<\/span><span style=\"color: #faac47;\"><strong>&nbsp;<\/strong><\/span><\/h2>\n<h3 style=\"text-align: center;\"><span style=\"color: #ffffff;\">Agenda una consulta con nuestros expertos y descubre c\u00f3mo la Gesti\u00f3n de Procesos de Negocio puede impulsar el \u00e9xito de tu organizaci\u00f3n.<\/span><\/h3><\/div>\n\n\n\n<div class=\"tb-button\" data-toolset-blocks-button=\"f495708df6f3aba507b985f4ab0d0ffd\"><a class=\"tb-button__link\" href=\"https:\/\/proyectum.com\/mx\/formulario-de-contacto\/\"><i class=\"tb-button__icon\"><\/i><span class=\"tb-button__content\">Cont\u00e1ctenos<\/span><\/a><\/div>\n<\/div>\n\n\n\n<div class=\"wp-block-toolset-blocks-container tb-container\" data-toolset-blocks-container=\"fea6b121e64404a24724f6e62f92c15a\">\n<div class=\"wp-block-toolset-blocks-grid tb-grid\" data-toolset-blocks-grid=\"feec00174d31d9716587c0571fd2d956\">\n<div class=\"wp-block-toolset-blocks-grid-column tb-grid-column tb-grid-align-center\" data-toolset-blocks-grid-column=\"e3c22d0cdd46c68191607d65d4fab235\">\n<h2 class=\"tb-heading has-text-color\" data-toolset-blocks-heading=\"6682cfa0ca7ad4943c8e642a629839f0\" data-last-update=\"1.4\"><strong>\u00bfQu\u00e9 nos hace diferentes?<\/strong><\/h2>\n\n\n\n<div class=\"wp-block-toolset-blocks-container tb-container\" data-toolset-blocks-container=\"6fbe0b680499d3ddbd3faeb96b5201ab\">\n<div class=\"tb-fields-and-text\" data-toolset-blocks-fields-and-text=\"3393c227866197b1b0aef6ae00e99dac\"><ul>\n  <li><span style=\"color: #faac47;\"><strong>Diagn\u00f3stico OPBME:<\/strong><\/span>&nbsp;Ofrecemos una visi\u00f3n clara y estructurada del estado actual del ecosistema de procesos, sirviendo como punto de partida para la transformaci\u00f3n operativa.<\/li>\n  <li><span style=\"color: #faac47;\"><strong>Enfoque sist\u00e9mico:<\/strong><\/span>&nbsp;Consideramos los procesos como parte de un ecosistema organizacional interconectado, garantizando soluciones integrales que impacten positivamente en toda la organizaci\u00f3n.<\/li>\n  <li><span style=\"color: #faac47;\"><strong>Personalizaci\u00f3n:<\/strong><\/span>&nbsp;Adaptamos nuestras metodolog\u00edas y herramientas a las particularidades de tu negocio y sector.<\/li>\n  <li><span style=\"color: #faac47;\"><strong>Resultados sostenibles:<\/strong><\/span>&nbsp;Dise\u00f1amos procesos que no solo resuelven problemas actuales, sino que se ajustan a los cambios futuros del entorno.<\/li>\n  <li><span style=\"color: #faac47;\"><strong>Adopci\u00f3n tecnol\u00f3gica:<\/strong><\/span>&nbsp;Integramos tecnolog\u00eda de punta para potenciar la eficiencia y la agilidad de los procesos.<\/li>\n<\/ul><\/div>\n<\/div>\n<\/div>\n\n\n\n<div class=\"wp-block-toolset-blocks-grid-column tb-grid-column tb-grid-align-center\" data-toolset-blocks-grid-column=\"f586ff7bfe1d7317c63162ec7b7039ed\"><div class=\"wp-block-image\">\n<figure class=\" tb-image tb-image-dynamic tb-image-frame-none alignright\" data-toolset-blocks-image=\"508ae1025fe3e009e48757628935b272\"><img decoding=\"async\" width=\"1000\" height=\"650\" loading=\"lazy\" src=\"https:\/\/proyectum.com\/mx\/wp-content\/uploads\/2024\/11\/procces_3.jpg\" alt=\"\" class=\"wp-image-1528\" srcset=\"https:\/\/proyectum.com\/mx\/wp-content\/uploads\/2024\/11\/procces_3.jpg 1000w, https:\/\/proyectum.com\/mx\/wp-content\/uploads\/2024\/11\/procces_3-300x195.jpg 300w, https:\/\/proyectum.com\/mx\/wp-content\/uploads\/2024\/11\/procces_3-768x499.jpg 768w\" sizes=\"auto, (max-width: 1000px) 100vw, 1000px\" \/><\/figure>\n<\/div><\/div>\n<\/div>\n<\/div>\n\n\n\n<div class=\"wp-block-toolset-blocks-container tb-container\" data-toolset-blocks-container=\"2e3035b6a7b0b15ba4e5c1bf680747cd\">\n<div class=\"tb-fields-and-text\" data-toolset-blocks-fields-and-text=\"3e1d2592ce20bdf2bf813c9dfa44c991\"><h3 style=\"text-align: center;\">&nbsp;<\/h3>\n<h2 style=\"text-align: center;\"><span style=\"color: #faac47;\"><strong>\u00bfListo para transformar tus procesos de negocio?<\/strong>&nbsp;Agenda<\/span><span style=\"color: #faac47;\"><strong>&nbsp;<\/strong><\/span><\/h2>\n<h3 style=\"text-align: center;\"><span style=\"color: #ffffff;\">Agenda una consulta con nuestros expertos y descubre c\u00f3mo la Gesti\u00f3n de Procesos de Negocio puede impulsar el \u00e9xito de tu organizaci\u00f3n.<\/span><\/h3><\/div>\n\n\n\n<div class=\"tb-button\" data-toolset-blocks-button=\"f495708df6f3aba507b985f4ab0d0ffd\"><a class=\"tb-button__link\" href=\"https:\/\/proyectum.com\/mx\/formulario-de-contacto\/\"><i class=\"tb-button__icon\"><\/i><span class=\"tb-button__content\">Cont\u00e1ctenos<\/span><\/a><\/div>\n<\/div>\n\n\n\n<div class=\"wp-block-toolset-blocks-container tb-container\" data-toolset-blocks-container=\"8bb44c1dcb1914cd61957608ec89ed01\">\n<div class=\"wp-block-toolset-blocks-grid tb-grid\" data-toolset-blocks-grid=\"feec00174d31d9716587c0571fd2d956\">\n<div class=\"wp-block-toolset-blocks-grid-column tb-grid-column tb-grid-align-center\" data-toolset-blocks-grid-column=\"f586ff7bfe1d7317c63162ec7b7039ed\">\n<figure class=\"wp-block-image tb-image tb-image-dynamic tb-image-frame-none full\" data-toolset-blocks-image=\"529ba2eb12108236309a7c9dcacb13db\"><img decoding=\"async\" width=\"1000\" height=\"650\" loading=\"lazy\" src=\"https:\/\/proyectum.com\/mx\/wp-content\/uploads\/2024\/11\/procces_4.jpg\" alt=\"\" class=\"wp-image-1531\" srcset=\"https:\/\/proyectum.com\/mx\/wp-content\/uploads\/2024\/11\/procces_4.jpg 1000w, https:\/\/proyectum.com\/mx\/wp-content\/uploads\/2024\/11\/procces_4-300x195.jpg 300w, https:\/\/proyectum.com\/mx\/wp-content\/uploads\/2024\/11\/procces_4-768x499.jpg 768w\" sizes=\"auto, (max-width: 1000px) 100vw, 1000px\" \/><\/figure>\n<\/div>\n\n\n\n<div class=\"wp-block-toolset-blocks-grid-column tb-grid-column tb-grid-align-center\" data-toolset-blocks-grid-column=\"843d10b132c0fb2d4f0e7caf9bdf50b5\">\n<div class=\"wp-block-toolset-blocks-container tb-container\" data-toolset-blocks-container=\"6fbe0b680499d3ddbd3faeb96b5201ab\">\n<div class=\"tb-fields-and-text\" data-toolset-blocks-fields-and-text=\"65a6b529ced9fce0e61aabd55425fe29\"><h2><span style=\"color: #174168;\">Beneficios de BPM<\/span><\/h2>\n<ul>\n  <li><span style=\"color: #faac47;\"><strong>Eficiencia operativa:<\/strong><\/span>&nbsp;Reducimos desperdicios y tiempos muertos, mejorando la productividad general.<\/li>\n  <li><span style=\"color: #faac47;\"><strong>Mayor competitividad:<\/strong><\/span>&nbsp;Procesos optimizados permiten ofrecer productos y servicios de manera m\u00e1s r\u00e1pida y efectiva.<\/li>\n  <li><span style=\"color: #faac47;\"><strong>Decisiones basadas en datos:<\/strong><\/span>&nbsp;Implementamos herramientas que generan informaci\u00f3n precisa y oportuna para apoyar la toma de decisiones estrat\u00e9gicas.<\/li>\n  <li><span style=\"color: #faac47;\"><strong>Experiencia del cliente mejorada:<\/strong><\/span>&nbsp;Procesos m\u00e1s \u00e1giles y efectivos se traducen en un servicio superior y mayor satisfacci\u00f3n del cliente.<\/li>\n  <li><span style=\"color: #faac47;\"><strong>Reducci\u00f3n de costos:<\/strong>&nbsp;<\/span>Identificamos y eliminamos redundancias, disminuyendo costos operativos.<\/li>\n  <li><span style=\"color: #faac47;\"><strong>Capacidad de adaptaci\u00f3n:<\/strong><\/span>&nbsp;Procesos \u00e1giles te permiten responder r\u00e1pidamente a los cambios del entorno y aprovechar nuevas oportunidades.<\/li>\n<\/ul><\/div>\n<\/div>\n<\/div>\n<\/div>\n<\/div>\n\n\n\n<div class=\"wp-block-toolset-blocks-container tb-container\" data-toolset-blocks-container=\"2e3035b6a7b0b15ba4e5c1bf680747cd\">\n<div class=\"tb-fields-and-text\" data-toolset-blocks-fields-and-text=\"3e1d2592ce20bdf2bf813c9dfa44c991\"><h3 style=\"text-align: center;\">&nbsp;<\/h3>\n<h2 style=\"text-align: center;\"><span style=\"color: #faac47;\"><strong>\u00bfListo para transformar tus procesos de negocio?<\/strong>&nbsp;Agenda<\/span><span style=\"color: #faac47;\"><strong>&nbsp;<\/strong><\/span><\/h2>\n<h3 style=\"text-align: center;\"><span style=\"color: #ffffff;\">Agenda una consulta con nuestros expertos y descubre c\u00f3mo la Gesti\u00f3n de Procesos de Negocio puede impulsar el \u00e9xito de tu organizaci\u00f3n.<\/span><\/h3><\/div>\n\n\n\n<div class=\"tb-button\" data-toolset-blocks-button=\"f495708df6f3aba507b985f4ab0d0ffd\"><a class=\"tb-button__link\" href=\"https:\/\/proyectum.com\/mx\/formulario-de-contacto\/\"><i class=\"tb-button__icon\"><\/i><span class=\"tb-button__content\">Cont\u00e1ctenos<\/span><\/a><\/div>\n<\/div>\n\n\n\n<div class=\"wp-block-toolset-blocks-container tb-container\" data-toolset-blocks-container=\"86c036d9c58f8bef95c34ea1932c9b8a\">\n<div class=\"tb-fields-and-text\" data-toolset-blocks-fields-and-text=\"3e1d2592ce20bdf2bf813c9dfa44c991\"><h2 style=\"text-align: center;\"><span style=\"color: #faac47;\"><strong>Resultados Tangibles<\/strong><\/span><\/h2>\n<h3 style=\"text-align: center;\"><span style=\"color: #ffffff;\">Con nuestra ayuda, lograr\u00e1s procesos m\u00e1s claros, eficientes y alineados con la visi\u00f3n de tu organizaci\u00f3n. Esto se traduce en una operaci\u00f3n m\u00e1s \u00e1gil, una mejor experiencia para tus clientes y un crecimiento sostenido.<\/span><\/h3><\/div>\n<\/div>\n\n\n\n<div class=\"wp-block-toolset-blocks-container tb-container\" data-toolset-blocks-container=\"2e3035b6a7b0b15ba4e5c1bf680747cd\">\n<div class=\"tb-fields-and-text\" data-toolset-blocks-fields-and-text=\"3e1d2592ce20bdf2bf813c9dfa44c991\"><h3 style=\"text-align: center;\">&nbsp;<\/h3>\n<h2 style=\"text-align: center;\"><span style=\"color: #faac47;\"><strong>\u00bfListo para transformar tus procesos de negocio?<\/strong>&nbsp;Agenda<\/span><span style=\"color: #faac47;\"><strong>&nbsp;<\/strong><\/span><\/h2>\n<h3 style=\"text-align: center;\"><span style=\"color: #ffffff;\">Agenda una consulta con nuestros expertos y descubre c\u00f3mo la Gesti\u00f3n de Procesos de Negocio puede impulsar el \u00e9xito de tu organizaci\u00f3n.<\/span><\/h3><\/div>\n\n\n\n<div class=\"tb-button\" data-toolset-blocks-button=\"f495708df6f3aba507b985f4ab0d0ffd\"><a class=\"tb-button__link\" href=\"https:\/\/proyectum.com\/mx\/formulario-de-contacto\/\"><i class=\"tb-button__icon\"><\/i><span class=\"tb-button__content\">Cont\u00e1ctenos<\/span><\/a><\/div>\n<\/div>\n","protected":false},"excerpt":{"rendered":"","protected":false},"author":1,"featured_media":0,"parent":47,"menu_order":0,"comment_status":"closed","ping_status":"closed","template":"","meta":{"footnotes":""},"class_list":["post-84","page","type-page","status-publish","hentry"],"_links":{"self":[{"href":"https:\/\/proyectum.com\/mx\/wp-json\/wp\/v2\/pages\/84","targetHints":{"allow":["GET"]}}],"collection":[{"href":"https:\/\/proyectum.com\/mx\/wp-json\/wp\/v2\/pages"}],"about":[{"href":"https:\/\/proyectum.com\/mx\/wp-json\/wp\/v2\/types\/page"}],"author":[{"embeddable":true,"href":"https:\/\/proyectum.com\/mx\/wp-json\/wp\/v2\/users\/1"}],"replies":[{"embeddable":true,"href":"https:\/\/proyectum.com\/mx\/wp-json\/wp\/v2\/comments?post=84"}],"version-history":[{"count":64,"href":"https:\/\/proyectum.com\/mx\/wp-json\/wp\/v2\/pages\/84\/revisions"}],"predecessor-version":[{"id":1619,"href":"https:\/\/proyectum.com\/mx\/wp-json\/wp\/v2\/pages\/84\/revisions\/1619"}],"up":[{"embeddable":true,"href":"https:\/\/proyectum.com\/mx\/wp-json\/wp\/v2\/pages\/47"}],"wp:attachment":[{"href":"https:\/\/proyectum.com\/mx\/wp-json\/wp\/v2\/media?parent=84"}],"curies":[{"name":"wp","href":"https:\/\/api.w.org\/{rel}","templated":true}]}}