{"id":99,"date":"2024-10-05T18:25:00","date_gmt":"2024-10-05T16:25:00","guid":{"rendered":"https:\/\/proyectum.com\/mx\/?page_id=99"},"modified":"2025-07-05T01:13:26","modified_gmt":"2025-07-05T07:13:26","slug":"cursos-de-pmp","status":"publish","type":"page","link":"https:\/\/proyectum.com\/mx\/servicios-para-individuos\/cursos-de-pmp\/","title":{"rendered":"Cursos de PMP"},"content":{"rendered":"\n<div class=\"wp-block-toolset-blocks-container tb-container\" data-toolset-blocks-container=\"7cd906994761a288f84c87642e6feefd\">\n<h1 class=\"tb-heading\" data-toolset-blocks-heading=\"56025d813f349a61393dd928db918af7\" data-last-update=\"1.4\">Programa Proyectum PMP\u00ae Prep<\/h1>\n<\/div>\n\n\n\n<div class=\"wp-block-toolset-blocks-container tb-container\" data-toolset-blocks-container=\"ad1ce2445771450e8fd708dca79bce5e\">\n<div class=\"tb-fields-and-text\" data-toolset-blocks-fields-and-text=\"3e1d2592ce20bdf2bf813c9dfa44c991\"><p><span style=\"color: #faac47;\">&nbsp;<\/span><\/p>\n<h1 style=\"font-weight: 400;\"><span style=\"color: #ffcc00;\"><strong>\u00bfY si no te faltara nada para liderar grandes proyectos?<\/strong><\/span><\/h1>\n<p>&nbsp;<\/p>\n<h2 style=\"font-weight: 400;\"><span style=\"color: #ffffff;\">\u00bfCu\u00e1ntas veces has sentido que podr\u00edas llegar m\u00e1s lejos, si tan solo tuvieras el respaldo adecuado?<\/span><\/h2>\n<p>&nbsp;<\/p>\n<h2 style=\"font-weight: 400;\"><span style=\"color: #ffffff;\">No es falta de experiencia. No es falta de compromiso. Es simplemente que a\u00fan no has dado ese paso que lo cambia todo.<\/span><\/h2>\n<h2>&nbsp;<\/h2>\n<h2 style=\"font-weight: 400;\"><span style=\"color: #ffffff;\">La <strong>certificaci\u00f3n PMP\u00ae<\/strong> no es solo una credencial.<\/span> <span style=\"color: #ffffff;\">Es una llave. Una validaci\u00f3n internacional.<\/span><\/h2>\n<h2>&nbsp;<\/h2>\n<h2 style=\"font-weight: 400;\"><span style=\"color: #ffffff;\">Es el momento en que dejas de dudar\u2026 y comienzas a liderar con toda tu fuerza.<\/span><\/h2><\/div>\n<\/div>\n\n\n\n<div class=\"wp-block-toolset-blocks-container tb-container\" data-toolset-blocks-container=\"98e241469c8402f2c39a847c4b1bde83\">\n<h1 class=\"wp-block-heading\"><strong>\u00bfQu\u00e9 es la certificaci\u00f3n PMP\u00ae?<\/strong><\/h1>\n\n\n\n<p><\/p>\n\n\n\n<p class=\"has-medium-font-size\">La&nbsp;Certificaci\u00f3n <strong>Project Management Professional (PMP\u00ae)<\/strong>&nbsp;es la certificaci\u00f3n m\u00e1s reconocida en el mundo de la direcci\u00f3n de proyectos. Otorgada por el&nbsp;<strong>Project Management Institute (PMI\u00ae)<\/strong>, valida que tienes la experiencia, el conocimiento y las habilidades para liderar con \u00e9xito en cualquier industria.<\/p>\n\n\n\n<p class=\"has-large-font-size\">Te distingue, te abre puertas, te conecta con una comunidad global de profesionales de alto impacto.<\/p>\n\n\n<div class=\"wp-block-image\">\n<figure class=\"alignright size-full is-resized\"><img loading=\"lazy\" decoding=\"async\" width=\"882\" height=\"882\" src=\"https:\/\/proyectum.com\/mx\/wp-content\/uploads\/2025\/01\/ATP-2025-1.png\" alt=\"\" class=\"wp-image-1733\" style=\"width:259px;height:auto\" srcset=\"https:\/\/proyectum.com\/mx\/wp-content\/uploads\/2025\/01\/ATP-2025-1.png 882w, https:\/\/proyectum.com\/mx\/wp-content\/uploads\/2025\/01\/ATP-2025-1-300x300.png 300w, https:\/\/proyectum.com\/mx\/wp-content\/uploads\/2025\/01\/ATP-2025-1-150x150.png 150w, https:\/\/proyectum.com\/mx\/wp-content\/uploads\/2025\/01\/ATP-2025-1-768x768.png 768w\" sizes=\"auto, (max-width: 882px) 100vw, 882px\" \/><\/figure>\n<\/div><\/div>\n\n\n\n<div class=\"wp-block-toolset-blocks-container tb-container\" data-toolset-blocks-container=\"b6184bcc262527dcfa8aae1b015b97a7\">\n<div class=\"tb-fields-and-text\" data-toolset-blocks-fields-and-text=\"3e1d2592ce20bdf2bf813c9dfa44c991\"><h2 style=\"text-align: center;\"><span style=\"color: #ffffff;\">\u00bfListo para unirte a nuestra red de profesionales certificados?<\/span><\/h2><\/div>\n\n\n\n<div class=\"tb-button\" data-toolset-blocks-button=\"42e818cc34d6c655055470ad7334d02d\"><a class=\"tb-button__link\" href=\"https:\/\/proyectum.com\/mx\/formulario-de-contacto\/\"><i class=\"tb-button__icon\"><\/i><span class=\"tb-button__content\">Inscr\u00edbete Hoy<\/span><\/a><\/div>\n<\/div>\n\n\n\n<div class=\"wp-block-toolset-blocks-grid tb-grid\" data-toolset-blocks-grid=\"fadfa03f61381df78f7591058d5e2024\">\n<div class=\"wp-block-toolset-blocks-grid-column tb-grid-column tb-grid-align-center\" data-toolset-blocks-grid-column=\"f586ff7bfe1d7317c63162ec7b7039ed\">\n<figure class=\"wp-block-image tb-image tb-image-dynamic tb-image-frame-none\" data-toolset-blocks-image=\"850a09efcd68159a7333d09d95aa944b\"><img decoding=\"async\" width=\"720\" height=\"1000\" loading=\"lazy\" src=\"https:\/\/proyectum.com\/mx\/wp-content\/uploads\/2024\/11\/pmp_3.png\" alt=\"\" class=\"wp-image-799\" srcset=\"https:\/\/proyectum.com\/mx\/wp-content\/uploads\/2024\/11\/pmp_3.png 720w, https:\/\/proyectum.com\/mx\/wp-content\/uploads\/2024\/11\/pmp_3-216x300.png 216w\" sizes=\"auto, (max-width: 720px) 100vw, 720px\" \/><\/figure>\n<\/div>\n\n\n\n<div class=\"wp-block-toolset-blocks-grid-column tb-grid-column tb-grid-align-center\" data-toolset-blocks-grid-column=\"7c62d15a8f83c7a7a7abf826ddabe164\">\n<div class=\"tb-fields-and-text\" data-toolset-blocks-fields-and-text=\"3e1d2592ce20bdf2bf813c9dfa44c991\"><h1 style=\"font-weight: 400;\"><strong>\u00bfPor qu\u00e9 elegir Proyectum?<\/strong><\/h1>\n<h2 style=\"font-weight: 400;\">Porque cuando eliges Proyectum, <strong>eliges mucho m\u00e1s que un curso<\/strong>.<\/h2>\n<p>\u00a0<\/p>\n<h2 style=\"font-weight: 400;\">Eliges una comunidad con presencia en <strong>12 pa\u00edses<\/strong>, que ha formado a m\u00e1s de <strong>1,014 grupos<\/strong> en Latinoam\u00e9rica y ha acompa\u00f1ado a m\u00e1s de <strong>2,500 personas<\/strong> a certificarse como PMP\u00ae.<\/h2>\n<p>\u00a0<\/p>\n<h2 style=\"font-weight: 400;\">Y eliges un equipo que <strong>no te suelta la mano cuando termina la clase<\/strong>.<\/h2>\n<p>\u00a0<\/p>\n<h1 style=\"font-weight: 400;\"><strong>Nuestra promesa<\/strong><\/h1>\n<p>\u00a0<\/p>\n<h2 style=\"font-weight: 400;\">Con una oferta de cursos impersonales, nosotros decidimos hacer algo diferente:<\/h2>\n<h2 style=\"font-weight: 400;\"><br \/><strong>nos comprometemos contigo hasta que logres certificarte.<\/strong><\/h2>\n<h2>\u00a0<\/h2>\n<h2 style=\"font-weight: 400;\">Te acompa\u00f1amos. Te damos seguimiento, te guiamos, te retamos, te apoyamos.<br \/><br \/><\/h2>\n<h2 style=\"font-weight: 400;\">Y si por alguna raz\u00f3n no apruebas el examen en tu primer intento, <strong>puedes repetir el curso hasta 2 veces sin costo adicional<\/strong>, cumpliendo con los requisitos.<\/h2>\n<p>\u00a0<\/p>\n<h2 style=\"font-weight: 400;\">M\u00e1s all\u00e1 del curso, aqu\u00ed \u00a0<strong>te unes a una familia que crece contigo<\/strong> y te recibe con los brazos abiertos<\/h2><\/div>\n<\/div>\n\n\n\n<div class=\"wp-block-toolset-blocks-grid-column tb-grid-column tb-grid-align-top\" data-toolset-blocks-grid-column=\"3034fbe886c11054e95b46b09d3e4112\"><\/div>\n\n\n\n<div class=\"wp-block-toolset-blocks-grid-column tb-grid-column tb-grid-align-top\" data-toolset-blocks-grid-column=\"3034fbe886c11054e95b46b09d3e4112\"><\/div>\n<\/div>\n\n\n\n<div class=\"wp-block-toolset-blocks-container tb-container\" data-toolset-blocks-container=\"b6184bcc262527dcfa8aae1b015b97a7\">\n<div class=\"tb-fields-and-text\" data-toolset-blocks-fields-and-text=\"3e1d2592ce20bdf2bf813c9dfa44c991\"><h2 style=\"text-align: center;\"><span style=\"color: #ffffff;\">\u00bfListo para unirte a nuestra red de profesionales certificados?<\/span><\/h2><\/div>\n\n\n\n<div class=\"tb-button\" data-toolset-blocks-button=\"42e818cc34d6c655055470ad7334d02d\"><a class=\"tb-button__link\" href=\"https:\/\/proyectum.com\/mx\/formulario-de-contacto\/\"><i class=\"tb-button__icon\"><\/i><span class=\"tb-button__content\">Inscr\u00edbete Hoy<\/span><\/a><\/div>\n<\/div>\n\n\n\n<div class=\"wp-block-toolset-blocks-container tb-container\" data-toolset-blocks-container=\"4c1cb683be106ac95a294625559fc486\">\n<div class=\"wp-block-toolset-blocks-grid tb-grid\" data-toolset-blocks-grid=\"452f980e9530eda003ecf68f47c45c49\">\n<div class=\"wp-block-toolset-blocks-grid-column tb-grid-column tb-grid-align-center\" data-toolset-blocks-grid-column=\"7c62d15a8f83c7a7a7abf826ddabe164\">\n<div class=\"tb-fields-and-text\" data-toolset-blocks-fields-and-text=\"7a1c6f9e6033731819bf6bc505cd4ef1\"><h1 style=\"font-weight: 400;\"><strong>\u00bfQu\u00e9 incluye el programa?<\/strong><\/h1>\n<ul style=\"font-weight: 400;\">\n  <li>\n    <h4><strong>59 horas en vivo con instructores certificados por el PMI\u00ae<\/strong><\/h4>\n  <\/li>\n  <li>\n    <h4><strong>Simulaci\u00f3n oficial del examen con 180 preguntas<\/strong><\/h4>\n  <\/li>\n  <li>\n    <h4><strong>Material autorizado por el PMI\u00ae<\/strong><\/h4>\n  <\/li>\n  <li>\n    <h4><strong>Plataforma digital f\u00e1cil de usar<\/strong><\/h4>\n  <\/li>\n  <li>\n    <h4><strong>Acompa\u00f1amiento continuo antes, durante y despu\u00e9s del curso<\/strong><\/h4>\n  <\/li>\n  <li>\n    <h4><strong>Acceso a comunidad regional de egresados y mentores<\/strong><\/h4>\n  <\/li>\n<\/ul><\/div>\n<\/div>\n\n\n\n<div class=\"wp-block-toolset-blocks-grid-column tb-grid-column tb-grid-align-center\" data-toolset-blocks-grid-column=\"f586ff7bfe1d7317c63162ec7b7039ed\"><div class=\"wp-block-image\">\n<figure class=\" tb-image tb-image-dynamic tb-image-frame-none alignright\" data-toolset-blocks-image=\"2f7500f6ab11a39a63ec5a4289392b5d\"><img decoding=\"async\" width=\"720\" height=\"720\" loading=\"lazy\" src=\"https:\/\/proyectum.com\/mx\/wp-content\/uploads\/2024\/11\/pmp_2-1.jpg\" alt=\"\" class=\"wp-image-887\" srcset=\"https:\/\/proyectum.com\/mx\/wp-content\/uploads\/2024\/11\/pmp_2-1.jpg 720w, https:\/\/proyectum.com\/mx\/wp-content\/uploads\/2024\/11\/pmp_2-1-300x300.jpg 300w, https:\/\/proyectum.com\/mx\/wp-content\/uploads\/2024\/11\/pmp_2-1-150x150.jpg 150w\" sizes=\"auto, (max-width: 720px) 100vw, 720px\" \/><\/figure>\n<\/div><\/div>\n<\/div>\n<\/div>\n\n\n\n<div class=\"wp-block-toolset-blocks-container tb-container\" data-toolset-blocks-container=\"b6184bcc262527dcfa8aae1b015b97a7\">\n<div class=\"tb-fields-and-text\" data-toolset-blocks-fields-and-text=\"3e1d2592ce20bdf2bf813c9dfa44c991\"><h2 style=\"text-align: center;\"><span style=\"color: #ffffff;\">\u00bfListo para unirte a nuestra red de profesionales certificados?<\/span><\/h2><\/div>\n\n\n\n<div class=\"tb-button\" data-toolset-blocks-button=\"42e818cc34d6c655055470ad7334d02d\"><a class=\"tb-button__link\" href=\"https:\/\/proyectum.com\/mx\/formulario-de-contacto\/\"><i class=\"tb-button__icon\"><\/i><span class=\"tb-button__content\">Inscr\u00edbete Hoy<\/span><\/a><\/div>\n<\/div>\n\n\n\n<div class=\"wp-block-toolset-blocks-container tb-container\" data-toolset-blocks-container=\"6ac9f18d3d8681087afd499002915a13\">\n<div class=\"wp-block-toolset-blocks-grid tb-grid\" data-toolset-blocks-grid=\"69334d57ab71c50d0bf0f4f37a803160\">\n<div class=\"wp-block-toolset-blocks-grid-column tb-grid-column tb-grid-align-center\" data-toolset-blocks-grid-column=\"f586ff7bfe1d7317c63162ec7b7039ed\"><div class=\"wp-block-image\">\n<figure class=\" tb-image tb-image-dynamic tb-image-frame-none alignleft\" data-toolset-blocks-image=\"5dd6ac61666c6f9edb8c3ccc560380c1\"><img decoding=\"async\" width=\"720\" height=\"720\" loading=\"lazy\" src=\"https:\/\/proyectum.com\/mx\/wp-content\/uploads\/2024\/11\/pmp_3.jpg\" alt=\"\" class=\"wp-image-891\" srcset=\"https:\/\/proyectum.com\/mx\/wp-content\/uploads\/2024\/11\/pmp_3.jpg 720w, https:\/\/proyectum.com\/mx\/wp-content\/uploads\/2024\/11\/pmp_3-300x300.jpg 300w, https:\/\/proyectum.com\/mx\/wp-content\/uploads\/2024\/11\/pmp_3-150x150.jpg 150w\" sizes=\"auto, (max-width: 720px) 100vw, 720px\" \/><\/figure>\n<\/div><\/div>\n\n\n\n<div class=\"wp-block-toolset-blocks-grid-column tb-grid-column tb-grid-align-center\" data-toolset-blocks-grid-column=\"7c62d15a8f83c7a7a7abf826ddabe164\">\n<div class=\"tb-fields-and-text\" data-toolset-blocks-fields-and-text=\"3e1d2592ce20bdf2bf813c9dfa44c991\"><h1 style=\"font-weight: 400;\"><strong>Lo que dicen quienes ya vivieron la experiencia<\/strong><\/h1>\n<p>&nbsp;<\/p>\n<p>\u201cNunca me hab\u00eda sentido tan acompa\u00f1ado en un curso. Proyectum fue mucho m\u00e1s que preparaci\u00f3n t\u00e9cnica: reforzaron mi confianza.\u201d<br>\u2014 <em>Lorena C., PMP\u00ae en Per\u00fa<\/em><\/p>\n<hr>\n<h3 style=\"font-weight: 400;\">\u201cAprob\u00e9 al primer intento. Pero lo m\u00e1s valioso fue todo lo que aprend\u00ed sobre m\u00ed mismo como l\u00edder.\u201d<br>\u2014 <em>Esteban R., PMP\u00ae en M\u00e9xico<\/em><\/h3>\n<hr>\n<h3 style=\"font-weight: 400;\">\u201cEleg\u00ed Proyectum porque no son un proveedor m\u00e1s. Son una comunidad. Ahora formo parte de algo m\u00e1s grande.\u201d<br>\u2014 <em>Marcela T., PMP\u00ae en Ecuador<\/em><\/h3><\/div>\n<\/div>\n<\/div>\n<\/div>\n\n\n\n<div class=\"wp-block-toolset-blocks-container tb-container\" data-toolset-blocks-container=\"b6184bcc262527dcfa8aae1b015b97a7\">\n<div class=\"tb-fields-and-text\" data-toolset-blocks-fields-and-text=\"3e1d2592ce20bdf2bf813c9dfa44c991\"><h2 style=\"text-align: center;\"><span style=\"color: #ffffff;\">\u00bfListo para unirte a nuestra red de profesionales certificados?<\/span><\/h2><\/div>\n\n\n\n<div class=\"tb-button\" data-toolset-blocks-button=\"42e818cc34d6c655055470ad7334d02d\"><a class=\"tb-button__link\" href=\"https:\/\/proyectum.com\/mx\/formulario-de-contacto\/\"><i class=\"tb-button__icon\"><\/i><span class=\"tb-button__content\">Inscr\u00edbete Hoy<\/span><\/a><\/div>\n<\/div>\n\n\n\n<div class=\"wp-block-toolset-blocks-container tb-container\" data-toolset-blocks-container=\"bf064031ac90ab149b84d47df4863c13\">\n<div class=\"tb-fields-and-text\" data-toolset-blocks-fields-and-text=\"3e1d2592ce20bdf2bf813c9dfa44c991\"><h1 style=\"font-weight: 400;\"><span style=\"color: #ffcc00;\"><strong>\u00bfVas a seguir esperando el momento perfecto?<\/strong><\/span><\/h1>\n<h2 style=\"font-weight: 400;\"><span style=\"color: #ffffff;\"><strong>No lo pienses m\u00e1s\u2026 el mundo es de los que se atreven.<\/strong><\/span><br><span style=\"color: #ffffff;\">Y lo mejor&#8230; <strong>no vas solo.<\/strong><\/span><\/h2>\n<h2 style=\"font-weight: 400;\"><span style=\"color: #ffffff;\">Prep\u00e1rate con quienes ya lo han logrado.<\/span><\/h2>\n<h2 style=\"font-weight: 400;\"><br><span style=\"color: #ffffff;\">Recibe apoyo real, no promesas vac\u00edas.<\/span><\/h2>\n<h2 style=\"font-weight: 400;\"><br><span style=\"color: #ffffff;\">Y \u00fanete a una comunidad que te impulsa a ser la mejor versi\u00f3n de ti como l\u00edder de proyectos.<\/span><\/h2>\n<h2 style=\"font-weight: 400;\"><span style=\"color: #ffffff;\"><strong>RESERVA TU LUGAR AHORA<\/strong><\/span><br><br><\/h2>\n<h2 style=\"font-weight: 400;\"><span style=\"color: #ffffff;\"><strong><em>Cupos limitados. <\/em><\/strong><\/span><\/h2>\n<h2 style=\"font-weight: 400;\"><span style=\"color: #ffffff;\"><strong><em>Comunidad real. <\/em><\/strong><\/span><\/h2>\n<h2 style=\"font-weight: 400;\"><span style=\"color: #ffffff;\"><strong><em>Acompa\u00f1amiento total.<\/em><\/strong><\/span><\/h2><\/div>\n<\/div>\n\n\n\n<div class=\"wp-block-toolset-blocks-container tb-container\" data-toolset-blocks-container=\"b6184bcc262527dcfa8aae1b015b97a7\">\n<div class=\"tb-fields-and-text\" data-toolset-blocks-fields-and-text=\"3e1d2592ce20bdf2bf813c9dfa44c991\"><h2 style=\"text-align: center;\"><span style=\"color: #ffffff;\">\u00bfListo para unirte a nuestra red de profesionales certificados?<\/span><\/h2><\/div>\n\n\n\n<div class=\"tb-button\" data-toolset-blocks-button=\"42e818cc34d6c655055470ad7334d02d\"><a class=\"tb-button__link\" href=\"https:\/\/proyectum.com\/mx\/formulario-de-contacto\/\"><i class=\"tb-button__icon\"><\/i><span class=\"tb-button__content\">Inscr\u00edbete Hoy<\/span><\/a><\/div>\n<\/div>\n\n\n\n<div class=\"wp-block-toolset-blocks-container tb-container\" data-toolset-blocks-container=\"c2faeee4e6a0e1cbc05de4bade34454f\">\n<div class=\"tb-fields-and-text\" data-toolset-blocks-fields-and-text=\"3e1d2592ce20bdf2bf813c9dfa44c991\"><h1><span style=\"color: #faac47;\"><strong>Invierte en Ti y da el Siguiente Paso en tu Carrera<\/strong><\/span><\/h1>\n<p style=\"text-align: center;\"><span style=\"color: #ffffff;\"><strong>&nbsp;<\/strong><\/span><\/p>\n<h2 style=\"text-align: center;\"><span style=\"color: #ffffff;\">Este curso es m\u00e1s que una preparaci\u00f3n para el examen; es un camino hacia una mayor confianza, eficiencia y reconocimiento en tu rol como director de proyectos. Inscr\u00edbete hoy y comienza a forjar el futuro que deseas.<\/span><\/h2><\/div>\n<\/div>\n\n\n\n<div class=\"wp-block-toolset-blocks-container tb-container\" data-toolset-blocks-container=\"b6184bcc262527dcfa8aae1b015b97a7\">\n<div class=\"tb-fields-and-text\" data-toolset-blocks-fields-and-text=\"3e1d2592ce20bdf2bf813c9dfa44c991\"><h2 style=\"text-align: center;\"><span style=\"color: #ffffff;\">\u00bfListo para unirte a nuestra red de profesionales certificados?<\/span><\/h2><\/div>\n\n\n\n<div class=\"tb-button\" data-toolset-blocks-button=\"42e818cc34d6c655055470ad7334d02d\"><a class=\"tb-button__link\" href=\"https:\/\/proyectum.com\/mx\/formulario-de-contacto\/\"><i class=\"tb-button__icon\"><\/i><span class=\"tb-button__content\">Inscr\u00edbete Hoy<\/span><\/a><\/div>\n<\/div>\n\n\n\n<div class=\"wp-block-toolset-blocks-container tb-container\" data-toolset-blocks-container=\"eaaee044f04d4ccbf74251937a182e73\">\n<div class=\"tb-fields-and-text\" data-toolset-blocks-fields-and-text=\"3e1d2592ce20bdf2bf813c9dfa44c991\"><h1 style=\"text-align: center;\"><span style=\"color: #faac47;\"><strong>\u00a1No esperes m\u00e1s para transformar tu carrera!<\/strong><\/span><\/h1>\n<p style=\"text-align: center;\"><strong>&nbsp;<\/strong><\/p>\n<h2><span style=\"color: #ffffff;\">Tu camino hacia la certificaci\u00f3n PMP\u00ae comienza ahora.&nbsp;Cada d\u00eda que postergas esta decisi\u00f3n es un d\u00eda que te aleja de tu m\u00e1ximo potencial. \u00danete a Proyectum M\u00e9xico y da el paso decisivo hacia el \u00e9xito profesional.<\/span><\/h2>\n<h2>&nbsp;<\/h2>\n<h2 style=\"text-align: center;\"><span style=\"color: #ffffff;\"><strong>Inicia hoy mismo:<\/strong><\/span><\/h2>\n<h2 style=\"text-align: center;\"><span style=\"color: #ffffff;\">Inscribirte es el primer paso hacia tu \u00e9xito.<\/span><\/h2>\n<h2>&nbsp;<\/h2>\n<h2 style=\"text-align: center;\"><span style=\"color: #ffffff;\"><strong>Plazas limitadas:<\/strong><\/span><\/h2>\n<h2 style=\"text-align: center;\"><span style=\"color: #ffffff;\">Aprovecha esta oportunidad de avanzar con un equipo de expertos que te guiar\u00e1n en cada etapa.<\/span><\/h2><\/div>\n<\/div>\n\n\n\n<div class=\"wp-block-toolset-blocks-container tb-container\" data-toolset-blocks-container=\"b6184bcc262527dcfa8aae1b015b97a7\">\n<div class=\"tb-fields-and-text\" data-toolset-blocks-fields-and-text=\"3e1d2592ce20bdf2bf813c9dfa44c991\"><h2 style=\"text-align: center;\"><span style=\"color: #ffffff;\">\u00bfListo para unirte a nuestra red de profesionales certificados?<\/span><\/h2><\/div>\n\n\n\n<div class=\"tb-button\" data-toolset-blocks-button=\"42e818cc34d6c655055470ad7334d02d\"><a class=\"tb-button__link\" href=\"https:\/\/proyectum.com\/mx\/formulario-de-contacto\/\"><i class=\"tb-button__icon\"><\/i><span class=\"tb-button__content\">Inscr\u00edbete Hoy<\/span><\/a><\/div>\n<\/div>\n","protected":false},"excerpt":{"rendered":"","protected":false},"author":1,"featured_media":0,"parent":50,"menu_order":0,"comment_status":"closed","ping_status":"closed","template":"","meta":{"footnotes":""},"class_list":["post-99","page","type-page","status-publish","hentry"],"_links":{"self":[{"href":"https:\/\/proyectum.com\/mx\/wp-json\/wp\/v2\/pages\/99","targetHints":{"allow":["GET"]}}],"collection":[{"href":"https:\/\/proyectum.com\/mx\/wp-json\/wp\/v2\/pages"}],"about":[{"href":"https:\/\/proyectum.com\/mx\/wp-json\/wp\/v2\/types\/page"}],"author":[{"embeddable":true,"href":"https:\/\/proyectum.com\/mx\/wp-json\/wp\/v2\/users\/1"}],"replies":[{"embeddable":true,"href":"https:\/\/proyectum.com\/mx\/wp-json\/wp\/v2\/comments?post=99"}],"version-history":[{"count":151,"href":"https:\/\/proyectum.com\/mx\/wp-json\/wp\/v2\/pages\/99\/revisions"}],"predecessor-version":[{"id":2330,"href":"https:\/\/proyectum.com\/mx\/wp-json\/wp\/v2\/pages\/99\/revisions\/2330"}],"up":[{"embeddable":true,"href":"https:\/\/proyectum.com\/mx\/wp-json\/wp\/v2\/pages\/50"}],"wp:attachment":[{"href":"https:\/\/proyectum.com\/mx\/wp-json\/wp\/v2\/media?parent=99"}],"curies":[{"name":"wp","href":"https:\/\/api.w.org\/{rel}","templated":true}]}}