{"id":7009,"date":"2018-11-05T15:57:12","date_gmt":"2018-11-05T18:57:12","guid":{"rendered":"https:\/\/www.proyectum.com\/pa\/?page_id=7009"},"modified":"2021-04-23T10:08:00","modified_gmt":"2021-04-23T14:08:00","slug":"curso-preparacion-certificacion-pmp","status":"publish","type":"page","link":"https:\/\/proyectum.com\/pa\/capacitacion\/curso-preparacion-certificacion-pmp\/","title":{"rendered":"Curso de Preparaci\u00f3n a la Certificaci\u00f3n PMP\u00ae"},"content":{"rendered":"<div class=\"wpb-content-wrapper\"><p>[vc_row full_width=\u00bbstretch_row\u00bb css=\u00bb.vc_custom_1538081762258{padding-top: 58px !important;padding-bottom: 58px !important;background-image: url(https:\/\/www.proyectum.com\/pa\/wp-content\/uploads\/2018\/09\/curso-tipo.png?id=6990) !important;background-position: center !important;background-repeat: no-repeat !important;background-size: cover !important;}\u00bb][vc_column width=\u00bb1\/2&#8243;][vc_custom_heading text=\u00bbCURSO DE PREPARACI\u00d3N A LA CERTIFICACI\u00d3N PMP\u00ae\u00bb font_container=\u00bbtag:h1|font_size:35|text_align:center|color:%23ffffff\u00bb use_theme_fonts=\u00bbyes\u00bb css=\u00bb.vc_custom_1598643534408{margin-bottom: 0px !important;}\u00bb][\/vc_column][vc_column width=\u00bb1\/2&#8243;][vc_single_image image=\u00bb7539&#8243; img_size=\u00bb180&#215;160&#8243; alignment=\u00bbcenter\u00bb][\/vc_column][\/vc_row][vc_row css=\u00bb.vc_custom_1488777218947{padding-top: 25px !important;padding-bottom: 60px !important;}\u00bb][vc_column width=\u00bb2\/3&#8243; css=\u00bb.vc_custom_1538081880375{padding-right: 40px !important;}\u00bb][vc_column_text]<span style=\"color: #000000;\">La certificaci\u00f3n <strong><em>\u00abProject Management Professional\u00bb (PMP\u00ae)<\/em><\/strong>, es la\u00a0segunda de las ocho certificaciones de la asociaci\u00f3n de administradores de proyectos m\u00e1s grande del mundo, el\u00a0\u00abProject Management Institute\u00bb (PMI\u00ae),\u00a0y es la credencial m\u00e1s importante de la industria en administraci\u00f3n de proyectos de todo el mundo.\u00a0 Esta demuestra que el profesional certificado tiene la experiencia, la educaci\u00f3n y las competencias necesarias para liderar y dirigir proyectos, tanto a nivel social, civil, en ingenier\u00eda, computaci\u00f3n, o cualquier otra rama en que se requiera desarrollar proyectos exitosamente.<\/span>[\/vc_column_text][vc_tta_tabs active_section=\u00bb1&#8243; css=\u00bb.vc_custom_1538062059766{margin-top: 20px !important;}\u00bb][vc_tta_section title=\u00bbModalidad presencial\u00bb tab_id=\u00bb1538061744369-89270b25-68b2&#8243;][vc_column_text]El valor del curso incluye del material de clases y acceso a dos simuladores en l\u00ednea del examen.<\/p>\n<p>Adicionalmente, debe considerar que el valor del examen es de US$ 555 a pagar directamente en el PMI\u00ae. La opci\u00f3n m\u00e1s recomendada es hacerse miembro del PMI\u00ae (US$ 154) con lo cual el costo del examen es de US$ 405 (lo que suma US$ 559). Al ser miembros del PMI\u00ae, usted tiene entre otros beneficios una copia electr\u00f3nica gratuita de la Gu\u00eda del PMBOK\u00ae, que es material indispensable para estudiar. De lo contrario deben comprar una copia impresa de la Gu\u00eda del PMBOK\u00ae que vale US$ 49,5 para miembros del PMI\u00ae y US$ 65,95 para no miembros.<\/p>\n<p>Para grupos de 3 o m\u00e1s personas consulta por opciones de descuento o cursos cerrados.[\/vc_column_text][\/vc_tta_section][vc_tta_section title=\u00bbModalidad e-learning\u00bb tab_id=\u00bb1538061744389-db6d6889-4ec1&#8243;][vc_column_text]Adem\u00e1s contamos con la modalidad b-learning, la que consta de una combinaci\u00f3n de clases expositivas, ya sea presenciales o v\u00eda Skype adem\u00e1s de las clases con nuestra herramienta de e-learning. El curso consta de:<\/p>\n<ol>\n<li>5 clases presenciales o v\u00eda Skype de 1 hora en horario a convenir.<\/li>\n<li>Trabajo en nuestro software de e-learning en 15 sesiones de al menos 2 horas.<\/li>\n<li>Trabajo en nuestro simulador con al menos 30 preguntas por cap\u00edtulo.<\/li>\n<li>Examen final con 200 preguntas en nuestro simulador con una duraci\u00f3n de 4 horas.<\/li>\n<li>Se entrega simulador para que trabajes en las horas que estimes necesario con vigencia de 6 meses.<\/li>\n<li>Se entrega adem\u00e1s manual del curso en versi\u00f3n digital para apoyar contenidos.<\/li>\n<\/ol>\n<p>[\/vc_column_text][\/vc_tta_section][\/vc_tta_tabs][vc_tta_tabs active_section=\u00bb1&#8243; css=\u00bb.vc_custom_1538062059766{margin-top: 20px !important;}\u00bb][vc_tta_section title=\u00bbAntecedentes\u00bb tab_id=\u00bb1541444757751-389b2c58-e32c\u00bb][vc_column_text]<\/p>\n<h3><span style=\"color: #00416b;\">\u00bfQui\u00e9nes deben participar?<\/span><\/h3>\n<ul>\n<li>Profesionales que lideren proyectos ejerciendo el rol de Director de Proyecto (Project Manager) y miembros del equipo que participen en la administraci\u00f3n de los proyectos.<\/li>\n<li>Directivos a cargo del seguimiento de proyectos.<\/li>\n<\/ul>\n<h3><span style=\"color: #00416b;\">Pre-requisitos<\/span><\/h3>\n<p>Ser elegible para obtener la certificaci\u00f3n PMP\u00ae, lo que implica:<\/p>\n<ul>\n<li>Tres o m\u00e1s a\u00f1os efectivos de experiencia profesional en Direcci\u00f3n de Proyectos si se tiene un t\u00edtulo universitario de una carrera de 4 o m\u00e1s a\u00f1os.<\/li>\n<li>Cinco o m\u00e1s a\u00f1os efectivos de experiencia profesional en Direcci\u00f3n de Proyectos en caso contrario.<\/li>\n<\/ul>\n<p>[\/vc_column_text][\/vc_tta_section][vc_tta_section title=\u00bbObjetivos\u00bb tab_id=\u00bb1541444757839-058727a5-b556&#8243;][vc_column_text]<strong>Al final del Programa Proyectum para preparar la Certificaci\u00f3n PMP\u00ae, los participantes ser\u00e1n capaces de:<\/strong><\/p>\n<ul>\n<li>Incrementar sus probabilidades de acreditar el examen de certificaci\u00f3n PMP\u00ae.<\/li>\n<li>Entender el enfoque del PMI\u00ae hacia la disciplina de direcci\u00f3n de proyectos.<\/li>\n<li>Saber interpretar la Gu\u00eda del PMBOK\u00ae y c\u00f3mo aplicar sus principios durante la ejecuci\u00f3n de los proyectos.<\/li>\n<\/ul>\n<p>[\/vc_column_text][\/vc_tta_section][vc_tta_section title=\u00bbContenidos\u00bb tab_id=\u00bb1541455357238-d8636f7d-26cc\u00bb][vc_column_text]<\/p>\n<ul>\n<li>M\u00f3dulo especial 1: Introducci\u00f3n al Programa<\/li>\n<li>M\u00f3dulo especial 2: C\u00f3digo de \u00e9tica<\/li>\n<li>M\u00f3dulo 1: Introducci\u00f3n<\/li>\n<li>M\u00f3dulo 2: Influencias Organizacionales y Ciclo de Vida del Proyecto<\/li>\n<li>M\u00f3dulo 3: Procesos de Direcci\u00f3n de Proyectos<\/li>\n<li>M\u00f3dulo 4: Integraci\u00f3n de la Direcci\u00f3n de Proyectos<\/li>\n<li>M\u00f3dulo 5: Administraci\u00f3n del alcance del proyecto<\/li>\n<li>M\u00f3dulo 6: Administraci\u00f3n del calendario del proyecto<\/li>\n<li>M\u00f3dulo 7: Administraci\u00f3n de costos del proyecto<\/li>\n<li>M\u00f3dulo 8: Administraci\u00f3n de la calidad del proyecto<\/li>\n<li>M\u00f3dulo 9: Administraci\u00f3n de recursos humanos del proyecto<\/li>\n<li>M\u00f3dulo 10: Administraci\u00f3n de la comunicaci\u00f3n del proyecto<\/li>\n<li>M\u00f3dulo 11: Administraci\u00f3n de riesgos del proyecto<\/li>\n<li>M\u00f3dulo 12: Administraci\u00f3n de compras y adquisiciones del proyecto<\/li>\n<li>M\u00f3dulo 13: Administraci\u00f3n De Interesados del Proyecto<\/li>\n<li>M\u00f3dulo 14: Estrategias de preparaci\u00f3n para antes y durante el examen de PMP\u00ae<\/li>\n<li>M\u00f3dulo 15: Examen simulacro de 200 preguntas<\/li>\n<\/ul>\n<p>[\/vc_column_text][\/vc_tta_section][vc_tta_section title=\u00bbCurso\u00bb tab_id=\u00bb1541455369971-f2c4148a-d49e\u00bb][vc_column_text]<\/p>\n<h3><span style=\"color: #00416b;\">Duraci\u00f3n del curso:<\/span><\/h3>\n<p>40 horas<\/p>\n<h3><span style=\"color: #00416b;\">Valores agregados:<\/span><\/h3>\n<ul>\n<li><strong>Garant\u00eda limitada de aprobaci\u00f3n:<\/strong> Si usted no pasa el examen, Proyectum Panam\u00e1 lo ayudar\u00e1 a preparar aquellos temas m\u00e1s d\u00e9biles, gratuitamente (ver condiciones m\u00e1s abajo).<\/li>\n<li><strong>Preguntas abiertas:<\/strong>\u00a0para ayudar a estudiar al participante en temas espec\u00edficos.<\/li>\n<li>Acompa\u00f1amiento personalizado para el proceso de certificaci\u00f3n.<\/li>\n<\/ul>\n<h3><span style=\"color: #00416b;\">Condiciones de validez de garant\u00eda:<\/span><\/h3>\n<ul>\n<li>Asistir al 100% de las clases.<\/li>\n<li>Hacer el 100% de las tareas semanales dejadas por el instructor.<\/li>\n<li>Pasar el examen final de nuestro simulador con por lo menos 75% de promedio general.<\/li>\n<li>Rendir el examen de Certificaci\u00f3n en un periodo m\u00e1ximo de 90 d\u00edas corridos despu\u00e9s de la conclusi\u00f3n de nuestro programa.<\/li>\n<\/ul>\n<p>[\/vc_column_text][\/vc_tta_section][\/vc_tta_tabs][\/vc_column][vc_column width=\u00bb1\/3&#8243; text_align=\u00bbleft\u00bb css=\u00bb.vc_custom_1538081853323{padding-left: 0px !important;}\u00bb]<div class=\"porto-u-heading  wpb_custom_95aa9a11c17ad45cfabaf210d84ee7cc porto-u-8137\"><div class=\"porto-u-main-heading\"><h2   style=\"font-weight:bold;line-height:27px;\">CURSOS PROYECTUM<\/h2><\/div><style>.porto-u-8137.porto-u-heading{text-align:left}<\/style><\/div>[vc_tta_accordion][vc_tta_section title=\u00bbCERTIFICACIONES\u00bb tab_id=\u00bb1537992268425-9e4a4cbc-6b0c\u00bb][vc_wp_custommenu nav_menu=\u00bb47&#8243;][\/vc_tta_section][vc_tta_section title=\u00bbDIRECCION DE PROYECTOS\u00bb tab_id=\u00bb1537992268460-618971a0-346c\u00bb][vc_wp_custommenu nav_menu=\u00bb48&#8243;][\/vc_tta_section][vc_tta_section title=\u00bbFUNDAMENTOS AGILES &amp; DEVOPS\u00bb tab_id=\u00bb1537992323741-129d2b9f-2fec\u00bb][vc_wp_custommenu nav_menu=\u00bb49&#8243;][\/vc_tta_section][vc_tta_section title=\u00bbOTROS PROGRAMAS Y CURSOS\u00bb tab_id=\u00bb1537992349441-86ffaea1-7c3c\u00bb][vc_wp_custommenu nav_menu=\u00bb50&#8243;][\/vc_tta_section][\/vc_tta_accordion][vc_btn title=\u00bbQUIERO INSCRIBIRME\u00bb align=\u00bbcenter\u00bb i_icon_fontawesome=\u00bbfa fa-question-circle\u00bb add_icon=\u00bbtrue\u00bb el_class=\u00bbbtn-saber-mas\u00bb link=\u00bburl:https%3A%2F%2Fwww.proyectum.com%2Fpa%2Finscripcion-cursos%2F|||\u00bb][\/vc_column][\/vc_row][vc_row css=\u00bb.vc_custom_1567568197298{margin-top: 30px !important;margin-bottom: 30px !important;}\u00bb][vc_column][vc_raw_html]JTNDaWZyYW1lJTIwc3R5bGUlM0QlMjJib3JkZXIlM0ElMjAwcHglMjFpbXBvcnRhbnQlM0IlMjIlMjBzcmMlM0QlMjJodHRwcyUzQSUyRiUyRnd3dy5wcm95ZWN0dW0uY29tJTJGc2lzdGVtYSUyRmZvcm11bGFyaW8tamV0cGFjay1wbXAlMkYlMjIlMjB3aWR0aCUzRCUyMjEwMDBweCUyMiUyMGhlaWdodCUzRCUyMjcwMHB4JTIyJTNFJTNDJTJGaWZyYW1lJTNF[\/vc_raw_html][\/vc_column][\/vc_row]<\/p>\n<\/div>","protected":false},"excerpt":{"rendered":"<p>[vc_row full_width=\u00bbstretch_row\u00bb css=\u00bb.vc_custom_1538081762258{padding-top: 58px !important;padding-bottom: 58px !important;background-image: url(https:\/\/www.proyectum.com\/pa\/wp-content\/uploads\/2018\/09\/curso-tipo.png?id=6990) !important;background-position: center !important;background-repeat: no-repeat !important;background-size: cover !important;}\u00bb][vc_column width=\u00bb1\/2&#8243;][vc_custom_heading text=\u00bbCURSO DE PREPARACI\u00d3N A LA CERTIFICACI\u00d3N PMP\u00ae\u00bb font_container=\u00bbtag:h1|font_size:35|text_align:center|color:%23ffffff\u00bb use_theme_fonts=\u00bbyes\u00bb css=\u00bb.vc_custom_1598643534408{margin-bottom: 0px !important;}\u00bb][\/vc_column][vc_column width=\u00bb1\/2&#8243;][vc_single_image image=\u00bb7539&#8243; img_size=\u00bb180&#215;160&#8243; alignment=\u00bbcenter\u00bb][\/vc_column][\/vc_row][vc_row css=\u00bb.vc_custom_1488777218947{padding-top: 25px !important;padding-bottom: 60px !important;}\u00bb][vc_column width=\u00bb2\/3&#8243; css=\u00bb.vc_custom_1538081880375{padding-right: 40px !important;}\u00bb][vc_column_text]La certificaci\u00f3n \u00abProject Management Professional\u00bb (PMP\u00ae), es la\u00a0segunda de las ocho certificaciones de la asociaci\u00f3n [&hellip;]<\/p>\n","protected":false},"author":2,"featured_media":0,"parent":6889,"menu_order":0,"comment_status":"closed","ping_status":"closed","template":"","meta":{"footnotes":""},"yoast_head":"<!-- This site is optimized with the Yoast SEO plugin v24.2 - https:\/\/yoast.com\/wordpress\/plugins\/seo\/ -->\n<title>Curso de Preparaci\u00f3n a la Certificaci\u00f3n PMP\u00ae - Proyectum Panama<\/title>\n<meta name=\"description\" content=\"Obt\u00e9n la certificaci\u00f3n como Profesional en Direcci\u00f3n de Proyectos (PMP\u00ae), la certificaci\u00f3n profesional con mayor reconocimiento y m\u00e1s respetada en el mundo\" \/>\n<meta name=\"robots\" content=\"index, follow, max-snippet:-1, max-image-preview:large, max-video-preview:-1\" \/>\n<link rel=\"canonical\" href=\"https:\/\/proyectum.com\/pa\/capacitacion\/curso-preparacion-certificacion-pmp\/\" \/>\n<meta property=\"og:locale\" content=\"es_ES\" \/>\n<meta property=\"og:type\" content=\"article\" \/>\n<meta property=\"og:title\" content=\"Curso de Preparaci\u00f3n a la Certificaci\u00f3n PMP\u00ae - Proyectum Panama\" \/>\n<meta property=\"og:description\" content=\"Obt\u00e9n la certificaci\u00f3n como Profesional en Direcci\u00f3n de Proyectos (PMP\u00ae), la certificaci\u00f3n profesional con mayor reconocimiento y m\u00e1s respetada en el mundo\" \/>\n<meta property=\"og:url\" content=\"https:\/\/proyectum.com\/pa\/capacitacion\/curso-preparacion-certificacion-pmp\/\" \/>\n<meta property=\"og:site_name\" content=\"Proyectum Panama\" \/>\n<meta property=\"article:publisher\" content=\"https:\/\/www.facebook.com\/Proyectum-Panam%c3%a1-105975414514052\/\" \/>\n<meta property=\"article:modified_time\" content=\"2021-04-23T14:08:00+00:00\" \/>\n<meta name=\"twitter:card\" content=\"summary_large_image\" \/>\n<meta name=\"twitter:label1\" content=\"Tiempo de lectura\" \/>\n\t<meta name=\"twitter:data1\" content=\"4 minutos\" \/>\n<script type=\"application\/ld+json\" class=\"yoast-schema-graph\">{\"@context\":\"https:\/\/schema.org\",\"@graph\":[{\"@type\":\"WebPage\",\"@id\":\"https:\/\/proyectum.com\/pa\/capacitacion\/curso-preparacion-certificacion-pmp\/\",\"url\":\"https:\/\/proyectum.com\/pa\/capacitacion\/curso-preparacion-certificacion-pmp\/\",\"name\":\"Curso de Preparaci\u00f3n a la Certificaci\u00f3n PMP\u00ae - Proyectum Panama\",\"isPartOf\":{\"@id\":\"https:\/\/proyectum.com\/pa\/#website\"},\"datePublished\":\"2018-11-05T18:57:12+00:00\",\"dateModified\":\"2021-04-23T14:08:00+00:00\",\"description\":\"Obt\u00e9n la certificaci\u00f3n como Profesional en Direcci\u00f3n de Proyectos (PMP\u00ae), la certificaci\u00f3n profesional con mayor reconocimiento y m\u00e1s respetada en el mundo\",\"breadcrumb\":{\"@id\":\"https:\/\/proyectum.com\/pa\/capacitacion\/curso-preparacion-certificacion-pmp\/#breadcrumb\"},\"inLanguage\":\"es\",\"potentialAction\":[{\"@type\":\"ReadAction\",\"target\":[\"https:\/\/proyectum.com\/pa\/capacitacion\/curso-preparacion-certificacion-pmp\/\"]}]},{\"@type\":\"BreadcrumbList\",\"@id\":\"https:\/\/proyectum.com\/pa\/capacitacion\/curso-preparacion-certificacion-pmp\/#breadcrumb\",\"itemListElement\":[{\"@type\":\"ListItem\",\"position\":1,\"name\":\"Home\",\"item\":\"https:\/\/proyectum.com\/pa\/\"},{\"@type\":\"ListItem\",\"position\":2,\"name\":\"Capacitaci\u00f3n\",\"item\":\"https:\/\/proyectum.com\/pa\/capacitacion\/\"},{\"@type\":\"ListItem\",\"position\":3,\"name\":\"Curso de Preparaci\u00f3n a la Certificaci\u00f3n PMP\u00ae\"}]},{\"@type\":\"WebSite\",\"@id\":\"https:\/\/proyectum.com\/pa\/#website\",\"url\":\"https:\/\/proyectum.com\/pa\/\",\"name\":\"Proyectum Panama\",\"description\":\"Ahora somos m\u00e1s \u00e1giles\",\"publisher\":{\"@id\":\"https:\/\/proyectum.com\/pa\/#organization\"},\"potentialAction\":[{\"@type\":\"SearchAction\",\"target\":{\"@type\":\"EntryPoint\",\"urlTemplate\":\"https:\/\/proyectum.com\/pa\/?s={search_term_string}\"},\"query-input\":{\"@type\":\"PropertyValueSpecification\",\"valueRequired\":true,\"valueName\":\"search_term_string\"}}],\"inLanguage\":\"es\"},{\"@type\":\"Organization\",\"@id\":\"https:\/\/proyectum.com\/pa\/#organization\",\"name\":\"Proyectum Panama\",\"url\":\"https:\/\/proyectum.com\/pa\/\",\"logo\":{\"@type\":\"ImageObject\",\"inLanguage\":\"es\",\"@id\":\"https:\/\/proyectum.com\/pa\/#\/schema\/logo\/image\/\",\"url\":\"https:\/\/i2.wp.com\/www.proyectum.com\/pa\/wp-content\/uploads\/2020\/04\/proyectum-logo-snippet.png?fit=600%2C315&ssl=1\",\"contentUrl\":\"https:\/\/i2.wp.com\/www.proyectum.com\/pa\/wp-content\/uploads\/2020\/04\/proyectum-logo-snippet.png?fit=600%2C315&ssl=1\",\"width\":600,\"height\":315,\"caption\":\"Proyectum Panama\"},\"image\":{\"@id\":\"https:\/\/proyectum.com\/pa\/#\/schema\/logo\/image\/\"},\"sameAs\":[\"https:\/\/www.facebook.com\/Proyectum-Panam\u00e1-105975414514052\/\",\"https:\/\/www.instagram.com\/proyectumpanama\/\",\"https:\/\/www.linkedin.com\/company\/proyectum-panam\u00e1\",\"https:\/\/www.youtube.com\/channel\/UCyMurK2Bb2cIlw-BaZ0641Q\"]}]}<\/script>\n<!-- \/ Yoast SEO plugin. -->","yoast_head_json":{"title":"Curso de Preparaci\u00f3n a la Certificaci\u00f3n PMP\u00ae - Proyectum Panama","description":"Obt\u00e9n la certificaci\u00f3n como Profesional en Direcci\u00f3n de Proyectos (PMP\u00ae), la certificaci\u00f3n profesional con mayor reconocimiento y m\u00e1s respetada en el mundo","robots":{"index":"index","follow":"follow","max-snippet":"max-snippet:-1","max-image-preview":"max-image-preview:large","max-video-preview":"max-video-preview:-1"},"canonical":"https:\/\/proyectum.com\/pa\/capacitacion\/curso-preparacion-certificacion-pmp\/","og_locale":"es_ES","og_type":"article","og_title":"Curso de Preparaci\u00f3n a la Certificaci\u00f3n PMP\u00ae - Proyectum Panama","og_description":"Obt\u00e9n la certificaci\u00f3n como Profesional en Direcci\u00f3n de Proyectos (PMP\u00ae), la certificaci\u00f3n profesional con mayor reconocimiento y m\u00e1s respetada en el mundo","og_url":"https:\/\/proyectum.com\/pa\/capacitacion\/curso-preparacion-certificacion-pmp\/","og_site_name":"Proyectum Panama","article_publisher":"https:\/\/www.facebook.com\/Proyectum-Panam%c3%a1-105975414514052\/","article_modified_time":"2021-04-23T14:08:00+00:00","twitter_card":"summary_large_image","twitter_misc":{"Tiempo de lectura":"4 minutos"},"schema":{"@context":"https:\/\/schema.org","@graph":[{"@type":"WebPage","@id":"https:\/\/proyectum.com\/pa\/capacitacion\/curso-preparacion-certificacion-pmp\/","url":"https:\/\/proyectum.com\/pa\/capacitacion\/curso-preparacion-certificacion-pmp\/","name":"Curso de Preparaci\u00f3n a la Certificaci\u00f3n PMP\u00ae - Proyectum Panama","isPartOf":{"@id":"https:\/\/proyectum.com\/pa\/#website"},"datePublished":"2018-11-05T18:57:12+00:00","dateModified":"2021-04-23T14:08:00+00:00","description":"Obt\u00e9n la certificaci\u00f3n como Profesional en Direcci\u00f3n de Proyectos (PMP\u00ae), la certificaci\u00f3n profesional con mayor reconocimiento y m\u00e1s respetada en el mundo","breadcrumb":{"@id":"https:\/\/proyectum.com\/pa\/capacitacion\/curso-preparacion-certificacion-pmp\/#breadcrumb"},"inLanguage":"es","potentialAction":[{"@type":"ReadAction","target":["https:\/\/proyectum.com\/pa\/capacitacion\/curso-preparacion-certificacion-pmp\/"]}]},{"@type":"BreadcrumbList","@id":"https:\/\/proyectum.com\/pa\/capacitacion\/curso-preparacion-certificacion-pmp\/#breadcrumb","itemListElement":[{"@type":"ListItem","position":1,"name":"Home","item":"https:\/\/proyectum.com\/pa\/"},{"@type":"ListItem","position":2,"name":"Capacitaci\u00f3n","item":"https:\/\/proyectum.com\/pa\/capacitacion\/"},{"@type":"ListItem","position":3,"name":"Curso de Preparaci\u00f3n a la Certificaci\u00f3n PMP\u00ae"}]},{"@type":"WebSite","@id":"https:\/\/proyectum.com\/pa\/#website","url":"https:\/\/proyectum.com\/pa\/","name":"Proyectum Panama","description":"Ahora somos m\u00e1s \u00e1giles","publisher":{"@id":"https:\/\/proyectum.com\/pa\/#organization"},"potentialAction":[{"@type":"SearchAction","target":{"@type":"EntryPoint","urlTemplate":"https:\/\/proyectum.com\/pa\/?s={search_term_string}"},"query-input":{"@type":"PropertyValueSpecification","valueRequired":true,"valueName":"search_term_string"}}],"inLanguage":"es"},{"@type":"Organization","@id":"https:\/\/proyectum.com\/pa\/#organization","name":"Proyectum Panama","url":"https:\/\/proyectum.com\/pa\/","logo":{"@type":"ImageObject","inLanguage":"es","@id":"https:\/\/proyectum.com\/pa\/#\/schema\/logo\/image\/","url":"https:\/\/i2.wp.com\/www.proyectum.com\/pa\/wp-content\/uploads\/2020\/04\/proyectum-logo-snippet.png?fit=600%2C315&ssl=1","contentUrl":"https:\/\/i2.wp.com\/www.proyectum.com\/pa\/wp-content\/uploads\/2020\/04\/proyectum-logo-snippet.png?fit=600%2C315&ssl=1","width":600,"height":315,"caption":"Proyectum Panama"},"image":{"@id":"https:\/\/proyectum.com\/pa\/#\/schema\/logo\/image\/"},"sameAs":["https:\/\/www.facebook.com\/Proyectum-Panam\u00e1-105975414514052\/","https:\/\/www.instagram.com\/proyectumpanama\/","https:\/\/www.linkedin.com\/company\/proyectum-panam\u00e1","https:\/\/www.youtube.com\/channel\/UCyMurK2Bb2cIlw-BaZ0641Q"]}]}},"jetpack_sharing_enabled":true,"_links":{"self":[{"href":"https:\/\/proyectum.com\/pa\/wp-json\/wp\/v2\/pages\/7009"}],"collection":[{"href":"https:\/\/proyectum.com\/pa\/wp-json\/wp\/v2\/pages"}],"about":[{"href":"https:\/\/proyectum.com\/pa\/wp-json\/wp\/v2\/types\/page"}],"author":[{"embeddable":true,"href":"https:\/\/proyectum.com\/pa\/wp-json\/wp\/v2\/users\/2"}],"replies":[{"embeddable":true,"href":"https:\/\/proyectum.com\/pa\/wp-json\/wp\/v2\/comments?post=7009"}],"version-history":[{"count":0,"href":"https:\/\/proyectum.com\/pa\/wp-json\/wp\/v2\/pages\/7009\/revisions"}],"up":[{"embeddable":true,"href":"https:\/\/proyectum.com\/pa\/wp-json\/wp\/v2\/pages\/6889"}],"wp:attachment":[{"href":"https:\/\/proyectum.com\/pa\/wp-json\/wp\/v2\/media?parent=7009"}],"curies":[{"name":"wp","href":"https:\/\/api.w.org\/{rel}","templated":true}]}}