{"id":7029,"date":"2018-11-05T21:40:58","date_gmt":"2018-11-06T00:40:58","guid":{"rendered":"https:\/\/www.proyectum.com\/pa\/?page_id=7029"},"modified":"2020-08-28T15:39:21","modified_gmt":"2020-08-28T19:39:21","slug":"curso-preparacion-certificacion-capm","status":"publish","type":"page","link":"https:\/\/proyectum.com\/pa\/capacitacion\/curso-preparacion-certificacion-capm\/","title":{"rendered":"Curso de Preparaci\u00f3n a la Certificaci\u00f3n CAPM\u00ae"},"content":{"rendered":"<div class=\"wpb-content-wrapper\"><p>[vc_row full_width=\u00bbstretch_row\u00bb css=\u00bb.vc_custom_1538081762258{padding-top: 58px !important;padding-bottom: 58px !important;background-image: url(https:\/\/www.proyectum.com\/pa\/wp-content\/uploads\/2018\/09\/curso-tipo.png?id=6990) !important;background-position: center !important;background-repeat: no-repeat !important;background-size: cover !important;}\u00bb][vc_column width=\u00bb1\/2&#8243;][vc_custom_heading text=\u00bb<br \/>\nCURSO DE PREPARACI\u00d3N A LA CERTIFICACI\u00d3N CAPM\u00ae\u00bb font_container=\u00bbtag:h1|font_size:35|text_align:center|color:%23ffffff\u00bb use_theme_fonts=\u00bbyes\u00bb css=\u00bb.vc_custom_1598643559910{margin-bottom: 0px !important;}\u00bb][\/vc_column][vc_column width=\u00bb1\/2&#8243;][vc_single_image image=\u00bb7539&#8243; img_size=\u00bb180&#215;160&#8243; alignment=\u00bbcenter\u00bb][\/vc_column][\/vc_row][vc_row css=\u00bb.vc_custom_1488777218947{padding-top: 25px !important;padding-bottom: 60px !important;}\u00bb][vc_column width=\u00bb2\/3&#8243; css=\u00bb.vc_custom_1538081880375{padding-right: 40px !important;}\u00bb][vc_column_text]La certificaci\u00f3n\u00a0<strong><em>\u00abCertified Associate in Project Management\u00bb (CAPM\u00ae)<\/em><\/strong>, es la primera de las ocho certificaciones de la asociaci\u00f3n de administradores de proyectos m\u00e1s grande del mundo, el \u00abProject Management Institute\u00bb (PMI\u00ae). Esta certificaci\u00f3n est\u00e1 espec\u00edficamente dise\u00f1ada para estudiantes y graduados de todas las carreras, que desean aprender y certificarse en los conceptos de Administraci\u00f3n de Proyectos del PMI\u00ae, pero que no tienen o poseen muy poca experiencia en proyectos.<br \/>\nEl certificarse CAPM\u00ae, es la forma ideal de ingresar al mundo de la Administraci\u00f3n de Proyectos, porque permite adquirir un excelente conocimiento en este campo que le ayudar\u00e1 a escalar posiciones en el \u00e1rea profesional.[\/vc_column_text][vc_tta_tabs active_section=\u00bb1&#8243; css=\u00bb.vc_custom_1538062059766{margin-top: 20px !important;}\u00bb][vc_tta_section title=\u00bbAntecedentes\u00bb tab_id=\u00bb1541444757751-389b2c58-e32c\u00bb][vc_column_text]<\/p>\n<h3><span style=\"color: #00416b;\">Dirigido a:<\/span><\/h3>\n<ul>\n<li>Profesionales que se este\u0301n iniciando como Directores de Proyecto<\/li>\n<li>Integrantes de equipos de proyecto<\/li>\n<\/ul>\n<h3><span style=\"color: #00416b;\">Requisitos de certificaci\u00f3n:<\/span><\/h3>\n<p>Para poder rendir el examen CAPM\u00ae el PMI pide como requisito:<\/p>\n<ul>\n<li>Diploma de ensen\u0303anza secundaria (en Chile corresponde a la Licencia de Ensen\u0303anza Media)<\/li>\n<li>Una de las siguientes dos opciones:\n<ul>\n<li>1.500 horas de experiencia profesional en un equipo de proyecto<\/li>\n<li>23 horas de educacio\u0301n formal en Direccio\u0301n de Proyectos.\u00a0<strong>Este curso permite acreditar este requisito.<\/strong><\/li>\n<\/ul>\n<\/li>\n<\/ul>\n<p>[\/vc_column_text][\/vc_tta_section][vc_tta_section title=\u00bbContenidos\u00bb tab_id=\u00bb1541455357238-d8636f7d-26cc\u00bb][vc_column_text]<\/p>\n<ul>\n<li>Mo\u0301dulo 1: Visio\u0301n general del programa de Certificacio\u0301n CAPM\u00ae<\/li>\n<li>M\u00f3dulo 2: Visio\u0301n general del curso especial : El proceso de certificacio\u0301n CAPM\u00ae<\/li>\n<li>M\u00f3dulo 3: Esquema de trabajo de la Direccio\u0301n de Proyectos<\/li>\n<li>M\u00f3dulo 4: Integracio\u0301n de la Direccio\u0301n de Proyectos<\/li>\n<li>M\u00f3dulo 5: Administracio\u0301n del alcance del proyecto<\/li>\n<li>M\u00f3dulo 6: Administracio\u0301n del calendario del proyecto<\/li>\n<li>M\u00f3dulo 7: Administracio\u0301n de costos del proyecto<\/li>\n<li>M\u00f3dulo 8: Administracio\u0301n de la calidad del proyecto<\/li>\n<li>M\u00f3dulo 9: Administracio\u0301n de recursos humanos del proyecto<\/li>\n<li>M\u00f3dulo 10: Administracio\u0301n de la comunicacio\u0301n del proyecto<\/li>\n<li>M\u00f3dulo 11: Administracio\u0301n de riesgos del proyecto<\/li>\n<li>M\u00f3dulo 12: Administracio\u0301n de compras y adquisiciones del proyecto<\/li>\n<li>M\u00f3dulo 13: Gestio\u0301n de Interesados del Proyecto<\/li>\n<li>M\u00f3dulo 14: Responsabilidad profesional<\/li>\n<li>M\u00f3dulo 15: Estrategias de preparacio\u0301n para y durante el examen de CAPM\u00ae<\/li>\n<li>Simulacio\u0301n de examen final<\/li>\n<\/ul>\n<p>Durante el curso se pra\u0301ctica sobre preguntas que simulan la aplicacio\u0301n del examen.[\/vc_column_text][\/vc_tta_section][vc_tta_section title=\u00bbCurso\u00bb tab_id=\u00bb1541455369971-f2c4148a-d49e\u00bb][vc_column_text]<\/p>\n<h3><span style=\"color: #00416b;\">Incluye:<\/span><\/h3>\n<ul>\n<li>Programa: Preparacio\u0301n para la certificacio\u0301n CAPM\u00ae, con duracio\u0301n de 40 horas.<\/li>\n<li>Material del participante en espan\u0303ol en formato digital.<\/li>\n<li>Libro digital \u201cTe\u0301cnico en Gestio\u0301n de Proyectos (CAPM)\u201d de Pablo Lledo\u0301.<\/li>\n<li>Simulador: Acceso por 180 di\u0301as a nuestros simuladores y con la capacidad de que nuestros instructores interactu\u0301en con los alumnos para darles una mejor asesori\u0301a. (Opciones en ingle\u0301s-recomendada- y en espan\u0303ol).<\/li>\n<li>Valor curricular ante el PMI\u00ae, al finalizar el programa se otorga un diploma a los participantes en donde se avalan 40 horas de contacto o Professional Development Units (PDUs).<\/li>\n<\/ul>\n<h3><span style=\"color: #00416b;\">Valores agregados:<\/span><\/h3>\n<ul>\n<li>Garanti\u0301a de aprobacio\u0301n: Si usted no pasa el examen, Proyectum Chile:\n<ul>\n<li>Le hara\u0301 un programa personalizado de estudio para volver a dar el examen.<\/li>\n<li>Otorgara\u0301 acceso permanente a hacer preguntas vi\u0301a mail al instructor<\/li>\n<\/ul>\n<\/li>\n<li>Herramientas y acompan\u0303amiento para el proceso de certificacio\u0301n<\/li>\n<\/ul>\n<h3><span style=\"color: #00416b;\">Condiciones de validez de garant\u00eda:<\/span><\/h3>\n<ul>\n<li>Asistir al 100% de las clases.<\/li>\n<li>Hacer el 100% de las tareas dejadas por el instructor.<\/li>\n<li>Pasar el examen final de nuestro simulador con por lo menos 75% de promedio general.<\/li>\n<li>Rendir el examen de Certificacio\u0301n en un periodo ma\u0301ximo de 60 di\u0301as despue\u0301s de la conclusio\u0301n de nuestro programa.<\/li>\n<\/ul>\n<h3><span style=\"color: #00416b;\">Duraci\u00f3n del programa:<\/span><\/h3>\n<p>40 horas[\/vc_column_text][\/vc_tta_section][\/vc_tta_tabs][\/vc_column][vc_column width=\u00bb1\/3&#8243; text_align=\u00bbleft\u00bb css=\u00bb.vc_custom_1538081853323{padding-left: 0px !important;}\u00bb]<div class=\"porto-u-heading  wpb_custom_95aa9a11c17ad45cfabaf210d84ee7cc porto-u-6773\"><div class=\"porto-u-main-heading\"><h2   style=\"font-weight:bold;line-height:27px;\">CURSOS PROYECTUM<\/h2><\/div><style>.porto-u-6773.porto-u-heading{text-align:left}<\/style><\/div>[vc_tta_accordion][vc_tta_section title=\u00bbCERTIFICACIONES\u00bb tab_id=\u00bb1537992268425-9e4a4cbc-6b0c\u00bb][vc_wp_custommenu nav_menu=\u00bb47&#8243;][\/vc_tta_section][vc_tta_section title=\u00bbDIRECCION DE PROYECTOS\u00bb tab_id=\u00bb1537992268460-618971a0-346c\u00bb][vc_wp_custommenu nav_menu=\u00bb48&#8243;][\/vc_tta_section][vc_tta_section title=\u00bbFUNDAMENTOS AGILES &amp; DEVOPS\u00bb tab_id=\u00bb1537992323741-129d2b9f-2fec\u00bb][vc_wp_custommenu nav_menu=\u00bb49&#8243;][\/vc_tta_section][vc_tta_section title=\u00bbOTROS PROGRAMAS Y CURSOS\u00bb tab_id=\u00bb1537992349441-86ffaea1-7c3c\u00bb][vc_wp_custommenu nav_menu=\u00bb50&#8243;][\/vc_tta_section][\/vc_tta_accordion][vc_btn title=\u00bbQUIERO INSCRIBIRME\u00bb align=\u00bbcenter\u00bb i_icon_fontawesome=\u00bbfa fa-question-circle\u00bb add_icon=\u00bbtrue\u00bb el_class=\u00bbbtn-saber-mas\u00bb link=\u00bburl:https%3A%2F%2Fwww.proyectum.com%2Fpa%2Finscripcion-cursos%2F|||\u00bb][\/vc_column][\/vc_row][vc_row css=\u00bb.vc_custom_1567568366176{margin-top: 30px !important;margin-bottom: 30px !important;}\u00bb][vc_column]\n<div class=\"wpcf7 no-js\" id=\"wpcf7-f7367-o1\" lang=\"es-ES\" dir=\"ltr\">\n<div class=\"screen-reader-response\"><p role=\"status\" aria-live=\"polite\" aria-atomic=\"true\"><\/p> <ul><\/ul><\/div>\n<form action=\"\/pa\/wp-json\/wp\/v2\/pages\/7029#wpcf7-f7367-o1\" method=\"post\" class=\"wpcf7-form init\" aria-label=\"Formulario de contacto\" novalidate=\"novalidate\" data-status=\"init\">\n<div style=\"display: none;\">\n<input type=\"hidden\" name=\"_wpcf7\" value=\"7367\" \/>\n<input type=\"hidden\" name=\"_wpcf7_version\" value=\"5.9.4\" \/>\n<input type=\"hidden\" name=\"_wpcf7_locale\" value=\"es_ES\" \/>\n<input type=\"hidden\" name=\"_wpcf7_unit_tag\" value=\"wpcf7-f7367-o1\" \/>\n<input type=\"hidden\" name=\"_wpcf7_container_post\" value=\"0\" \/>\n<input type=\"hidden\" name=\"_wpcf7_posted_data_hash\" value=\"\" \/>\n<\/div>\n<div class=\"row\">\n    <div class=\"col-md-6\">\n        <div class=\"row\">\n            <label class=\"text-title-form\"><i class=\"Simple-Line-Icons-user text-color-light\"><\/i> Nombre Completo<\/label>\n            <div class=\"col-lg-12\"> <span class=\"wpcf7-form-control-wrap\" data-name=\"your-name\"><input size=\"40\" class=\"wpcf7-form-control wpcf7-text wpcf7-validates-as-required custom-contact-input\" aria-required=\"true\" aria-invalid=\"false\" placeholder=\"Escribe tu nombre y apellido *\" value=\"\" type=\"text\" name=\"your-name\" \/><\/span> <\/div>\n        <\/div>\n        <br\/>\n        <div class=\"row\">\n            <label class=\"text-title-form\"><i class=\"Simple-Line-Icons-envelope text-color-light\"><\/i> Correo Electr\u00f3nico<\/label>\n            <div class=\"col-lg-12\"> <span class=\"wpcf7-form-control-wrap\" data-name=\"your-email\"><input size=\"40\" class=\"wpcf7-form-control wpcf7-email wpcf7-validates-as-required wpcf7-text wpcf7-validates-as-email custom-contact-input\" aria-required=\"true\" aria-invalid=\"false\" placeholder=\"A donde te escribiremos *\" value=\"\" type=\"email\" name=\"your-email\" \/><\/span> <\/div>\n        <\/div>\n        <br\/>\n        <div class=\"row\">\n            <label class=\"text-title-form\"><i class=\"Simple-Line-Icons-envelope text-color-light\"><\/i> Pa\u00eds<\/label>\n            <div class=\"col-lg-12\"> <span class=\"wpcf7-form-control-wrap\" data-name=\"your-country\"><input size=\"40\" class=\"wpcf7-form-control wpcf7-text wpcf7-validates-as-required custom-contact-input\" aria-required=\"true\" aria-invalid=\"false\" placeholder=\"\u00bfDe d\u00f3nde eres?\" value=\"\" type=\"text\" name=\"your-country\" \/><\/span> <\/div>\n        <\/div>\n    <\/div>\n    <div class=\"col-md-6\">\n        <div class=\"row\">\n            <label class=\"text-title-form\"><i class=\"Simple-Line-Icons-call-out icons text-color-light\"><\/i> Tel\u00e9fono<\/label>\n            <div class=\"col-lg-12\"> <span class=\"wpcf7-form-control-wrap\" data-name=\"your-phone\"><input size=\"40\" class=\"wpcf7-form-control wpcf7-text custom-contact-input\" aria-invalid=\"false\" placeholder=\"N\u00famero de contacto\" value=\"\" type=\"text\" name=\"your-phone\" \/><\/span> <\/div>\n        <\/div>\n        <br\/>\n        <div class=\"row\">\n            <label class=\"text-title-form\"><i class=\"Simple-Line-Icons-call-out icons text-color-light\"><\/i> Empresa<\/label>\n            <div class=\"col-lg-12\"> <span class=\"wpcf7-form-control-wrap\" data-name=\"your-phone\"><input size=\"40\" class=\"wpcf7-form-control wpcf7-text custom-contact-input\" aria-invalid=\"false\" placeholder=\"Tu lugar de trabajo\" value=\"\" type=\"text\" name=\"your-phone\" \/><\/span> <\/div>\n        <\/div>\n    <\/div>\n<\/div>\n<div class=\"row\">\n    <div class=\"col-md-6\">\n        <div class=\"row\">\n            <div class=\"text-left text-checkbox\"><span class=\"wpcf7-form-control-wrap\" data-name=\"boletin\"><span class=\"wpcf7-form-control wpcf7-acceptance\"><span class=\"wpcf7-list-item\"><label><input type=\"checkbox\" name=\"boletin\" value=\"1\" checked=\"checked\" aria-invalid=\"false\" \/><span class=\"wpcf7-list-item-label\">Deseo recibir el bolet\u00edn quincenal<\/span><\/label><\/span><\/span><\/span><\/div>\n<div class=\"text-left text-checkbox\"><span class=\"wpcf7-form-control-wrap\" data-name=\"webinars\"><span class=\"wpcf7-form-control wpcf7-acceptance\"><span class=\"wpcf7-list-item\"><label><input type=\"checkbox\" name=\"webinars\" value=\"1\" checked=\"checked\" aria-invalid=\"false\" \/><span class=\"wpcf7-list-item-label\">Deseo recibir invitaciones a webinars<\/span><\/label><\/span><\/span><\/span><\/div>\n            <div class=\"text-left text-checkbox\"><span class=\"wpcf7-form-control-wrap\" data-name=\"acceptance-politicas\"><span class=\"wpcf7-form-control wpcf7-acceptance\"><span class=\"wpcf7-list-item\"><label><input type=\"checkbox\" name=\"acceptance-politicas\" value=\"1\" aria-invalid=\"false\" \/><span class=\"wpcf7-list-item-label\">He le\u00eddo la <a href=\"\/cl\/politicas-de-privacidad\/\" target=\"_blank\">pol\u00edtica de privacidad<\/a> y la acepto.<\/span><\/label><\/span><\/span><\/span><\/div>\n        <\/div>\n    <\/div>\n    <div class=\"col-md-6\">\n        <div class=\"row center\">\n            <div class=\"col-lg-12 text-right\"><input class=\"wpcf7-form-control wpcf7-submit has-spinner custom-btn-style-4 btn-enviar-form box\" type=\"submit\" value=\"Enviar\" \/><\/div>\n        <\/div>\n    <\/div>\n<\/div><div class=\"wpcf7-response-output\" aria-hidden=\"true\"><\/div>\n<\/form>\n<\/div>\n[\/vc_column][\/vc_row]<\/p>\n<\/div>","protected":false},"excerpt":{"rendered":"<p>[vc_row full_width=\u00bbstretch_row\u00bb css=\u00bb.vc_custom_1538081762258{padding-top: 58px !important;padding-bottom: 58px !important;background-image: url(https:\/\/www.proyectum.com\/pa\/wp-content\/uploads\/2018\/09\/curso-tipo.png?id=6990) !important;background-position: center !important;background-repeat: no-repeat !important;background-size: cover !important;}\u00bb][vc_column width=\u00bb1\/2&#8243;][vc_custom_heading text=\u00bb CURSO DE PREPARACI\u00d3N A LA CERTIFICACI\u00d3N CAPM\u00ae\u00bb font_container=\u00bbtag:h1|font_size:35|text_align:center|color:%23ffffff\u00bb use_theme_fonts=\u00bbyes\u00bb css=\u00bb.vc_custom_1598643559910{margin-bottom: 0px !important;}\u00bb][\/vc_column][vc_column width=\u00bb1\/2&#8243;][vc_single_image image=\u00bb7539&#8243; img_size=\u00bb180&#215;160&#8243; alignment=\u00bbcenter\u00bb][\/vc_column][\/vc_row][vc_row css=\u00bb.vc_custom_1488777218947{padding-top: 25px !important;padding-bottom: 60px !important;}\u00bb][vc_column width=\u00bb2\/3&#8243; css=\u00bb.vc_custom_1538081880375{padding-right: 40px !important;}\u00bb][vc_column_text]La certificaci\u00f3n\u00a0\u00abCertified Associate in Project Management\u00bb (CAPM\u00ae), es la primera de las ocho certificaciones [&hellip;]<\/p>\n","protected":false},"author":2,"featured_media":0,"parent":6889,"menu_order":0,"comment_status":"closed","ping_status":"closed","template":"","meta":{"footnotes":""},"yoast_head":"<!-- This site is optimized with the Yoast SEO plugin v24.2 - https:\/\/yoast.com\/wordpress\/plugins\/seo\/ -->\n<title>Curso de Preparaci\u00f3n a la Certificaci\u00f3n CAPM\u00ae - Proyectum Panama<\/title>\n<meta name=\"description\" content=\"Este curso te permitir\u00e1 obtener la acreditaci\u00f3n como Certified Associate in Project Management (CAPM\u00ae) otorgado por el Project Management Institute (PMI\u00ae).\" \/>\n<meta name=\"robots\" content=\"index, follow, max-snippet:-1, max-image-preview:large, max-video-preview:-1\" \/>\n<link rel=\"canonical\" href=\"https:\/\/proyectum.com\/pa\/capacitacion\/curso-preparacion-certificacion-capm\/\" \/>\n<meta property=\"og:locale\" content=\"es_ES\" \/>\n<meta property=\"og:type\" content=\"article\" \/>\n<meta property=\"og:title\" content=\"Curso de Preparaci\u00f3n a la Certificaci\u00f3n CAPM\u00ae - Proyectum Panama\" \/>\n<meta property=\"og:description\" content=\"Este curso te permitir\u00e1 obtener la acreditaci\u00f3n como Certified Associate in Project Management (CAPM\u00ae) otorgado por el Project Management Institute (PMI\u00ae).\" \/>\n<meta property=\"og:url\" content=\"https:\/\/proyectum.com\/pa\/capacitacion\/curso-preparacion-certificacion-capm\/\" \/>\n<meta property=\"og:site_name\" content=\"Proyectum Panama\" \/>\n<meta property=\"article:publisher\" content=\"https:\/\/www.facebook.com\/Proyectum-Panam%c3%a1-105975414514052\/\" \/>\n<meta property=\"article:modified_time\" content=\"2020-08-28T19:39:21+00:00\" \/>\n<meta name=\"twitter:card\" content=\"summary_large_image\" \/>\n<meta name=\"twitter:label1\" content=\"Tiempo de lectura\" \/>\n\t<meta name=\"twitter:data1\" content=\"5 minutos\" \/>\n<script type=\"application\/ld+json\" class=\"yoast-schema-graph\">{\"@context\":\"https:\/\/schema.org\",\"@graph\":[{\"@type\":\"WebPage\",\"@id\":\"https:\/\/proyectum.com\/pa\/capacitacion\/curso-preparacion-certificacion-capm\/\",\"url\":\"https:\/\/proyectum.com\/pa\/capacitacion\/curso-preparacion-certificacion-capm\/\",\"name\":\"Curso de Preparaci\u00f3n a la Certificaci\u00f3n CAPM\u00ae - Proyectum Panama\",\"isPartOf\":{\"@id\":\"https:\/\/proyectum.com\/pa\/#website\"},\"datePublished\":\"2018-11-06T00:40:58+00:00\",\"dateModified\":\"2020-08-28T19:39:21+00:00\",\"description\":\"Este curso te permitir\u00e1 obtener la acreditaci\u00f3n como Certified Associate in Project Management (CAPM\u00ae) otorgado por el Project Management Institute (PMI\u00ae).\",\"breadcrumb\":{\"@id\":\"https:\/\/proyectum.com\/pa\/capacitacion\/curso-preparacion-certificacion-capm\/#breadcrumb\"},\"inLanguage\":\"es\",\"potentialAction\":[{\"@type\":\"ReadAction\",\"target\":[\"https:\/\/proyectum.com\/pa\/capacitacion\/curso-preparacion-certificacion-capm\/\"]}]},{\"@type\":\"BreadcrumbList\",\"@id\":\"https:\/\/proyectum.com\/pa\/capacitacion\/curso-preparacion-certificacion-capm\/#breadcrumb\",\"itemListElement\":[{\"@type\":\"ListItem\",\"position\":1,\"name\":\"Home\",\"item\":\"https:\/\/proyectum.com\/pa\/\"},{\"@type\":\"ListItem\",\"position\":2,\"name\":\"Capacitaci\u00f3n\",\"item\":\"https:\/\/proyectum.com\/pa\/capacitacion\/\"},{\"@type\":\"ListItem\",\"position\":3,\"name\":\"Curso de Preparaci\u00f3n a la Certificaci\u00f3n CAPM\u00ae\"}]},{\"@type\":\"WebSite\",\"@id\":\"https:\/\/proyectum.com\/pa\/#website\",\"url\":\"https:\/\/proyectum.com\/pa\/\",\"name\":\"Proyectum Panama\",\"description\":\"Ahora somos m\u00e1s \u00e1giles\",\"publisher\":{\"@id\":\"https:\/\/proyectum.com\/pa\/#organization\"},\"potentialAction\":[{\"@type\":\"SearchAction\",\"target\":{\"@type\":\"EntryPoint\",\"urlTemplate\":\"https:\/\/proyectum.com\/pa\/?s={search_term_string}\"},\"query-input\":{\"@type\":\"PropertyValueSpecification\",\"valueRequired\":true,\"valueName\":\"search_term_string\"}}],\"inLanguage\":\"es\"},{\"@type\":\"Organization\",\"@id\":\"https:\/\/proyectum.com\/pa\/#organization\",\"name\":\"Proyectum Panama\",\"url\":\"https:\/\/proyectum.com\/pa\/\",\"logo\":{\"@type\":\"ImageObject\",\"inLanguage\":\"es\",\"@id\":\"https:\/\/proyectum.com\/pa\/#\/schema\/logo\/image\/\",\"url\":\"https:\/\/i2.wp.com\/www.proyectum.com\/pa\/wp-content\/uploads\/2020\/04\/proyectum-logo-snippet.png?fit=600%2C315&ssl=1\",\"contentUrl\":\"https:\/\/i2.wp.com\/www.proyectum.com\/pa\/wp-content\/uploads\/2020\/04\/proyectum-logo-snippet.png?fit=600%2C315&ssl=1\",\"width\":600,\"height\":315,\"caption\":\"Proyectum Panama\"},\"image\":{\"@id\":\"https:\/\/proyectum.com\/pa\/#\/schema\/logo\/image\/\"},\"sameAs\":[\"https:\/\/www.facebook.com\/Proyectum-Panam\u00e1-105975414514052\/\",\"https:\/\/www.instagram.com\/proyectumpanama\/\",\"https:\/\/www.linkedin.com\/company\/proyectum-panam\u00e1\",\"https:\/\/www.youtube.com\/channel\/UCyMurK2Bb2cIlw-BaZ0641Q\"]}]}<\/script>\n<!-- \/ Yoast SEO plugin. -->","yoast_head_json":{"title":"Curso de Preparaci\u00f3n a la Certificaci\u00f3n CAPM\u00ae - Proyectum Panama","description":"Este curso te permitir\u00e1 obtener la acreditaci\u00f3n como Certified Associate in Project Management (CAPM\u00ae) otorgado por el Project Management Institute (PMI\u00ae).","robots":{"index":"index","follow":"follow","max-snippet":"max-snippet:-1","max-image-preview":"max-image-preview:large","max-video-preview":"max-video-preview:-1"},"canonical":"https:\/\/proyectum.com\/pa\/capacitacion\/curso-preparacion-certificacion-capm\/","og_locale":"es_ES","og_type":"article","og_title":"Curso de Preparaci\u00f3n a la Certificaci\u00f3n CAPM\u00ae - Proyectum Panama","og_description":"Este curso te permitir\u00e1 obtener la acreditaci\u00f3n como Certified Associate in Project Management (CAPM\u00ae) otorgado por el Project Management Institute (PMI\u00ae).","og_url":"https:\/\/proyectum.com\/pa\/capacitacion\/curso-preparacion-certificacion-capm\/","og_site_name":"Proyectum Panama","article_publisher":"https:\/\/www.facebook.com\/Proyectum-Panam%c3%a1-105975414514052\/","article_modified_time":"2020-08-28T19:39:21+00:00","twitter_card":"summary_large_image","twitter_misc":{"Tiempo de lectura":"5 minutos"},"schema":{"@context":"https:\/\/schema.org","@graph":[{"@type":"WebPage","@id":"https:\/\/proyectum.com\/pa\/capacitacion\/curso-preparacion-certificacion-capm\/","url":"https:\/\/proyectum.com\/pa\/capacitacion\/curso-preparacion-certificacion-capm\/","name":"Curso de Preparaci\u00f3n a la Certificaci\u00f3n CAPM\u00ae - Proyectum Panama","isPartOf":{"@id":"https:\/\/proyectum.com\/pa\/#website"},"datePublished":"2018-11-06T00:40:58+00:00","dateModified":"2020-08-28T19:39:21+00:00","description":"Este curso te permitir\u00e1 obtener la acreditaci\u00f3n como Certified Associate in Project Management (CAPM\u00ae) otorgado por el Project Management Institute (PMI\u00ae).","breadcrumb":{"@id":"https:\/\/proyectum.com\/pa\/capacitacion\/curso-preparacion-certificacion-capm\/#breadcrumb"},"inLanguage":"es","potentialAction":[{"@type":"ReadAction","target":["https:\/\/proyectum.com\/pa\/capacitacion\/curso-preparacion-certificacion-capm\/"]}]},{"@type":"BreadcrumbList","@id":"https:\/\/proyectum.com\/pa\/capacitacion\/curso-preparacion-certificacion-capm\/#breadcrumb","itemListElement":[{"@type":"ListItem","position":1,"name":"Home","item":"https:\/\/proyectum.com\/pa\/"},{"@type":"ListItem","position":2,"name":"Capacitaci\u00f3n","item":"https:\/\/proyectum.com\/pa\/capacitacion\/"},{"@type":"ListItem","position":3,"name":"Curso de Preparaci\u00f3n a la Certificaci\u00f3n CAPM\u00ae"}]},{"@type":"WebSite","@id":"https:\/\/proyectum.com\/pa\/#website","url":"https:\/\/proyectum.com\/pa\/","name":"Proyectum Panama","description":"Ahora somos m\u00e1s \u00e1giles","publisher":{"@id":"https:\/\/proyectum.com\/pa\/#organization"},"potentialAction":[{"@type":"SearchAction","target":{"@type":"EntryPoint","urlTemplate":"https:\/\/proyectum.com\/pa\/?s={search_term_string}"},"query-input":{"@type":"PropertyValueSpecification","valueRequired":true,"valueName":"search_term_string"}}],"inLanguage":"es"},{"@type":"Organization","@id":"https:\/\/proyectum.com\/pa\/#organization","name":"Proyectum Panama","url":"https:\/\/proyectum.com\/pa\/","logo":{"@type":"ImageObject","inLanguage":"es","@id":"https:\/\/proyectum.com\/pa\/#\/schema\/logo\/image\/","url":"https:\/\/i2.wp.com\/www.proyectum.com\/pa\/wp-content\/uploads\/2020\/04\/proyectum-logo-snippet.png?fit=600%2C315&ssl=1","contentUrl":"https:\/\/i2.wp.com\/www.proyectum.com\/pa\/wp-content\/uploads\/2020\/04\/proyectum-logo-snippet.png?fit=600%2C315&ssl=1","width":600,"height":315,"caption":"Proyectum Panama"},"image":{"@id":"https:\/\/proyectum.com\/pa\/#\/schema\/logo\/image\/"},"sameAs":["https:\/\/www.facebook.com\/Proyectum-Panam\u00e1-105975414514052\/","https:\/\/www.instagram.com\/proyectumpanama\/","https:\/\/www.linkedin.com\/company\/proyectum-panam\u00e1","https:\/\/www.youtube.com\/channel\/UCyMurK2Bb2cIlw-BaZ0641Q"]}]}},"jetpack_sharing_enabled":true,"_links":{"self":[{"href":"https:\/\/proyectum.com\/pa\/wp-json\/wp\/v2\/pages\/7029"}],"collection":[{"href":"https:\/\/proyectum.com\/pa\/wp-json\/wp\/v2\/pages"}],"about":[{"href":"https:\/\/proyectum.com\/pa\/wp-json\/wp\/v2\/types\/page"}],"author":[{"embeddable":true,"href":"https:\/\/proyectum.com\/pa\/wp-json\/wp\/v2\/users\/2"}],"replies":[{"embeddable":true,"href":"https:\/\/proyectum.com\/pa\/wp-json\/wp\/v2\/comments?post=7029"}],"version-history":[{"count":0,"href":"https:\/\/proyectum.com\/pa\/wp-json\/wp\/v2\/pages\/7029\/revisions"}],"up":[{"embeddable":true,"href":"https:\/\/proyectum.com\/pa\/wp-json\/wp\/v2\/pages\/6889"}],"wp:attachment":[{"href":"https:\/\/proyectum.com\/pa\/wp-json\/wp\/v2\/media?parent=7029"}],"curies":[{"name":"wp","href":"https:\/\/api.w.org\/{rel}","templated":true}]}}