{"id":7290,"date":"2019-05-20T13:25:42","date_gmt":"2019-05-20T16:25:42","guid":{"rendered":"https:\/\/www.proyectum.com\/pa\/?page_id=7290"},"modified":"2019-09-04T00:20:53","modified_gmt":"2019-09-04T03:20:53","slug":"metodologia-lego-serious-play-lsp-2","status":"publish","type":"page","link":"https:\/\/proyectum.com\/pa\/consultoria\/metodologia-lego-serious-play-lsp-2\/","title":{"rendered":"Taller de facilitaci\u00f3n para Jefes de Proyectos y Scrum Masters"},"content":{"rendered":"<div class=\"wpb-content-wrapper\"><p>[vc_row full_width=\u00bbstretch_row\u00bb css=\u00bb.vc_custom_1538081762258{padding-top: 58px !important;padding-bottom: 58px !important;background-image: url(https:\/\/www.proyectum.com\/pa\/wp-content\/uploads\/2018\/09\/curso-tipo.png?id=6990) !important;background-position: center !important;background-repeat: no-repeat !important;background-size: cover !important;}\u00bb][vc_column width=\u00bb2\/3&#8243;][vc_custom_heading text=\u00bbTaller de facilitaci\u00f3n para Jefes de Proyectos y Scrum Masters\u00bb font_container=\u00bbtag:h1|font_size:35|text_align:center|color:%23ffffff\u00bb use_theme_fonts=\u00bbyes\u00bb css=\u00bb.vc_custom_1558368424762{margin-bottom: 0px !important;}\u00bb][\/vc_column][vc_column width=\u00bb1\/3&#8243;][\/vc_column][\/vc_row][vc_row css=\u00bb.vc_custom_1488777218947{padding-top: 25px !important;padding-bottom: 60px !important;}\u00bb][vc_column width=\u00bb2\/3&#8243; css=\u00bb.vc_custom_1538081880375{padding-right: 40px !important;}\u00bb][vc_column_text]<\/p>\n<h3><b>Desarrolla las habilidades para ayudar a que tu equipo entregue resultados de valor<\/b><\/h3>\n<p>Muchos proyectos sufren de\u00a0reuniones que son una p\u00e9rdida\u00a0de\u00a0tiempo y energ\u00eda. Para transformar esto, los PMs necesitan la mentalidad y competencias\u00a0de\u00a0un facilitador para llevar a su equipo al siguiente nivel.[\/vc_column_text][vc_empty_space][vc_column_text]<\/p>\n<h3><b>Aprende a:\u00a0<\/b><\/h3>\n<ul>\n<li>Motivar al grupo.<\/li>\n<li>Construir consensos.<\/li>\n<li>Manejar comportamientos disfuncionales.<\/li>\n<li>Mantener al grupo enfocado.<\/li>\n<li>Llegar a acuerdos.<\/li>\n<li>Inspirar a la acci\u00f3n.<\/li>\n<\/ul>\n<h3><b>Beneficios:\u00a0<\/b><\/h3>\n<ul>\n<li>Un\u00a0programa de formaci\u00f3n\u00a0profesional, interactivo\u00a0y din\u00e1mico, con gu\u00edas \u00fatiles para incorporar a tus pr\u00e1cticas laborales, entrega de t\u00e9cnicas y herramientas de gran valor m\u00e1s\u00a0acompa\u00f1amiento posterior para asegurar que los conceptos se apliquen en\u00a0tu \u00e1mbito de trabajo.<\/li>\n<\/ul>\n<h3><b>\u00bfQu\u00e9 me llevo del taller?<\/b><\/h3>\n<ul>\n<li style=\"list-style-type: none;\">\n<ul>\n<li>Paquete de\u00a0<b>ejercicios\u00a0<\/b>con casos pr\u00e1cticos\u00a0<b>10 plantillas con agendas detalladas\u00a0<\/b>listas para usarse en casi todo tipo de reuniones.<\/li>\n<li>Manual con los 10 Principios y modelaci\u00f3n de m\u00e1s 90 t\u00e9cnicas para el manejo de grupos.<\/li>\n<li>Tu\u00a0<b>plan de acci\u00f3n personal\u00a0<\/b>para aplicar lo aprendido inmediatamente.<\/li>\n<li>5 sesiones de pr\u00e1ctica.<\/li>\n<\/ul>\n<\/li>\n<li><b>Webinar mensual\u00a0exclusivo con los instructores para\u00a0 reforzar el aprendizaje durante el a\u00f1o.<\/b><\/li>\n<li>Una sesi\u00f3n de asesor\u00eda personalizada con uno de los\u00a0 instructores durante los 45 d\u00edas posteriores al curso para confirmar tus avances.<\/li>\n<\/ul>\n<p>[\/vc_column_text][vc_empty_space]<div class=\"porto-u-heading  wpb_custom_95aa9a11c17ad45cfabaf210d84ee7cc porto-u-6131\"><div class=\"porto-u-main-heading\"><h2   style=\"color:#1b7fc7;\">\u00bfQui\u00e9nes deben participar?<\/h2><\/div><div class=\"porto-u-heading-spacer line_only\" style=\"height:1px;\"><span class=\"porto-u-headings-line\" style=\"border-style:solid;border-bottom-width:1px;border-color:#ccc;\"><\/span><\/div><div class=\"porto-u-sub-heading\" style=\"\">L\u00edderes de Proyecto, Gerentes de Proyecto, PMPs, Consultores y Asesores.<\/div><style>.porto-u-6131.porto-u-heading{text-align:left}<\/style><\/div>[vc_column_text]<b>Objetivos: <\/b><\/p>\n<p><b>Al final del Programa, los participantes ser\u00e1n capaces de:<\/b><\/p>\n<ul>\n<li>Aprender y practicar las competencias de facilitaci\u00f3n modernas<\/li>\n<li>Utilizar herramientas y t\u00e9cnicas valiosas para los distintos tipos de sesiones grupales que se llevan a cabo en un proyecto: establecer el alcance, monitorear riesgos, priorizaci\u00f3n del backlog, entre otras.<\/li>\n<\/ul>\n<p>[\/vc_column_text][vc_empty_space][vc_column_text]<\/p>\n<h3><b>CONTENIDO:<\/b><\/h3>\n<h3><b>D\u00eda 1:<\/b><\/h3>\n<ul>\n<li>\u00bfQu\u00e9, cu\u00e1ndo y para qu\u00e9 usar\u00a0 la facilitaci\u00f3n?<\/li>\n<li>Los 10 principios de la facilitaci\u00f3n efectiva.<\/li>\n<li>Ejercicio 1:Obtener informaci\u00f3n del\u00a0 grupo.<\/li>\n<li>Preparaci\u00f3n para una sesi\u00f3n\u00a0 exitosa.<\/li>\n<li>Inicio: Los 15 minutos cruciales para\u00a0 el \u00e9xito de la reuni\u00f3n.<\/li>\n<\/ul>\n<h3><b>D\u00eda 2:<\/b><\/h3>\n<ul>\n<li>Ejercicio 2: Pr\u00e1ctica de inicio de proyecto<\/li>\n<li>Mantener al grupo enfocado en el tema.<\/li>\n<li>El poder del marcador: Respetar y empoderar al grupo.<\/li>\n<li>Ejercicio 3: Elaborar listados productivos.<\/li>\n<li>Comprensi\u00f3n, prevenci\u00f3n y resolu-\u00a0 ci\u00f3n de conductas disfuncionales en\u00a0 el equipo.<\/li>\n<li>Ejercicio 4:Manejo de conductas disfuncionales<\/li>\n<\/ul>\n<h3><b>D\u00eda 3:<\/b><\/h3>\n<ul>\n<li>Las fuentes de los desacuerdos y los\u00a0 mecanismos de consenso.<\/li>\n<li>Mantener la energ\u00eda del grupo.<\/li>\n<li>La revisi\u00f3n, evaluaci\u00f3n y cierre de la\u00a0 reuni\u00f3n.<\/li>\n<li>Ejercicio 5: Construir consensos.<\/li>\n<li>C\u00f3mo planificar una agenda orientada\u00a0 a resultados.<\/li>\n<li>Herramienta: Los modelos de agendas.<\/li>\n<\/ul>\n<p>[\/vc_column_text][vc_empty_space][vc_column_text]<\/p>\n<h3><b>Duraci\u00f3n del curso:<\/b><\/h3>\n<p><strong>24 horas<\/strong><\/p>\n<p><b>Certificado:<\/b><\/p>\n<p>Se entrega un certificado oficial que acredita las PDUs correspondientes seg\u00fan la siguiente distribuci\u00f3n:<\/p>\n<p>4 T\u00e9cnicos | 10 Liderazgo | 10 Estrategia de negocio[\/vc_column_text][vc_empty_space][vc_column_text]<b>H\u00e9ctor Villarreal Lozoya<\/b><\/p>\n<p>Es fundador de Kunlaboro\u00ae Latinoam\u00e9rica, empresa dedicada al desarrollo de competencias de colaboraci\u00f3n, facilitaci\u00f3n y trabajo en equipo.\u00a0 A partir de 2018 Kunlaboro es parte de Proyectum.<\/p>\n<p>Ha llevado a cabo proyectos de mejora y cambio organizacional en el Caribe, Sudam\u00e9rica y los Estados Unidos en muy diversas industrias durante los \u00faltimos 15 a\u00f1os. Sus proyectos de cambio organizacional han formado a miles de supervisores, gerentes y ejecutivos en t\u00e9cnicas de liderazgo, gesti\u00f3n efectiva y facilitaci\u00f3n de grupos.<\/p>\n<p>H\u00e9ctor ha sido profesor y expositor en universidades como el Tec de Monterrey y la UANL y ha participado en foros y congresos internacionales de la IAF, CONLAF y la SHRM.<\/p>\n<p>Es miembro de la Asociaci\u00f3n Internacional de Facilitadores desde 2005 y desde 2014 forma parte de su Junta Directiva a nivel global.[\/vc_column_text][vc_empty_space][\/vc_column][vc_column width=\u00bb1\/3&#8243; text_align=\u00bbleft\u00bb css=\u00bb.vc_custom_1538081853323{padding-left: 0px !important;}\u00bb]<div class=\"porto-u-heading  wpb_custom_95aa9a11c17ad45cfabaf210d84ee7cc porto-u-4550\"><div class=\"porto-u-main-heading\"><h2   style=\"font-weight:bold;line-height:27px;\">CONSULTOR\u00cdAS PROYECTUM<\/h2><\/div><style>.porto-u-4550.porto-u-heading{text-align:left}<\/style><\/div>[vc_wp_custommenu nav_menu=\u00bb51&#8243;][\/vc_column][\/vc_row][vc_row css=\u00bb.vc_custom_1567567119260{margin-top: 30px !important;margin-bottom: 30px !important;}\u00bb][vc_column][vc_custom_heading text=\u00bbSolicita una DEMO o consulta sobre los talleres que se encuentran disponibles\u00bb font_container=\u00bbtag:h2|text_align:center|color:%2300416b\u00bb use_theme_fonts=\u00bbyes\u00bb]\n<div class=\"wpcf7 no-js\" id=\"wpcf7-f7134-o1\" lang=\"en-US\" dir=\"ltr\">\n<div class=\"screen-reader-response\"><p role=\"status\" aria-live=\"polite\" aria-atomic=\"true\"><\/p> <ul><\/ul><\/div>\n<form action=\"\/pa\/wp-json\/wp\/v2\/pages\/7290#wpcf7-f7134-o1\" method=\"post\" class=\"wpcf7-form init\" aria-label=\"Contact form\" novalidate=\"novalidate\" data-status=\"init\">\n<div style=\"display: none;\">\n<input type=\"hidden\" name=\"_wpcf7\" value=\"7134\" \/>\n<input type=\"hidden\" name=\"_wpcf7_version\" value=\"5.9.4\" \/>\n<input type=\"hidden\" name=\"_wpcf7_locale\" value=\"en_US\" \/>\n<input type=\"hidden\" name=\"_wpcf7_unit_tag\" value=\"wpcf7-f7134-o1\" \/>\n<input type=\"hidden\" name=\"_wpcf7_container_post\" value=\"0\" \/>\n<input type=\"hidden\" name=\"_wpcf7_posted_data_hash\" value=\"\" \/>\n<\/div>\n<div style=\"padding: 0 50px;\"><div class=\"row\">\n   <div class=\"col-lg-6 text-left\">\n      <div class=\"row\">\n         <div class=\"col-lg-12\">\n            <label class=\"text-title-form\"><i class=\"Simple-Line-Icons-user text-color-light\"><\/i> Nombre Completo<\/label><span class=\"wpcf7-form-control-wrap\" data-name=\"your-name\"><input size=\"40\" class=\"wpcf7-form-control wpcf7-text wpcf7-validates-as-required custom-contact-input\" aria-required=\"true\" aria-invalid=\"false\" placeholder=\"Escribe tu nombre y apellido\" value=\"\" type=\"text\" name=\"your-name\" \/><\/span>\n         <\/div>\n         <div class=\"col-lg-12\">\n            <label class=\"text-title-form\">\n            <i class=\"Simple-Line-Icons-envelope text-color-light\"><\/i> Correo Electr\u00f3nico<\/label><span class=\"wpcf7-form-control-wrap\" data-name=\"your-email\"><input size=\"40\" class=\"wpcf7-form-control wpcf7-email wpcf7-validates-as-required wpcf7-text wpcf7-validates-as-email custom-contact-input\" aria-required=\"true\" aria-invalid=\"false\" placeholder=\"A donde te escribiremos\" value=\"\" type=\"email\" name=\"your-email\" \/><\/span>\n         <\/div>\n      <\/div>\n      <div class=\"row\">\n         <div class=\"col-lg-12\"><label class=\"text-title-form\">\n            <i class=\"Simple-Line-Icons-call-out icons text-color-light\"><\/i> Tel\u00e9fono<\/label><span class=\"wpcf7-form-control-wrap\" data-name=\"your-phone\"><input size=\"40\" class=\"wpcf7-form-control wpcf7-text custom-contact-input\" aria-invalid=\"false\" placeholder=\"N\u00famero de contacto\" value=\"\" type=\"text\" name=\"your-phone\" \/><\/span>\n         <\/div>\n      <\/div>\n   <\/div>\n   <div class=\"col-lg-6 text-left\">\n      <div class=\"row\">\n         <div class=\"col-lg-12\">\n            <label class=\"text-title-form\"><i class=\"Simple-Line-Icons-call-out icons text-color-light\"><\/i> Empresa<\/label><span class=\"wpcf7-form-control-wrap\" data-name=\"tu-empresa\"><input size=\"40\" class=\"wpcf7-form-control wpcf7-text custom-contact-input\" aria-invalid=\"false\" placeholder=\"Tu lugar de trabajo\" value=\"\" type=\"text\" name=\"tu-empresa\" \/><\/span>\n         <\/div>\n      <\/div>\n      <div class=\"row\">\n         <div class=\"col-lg-12\">\n            <label class=\"text-title-form\">\n            <i class=\"Simple-Line-Icons-bubble icons text-color-light\"><\/i> Mensaje<\/label><span class=\"wpcf7-form-control-wrap\" data-name=\"txt-msg\"><textarea cols=\"40\" rows=\"10\" class=\"wpcf7-form-control wpcf7-textarea wpcf7-validates-as-required custom-contact-input\" aria-required=\"true\" aria-invalid=\"false\" placeholder=\"\u00bfAlgo que nos quieras decir?\" name=\"txt-msg\"><\/textarea><\/span>\n         <\/div>\n      <\/div>\n   <\/div>\n<\/div>\n<div class=\"row center\">\n<div class=\"col-lg-6\">\n\n        <div class=\"text-left text-checkbox\"><span class=\"wpcf7-form-control-wrap\" data-name=\"boletin\"><span class=\"wpcf7-form-control wpcf7-acceptance optional\"><span class=\"wpcf7-list-item\"><label><input type=\"checkbox\" name=\"boletin\" value=\"1\" checked=\"checked\" aria-invalid=\"false\" \/><span class=\"wpcf7-list-item-label\">Deseo recibir el bolet\u00edn quincenal<\/div><\/span><\/label><\/span><\/span><\/span>\n<div class=\"text-left text-checkbox\"><span class=\"wpcf7-form-control-wrap\" data-name=\"webinars\"><span class=\"wpcf7-form-control wpcf7-acceptance optional\"><span class=\"wpcf7-list-item\"><label><input type=\"checkbox\" name=\"webinars\" value=\"1\" checked=\"checked\" aria-invalid=\"false\" \/><span class=\"wpcf7-list-item-label\">Deseo recibir invitaciones a webinars<\/span><\/label><\/span><\/span><\/span><\/div>\n<div class=\"text-left text-checkbox\"><span class=\"wpcf7-form-control-wrap\" data-name=\"politicas\"><span class=\"wpcf7-form-control wpcf7-acceptance\"><span class=\"wpcf7-list-item\"><label><input type=\"checkbox\" name=\"politicas\" value=\"1\" aria-invalid=\"false\" \/><span class=\"wpcf7-list-item-label\">He le\u00eddo la <a href=\"\/cl\/politicas-de-privacidad\/\" target=\"_blank\">pol\u00edtica de privacidad<\/a> y la acepto.<\/span><\/label><\/span><\/span><\/span><\/div>\n\n<\/div>\n    <div class=\"col-lg-6 text-right\"><input class=\"wpcf7-form-control wpcf7-submit has-spinner custom-btn-style-4 btn-enviar-form box\" type=\"submit\" value=\"Cont\u00e1ctanos\" \/><\/div>\n<\/div>\n<\/div><div class=\"wpcf7-response-output\" aria-hidden=\"true\"><\/div>\n<\/form>\n<\/div>\n[\/vc_column][\/vc_row]<\/p>\n<\/div>","protected":false},"excerpt":{"rendered":"<p>[vc_row full_width=\u00bbstretch_row\u00bb css=\u00bb.vc_custom_1538081762258{padding-top: 58px !important;padding-bottom: 58px !important;background-image: url(https:\/\/www.proyectum.com\/pa\/wp-content\/uploads\/2018\/09\/curso-tipo.png?id=6990) !important;background-position: center !important;background-repeat: no-repeat !important;background-size: cover !important;}\u00bb][vc_column width=\u00bb2\/3&#8243;][vc_custom_heading text=\u00bbTaller de facilitaci\u00f3n para Jefes de Proyectos y Scrum Masters\u00bb font_container=\u00bbtag:h1|font_size:35|text_align:center|color:%23ffffff\u00bb use_theme_fonts=\u00bbyes\u00bb css=\u00bb.vc_custom_1558368424762{margin-bottom: 0px !important;}\u00bb][\/vc_column][vc_column width=\u00bb1\/3&#8243;][\/vc_column][\/vc_row][vc_row css=\u00bb.vc_custom_1488777218947{padding-top: 25px !important;padding-bottom: 60px !important;}\u00bb][vc_column width=\u00bb2\/3&#8243; css=\u00bb.vc_custom_1538081880375{padding-right: 40px !important;}\u00bb][vc_column_text] Desarrolla las habilidades para ayudar a que tu equipo entregue resultados de valor Muchos [&hellip;]<\/p>\n","protected":false},"author":21,"featured_media":0,"parent":6894,"menu_order":0,"comment_status":"closed","ping_status":"closed","template":"","meta":{"footnotes":""},"yoast_head":"<!-- This site is optimized with the Yoast SEO plugin v24.2 - https:\/\/yoast.com\/wordpress\/plugins\/seo\/ -->\n<title>Taller de facilitaci\u00f3n para Jefes de Proyectos y Scrum Masters - Proyectum Panama<\/title>\n<meta name=\"robots\" content=\"index, follow, max-snippet:-1, max-image-preview:large, max-video-preview:-1\" \/>\n<link rel=\"canonical\" href=\"https:\/\/proyectum.com\/pa\/consultoria\/metodologia-lego-serious-play-lsp-2\/\" \/>\n<meta property=\"og:locale\" content=\"es_ES\" \/>\n<meta property=\"og:type\" content=\"article\" \/>\n<meta property=\"og:title\" content=\"Taller de facilitaci\u00f3n para Jefes de Proyectos y Scrum Masters - Proyectum Panama\" \/>\n<meta property=\"og:description\" content=\"[vc_row full_width=\u00bbstretch_row\u00bb css=\u00bb.vc_custom_1538081762258{padding-top: 58px !important;padding-bottom: 58px !important;background-image: url(https:\/\/www.proyectum.com\/pa\/wp-content\/uploads\/2018\/09\/curso-tipo.png?id=6990) !important;background-position: center !important;background-repeat: no-repeat !important;background-size: cover !important;}\u00bb][vc_column width=\u00bb2\/3&#8243;][vc_custom_heading text=\u00bbTaller de facilitaci\u00f3n para Jefes de Proyectos y Scrum Masters\u00bb font_container=\u00bbtag:h1|font_size:35|text_align:center|color:%23ffffff\u00bb use_theme_fonts=\u00bbyes\u00bb css=\u00bb.vc_custom_1558368424762{margin-bottom: 0px !important;}\u00bb][\/vc_column][vc_column width=\u00bb1\/3&#8243;][\/vc_column][\/vc_row][vc_row css=\u00bb.vc_custom_1488777218947{padding-top: 25px !important;padding-bottom: 60px !important;}\u00bb][vc_column width=\u00bb2\/3&#8243; css=\u00bb.vc_custom_1538081880375{padding-right: 40px !important;}\u00bb][vc_column_text] Desarrolla las habilidades para ayudar a que tu equipo entregue resultados de valor Muchos [&hellip;]\" \/>\n<meta property=\"og:url\" content=\"https:\/\/proyectum.com\/pa\/consultoria\/metodologia-lego-serious-play-lsp-2\/\" \/>\n<meta property=\"og:site_name\" content=\"Proyectum Panama\" \/>\n<meta property=\"article:publisher\" content=\"https:\/\/www.facebook.com\/Proyectum-Panam%c3%a1-105975414514052\/\" \/>\n<meta property=\"article:modified_time\" content=\"2019-09-04T03:20:53+00:00\" \/>\n<meta name=\"twitter:card\" content=\"summary_large_image\" \/>\n<meta name=\"twitter:label1\" content=\"Tiempo de lectura\" \/>\n\t<meta name=\"twitter:data1\" content=\"4 minutos\" \/>\n<script type=\"application\/ld+json\" class=\"yoast-schema-graph\">{\"@context\":\"https:\/\/schema.org\",\"@graph\":[{\"@type\":\"WebPage\",\"@id\":\"https:\/\/proyectum.com\/pa\/consultoria\/metodologia-lego-serious-play-lsp-2\/\",\"url\":\"https:\/\/proyectum.com\/pa\/consultoria\/metodologia-lego-serious-play-lsp-2\/\",\"name\":\"Taller de facilitaci\u00f3n para Jefes de Proyectos y Scrum Masters - Proyectum Panama\",\"isPartOf\":{\"@id\":\"https:\/\/proyectum.com\/pa\/#website\"},\"datePublished\":\"2019-05-20T16:25:42+00:00\",\"dateModified\":\"2019-09-04T03:20:53+00:00\",\"breadcrumb\":{\"@id\":\"https:\/\/proyectum.com\/pa\/consultoria\/metodologia-lego-serious-play-lsp-2\/#breadcrumb\"},\"inLanguage\":\"es\",\"potentialAction\":[{\"@type\":\"ReadAction\",\"target\":[\"https:\/\/proyectum.com\/pa\/consultoria\/metodologia-lego-serious-play-lsp-2\/\"]}]},{\"@type\":\"BreadcrumbList\",\"@id\":\"https:\/\/proyectum.com\/pa\/consultoria\/metodologia-lego-serious-play-lsp-2\/#breadcrumb\",\"itemListElement\":[{\"@type\":\"ListItem\",\"position\":1,\"name\":\"Home\",\"item\":\"https:\/\/proyectum.com\/pa\/\"},{\"@type\":\"ListItem\",\"position\":2,\"name\":\"Consultor\u00eda\",\"item\":\"https:\/\/proyectum.com\/pa\/consultoria\/\"},{\"@type\":\"ListItem\",\"position\":3,\"name\":\"Taller de facilitaci\u00f3n para Jefes de Proyectos y Scrum Masters\"}]},{\"@type\":\"WebSite\",\"@id\":\"https:\/\/proyectum.com\/pa\/#website\",\"url\":\"https:\/\/proyectum.com\/pa\/\",\"name\":\"Proyectum Panama\",\"description\":\"Ahora somos m\u00e1s \u00e1giles\",\"publisher\":{\"@id\":\"https:\/\/proyectum.com\/pa\/#organization\"},\"potentialAction\":[{\"@type\":\"SearchAction\",\"target\":{\"@type\":\"EntryPoint\",\"urlTemplate\":\"https:\/\/proyectum.com\/pa\/?s={search_term_string}\"},\"query-input\":{\"@type\":\"PropertyValueSpecification\",\"valueRequired\":true,\"valueName\":\"search_term_string\"}}],\"inLanguage\":\"es\"},{\"@type\":\"Organization\",\"@id\":\"https:\/\/proyectum.com\/pa\/#organization\",\"name\":\"Proyectum Panama\",\"url\":\"https:\/\/proyectum.com\/pa\/\",\"logo\":{\"@type\":\"ImageObject\",\"inLanguage\":\"es\",\"@id\":\"https:\/\/proyectum.com\/pa\/#\/schema\/logo\/image\/\",\"url\":\"https:\/\/i2.wp.com\/www.proyectum.com\/pa\/wp-content\/uploads\/2020\/04\/proyectum-logo-snippet.png?fit=600%2C315&ssl=1\",\"contentUrl\":\"https:\/\/i2.wp.com\/www.proyectum.com\/pa\/wp-content\/uploads\/2020\/04\/proyectum-logo-snippet.png?fit=600%2C315&ssl=1\",\"width\":600,\"height\":315,\"caption\":\"Proyectum Panama\"},\"image\":{\"@id\":\"https:\/\/proyectum.com\/pa\/#\/schema\/logo\/image\/\"},\"sameAs\":[\"https:\/\/www.facebook.com\/Proyectum-Panam\u00e1-105975414514052\/\",\"https:\/\/www.instagram.com\/proyectumpanama\/\",\"https:\/\/www.linkedin.com\/company\/proyectum-panam\u00e1\",\"https:\/\/www.youtube.com\/channel\/UCyMurK2Bb2cIlw-BaZ0641Q\"]}]}<\/script>\n<!-- \/ Yoast SEO plugin. -->","yoast_head_json":{"title":"Taller de facilitaci\u00f3n para Jefes de Proyectos y Scrum Masters - Proyectum Panama","robots":{"index":"index","follow":"follow","max-snippet":"max-snippet:-1","max-image-preview":"max-image-preview:large","max-video-preview":"max-video-preview:-1"},"canonical":"https:\/\/proyectum.com\/pa\/consultoria\/metodologia-lego-serious-play-lsp-2\/","og_locale":"es_ES","og_type":"article","og_title":"Taller de facilitaci\u00f3n para Jefes de Proyectos y Scrum Masters - Proyectum Panama","og_description":"[vc_row full_width=\u00bbstretch_row\u00bb css=\u00bb.vc_custom_1538081762258{padding-top: 58px !important;padding-bottom: 58px !important;background-image: url(https:\/\/www.proyectum.com\/pa\/wp-content\/uploads\/2018\/09\/curso-tipo.png?id=6990) !important;background-position: center !important;background-repeat: no-repeat !important;background-size: cover !important;}\u00bb][vc_column width=\u00bb2\/3&#8243;][vc_custom_heading text=\u00bbTaller de facilitaci\u00f3n para Jefes de Proyectos y Scrum Masters\u00bb font_container=\u00bbtag:h1|font_size:35|text_align:center|color:%23ffffff\u00bb use_theme_fonts=\u00bbyes\u00bb css=\u00bb.vc_custom_1558368424762{margin-bottom: 0px !important;}\u00bb][\/vc_column][vc_column width=\u00bb1\/3&#8243;][\/vc_column][\/vc_row][vc_row css=\u00bb.vc_custom_1488777218947{padding-top: 25px !important;padding-bottom: 60px !important;}\u00bb][vc_column width=\u00bb2\/3&#8243; css=\u00bb.vc_custom_1538081880375{padding-right: 40px !important;}\u00bb][vc_column_text] Desarrolla las habilidades para ayudar a que tu equipo entregue resultados de valor Muchos [&hellip;]","og_url":"https:\/\/proyectum.com\/pa\/consultoria\/metodologia-lego-serious-play-lsp-2\/","og_site_name":"Proyectum Panama","article_publisher":"https:\/\/www.facebook.com\/Proyectum-Panam%c3%a1-105975414514052\/","article_modified_time":"2019-09-04T03:20:53+00:00","twitter_card":"summary_large_image","twitter_misc":{"Tiempo de lectura":"4 minutos"},"schema":{"@context":"https:\/\/schema.org","@graph":[{"@type":"WebPage","@id":"https:\/\/proyectum.com\/pa\/consultoria\/metodologia-lego-serious-play-lsp-2\/","url":"https:\/\/proyectum.com\/pa\/consultoria\/metodologia-lego-serious-play-lsp-2\/","name":"Taller de facilitaci\u00f3n para Jefes de Proyectos y Scrum Masters - Proyectum Panama","isPartOf":{"@id":"https:\/\/proyectum.com\/pa\/#website"},"datePublished":"2019-05-20T16:25:42+00:00","dateModified":"2019-09-04T03:20:53+00:00","breadcrumb":{"@id":"https:\/\/proyectum.com\/pa\/consultoria\/metodologia-lego-serious-play-lsp-2\/#breadcrumb"},"inLanguage":"es","potentialAction":[{"@type":"ReadAction","target":["https:\/\/proyectum.com\/pa\/consultoria\/metodologia-lego-serious-play-lsp-2\/"]}]},{"@type":"BreadcrumbList","@id":"https:\/\/proyectum.com\/pa\/consultoria\/metodologia-lego-serious-play-lsp-2\/#breadcrumb","itemListElement":[{"@type":"ListItem","position":1,"name":"Home","item":"https:\/\/proyectum.com\/pa\/"},{"@type":"ListItem","position":2,"name":"Consultor\u00eda","item":"https:\/\/proyectum.com\/pa\/consultoria\/"},{"@type":"ListItem","position":3,"name":"Taller de facilitaci\u00f3n para Jefes de Proyectos y Scrum Masters"}]},{"@type":"WebSite","@id":"https:\/\/proyectum.com\/pa\/#website","url":"https:\/\/proyectum.com\/pa\/","name":"Proyectum Panama","description":"Ahora somos m\u00e1s \u00e1giles","publisher":{"@id":"https:\/\/proyectum.com\/pa\/#organization"},"potentialAction":[{"@type":"SearchAction","target":{"@type":"EntryPoint","urlTemplate":"https:\/\/proyectum.com\/pa\/?s={search_term_string}"},"query-input":{"@type":"PropertyValueSpecification","valueRequired":true,"valueName":"search_term_string"}}],"inLanguage":"es"},{"@type":"Organization","@id":"https:\/\/proyectum.com\/pa\/#organization","name":"Proyectum Panama","url":"https:\/\/proyectum.com\/pa\/","logo":{"@type":"ImageObject","inLanguage":"es","@id":"https:\/\/proyectum.com\/pa\/#\/schema\/logo\/image\/","url":"https:\/\/i2.wp.com\/www.proyectum.com\/pa\/wp-content\/uploads\/2020\/04\/proyectum-logo-snippet.png?fit=600%2C315&ssl=1","contentUrl":"https:\/\/i2.wp.com\/www.proyectum.com\/pa\/wp-content\/uploads\/2020\/04\/proyectum-logo-snippet.png?fit=600%2C315&ssl=1","width":600,"height":315,"caption":"Proyectum Panama"},"image":{"@id":"https:\/\/proyectum.com\/pa\/#\/schema\/logo\/image\/"},"sameAs":["https:\/\/www.facebook.com\/Proyectum-Panam\u00e1-105975414514052\/","https:\/\/www.instagram.com\/proyectumpanama\/","https:\/\/www.linkedin.com\/company\/proyectum-panam\u00e1","https:\/\/www.youtube.com\/channel\/UCyMurK2Bb2cIlw-BaZ0641Q"]}]}},"jetpack_sharing_enabled":true,"_links":{"self":[{"href":"https:\/\/proyectum.com\/pa\/wp-json\/wp\/v2\/pages\/7290"}],"collection":[{"href":"https:\/\/proyectum.com\/pa\/wp-json\/wp\/v2\/pages"}],"about":[{"href":"https:\/\/proyectum.com\/pa\/wp-json\/wp\/v2\/types\/page"}],"author":[{"embeddable":true,"href":"https:\/\/proyectum.com\/pa\/wp-json\/wp\/v2\/users\/21"}],"replies":[{"embeddable":true,"href":"https:\/\/proyectum.com\/pa\/wp-json\/wp\/v2\/comments?post=7290"}],"version-history":[{"count":0,"href":"https:\/\/proyectum.com\/pa\/wp-json\/wp\/v2\/pages\/7290\/revisions"}],"up":[{"embeddable":true,"href":"https:\/\/proyectum.com\/pa\/wp-json\/wp\/v2\/pages\/6894"}],"wp:attachment":[{"href":"https:\/\/proyectum.com\/pa\/wp-json\/wp\/v2\/media?parent=7290"}],"curies":[{"name":"wp","href":"https:\/\/api.w.org\/{rel}","templated":true}]}}