{"id":7346,"date":"2019-09-03T10:41:15","date_gmt":"2019-09-03T13:41:15","guid":{"rendered":"https:\/\/www.proyectum.com\/pa\/?page_id=7346"},"modified":"2020-08-27T10:56:38","modified_gmt":"2020-08-27T14:56:38","slug":"vpmo","status":"publish","type":"page","link":"https:\/\/proyectum.com\/pa\/vpmo\/","title":{"rendered":"VPMO"},"content":{"rendered":"<div class=\"wpb-content-wrapper\"><p>[vc_row full_width=\u00bbstretch_row_content_no_spaces\u00bb text_align=\u00bbcenter\u00bb][vc_column css=\u00bb.vc_custom_1567460850218{background-image: url(https:\/\/www.proyectum.com\/sistema\/wp-content\/uploads\/2019\/09\/Landing-PMO-Virtual1-1.png?id=8216) !important;background-position: center !important;background-repeat: no-repeat !important;background-size: cover !important;}\u00bb][vc_column_text]<\/p>\n<div class=\"content-banner-vpmo\">\n<h3 class=\"text-banner-vpmo\">VPMO<\/h3>\n<p class=\"text-bottom-banner\">Para ti, que buscas lograr tus metas y quieres hacer realidad esa idea que tienes en mente,<br \/>\nte ofrecemos un servicio que te asegure las mejores condiciones para el \u00e9xito de tu proyecto<br \/>\ny te acompa\u00f1e a completar cada etapa en tiempo, presupuesto y calidad.<\/p>\n<div class=\"content-button\"><a class=\"btn-contactanos\" href=\"#contacto\">Cont\u00e1ctanos<\/a><\/div>\n<\/div>\n<p>[\/vc_column_text][vc_row_inner][vc_column_inner width=\u00bb1\/2&#8243;][vc_column_text]<\/p>\n<div class=\"content-circulos circulos-ll\">\n<div class=\"one\"><img loading=\"lazy\" decoding=\"async\" class=\"alignnone size-medium wp-image-8220\" src=\"https:\/\/i0.wp.com\/www.proyectum.com\/sistema\/wp-content\/uploads\/2019\/09\/WebSistemaProyectum-Elementos10.png?resize=100%2C100&#038;ssl=1\" alt=\"\" width=\"100\" height=\"100\" data-recalc-dims=\"1\" \/><\/div>\n<div class=\"two\"><img loading=\"lazy\" decoding=\"async\" class=\"alignnone size-full wp-image-8219\" src=\"https:\/\/i0.wp.com\/www.proyectum.com\/sistema\/wp-content\/uploads\/2019\/09\/WebSistemaProyectum-Elementos11.png?resize=70%2C70&#038;ssl=1\" alt=\"\" width=\"70\" height=\"70\" data-recalc-dims=\"1\" \/><\/div>\n<div class=\"three\"><img loading=\"lazy\" decoding=\"async\" class=\"alignnone size-medium wp-image-8221\" src=\"https:\/\/i0.wp.com\/www.proyectum.com\/sistema\/wp-content\/uploads\/2019\/09\/WebSistemaProyectum-Elementos9.png?resize=80%2C80&#038;ssl=1\" alt=\"\" width=\"80\" height=\"80\" data-recalc-dims=\"1\" \/><\/div>\n<\/div>\n<p>[\/vc_column_text][\/vc_column_inner][vc_column_inner width=\u00bb1\/2&#8243;][vc_column_text]<\/p>\n<div class=\"content-circulos circulos-rr\">\n<div class=\"one\"><img loading=\"lazy\" decoding=\"async\" class=\"alignnone size-medium wp-image-8220\" src=\"https:\/\/i0.wp.com\/www.proyectum.com\/sistema\/wp-content\/uploads\/2019\/09\/WebSistemaProyectum-Elementos10.png?resize=80%2C80&#038;ssl=1\" alt=\"\" width=\"80\" height=\"80\" data-recalc-dims=\"1\" \/><\/div>\n<div class=\"two\"><img loading=\"lazy\" decoding=\"async\" class=\"alignnone size-medium wp-image-8221\" src=\"https:\/\/i0.wp.com\/www.proyectum.com\/sistema\/wp-content\/uploads\/2019\/09\/WebSistemaProyectum-Elementos9.png?resize=70%2C70&#038;ssl=1\" alt=\"\" width=\"70\" height=\"70\" data-recalc-dims=\"1\" \/><\/div>\n<div class=\"three\"><img loading=\"lazy\" decoding=\"async\" class=\"alignnone size-full wp-image-8219\" src=\"https:\/\/i0.wp.com\/www.proyectum.com\/sistema\/wp-content\/uploads\/2019\/09\/WebSistemaProyectum-Elementos11.png?resize=100%2C100&#038;ssl=1\" alt=\"\" width=\"100\" height=\"100\" data-recalc-dims=\"1\" \/><\/div>\n<\/div>\n<p>[\/vc_column_text][\/vc_column_inner][\/vc_row_inner][\/vc_column][\/vc_row][vc_row full_width=\u00bbstretch_row_content_no_spaces\u00bb css=\u00bb.vc_custom_1568404348252{background-image: url(https:\/\/www.proyectum.com\/pa\/wp-content\/uploads\/2019\/09\/Landing-PMO-Virtualneranjo.png?id=7349) !important;}\u00bb][vc_column css=\u00bb.vc_custom_1568404360545{padding-right: 10px !important;padding-left: 10px !important;}\u00bb][vc_custom_heading text=\u00bb\u00bfQU\u00c9 ES VPMO?\u00bb font_container=\u00bbtag:h3|text_align:center|color:%2300416b\u00bb use_theme_fonts=\u00bbyes\u00bb text_transform=\u00bbtext-uppercase\u00bb css=\u00bb.vc_custom_1598540043928{margin-bottom: 0px !important;}\u00bb el_class=\u00bbtext-title-session-vpmo\u00bb][vc_column_text]<\/p>\n<p class=\"text-bajada\">Expertos profesionales en Direcci\u00f3n de Proyectos<br \/>\nacompa\u00f1\u00e1ndote en formato no presencial<br \/>\nHaz clic en el siguiente video para conocer m\u00e1s.<\/p>\n<p>[\/vc_column_text][vc_video link=\u00bbhttps:\/\/youtu.be\/c4pml6ElYsU\u00bb align=\u00bbcenter\u00bb el_class=\u00bbcontent-video\u00bb][\/vc_column][\/vc_row][vc_row full_width=\u00bbstretch_row_content_no_spaces\u00bb css=\u00bb.vc_custom_1568404225230{padding-top: 30px !important;padding-right: 10px !important;padding-bottom: 60px !important;padding-left: 10px !important;background: rgba(244,244,244,0.01) url(https:\/\/www.proyectum.com\/sistema\/wp-content\/uploads\/2019\/09\/Landing-PMO-Virtual3.png?id=8217) !important;background-position: center !important;background-repeat: no-repeat !important;background-size: cover !important;*background-color: rgb(244,244,244) !important;}\u00bb][vc_column][vc_custom_heading text=\u00bb\u00bfC\u00d3MO FUNCIONA VPMO?\u00bb font_container=\u00bbtag:h3|text_align:center|color:%2300416b\u00bb use_theme_fonts=\u00bbyes\u00bb text_transform=\u00bbtext-uppercase\u00bb css=\u00bb.vc_custom_1598540057741{margin-bottom: 0px !important;}\u00bb el_class=\u00bbtext-title-session-vpmo\u00bb][vc_column_text]<\/p>\n<p class=\"text-bajada\">Te ayudamos a tomar decisiones en el momento m\u00e1s oportuno, reportando en forma continua el estado de tu proyecto y proponiendo planes de acci\u00f3n orientados al logro de tus objetivos. Haz clic en el siguiente v\u00eddeo para conocer m\u00e1s.<\/p>\n<p>[\/vc_column_text][vc_row_inner][vc_column_inner][vc_video link=\u00bbhttps:\/\/youtu.be\/XKHpKfYsyKM\u00bb align=\u00bbcenter\u00bb el_class=\u00bbcontent-video\u00bb][\/vc_column_inner][\/vc_row_inner][vc_row_inner css=\u00bb.vc_custom_1567513484248{background-color: #377db3 !important;}\u00bb el_class=\u00bbcontent-blue\u00bb][vc_column_inner][vc_custom_heading text=\u00bb\u00bfC\u00d3MO TE AYUDAMOS CON TU PROYECTO?\u00bb font_container=\u00bbtag:h3|text_align:center\u00bb use_theme_fonts=\u00bbyes\u00bb el_class=\u00bbtext-title-session-vpmo mb\u00bb][vc_column_text]<\/p>\n<div class=\"listado\">\n<p style=\"text-align: center;\">1. Detectamos impactos potenciales en tus objetivos<\/p>\n<p style=\"text-align: center;\">2. Te ayudamos en la toma de decisiones<\/p>\n<p style=\"text-align: center;\">3. Buscamos estrategias para asegurar el \u00e9xito<\/p>\n<p style=\"text-align: center;\">4. Entregamos conocimientos y experiencia<\/p>\n<p style=\"text-align: center;\">5. Te acompa\u00f1amos en todo momento<\/p>\n<\/div>\n<p>[\/vc_column_text][\/vc_column_inner][\/vc_row_inner][vc_row_inner][vc_column_inner width=\u00bb1\/2&#8243;][vc_column_text]<\/p>\n<div class=\"content-circulos circulos-ll circulos-bottom\">\n<div class=\"one\"><img loading=\"lazy\" decoding=\"async\" class=\"alignnone size-medium wp-image-8220\" src=\"https:\/\/i0.wp.com\/www.proyectum.com\/sistema\/wp-content\/uploads\/2019\/09\/WebSistemaProyectum-Elementos10.png?resize=100%2C100&#038;ssl=1\" alt=\"\" width=\"100\" height=\"100\" data-recalc-dims=\"1\" \/><\/div>\n<div class=\"two\"><img loading=\"lazy\" decoding=\"async\" class=\"alignnone size-full wp-image-8219\" src=\"https:\/\/i0.wp.com\/www.proyectum.com\/sistema\/wp-content\/uploads\/2019\/09\/WebSistemaProyectum-Elementos11.png?resize=70%2C70&#038;ssl=1\" alt=\"\" width=\"70\" height=\"70\" data-recalc-dims=\"1\" \/><\/div>\n<div class=\"three\"><img loading=\"lazy\" decoding=\"async\" class=\"alignnone size-medium wp-image-8221\" src=\"https:\/\/i0.wp.com\/www.proyectum.com\/sistema\/wp-content\/uploads\/2019\/09\/WebSistemaProyectum-Elementos9.png?resize=80%2C80&#038;ssl=1\" alt=\"\" width=\"80\" height=\"80\" data-recalc-dims=\"1\" \/><\/div>\n<\/div>\n<p>[\/vc_column_text][\/vc_column_inner][vc_column_inner width=\u00bb1\/2&#8243;][vc_column_text]<\/p>\n<div class=\"content-circulos circulos-rr circulos-bottom\">\n<div class=\"one\"><img loading=\"lazy\" decoding=\"async\" class=\"alignnone size-medium wp-image-8220\" src=\"https:\/\/i0.wp.com\/www.proyectum.com\/sistema\/wp-content\/uploads\/2019\/09\/WebSistemaProyectum-Elementos10.png?resize=80%2C80&#038;ssl=1\" alt=\"\" width=\"80\" height=\"80\" data-recalc-dims=\"1\" \/><\/div>\n<div class=\"two\"><img loading=\"lazy\" decoding=\"async\" class=\"alignnone size-medium wp-image-8221\" src=\"https:\/\/i0.wp.com\/www.proyectum.com\/sistema\/wp-content\/uploads\/2019\/09\/WebSistemaProyectum-Elementos9.png?resize=70%2C70&#038;ssl=1\" alt=\"\" width=\"70\" height=\"70\" data-recalc-dims=\"1\" \/><\/div>\n<div class=\"three\"><img loading=\"lazy\" decoding=\"async\" class=\"alignnone size-full wp-image-8219\" src=\"https:\/\/i0.wp.com\/www.proyectum.com\/sistema\/wp-content\/uploads\/2019\/09\/WebSistemaProyectum-Elementos11.png?resize=100%2C100&#038;ssl=1\" alt=\"\" width=\"100\" height=\"100\" data-recalc-dims=\"1\" \/><\/div>\n<\/div>\n<p>[\/vc_column_text][\/vc_column_inner][\/vc_row_inner][vc_row_inner][vc_column_inner][vc_custom_heading text=\u00bb\u00bfA\u00daN TIENES PREGUNTAS<\/p>\n<p>SOBRE VPMO?\u00bb font_container=\u00bbtag:h3|text_align:center\u00bb use_theme_fonts=\u00bbyes\u00bb el_class=\u00bbtext-title-session-vpmo mb\u00bb el_id=\u00bbcontacto\u00bb][vc_column_text]<a href=\"https:\/\/api.whatsapp.com\/send?phone=50766177475&amp;text=Hola!\" target=\"_blank\" rel=\"noopener noreferrer\"><img loading=\"lazy\" decoding=\"async\" class=\"aligncenter wp-image-7352 size-medium\" src=\"https:\/\/i0.wp.com\/www.proyectum.com\/pa\/wp-content\/uploads\/2019\/09\/boton-1-300x101.png?resize=300%2C101&#038;ssl=1\" alt=\"\" width=\"300\" height=\"101\" data-recalc-dims=\"1\" \/><\/a>[\/vc_column_text][\/vc_column_inner][\/vc_row_inner][\/vc_column][\/vc_row][vc_row css=\u00bb.vc_custom_1568404294594{padding-right: 10px !important;padding-left: 10px !important;}\u00bb][vc_column][vc_column_text]<\/p>\n<div id=\"contacto\" style=\"height: 100px;\"><\/div>\n<p>[\/vc_column_text][vc_custom_heading text=\u00bbCont\u00e1ctenos\u00bb font_container=\u00bbtag:h3|text_align:center\u00bb use_theme_fonts=\u00bbyes\u00bb el_class=\u00bbtitle-contactenos\u00bb]\n<div class=\"wpcf7 no-js\" id=\"wpcf7-f7351-o1\" lang=\"es-ES\" dir=\"ltr\">\n<div class=\"screen-reader-response\"><p role=\"status\" aria-live=\"polite\" aria-atomic=\"true\"><\/p> <ul><\/ul><\/div>\n<form action=\"\/pa\/wp-json\/wp\/v2\/pages\/7346#wpcf7-f7351-o1\" method=\"post\" class=\"wpcf7-form init\" aria-label=\"Formulario de contacto\" novalidate=\"novalidate\" data-status=\"init\">\n<div style=\"display: none;\">\n<input type=\"hidden\" name=\"_wpcf7\" value=\"7351\" \/>\n<input type=\"hidden\" name=\"_wpcf7_version\" value=\"5.9.4\" \/>\n<input type=\"hidden\" name=\"_wpcf7_locale\" value=\"es_ES\" \/>\n<input type=\"hidden\" name=\"_wpcf7_unit_tag\" value=\"wpcf7-f7351-o1\" \/>\n<input type=\"hidden\" name=\"_wpcf7_container_post\" value=\"0\" \/>\n<input type=\"hidden\" name=\"_wpcf7_posted_data_hash\" value=\"\" \/>\n<\/div>\n<div class=\"row\"><div class=\"col-md-1\"><\/div>\n    <div class=\"col-md-5\">\n        <div class=\"row\">\n            <label class=\"text-title-form\"><i class=\"Simple-Line-Icons-user text-color-light\"><\/i> Nombre Completo<\/label>\n            <div class=\"col-lg-12\"> <span class=\"wpcf7-form-control-wrap\" data-name=\"your-name\"><input size=\"40\" class=\"wpcf7-form-control wpcf7-text wpcf7-validates-as-required custom-contact-input\" aria-required=\"true\" aria-invalid=\"false\" placeholder=\"Escribe tu nombre y apellido *\" value=\"\" type=\"text\" name=\"your-name\" \/><\/span> <\/div>\n        <\/div>\n        <br\/>\n        <div class=\"row\">\n            <label class=\"text-title-form\"><i class=\"Simple-Line-Icons-call-out icons text-color-light\"><\/i> Tel\u00e9fono<\/label>\n            <div class=\"col-lg-12\"> <span class=\"wpcf7-form-control-wrap\" data-name=\"your-phone\"><input size=\"40\" class=\"wpcf7-form-control wpcf7-text custom-contact-input\" aria-invalid=\"false\" placeholder=\"N\u00famero de contacto\" value=\"\" type=\"text\" name=\"your-phone\" \/><\/span> <\/div>\n        <\/div>\n    <\/div><div class=\"col-md-1\"><\/div>\n    <div class=\"col-md-5\">\n        <div class=\"row\">\n            <label class=\"text-title-form\"><i class=\"Simple-Line-Icons-envelope text-color-light\"><\/i> Correo Electr\u00f3nico<\/label>\n            <div class=\"col-lg-12\"> <span class=\"wpcf7-form-control-wrap\" data-name=\"your-email\"><input size=\"40\" class=\"wpcf7-form-control wpcf7-email wpcf7-validates-as-required wpcf7-text wpcf7-validates-as-email custom-contact-input\" aria-required=\"true\" aria-invalid=\"false\" placeholder=\"A donde te escribiremos *\" value=\"\" type=\"email\" name=\"your-email\" \/><\/span> <\/div>\n        <\/div>\n        <div class=\"row\">\n            <div class=\"text-left text-checkbox\"><span class=\"wpcf7-form-control-wrap\" data-name=\"boletin\"><span class=\"wpcf7-form-control wpcf7-acceptance\"><span class=\"wpcf7-list-item\"><label><input type=\"checkbox\" name=\"boletin\" value=\"1\" checked=\"checked\" aria-invalid=\"false\" \/><span class=\"wpcf7-list-item-label\">Deseo recibir el bolet\u00edn quincenal<\/span><\/label><\/span><\/span><\/span><\/div>\n            <div class=\"text-left text-checkbox\"><span class=\"wpcf7-form-control-wrap\" data-name=\"webinars\"><span class=\"wpcf7-form-control wpcf7-acceptance\"><span class=\"wpcf7-list-item\"><label><input type=\"checkbox\" name=\"webinars\" value=\"1\" checked=\"checked\" aria-invalid=\"false\" \/><span class=\"wpcf7-list-item-label\">Deseo recibir invitaciones a webinars<\/span><\/label><\/span><\/span><\/span><\/div>\n            <div class=\"text-left text-checkbox\"><span class=\"wpcf7-form-control-wrap\" data-name=\"acceptance-politicas\"><span class=\"wpcf7-form-control wpcf7-acceptance\"><span class=\"wpcf7-list-item\"><label><input type=\"checkbox\" name=\"acceptance-politicas\" value=\"1\" aria-invalid=\"false\" \/><span class=\"wpcf7-list-item-label\">He le\u00eddo la <a href=\"\/cl\/politicas-de-privacidad\/\" target=\"_blank\">pol\u00edtica de privacidad<\/a> y la acepto.<\/span><\/label><\/span><\/span><\/span><\/div>\n        <\/div>\n    <\/div>\n<\/div>\n<div class=\"row center\">\n    <div class=\"col-lg-12 text-right\"><input class=\"wpcf7-form-control wpcf7-submit has-spinner custom-btn-style-4 btn-enviar-form box\" type=\"submit\" value=\"Enviar\" \/><\/div>\n<\/div><div class=\"wpcf7-response-output\" aria-hidden=\"true\"><\/div>\n<\/form>\n<\/div>\n[\/vc_column][\/vc_row]<\/p>\n<\/div>","protected":false},"excerpt":{"rendered":"<p>[vc_row full_width=\u00bbstretch_row_content_no_spaces\u00bb text_align=\u00bbcenter\u00bb][vc_column css=\u00bb.vc_custom_1567460850218{background-image: url(https:\/\/www.proyectum.com\/sistema\/wp-content\/uploads\/2019\/09\/Landing-PMO-Virtual1-1.png?id=8216) !important;background-position: center !important;background-repeat: no-repeat !important;background-size: cover !important;}\u00bb][vc_column_text] VPMO Para ti, que buscas lograr tus metas y quieres hacer realidad esa idea que tienes en mente, te ofrecemos un servicio que te asegure las mejores condiciones para el \u00e9xito de tu proyecto y te acompa\u00f1e a completar cada etapa en tiempo, [&hellip;]<\/p>\n","protected":false},"author":15,"featured_media":0,"parent":0,"menu_order":0,"comment_status":"closed","ping_status":"closed","template":"","meta":{"footnotes":""},"yoast_head":"<!-- This site is optimized with the Yoast SEO plugin v24.2 - https:\/\/yoast.com\/wordpress\/plugins\/seo\/ -->\n<title>VPMO - Proyectum Panama<\/title>\n<meta name=\"robots\" content=\"index, follow, max-snippet:-1, max-image-preview:large, max-video-preview:-1\" \/>\n<link rel=\"canonical\" href=\"https:\/\/proyectum.com\/pa\/vpmo\/\" \/>\n<meta property=\"og:locale\" content=\"es_ES\" \/>\n<meta property=\"og:type\" content=\"article\" \/>\n<meta property=\"og:title\" content=\"VPMO - Proyectum Panama\" \/>\n<meta property=\"og:description\" content=\"[vc_row full_width=\u00bbstretch_row_content_no_spaces\u00bb text_align=\u00bbcenter\u00bb][vc_column css=\u00bb.vc_custom_1567460850218{background-image: url(https:\/\/www.proyectum.com\/sistema\/wp-content\/uploads\/2019\/09\/Landing-PMO-Virtual1-1.png?id=8216) !important;background-position: center !important;background-repeat: no-repeat !important;background-size: cover !important;}\u00bb][vc_column_text] VPMO Para ti, que buscas lograr tus metas y quieres hacer realidad esa idea que tienes en mente, te ofrecemos un servicio que te asegure las mejores condiciones para el \u00e9xito de tu proyecto y te acompa\u00f1e a completar cada etapa en tiempo, [&hellip;]\" \/>\n<meta property=\"og:url\" content=\"https:\/\/proyectum.com\/pa\/vpmo\/\" \/>\n<meta property=\"og:site_name\" content=\"Proyectum Panama\" \/>\n<meta property=\"article:publisher\" content=\"https:\/\/www.facebook.com\/Proyectum-Panam%c3%a1-105975414514052\/\" \/>\n<meta property=\"article:modified_time\" content=\"2020-08-27T14:56:38+00:00\" \/>\n<meta property=\"og:image\" content=\"https:\/\/www.proyectum.com\/sistema\/wp-content\/uploads\/2019\/09\/WebSistemaProyectum-Elementos10.png\" \/>\n<meta name=\"twitter:card\" content=\"summary_large_image\" \/>\n<meta name=\"twitter:label1\" content=\"Tiempo de lectura\" \/>\n\t<meta name=\"twitter:data1\" content=\"3 minutos\" \/>\n<script type=\"application\/ld+json\" class=\"yoast-schema-graph\">{\"@context\":\"https:\/\/schema.org\",\"@graph\":[{\"@type\":\"WebPage\",\"@id\":\"https:\/\/proyectum.com\/pa\/vpmo\/\",\"url\":\"https:\/\/proyectum.com\/pa\/vpmo\/\",\"name\":\"VPMO - Proyectum Panama\",\"isPartOf\":{\"@id\":\"https:\/\/proyectum.com\/pa\/#website\"},\"primaryImageOfPage\":{\"@id\":\"https:\/\/proyectum.com\/pa\/vpmo\/#primaryimage\"},\"image\":{\"@id\":\"https:\/\/proyectum.com\/pa\/vpmo\/#primaryimage\"},\"thumbnailUrl\":\"https:\/\/www.proyectum.com\/sistema\/wp-content\/uploads\/2019\/09\/WebSistemaProyectum-Elementos10.png\",\"datePublished\":\"2019-09-03T13:41:15+00:00\",\"dateModified\":\"2020-08-27T14:56:38+00:00\",\"breadcrumb\":{\"@id\":\"https:\/\/proyectum.com\/pa\/vpmo\/#breadcrumb\"},\"inLanguage\":\"es\",\"potentialAction\":[{\"@type\":\"ReadAction\",\"target\":[\"https:\/\/proyectum.com\/pa\/vpmo\/\"]}]},{\"@type\":\"ImageObject\",\"inLanguage\":\"es\",\"@id\":\"https:\/\/proyectum.com\/pa\/vpmo\/#primaryimage\",\"url\":\"https:\/\/www.proyectum.com\/sistema\/wp-content\/uploads\/2019\/09\/WebSistemaProyectum-Elementos10.png\",\"contentUrl\":\"https:\/\/www.proyectum.com\/sistema\/wp-content\/uploads\/2019\/09\/WebSistemaProyectum-Elementos10.png\"},{\"@type\":\"BreadcrumbList\",\"@id\":\"https:\/\/proyectum.com\/pa\/vpmo\/#breadcrumb\",\"itemListElement\":[{\"@type\":\"ListItem\",\"position\":1,\"name\":\"Home\",\"item\":\"https:\/\/proyectum.com\/pa\/\"},{\"@type\":\"ListItem\",\"position\":2,\"name\":\"VPMO\"}]},{\"@type\":\"WebSite\",\"@id\":\"https:\/\/proyectum.com\/pa\/#website\",\"url\":\"https:\/\/proyectum.com\/pa\/\",\"name\":\"Proyectum Panama\",\"description\":\"Ahora somos m\u00e1s \u00e1giles\",\"publisher\":{\"@id\":\"https:\/\/proyectum.com\/pa\/#organization\"},\"potentialAction\":[{\"@type\":\"SearchAction\",\"target\":{\"@type\":\"EntryPoint\",\"urlTemplate\":\"https:\/\/proyectum.com\/pa\/?s={search_term_string}\"},\"query-input\":{\"@type\":\"PropertyValueSpecification\",\"valueRequired\":true,\"valueName\":\"search_term_string\"}}],\"inLanguage\":\"es\"},{\"@type\":\"Organization\",\"@id\":\"https:\/\/proyectum.com\/pa\/#organization\",\"name\":\"Proyectum Panama\",\"url\":\"https:\/\/proyectum.com\/pa\/\",\"logo\":{\"@type\":\"ImageObject\",\"inLanguage\":\"es\",\"@id\":\"https:\/\/proyectum.com\/pa\/#\/schema\/logo\/image\/\",\"url\":\"https:\/\/i2.wp.com\/www.proyectum.com\/pa\/wp-content\/uploads\/2020\/04\/proyectum-logo-snippet.png?fit=600%2C315&ssl=1\",\"contentUrl\":\"https:\/\/i2.wp.com\/www.proyectum.com\/pa\/wp-content\/uploads\/2020\/04\/proyectum-logo-snippet.png?fit=600%2C315&ssl=1\",\"width\":600,\"height\":315,\"caption\":\"Proyectum Panama\"},\"image\":{\"@id\":\"https:\/\/proyectum.com\/pa\/#\/schema\/logo\/image\/\"},\"sameAs\":[\"https:\/\/www.facebook.com\/Proyectum-Panam\u00e1-105975414514052\/\",\"https:\/\/www.instagram.com\/proyectumpanama\/\",\"https:\/\/www.linkedin.com\/company\/proyectum-panam\u00e1\",\"https:\/\/www.youtube.com\/channel\/UCyMurK2Bb2cIlw-BaZ0641Q\"]}]}<\/script>\n<!-- \/ Yoast SEO plugin. -->","yoast_head_json":{"title":"VPMO - Proyectum Panama","robots":{"index":"index","follow":"follow","max-snippet":"max-snippet:-1","max-image-preview":"max-image-preview:large","max-video-preview":"max-video-preview:-1"},"canonical":"https:\/\/proyectum.com\/pa\/vpmo\/","og_locale":"es_ES","og_type":"article","og_title":"VPMO - Proyectum Panama","og_description":"[vc_row full_width=\u00bbstretch_row_content_no_spaces\u00bb text_align=\u00bbcenter\u00bb][vc_column css=\u00bb.vc_custom_1567460850218{background-image: url(https:\/\/www.proyectum.com\/sistema\/wp-content\/uploads\/2019\/09\/Landing-PMO-Virtual1-1.png?id=8216) !important;background-position: center !important;background-repeat: no-repeat !important;background-size: cover !important;}\u00bb][vc_column_text] VPMO Para ti, que buscas lograr tus metas y quieres hacer realidad esa idea que tienes en mente, te ofrecemos un servicio que te asegure las mejores condiciones para el \u00e9xito de tu proyecto y te acompa\u00f1e a completar cada etapa en tiempo, [&hellip;]","og_url":"https:\/\/proyectum.com\/pa\/vpmo\/","og_site_name":"Proyectum Panama","article_publisher":"https:\/\/www.facebook.com\/Proyectum-Panam%c3%a1-105975414514052\/","article_modified_time":"2020-08-27T14:56:38+00:00","og_image":[{"url":"https:\/\/www.proyectum.com\/sistema\/wp-content\/uploads\/2019\/09\/WebSistemaProyectum-Elementos10.png","type":"","width":"","height":""}],"twitter_card":"summary_large_image","twitter_misc":{"Tiempo de lectura":"3 minutos"},"schema":{"@context":"https:\/\/schema.org","@graph":[{"@type":"WebPage","@id":"https:\/\/proyectum.com\/pa\/vpmo\/","url":"https:\/\/proyectum.com\/pa\/vpmo\/","name":"VPMO - Proyectum Panama","isPartOf":{"@id":"https:\/\/proyectum.com\/pa\/#website"},"primaryImageOfPage":{"@id":"https:\/\/proyectum.com\/pa\/vpmo\/#primaryimage"},"image":{"@id":"https:\/\/proyectum.com\/pa\/vpmo\/#primaryimage"},"thumbnailUrl":"https:\/\/www.proyectum.com\/sistema\/wp-content\/uploads\/2019\/09\/WebSistemaProyectum-Elementos10.png","datePublished":"2019-09-03T13:41:15+00:00","dateModified":"2020-08-27T14:56:38+00:00","breadcrumb":{"@id":"https:\/\/proyectum.com\/pa\/vpmo\/#breadcrumb"},"inLanguage":"es","potentialAction":[{"@type":"ReadAction","target":["https:\/\/proyectum.com\/pa\/vpmo\/"]}]},{"@type":"ImageObject","inLanguage":"es","@id":"https:\/\/proyectum.com\/pa\/vpmo\/#primaryimage","url":"https:\/\/www.proyectum.com\/sistema\/wp-content\/uploads\/2019\/09\/WebSistemaProyectum-Elementos10.png","contentUrl":"https:\/\/www.proyectum.com\/sistema\/wp-content\/uploads\/2019\/09\/WebSistemaProyectum-Elementos10.png"},{"@type":"BreadcrumbList","@id":"https:\/\/proyectum.com\/pa\/vpmo\/#breadcrumb","itemListElement":[{"@type":"ListItem","position":1,"name":"Home","item":"https:\/\/proyectum.com\/pa\/"},{"@type":"ListItem","position":2,"name":"VPMO"}]},{"@type":"WebSite","@id":"https:\/\/proyectum.com\/pa\/#website","url":"https:\/\/proyectum.com\/pa\/","name":"Proyectum Panama","description":"Ahora somos m\u00e1s \u00e1giles","publisher":{"@id":"https:\/\/proyectum.com\/pa\/#organization"},"potentialAction":[{"@type":"SearchAction","target":{"@type":"EntryPoint","urlTemplate":"https:\/\/proyectum.com\/pa\/?s={search_term_string}"},"query-input":{"@type":"PropertyValueSpecification","valueRequired":true,"valueName":"search_term_string"}}],"inLanguage":"es"},{"@type":"Organization","@id":"https:\/\/proyectum.com\/pa\/#organization","name":"Proyectum Panama","url":"https:\/\/proyectum.com\/pa\/","logo":{"@type":"ImageObject","inLanguage":"es","@id":"https:\/\/proyectum.com\/pa\/#\/schema\/logo\/image\/","url":"https:\/\/i2.wp.com\/www.proyectum.com\/pa\/wp-content\/uploads\/2020\/04\/proyectum-logo-snippet.png?fit=600%2C315&ssl=1","contentUrl":"https:\/\/i2.wp.com\/www.proyectum.com\/pa\/wp-content\/uploads\/2020\/04\/proyectum-logo-snippet.png?fit=600%2C315&ssl=1","width":600,"height":315,"caption":"Proyectum Panama"},"image":{"@id":"https:\/\/proyectum.com\/pa\/#\/schema\/logo\/image\/"},"sameAs":["https:\/\/www.facebook.com\/Proyectum-Panam\u00e1-105975414514052\/","https:\/\/www.instagram.com\/proyectumpanama\/","https:\/\/www.linkedin.com\/company\/proyectum-panam\u00e1","https:\/\/www.youtube.com\/channel\/UCyMurK2Bb2cIlw-BaZ0641Q"]}]}},"jetpack_sharing_enabled":true,"_links":{"self":[{"href":"https:\/\/proyectum.com\/pa\/wp-json\/wp\/v2\/pages\/7346"}],"collection":[{"href":"https:\/\/proyectum.com\/pa\/wp-json\/wp\/v2\/pages"}],"about":[{"href":"https:\/\/proyectum.com\/pa\/wp-json\/wp\/v2\/types\/page"}],"author":[{"embeddable":true,"href":"https:\/\/proyectum.com\/pa\/wp-json\/wp\/v2\/users\/15"}],"replies":[{"embeddable":true,"href":"https:\/\/proyectum.com\/pa\/wp-json\/wp\/v2\/comments?post=7346"}],"version-history":[{"count":0,"href":"https:\/\/proyectum.com\/pa\/wp-json\/wp\/v2\/pages\/7346\/revisions"}],"wp:attachment":[{"href":"https:\/\/proyectum.com\/pa\/wp-json\/wp\/v2\/media?parent=7346"}],"curies":[{"name":"wp","href":"https:\/\/api.w.org\/{rel}","templated":true}]}}