{"id":7523,"date":"2020-08-27T17:46:11","date_gmt":"2020-08-27T21:46:11","guid":{"rendered":"https:\/\/www.proyectum.com\/pa\/?page_id=7523"},"modified":"2021-04-23T10:09:02","modified_gmt":"2021-04-23T14:09:02","slug":"dagile-lean-scrum-master-pmi","status":"publish","type":"page","link":"https:\/\/proyectum.com\/pa\/capacitacion\/dagile-lean-scrum-master-pmi\/","title":{"rendered":"Disciplined Agile Lean Scrum Master DALSM-PMI\u00ae"},"content":{"rendered":"<div class=\"wpb-content-wrapper\"><p>[vc_row full_width=\u00bbstretch_row\u00bb css=\u00bb.vc_custom_1538081762258{padding-top: 58px !important;padding-bottom: 58px !important;background-image: url(https:\/\/www.proyectum.com\/pa\/wp-content\/uploads\/2018\/09\/curso-tipo.png?id=6990) !important;background-position: center !important;background-repeat: no-repeat !important;background-size: cover !important;}\u00bb][vc_column width=\u00bb1\/2&#8243;][vc_custom_heading text=\u00bbDisciplined Agile Lean Scrum Master DALSM-PMI\u00ae\u00bb font_container=\u00bbtag:h1|font_size:35|text_align:center|color:%23ffffff\u00bb use_theme_fonts=\u00bbyes\u00bb css=\u00bb.vc_custom_1598643497131{margin-bottom: 0px !important;}\u00bb][\/vc_column][vc_column width=\u00bb1\/2&#8243;][vc_single_image image=\u00bb7539&#8243; img_size=\u00bb180X160&#8243; alignment=\u00bbcenter\u00bb][\/vc_column][\/vc_row][vc_row css=\u00bb.vc_custom_1488777218947{padding-top: 25px !important;padding-bottom: 60px !important;}\u00bb][vc_column width=\u00bb2\/3&#8243; css=\u00bb.vc_custom_1538081880375{padding-right: 40px !important;}\u00bb][vc_column_text]<\/p>\n<div>Como l\u00edder de equipo, te esfuerzas por ser m\u00e1s \u00e1gil y ayudar a tu equipo a ser m\u00e1s productivo. \u00a0Para tener \u00e9xito, necesitas una mentalidad \u00e1gil, combinada con liderazgo y habilidades de Gesti\u00f3n del Equipo. \u00a0Al mismo tiempo, requieres hacer lo propio en el contexto de tu organizaci\u00f3n y su cultura.<\/div>\n<div><\/div>\n<div>La nueva capacitaci\u00f3n y certificaci\u00f3n\u00a0<em><strong>Disciplined Agile Lean Scrum Master<\/strong>\u00a0(<strong>DALSM<\/strong>),<\/em>\u00a0proporciona herramientas y estrategias para ayudarte a liderar un equipo \u00e1gil, influir en las personas y eliminar los impedimentos. \u00a0Utilizando estrategias \u00e1giles del mundo real, aprender\u00e1s c\u00f3mo adaptar la Manera de Trabajar de tu equipo (Way of Working, WoW) para optimizar la productividad y mejorar continuamente.\u00a0Al terminar este taller, estar\u00e1s listo para certificarte\u00a0<strong>DALSM<\/strong>.<\/div>\n<p>[\/vc_column_text][vc_tta_tabs active_section=\u00bb1&#8243; css=\u00bb.vc_custom_1538062059766{margin-top: 20px !important;}\u00bb][vc_tta_section title=\u00bbAntecedentes\u00bb tab_id=\u00bb1541444757751-389b2c58-e32c\u00bb][vc_column_text]<\/p>\n<h3><span style=\"color: #00416b;\">\u00bfQui\u00e9nes deben participar?<\/span><\/h3>\n<ul>\n<li>Ejecutivos, L\u00edderes o Gerentes de \u00e1rea.<\/li>\n<li>Gerentes de Desarrollo, QA e Infraestructura.<\/li>\n<li>Directores de Proyecto y de Programa.<\/li>\n<li>Gerentes de Producto.<\/li>\n<li>Gerentes de Portafolio, L\u00edderes de PMO y de Proceso.<\/li>\n<li>Arquitectos empresariales, de sistema y de soluci\u00f3n<\/li>\n<\/ul>\n<p>[\/vc_column_text][\/vc_tta_section][vc_tta_section title=\u00bbObjetivos\u00bb tab_id=\u00bb1541444757839-058727a5-b556&#8243;][vc_column_text]<strong>Al finalizar este taller usted ser\u00e1 capaz de:<\/strong><\/p>\n<ul>\n<li>Aplicar los valores, principios y pr\u00e1cticas \u00c1giles en tu equipo.<\/li>\n<li>Describir c\u00f3mo crear el ambiente dentro del cual se pueda lograr Flujo de Valor.<\/li>\n<li>Determinar los pasos requeridos para alcanzar la Agilidad Empresarial y lo que necesitas hacer dentro de tu organizaci\u00f3n.<\/li>\n<li>Escoger las pr\u00e1cticas y t\u00e9cnicas apropiadas, dado tu entorno de trabajo, para Mejorar Continuamente tu Forma de Trabajar WoW.<\/li>\n<li>Identificar Soluciones Personalizadas para abordar las necesidades comunes que aun existan, de la organizaci\u00f3n y gerencia, incluso siendo \u00e1giles.<\/li>\n<\/ul>\n<p>[\/vc_column_text][\/vc_tta_section][vc_tta_section title=\u00bbContenidos\u00bb tab_id=\u00bb1541455357238-d8636f7d-26cc\u00bb][vc_column_text]<span style=\"color: #000000;\"><strong>1. Fundamentos de Disciplined Agile<\/strong><\/span><\/p>\n<p><em><strong><span style=\"color: #000000;\">1.1 La Mentalidad de Disciplined Agile<\/span><\/strong><\/em><\/p>\n<ul>\n<li><span style=\"color: #000000;\">Los siete principios de Disciplined Agile.<\/span><\/li>\n<li><span style=\"color: #000000;\">El Manifiesto de Disciplined Agile<\/span><\/li>\n<\/ul>\n<div><em><strong><span style=\"color: #000000;\">1.2 Visi\u00f3n General<\/span><\/strong><\/em><\/div>\n<ul>\n<li><span style=\"color: #000000;\">Capas de agilidad organizacional.<\/span><\/li>\n<li><span style=\"color: #000000;\">Ciclos de vida \u2013 Equipo y flujo de valor (DA FLEX).<\/span><\/li>\n<li><span style=\"color: #000000;\">Diagramas de objetivos \u2013 C\u00f3mo leerlos y c\u00f3mo usarlos.<\/span><\/li>\n<li><span style=\"color: #000000;\">Sistemas adaptativos complejos (CAS).<\/span><\/li>\n<\/ul>\n<div><em><strong><span style=\"color: #000000;\">1.3 Gente y Equipos<\/span><\/strong><\/em><\/div>\n<ul>\n<li><span style=\"color: #000000;\">Roles y responsabilidades.<\/span><\/li>\n<li><span style=\"color: #000000;\">Estructuras de equipos.<\/span><\/li>\n<\/ul>\n<div><em><strong><span style=\"color: #000000;\">1.4 Agilidad del equipo<\/span><\/strong><\/em><\/div>\n<ul>\n<li><span style=\"color: #000000;\">Disciplined Agile Delivery (DAD).<\/span><\/li>\n<li><span style=\"color: #000000;\">Equipos de negocio \u00e1giles.<\/span><\/li>\n<li><span style=\"color: #000000;\">Equipos de servicio \u00e1giles.<\/span><\/li>\n<\/ul>\n<div><em><strong><span style=\"color: #000000;\">1.5 Agilidad Organizacional<\/span><\/strong><\/em><\/div>\n<ul>\n<li><span style=\"color: #000000;\">Disciplined DevOps.<\/span><\/li>\n<li><span style=\"color: #000000;\">Disciplined IT (DAIT).<\/span><\/li>\n<li><span style=\"color: #000000;\">Disciplined Agile Enterprise (DAE).<\/span><\/li>\n<li><span style=\"color: #000000;\">Disciplined Agile &#8211; FLEX.<\/span><\/li>\n<\/ul>\n<p><span style=\"color: #000000;\"><strong>2. \u00c1gil Pragm\u00e1tico y Elige tu Forma de Trabajar, Choose your WoW<\/strong><\/span><\/p>\n<h4><em><span style=\"color: #000000;\"><strong>2.1 Agilidad Pragm\u00e1tica<\/strong><\/span><\/em><\/h4>\n<ul>\n<li><span style=\"color: #000000;\">Mirar m\u00e1s all\u00e1 de su equipo \u00e1gil: organizaciones, regulaciones, clientes y otras demandas.<\/span><\/li>\n<li><span style=\"color: #000000;\">Estrategias para el seguimiento y los informes financieros que respaldan la agilidad empresarial.<\/span><\/li>\n<li><span style=\"color: #000000;\">Gesti\u00f3n de la carrera y estrategias de recompensas.<\/span><\/li>\n<li><span style=\"color: #000000;\">Abordar el riesgo en equipo \u00e1giles.<\/span><\/li>\n<li><span style=\"color: #000000;\">\u00bfQu\u00e9 son las Barandas (guardrails) y c\u00f3mo las aprovechas para tu equipo?<\/span><\/li>\n<li><span style=\"color: #000000;\">Mide lo que importa.<\/span><\/li>\n<\/ul>\n<h4><em><span style=\"color: #000000;\"><strong>2.2 Escoger tu Forma de Trabajar (WoW)<\/strong><\/span><\/em><\/h4>\n<ul>\n<li><span style=\"color: #000000;\">\u00bfCu\u00e1l es el contexto que enfrenta tu equipo?<\/span><\/li>\n<li><span style=\"color: #000000;\">Escoger el ciclo de vida que mejor calza.<\/span><\/li>\n<li><span style=\"color: #000000;\">Comprender, seleccionar y aplicar los objetivos del proceso en el contexto de tu equipo.<\/span><\/li>\n<li><span style=\"color: #000000;\">Dise\u00f1ar la forma inicial de trabajar de tu equipo (WoW).<\/span><\/li>\n<li><span style=\"color: #000000;\">Retrospectivas disciplinadas y Mejoramiento Continuo Guiado (GCI)<\/span><\/li>\n<\/ul>\n<p>[\/vc_column_text][\/vc_tta_section][\/vc_tta_tabs][\/vc_column][vc_column width=\u00bb1\/3&#8243; text_align=\u00bbleft\u00bb css=\u00bb.vc_custom_1538081853323{padding-left: 0px !important;}\u00bb]<div class=\"porto-u-heading  wpb_custom_95aa9a11c17ad45cfabaf210d84ee7cc porto-u-2263\"><div class=\"porto-u-main-heading\"><h2   style=\"font-weight:bold;line-height:27px;\">CURSOS PROYECTUM<\/h2><\/div><style>.porto-u-2263.porto-u-heading{text-align:left}<\/style><\/div>[vc_tta_accordion][vc_tta_section title=\u00bbCERTIFICACIONES\u00bb tab_id=\u00bb1537992268425-9e4a4cbc-6b0c\u00bb][vc_wp_custommenu nav_menu=\u00bb47&#8243;][\/vc_tta_section][vc_tta_section title=\u00bbDIRECCION DE PROYECTOS\u00bb tab_id=\u00bb1537992268460-618971a0-346c\u00bb][vc_wp_custommenu nav_menu=\u00bb48&#8243;][\/vc_tta_section][vc_tta_section title=\u00bbFUNDAMENTOS AGILES &amp; DEVOPS\u00bb tab_id=\u00bb1537992323741-129d2b9f-2fec\u00bb][vc_wp_custommenu nav_menu=\u00bb49&#8243;][\/vc_tta_section][vc_tta_section title=\u00bbOTROS PROGRAMAS Y CURSOS\u00bb tab_id=\u00bb1537992349441-86ffaea1-7c3c\u00bb][vc_wp_custommenu nav_menu=\u00bb50&#8243;][\/vc_tta_section][\/vc_tta_accordion][vc_btn title=\u00bbQUIERO INSCRIBIRME\u00bb align=\u00bbcenter\u00bb i_icon_fontawesome=\u00bbfa fa-question-circle\u00bb add_icon=\u00bbtrue\u00bb el_class=\u00bbbtn-saber-mas\u00bb link=\u00bburl:https%3A%2F%2Fwww.proyectum.com%2Fpa%2Finscripcion-cursos%2F|||\u00bb][\/vc_column][\/vc_row][vc_row css=\u00bb.vc_custom_1567568197298{margin-top: 30px !important;margin-bottom: 30px !important;}\u00bb][vc_column][vc_raw_html]JTNDaWZyYW1lJTIwc3R5bGUlM0QlMjJib3JkZXIlM0ElMjAwcHglMjFpbXBvcnRhbnQlM0IlMjIlMjBzcmMlM0QlMjJodHRwcyUzQSUyRiUyRnd3dy5wcm95ZWN0dW0uY29tJTJGc2lzdGVtYSUyRmZvcm11bGFyaW8tamV0cGFjay1kYXNzbSUyRiUyMiUyMHdpZHRoJTNEJTIyMTAwMHB4JTIyJTIwaGVpZ2h0JTNEJTIyNzAwcHglMjIlM0UlM0MlMkZpZnJhbWUlM0U=[\/vc_raw_html][\/vc_column][\/vc_row]<\/p>\n<\/div>","protected":false},"excerpt":{"rendered":"<p>[vc_row full_width=\u00bbstretch_row\u00bb css=\u00bb.vc_custom_1538081762258{padding-top: 58px !important;padding-bottom: 58px !important;background-image: url(https:\/\/www.proyectum.com\/pa\/wp-content\/uploads\/2018\/09\/curso-tipo.png?id=6990) !important;background-position: center !important;background-repeat: no-repeat !important;background-size: cover !important;}\u00bb][vc_column width=\u00bb1\/2&#8243;][vc_custom_heading text=\u00bbDisciplined Agile Lean Scrum Master DALSM-PMI\u00ae\u00bb font_container=\u00bbtag:h1|font_size:35|text_align:center|color:%23ffffff\u00bb use_theme_fonts=\u00bbyes\u00bb css=\u00bb.vc_custom_1598643497131{margin-bottom: 0px !important;}\u00bb][\/vc_column][vc_column width=\u00bb1\/2&#8243;][vc_single_image image=\u00bb7539&#8243; img_size=\u00bb180X160&#8243; alignment=\u00bbcenter\u00bb][\/vc_column][\/vc_row][vc_row css=\u00bb.vc_custom_1488777218947{padding-top: 25px !important;padding-bottom: 60px !important;}\u00bb][vc_column width=\u00bb2\/3&#8243; css=\u00bb.vc_custom_1538081880375{padding-right: 40px !important;}\u00bb][vc_column_text] Como l\u00edder de equipo, te esfuerzas por ser m\u00e1s \u00e1gil y ayudar a tu equipo [&hellip;]<\/p>\n","protected":false},"author":21,"featured_media":0,"parent":6889,"menu_order":0,"comment_status":"closed","ping_status":"closed","template":"","meta":{"footnotes":""},"yoast_head":"<!-- This site is optimized with the Yoast SEO plugin v24.2 - https:\/\/yoast.com\/wordpress\/plugins\/seo\/ -->\n<title>Disciplined Agile Lean Scrum Master DALSM-PMI\u00ae - Proyectum Panama<\/title>\n<meta name=\"description\" content=\"Obt\u00e9n la certificaci\u00f3n como Profesional en Direcci\u00f3n de Proyectos (PMP\u00ae), la certificaci\u00f3n profesional con mayor reconocimiento y m\u00e1s respetada en el mundo\" \/>\n<meta name=\"robots\" content=\"index, follow, max-snippet:-1, max-image-preview:large, max-video-preview:-1\" \/>\n<link rel=\"canonical\" href=\"https:\/\/proyectum.com\/pa\/capacitacion\/dagile-lean-scrum-master-pmi\/\" \/>\n<meta property=\"og:locale\" content=\"es_ES\" \/>\n<meta property=\"og:type\" content=\"article\" \/>\n<meta property=\"og:title\" content=\"Disciplined Agile Lean Scrum Master DALSM-PMI\u00ae - Proyectum Panama\" \/>\n<meta property=\"og:description\" content=\"Obt\u00e9n la certificaci\u00f3n como Profesional en Direcci\u00f3n de Proyectos (PMP\u00ae), la certificaci\u00f3n profesional con mayor reconocimiento y m\u00e1s respetada en el mundo\" \/>\n<meta property=\"og:url\" content=\"https:\/\/proyectum.com\/pa\/capacitacion\/dagile-lean-scrum-master-pmi\/\" \/>\n<meta property=\"og:site_name\" content=\"Proyectum Panama\" \/>\n<meta property=\"article:publisher\" content=\"https:\/\/www.facebook.com\/Proyectum-Panam%c3%a1-105975414514052\/\" \/>\n<meta property=\"article:modified_time\" content=\"2021-04-23T14:09:02+00:00\" \/>\n<meta name=\"twitter:card\" content=\"summary_large_image\" \/>\n<meta name=\"twitter:label1\" content=\"Tiempo de lectura\" \/>\n\t<meta name=\"twitter:data1\" content=\"3 minutos\" \/>\n<script type=\"application\/ld+json\" class=\"yoast-schema-graph\">{\"@context\":\"https:\/\/schema.org\",\"@graph\":[{\"@type\":\"WebPage\",\"@id\":\"https:\/\/proyectum.com\/pa\/capacitacion\/dagile-lean-scrum-master-pmi\/\",\"url\":\"https:\/\/proyectum.com\/pa\/capacitacion\/dagile-lean-scrum-master-pmi\/\",\"name\":\"Disciplined Agile Lean Scrum Master DALSM-PMI\u00ae - Proyectum Panama\",\"isPartOf\":{\"@id\":\"https:\/\/proyectum.com\/pa\/#website\"},\"datePublished\":\"2020-08-27T21:46:11+00:00\",\"dateModified\":\"2021-04-23T14:09:02+00:00\",\"description\":\"Obt\u00e9n la certificaci\u00f3n como Profesional en Direcci\u00f3n de Proyectos (PMP\u00ae), la certificaci\u00f3n profesional con mayor reconocimiento y m\u00e1s respetada en el mundo\",\"breadcrumb\":{\"@id\":\"https:\/\/proyectum.com\/pa\/capacitacion\/dagile-lean-scrum-master-pmi\/#breadcrumb\"},\"inLanguage\":\"es\",\"potentialAction\":[{\"@type\":\"ReadAction\",\"target\":[\"https:\/\/proyectum.com\/pa\/capacitacion\/dagile-lean-scrum-master-pmi\/\"]}]},{\"@type\":\"BreadcrumbList\",\"@id\":\"https:\/\/proyectum.com\/pa\/capacitacion\/dagile-lean-scrum-master-pmi\/#breadcrumb\",\"itemListElement\":[{\"@type\":\"ListItem\",\"position\":1,\"name\":\"Home\",\"item\":\"https:\/\/proyectum.com\/pa\/\"},{\"@type\":\"ListItem\",\"position\":2,\"name\":\"Capacitaci\u00f3n\",\"item\":\"https:\/\/proyectum.com\/pa\/capacitacion\/\"},{\"@type\":\"ListItem\",\"position\":3,\"name\":\"Disciplined Agile Lean Scrum Master DALSM-PMI\u00ae\"}]},{\"@type\":\"WebSite\",\"@id\":\"https:\/\/proyectum.com\/pa\/#website\",\"url\":\"https:\/\/proyectum.com\/pa\/\",\"name\":\"Proyectum Panama\",\"description\":\"Ahora somos m\u00e1s \u00e1giles\",\"publisher\":{\"@id\":\"https:\/\/proyectum.com\/pa\/#organization\"},\"potentialAction\":[{\"@type\":\"SearchAction\",\"target\":{\"@type\":\"EntryPoint\",\"urlTemplate\":\"https:\/\/proyectum.com\/pa\/?s={search_term_string}\"},\"query-input\":{\"@type\":\"PropertyValueSpecification\",\"valueRequired\":true,\"valueName\":\"search_term_string\"}}],\"inLanguage\":\"es\"},{\"@type\":\"Organization\",\"@id\":\"https:\/\/proyectum.com\/pa\/#organization\",\"name\":\"Proyectum Panama\",\"url\":\"https:\/\/proyectum.com\/pa\/\",\"logo\":{\"@type\":\"ImageObject\",\"inLanguage\":\"es\",\"@id\":\"https:\/\/proyectum.com\/pa\/#\/schema\/logo\/image\/\",\"url\":\"https:\/\/i2.wp.com\/www.proyectum.com\/pa\/wp-content\/uploads\/2020\/04\/proyectum-logo-snippet.png?fit=600%2C315&ssl=1\",\"contentUrl\":\"https:\/\/i2.wp.com\/www.proyectum.com\/pa\/wp-content\/uploads\/2020\/04\/proyectum-logo-snippet.png?fit=600%2C315&ssl=1\",\"width\":600,\"height\":315,\"caption\":\"Proyectum Panama\"},\"image\":{\"@id\":\"https:\/\/proyectum.com\/pa\/#\/schema\/logo\/image\/\"},\"sameAs\":[\"https:\/\/www.facebook.com\/Proyectum-Panam\u00e1-105975414514052\/\",\"https:\/\/www.instagram.com\/proyectumpanama\/\",\"https:\/\/www.linkedin.com\/company\/proyectum-panam\u00e1\",\"https:\/\/www.youtube.com\/channel\/UCyMurK2Bb2cIlw-BaZ0641Q\"]}]}<\/script>\n<!-- \/ Yoast SEO plugin. -->","yoast_head_json":{"title":"Disciplined Agile Lean Scrum Master DALSM-PMI\u00ae - Proyectum Panama","description":"Obt\u00e9n la certificaci\u00f3n como Profesional en Direcci\u00f3n de Proyectos (PMP\u00ae), la certificaci\u00f3n profesional con mayor reconocimiento y m\u00e1s respetada en el mundo","robots":{"index":"index","follow":"follow","max-snippet":"max-snippet:-1","max-image-preview":"max-image-preview:large","max-video-preview":"max-video-preview:-1"},"canonical":"https:\/\/proyectum.com\/pa\/capacitacion\/dagile-lean-scrum-master-pmi\/","og_locale":"es_ES","og_type":"article","og_title":"Disciplined Agile Lean Scrum Master DALSM-PMI\u00ae - Proyectum Panama","og_description":"Obt\u00e9n la certificaci\u00f3n como Profesional en Direcci\u00f3n de Proyectos (PMP\u00ae), la certificaci\u00f3n profesional con mayor reconocimiento y m\u00e1s respetada en el mundo","og_url":"https:\/\/proyectum.com\/pa\/capacitacion\/dagile-lean-scrum-master-pmi\/","og_site_name":"Proyectum Panama","article_publisher":"https:\/\/www.facebook.com\/Proyectum-Panam%c3%a1-105975414514052\/","article_modified_time":"2021-04-23T14:09:02+00:00","twitter_card":"summary_large_image","twitter_misc":{"Tiempo de lectura":"3 minutos"},"schema":{"@context":"https:\/\/schema.org","@graph":[{"@type":"WebPage","@id":"https:\/\/proyectum.com\/pa\/capacitacion\/dagile-lean-scrum-master-pmi\/","url":"https:\/\/proyectum.com\/pa\/capacitacion\/dagile-lean-scrum-master-pmi\/","name":"Disciplined Agile Lean Scrum Master DALSM-PMI\u00ae - Proyectum Panama","isPartOf":{"@id":"https:\/\/proyectum.com\/pa\/#website"},"datePublished":"2020-08-27T21:46:11+00:00","dateModified":"2021-04-23T14:09:02+00:00","description":"Obt\u00e9n la certificaci\u00f3n como Profesional en Direcci\u00f3n de Proyectos (PMP\u00ae), la certificaci\u00f3n profesional con mayor reconocimiento y m\u00e1s respetada en el mundo","breadcrumb":{"@id":"https:\/\/proyectum.com\/pa\/capacitacion\/dagile-lean-scrum-master-pmi\/#breadcrumb"},"inLanguage":"es","potentialAction":[{"@type":"ReadAction","target":["https:\/\/proyectum.com\/pa\/capacitacion\/dagile-lean-scrum-master-pmi\/"]}]},{"@type":"BreadcrumbList","@id":"https:\/\/proyectum.com\/pa\/capacitacion\/dagile-lean-scrum-master-pmi\/#breadcrumb","itemListElement":[{"@type":"ListItem","position":1,"name":"Home","item":"https:\/\/proyectum.com\/pa\/"},{"@type":"ListItem","position":2,"name":"Capacitaci\u00f3n","item":"https:\/\/proyectum.com\/pa\/capacitacion\/"},{"@type":"ListItem","position":3,"name":"Disciplined Agile Lean Scrum Master DALSM-PMI\u00ae"}]},{"@type":"WebSite","@id":"https:\/\/proyectum.com\/pa\/#website","url":"https:\/\/proyectum.com\/pa\/","name":"Proyectum Panama","description":"Ahora somos m\u00e1s \u00e1giles","publisher":{"@id":"https:\/\/proyectum.com\/pa\/#organization"},"potentialAction":[{"@type":"SearchAction","target":{"@type":"EntryPoint","urlTemplate":"https:\/\/proyectum.com\/pa\/?s={search_term_string}"},"query-input":{"@type":"PropertyValueSpecification","valueRequired":true,"valueName":"search_term_string"}}],"inLanguage":"es"},{"@type":"Organization","@id":"https:\/\/proyectum.com\/pa\/#organization","name":"Proyectum Panama","url":"https:\/\/proyectum.com\/pa\/","logo":{"@type":"ImageObject","inLanguage":"es","@id":"https:\/\/proyectum.com\/pa\/#\/schema\/logo\/image\/","url":"https:\/\/i2.wp.com\/www.proyectum.com\/pa\/wp-content\/uploads\/2020\/04\/proyectum-logo-snippet.png?fit=600%2C315&ssl=1","contentUrl":"https:\/\/i2.wp.com\/www.proyectum.com\/pa\/wp-content\/uploads\/2020\/04\/proyectum-logo-snippet.png?fit=600%2C315&ssl=1","width":600,"height":315,"caption":"Proyectum Panama"},"image":{"@id":"https:\/\/proyectum.com\/pa\/#\/schema\/logo\/image\/"},"sameAs":["https:\/\/www.facebook.com\/Proyectum-Panam\u00e1-105975414514052\/","https:\/\/www.instagram.com\/proyectumpanama\/","https:\/\/www.linkedin.com\/company\/proyectum-panam\u00e1","https:\/\/www.youtube.com\/channel\/UCyMurK2Bb2cIlw-BaZ0641Q"]}]}},"jetpack_sharing_enabled":true,"_links":{"self":[{"href":"https:\/\/proyectum.com\/pa\/wp-json\/wp\/v2\/pages\/7523"}],"collection":[{"href":"https:\/\/proyectum.com\/pa\/wp-json\/wp\/v2\/pages"}],"about":[{"href":"https:\/\/proyectum.com\/pa\/wp-json\/wp\/v2\/types\/page"}],"author":[{"embeddable":true,"href":"https:\/\/proyectum.com\/pa\/wp-json\/wp\/v2\/users\/21"}],"replies":[{"embeddable":true,"href":"https:\/\/proyectum.com\/pa\/wp-json\/wp\/v2\/comments?post=7523"}],"version-history":[{"count":0,"href":"https:\/\/proyectum.com\/pa\/wp-json\/wp\/v2\/pages\/7523\/revisions"}],"up":[{"embeddable":true,"href":"https:\/\/proyectum.com\/pa\/wp-json\/wp\/v2\/pages\/6889"}],"wp:attachment":[{"href":"https:\/\/proyectum.com\/pa\/wp-json\/wp\/v2\/media?parent=7523"}],"curies":[{"name":"wp","href":"https:\/\/api.w.org\/{rel}","templated":true}]}}