{"id":7525,"date":"2020-08-27T17:48:19","date_gmt":"2020-08-27T21:48:19","guid":{"rendered":"https:\/\/www.proyectum.com\/pa\/?page_id=7525"},"modified":"2020-08-28T15:29:56","modified_gmt":"2020-08-28T19:29:56","slug":"foundations-of-lean","status":"publish","type":"page","link":"https:\/\/proyectum.com\/pa\/capacitacion\/foundations-of-lean\/","title":{"rendered":"Foundations of Lean"},"content":{"rendered":"<div class=\"wpb-content-wrapper\"><p>[vc_row full_width=\u00bbstretch_row\u00bb css=\u00bb.vc_custom_1538081762258{padding-top: 58px !important;padding-bottom: 58px !important;background-image: url(https:\/\/www.proyectum.com\/pa\/wp-content\/uploads\/2018\/09\/curso-tipo.png?id=6990) !important;background-position: center !important;background-repeat: no-repeat !important;background-size: cover !important;}\u00bb][vc_column width=\u00bb1\/2&#8243;][vc_custom_heading text=\u00bb<br \/>\nFoundations of Lean\u00bb font_container=\u00bbtag:h1|font_size:35|text_align:center|color:%23ffffff\u00bb use_theme_fonts=\u00bbyes\u00bb css=\u00bb.vc_custom_1598642985278{margin-bottom: 0px !important;}\u00bb][\/vc_column][vc_column width=\u00bb1\/2&#8243;][vc_single_image image=\u00bb7539&#8243; img_size=\u00bb180&#215;160&#8243; alignment=\u00bbcenter\u00bb label=\u00bb\u00bb][\/vc_column][\/vc_row][vc_row css=\u00bb.vc_custom_1488777218947{padding-top: 25px !important;padding-bottom: 60px !important;}\u00bb][vc_column width=\u00bb2\/3&#8243; css=\u00bb.vc_custom_1538081880375{padding-right: 40px !important;}\u00bb][vc_column_text]Lean le ayudar\u00e1 a centrarse en el flujo de valor para el cliente de forma r\u00e1pida, sostenible, confiable y con alta calidad. Lean no es una soluci\u00f3n empaquetada; m\u00e1s bien utilizamos el pensamiento lean para guiar la transformaci\u00f3n de una organizaci\u00f3n hacia la agilidad empresarial. El pensamiento Lean examina todo el sistema y todos los flujos de valor. \u00a0Para lograr esto, Lean emplea conceptos como eliminaci\u00f3n de desperdicio, costo de demora, calidad, retroalimentaci\u00f3n y respuesta r\u00e1pidas y el rol de la gerencia.<\/p>\n<p>Este taller le ense\u00f1ar\u00e1 c\u00f3mo crear un entorno que promueva lograr la agilidad dentro de su equipo mientras trabaja hacia la realizaci\u00f3n r\u00e1pida de valor utilizando el pensamiento Lean. \u00a0Se utilizan juegos, simulaciones y discusiones grupales para reforzar las pr\u00e1cticas aprendidas durante este taller.[\/vc_column_text][vc_tta_tabs active_section=\u00bb1&#8243; css=\u00bb.vc_custom_1538062059766{margin-top: 20px !important;}\u00bb][vc_tta_section title=\u00bbAntecedentes\u00bb tab_id=\u00bb1541444757751-389b2c58-e32c\u00bb][vc_column_text]<\/p>\n<h3><span style=\"color: #00416b;\">\u00bfQui\u00e9nes deben participar?<\/span><\/h3>\n<ul>\n<li>Ejecutivos, L\u00edderes o Gerentes de \u00e1rea.<\/li>\n<li>Gerentes de Desarrollo, QA e Infraestructura.<\/li>\n<li>Directores de Proyecto y de Programa.<\/li>\n<li>Gerentes de Producto.<\/li>\n<li>Gerentes de Portafolio, L\u00edderes de PMO y de Proceso.<\/li>\n<li>Arquitectos empresariales, de sistema y de soluci\u00f3n.<\/li>\n<\/ul>\n<p>[\/vc_column_text][\/vc_tta_section][vc_tta_section title=\u00bbObjetivos\u00bb tab_id=\u00bb1541444757839-058727a5-b556&#8243;][vc_column_text]<strong>Al finalizar el curo Foundations of Lean usted ser\u00e1 capaz de:<\/strong><\/p>\n<ul>\n<li>Conocer\u00e1n los fundamentos de Lean: la atenci\u00f3n a la estructura, el tiempo y la educaci\u00f3n<\/li>\n<li>Conocer\u00e1n los principios de Lean<\/li>\n<li>Conocer\u00e1n el aspecto del tiempo de Lean<\/li>\n<li>Conducir el ejercicio de mapa de flujo de valor<\/li>\n<li>Conocer\u00e1n c\u00f3mo es un flujo de valor eficaz en una organizaci\u00f3n<\/li>\n<li>Discutir el papel de la administraci\u00f3n y su efecto en la cultura.<\/li>\n<li>Describir c\u00f3mo utilizar el planificar-hacer-estudiar-actuar (PDSA) para la mejora continua<\/li>\n<li><\/li>\n<\/ul>\n<p>[\/vc_column_text][\/vc_tta_section][vc_tta_section title=\u00bbContenidos\u00bb tab_id=\u00bb1541455357238-d8636f7d-26cc\u00bb][vc_column_text]<strong>Durante el curso podr\u00e1 aprender acerca de:<\/strong><\/p>\n<ul>\n<li>Qu\u00e9 es Lean y que no es Lean<\/li>\n<li>Valor: comprender el valor de los productos y servicios que ofrecemos<\/li>\n<li>El flujo de valor: comprender c\u00f3mo proporcionamos este valor<\/li>\n<li>Flujo: comprender c\u00f3mo hacer nuestro trabajo m\u00e1s eficazmente<\/li>\n<li>Pull: entender una forma diferente de gestionar el trabajo<\/li>\n<li>Perfecci\u00f3n: buscamos la perfecci\u00f3n, no tanto por lograrla sino por mejorar continuamente<\/li>\n<\/ul>\n<p>[\/vc_column_text][\/vc_tta_section][\/vc_tta_tabs][\/vc_column][vc_column width=\u00bb1\/3&#8243; text_align=\u00bbleft\u00bb css=\u00bb.vc_custom_1538081853323{padding-left: 0px !important;}\u00bb]<div class=\"porto-u-heading  wpb_custom_95aa9a11c17ad45cfabaf210d84ee7cc porto-u-2079\"><div class=\"porto-u-main-heading\"><h2   style=\"font-weight:bold;line-height:27px;\">CURSOS PROYECTUM<\/h2><\/div><style>.porto-u-2079.porto-u-heading{text-align:left}<\/style><\/div>[vc_tta_accordion][vc_tta_section title=\u00bbCERTIFICACIONES\u00bb tab_id=\u00bb1537992268425-9e4a4cbc-6b0c\u00bb][vc_wp_custommenu nav_menu=\u00bb47&#8243;][\/vc_tta_section][vc_tta_section title=\u00bbDIRECCION DE PROYECTOS\u00bb tab_id=\u00bb1537992268460-618971a0-346c\u00bb][vc_wp_custommenu nav_menu=\u00bb48&#8243;][\/vc_tta_section][vc_tta_section title=\u00bbFUNDAMENTOS AGILES &amp; DEVOPS\u00bb tab_id=\u00bb1537992323741-129d2b9f-2fec\u00bb][vc_wp_custommenu nav_menu=\u00bb49&#8243;][\/vc_tta_section][vc_tta_section title=\u00bbOTROS PROGRAMAS Y CURSOS\u00bb tab_id=\u00bb1537992349441-86ffaea1-7c3c\u00bb][vc_wp_custommenu nav_menu=\u00bb50&#8243;][\/vc_tta_section][\/vc_tta_accordion][vc_btn title=\u00bbQUIERO INSCRIBIRME\u00bb align=\u00bbcenter\u00bb i_icon_fontawesome=\u00bbfa fa-question-circle\u00bb add_icon=\u00bbtrue\u00bb el_class=\u00bbbtn-saber-mas\u00bb link=\u00bburl:https%3A%2F%2Fwww.proyectum.com%2Fpa%2Finscripcion-cursos%2F|||\u00bb][\/vc_column][\/vc_row][vc_row css=\u00bb.vc_custom_1567568197298{margin-top: 30px !important;margin-bottom: 30px !important;}\u00bb][vc_column]\n<div class=\"wpcf7 no-js\" id=\"wpcf7-f7367-o1\" lang=\"es-ES\" dir=\"ltr\">\n<div class=\"screen-reader-response\"><p role=\"status\" aria-live=\"polite\" aria-atomic=\"true\"><\/p> <ul><\/ul><\/div>\n<form action=\"\/pa\/wp-json\/wp\/v2\/pages\/7525#wpcf7-f7367-o1\" method=\"post\" class=\"wpcf7-form init\" aria-label=\"Formulario de contacto\" novalidate=\"novalidate\" data-status=\"init\">\n<div style=\"display: none;\">\n<input type=\"hidden\" name=\"_wpcf7\" value=\"7367\" \/>\n<input type=\"hidden\" name=\"_wpcf7_version\" value=\"5.9.4\" \/>\n<input type=\"hidden\" name=\"_wpcf7_locale\" value=\"es_ES\" \/>\n<input type=\"hidden\" name=\"_wpcf7_unit_tag\" value=\"wpcf7-f7367-o1\" \/>\n<input type=\"hidden\" name=\"_wpcf7_container_post\" value=\"0\" \/>\n<input type=\"hidden\" name=\"_wpcf7_posted_data_hash\" value=\"\" \/>\n<\/div>\n<div class=\"row\">\n    <div class=\"col-md-6\">\n        <div class=\"row\">\n            <label class=\"text-title-form\"><i class=\"Simple-Line-Icons-user text-color-light\"><\/i> Nombre Completo<\/label>\n            <div class=\"col-lg-12\"> <span class=\"wpcf7-form-control-wrap\" data-name=\"your-name\"><input size=\"40\" class=\"wpcf7-form-control wpcf7-text wpcf7-validates-as-required custom-contact-input\" aria-required=\"true\" aria-invalid=\"false\" placeholder=\"Escribe tu nombre y apellido *\" value=\"\" type=\"text\" name=\"your-name\" \/><\/span> <\/div>\n        <\/div>\n        <br\/>\n        <div class=\"row\">\n            <label class=\"text-title-form\"><i class=\"Simple-Line-Icons-envelope text-color-light\"><\/i> Correo Electr\u00f3nico<\/label>\n            <div class=\"col-lg-12\"> <span class=\"wpcf7-form-control-wrap\" data-name=\"your-email\"><input size=\"40\" class=\"wpcf7-form-control wpcf7-email wpcf7-validates-as-required wpcf7-text wpcf7-validates-as-email custom-contact-input\" aria-required=\"true\" aria-invalid=\"false\" placeholder=\"A donde te escribiremos *\" value=\"\" type=\"email\" name=\"your-email\" \/><\/span> <\/div>\n        <\/div>\n        <br\/>\n        <div class=\"row\">\n            <label class=\"text-title-form\"><i class=\"Simple-Line-Icons-envelope text-color-light\"><\/i> Pa\u00eds<\/label>\n            <div class=\"col-lg-12\"> <span class=\"wpcf7-form-control-wrap\" data-name=\"your-country\"><input size=\"40\" class=\"wpcf7-form-control wpcf7-text wpcf7-validates-as-required custom-contact-input\" aria-required=\"true\" aria-invalid=\"false\" placeholder=\"\u00bfDe d\u00f3nde eres?\" value=\"\" type=\"text\" name=\"your-country\" \/><\/span> <\/div>\n        <\/div>\n    <\/div>\n    <div class=\"col-md-6\">\n        <div class=\"row\">\n            <label class=\"text-title-form\"><i class=\"Simple-Line-Icons-call-out icons text-color-light\"><\/i> Tel\u00e9fono<\/label>\n            <div class=\"col-lg-12\"> <span class=\"wpcf7-form-control-wrap\" data-name=\"your-phone\"><input size=\"40\" class=\"wpcf7-form-control wpcf7-text custom-contact-input\" aria-invalid=\"false\" placeholder=\"N\u00famero de contacto\" value=\"\" type=\"text\" name=\"your-phone\" \/><\/span> <\/div>\n        <\/div>\n        <br\/>\n        <div class=\"row\">\n            <label class=\"text-title-form\"><i class=\"Simple-Line-Icons-call-out icons text-color-light\"><\/i> Empresa<\/label>\n            <div class=\"col-lg-12\"> <span class=\"wpcf7-form-control-wrap\" data-name=\"your-phone\"><input size=\"40\" class=\"wpcf7-form-control wpcf7-text custom-contact-input\" aria-invalid=\"false\" placeholder=\"Tu lugar de trabajo\" value=\"\" type=\"text\" name=\"your-phone\" \/><\/span> <\/div>\n        <\/div>\n    <\/div>\n<\/div>\n<div class=\"row\">\n    <div class=\"col-md-6\">\n        <div class=\"row\">\n            <div class=\"text-left text-checkbox\"><span class=\"wpcf7-form-control-wrap\" data-name=\"boletin\"><span class=\"wpcf7-form-control wpcf7-acceptance\"><span class=\"wpcf7-list-item\"><label><input type=\"checkbox\" name=\"boletin\" value=\"1\" checked=\"checked\" aria-invalid=\"false\" \/><span class=\"wpcf7-list-item-label\">Deseo recibir el bolet\u00edn quincenal<\/span><\/label><\/span><\/span><\/span><\/div>\n<div class=\"text-left text-checkbox\"><span class=\"wpcf7-form-control-wrap\" data-name=\"webinars\"><span class=\"wpcf7-form-control wpcf7-acceptance\"><span class=\"wpcf7-list-item\"><label><input type=\"checkbox\" name=\"webinars\" value=\"1\" checked=\"checked\" aria-invalid=\"false\" \/><span class=\"wpcf7-list-item-label\">Deseo recibir invitaciones a webinars<\/span><\/label><\/span><\/span><\/span><\/div>\n            <div class=\"text-left text-checkbox\"><span class=\"wpcf7-form-control-wrap\" data-name=\"acceptance-politicas\"><span class=\"wpcf7-form-control wpcf7-acceptance\"><span class=\"wpcf7-list-item\"><label><input type=\"checkbox\" name=\"acceptance-politicas\" value=\"1\" aria-invalid=\"false\" \/><span class=\"wpcf7-list-item-label\">He le\u00eddo la <a href=\"\/cl\/politicas-de-privacidad\/\" target=\"_blank\">pol\u00edtica de privacidad<\/a> y la acepto.<\/span><\/label><\/span><\/span><\/span><\/div>\n        <\/div>\n    <\/div>\n    <div class=\"col-md-6\">\n        <div class=\"row center\">\n            <div class=\"col-lg-12 text-right\"><input class=\"wpcf7-form-control wpcf7-submit has-spinner custom-btn-style-4 btn-enviar-form box\" type=\"submit\" value=\"Enviar\" \/><\/div>\n        <\/div>\n    <\/div>\n<\/div><div class=\"wpcf7-response-output\" aria-hidden=\"true\"><\/div>\n<\/form>\n<\/div>\n[\/vc_column][\/vc_row]<\/p>\n<\/div>","protected":false},"excerpt":{"rendered":"<p>[vc_row full_width=\u00bbstretch_row\u00bb css=\u00bb.vc_custom_1538081762258{padding-top: 58px !important;padding-bottom: 58px !important;background-image: url(https:\/\/www.proyectum.com\/pa\/wp-content\/uploads\/2018\/09\/curso-tipo.png?id=6990) !important;background-position: center !important;background-repeat: no-repeat !important;background-size: cover !important;}\u00bb][vc_column width=\u00bb1\/2&#8243;][vc_custom_heading text=\u00bb Foundations of Lean\u00bb font_container=\u00bbtag:h1|font_size:35|text_align:center|color:%23ffffff\u00bb use_theme_fonts=\u00bbyes\u00bb css=\u00bb.vc_custom_1598642985278{margin-bottom: 0px !important;}\u00bb][\/vc_column][vc_column width=\u00bb1\/2&#8243;][vc_single_image image=\u00bb7539&#8243; img_size=\u00bb180&#215;160&#8243; alignment=\u00bbcenter\u00bb label=\u00bb\u00bb][\/vc_column][\/vc_row][vc_row css=\u00bb.vc_custom_1488777218947{padding-top: 25px !important;padding-bottom: 60px !important;}\u00bb][vc_column width=\u00bb2\/3&#8243; css=\u00bb.vc_custom_1538081880375{padding-right: 40px !important;}\u00bb][vc_column_text]Lean le ayudar\u00e1 a centrarse en el flujo de valor para el cliente de forma r\u00e1pida, sostenible, [&hellip;]<\/p>\n","protected":false},"author":21,"featured_media":0,"parent":6889,"menu_order":0,"comment_status":"closed","ping_status":"closed","template":"","meta":{"footnotes":""},"yoast_head":"<!-- This site is optimized with the Yoast SEO plugin v24.2 - https:\/\/yoast.com\/wordpress\/plugins\/seo\/ -->\n<title>Foundations of Lean - Proyectum Panama<\/title>\n<meta name=\"description\" content=\"Obt\u00e9n la certificaci\u00f3n como Profesional en Direcci\u00f3n de Proyectos (PMP\u00ae), la certificaci\u00f3n profesional con mayor reconocimiento y m\u00e1s respetada en el mundo\" \/>\n<meta name=\"robots\" content=\"index, follow, max-snippet:-1, max-image-preview:large, max-video-preview:-1\" \/>\n<link rel=\"canonical\" href=\"https:\/\/proyectum.com\/pa\/capacitacion\/foundations-of-lean\/\" \/>\n<meta property=\"og:locale\" content=\"es_ES\" \/>\n<meta property=\"og:type\" content=\"article\" \/>\n<meta property=\"og:title\" content=\"Foundations of Lean - Proyectum Panama\" \/>\n<meta property=\"og:description\" content=\"Obt\u00e9n la certificaci\u00f3n como Profesional en Direcci\u00f3n de Proyectos (PMP\u00ae), la certificaci\u00f3n profesional con mayor reconocimiento y m\u00e1s respetada en el mundo\" \/>\n<meta property=\"og:url\" content=\"https:\/\/proyectum.com\/pa\/capacitacion\/foundations-of-lean\/\" \/>\n<meta property=\"og:site_name\" content=\"Proyectum Panama\" \/>\n<meta property=\"article:publisher\" content=\"https:\/\/www.facebook.com\/Proyectum-Panam%c3%a1-105975414514052\/\" \/>\n<meta property=\"article:modified_time\" content=\"2020-08-28T19:29:56+00:00\" \/>\n<meta name=\"twitter:card\" content=\"summary_large_image\" \/>\n<meta name=\"twitter:label1\" content=\"Tiempo de lectura\" \/>\n\t<meta name=\"twitter:data1\" content=\"4 minutos\" \/>\n<script type=\"application\/ld+json\" class=\"yoast-schema-graph\">{\"@context\":\"https:\/\/schema.org\",\"@graph\":[{\"@type\":\"WebPage\",\"@id\":\"https:\/\/proyectum.com\/pa\/capacitacion\/foundations-of-lean\/\",\"url\":\"https:\/\/proyectum.com\/pa\/capacitacion\/foundations-of-lean\/\",\"name\":\"Foundations of Lean - Proyectum Panama\",\"isPartOf\":{\"@id\":\"https:\/\/proyectum.com\/pa\/#website\"},\"datePublished\":\"2020-08-27T21:48:19+00:00\",\"dateModified\":\"2020-08-28T19:29:56+00:00\",\"description\":\"Obt\u00e9n la certificaci\u00f3n como Profesional en Direcci\u00f3n de Proyectos (PMP\u00ae), la certificaci\u00f3n profesional con mayor reconocimiento y m\u00e1s respetada en el mundo\",\"breadcrumb\":{\"@id\":\"https:\/\/proyectum.com\/pa\/capacitacion\/foundations-of-lean\/#breadcrumb\"},\"inLanguage\":\"es\",\"potentialAction\":[{\"@type\":\"ReadAction\",\"target\":[\"https:\/\/proyectum.com\/pa\/capacitacion\/foundations-of-lean\/\"]}]},{\"@type\":\"BreadcrumbList\",\"@id\":\"https:\/\/proyectum.com\/pa\/capacitacion\/foundations-of-lean\/#breadcrumb\",\"itemListElement\":[{\"@type\":\"ListItem\",\"position\":1,\"name\":\"Home\",\"item\":\"https:\/\/proyectum.com\/pa\/\"},{\"@type\":\"ListItem\",\"position\":2,\"name\":\"Capacitaci\u00f3n\",\"item\":\"https:\/\/proyectum.com\/pa\/capacitacion\/\"},{\"@type\":\"ListItem\",\"position\":3,\"name\":\"Foundations of Lean\"}]},{\"@type\":\"WebSite\",\"@id\":\"https:\/\/proyectum.com\/pa\/#website\",\"url\":\"https:\/\/proyectum.com\/pa\/\",\"name\":\"Proyectum Panama\",\"description\":\"Ahora somos m\u00e1s \u00e1giles\",\"publisher\":{\"@id\":\"https:\/\/proyectum.com\/pa\/#organization\"},\"potentialAction\":[{\"@type\":\"SearchAction\",\"target\":{\"@type\":\"EntryPoint\",\"urlTemplate\":\"https:\/\/proyectum.com\/pa\/?s={search_term_string}\"},\"query-input\":{\"@type\":\"PropertyValueSpecification\",\"valueRequired\":true,\"valueName\":\"search_term_string\"}}],\"inLanguage\":\"es\"},{\"@type\":\"Organization\",\"@id\":\"https:\/\/proyectum.com\/pa\/#organization\",\"name\":\"Proyectum Panama\",\"url\":\"https:\/\/proyectum.com\/pa\/\",\"logo\":{\"@type\":\"ImageObject\",\"inLanguage\":\"es\",\"@id\":\"https:\/\/proyectum.com\/pa\/#\/schema\/logo\/image\/\",\"url\":\"https:\/\/i2.wp.com\/www.proyectum.com\/pa\/wp-content\/uploads\/2020\/04\/proyectum-logo-snippet.png?fit=600%2C315&ssl=1\",\"contentUrl\":\"https:\/\/i2.wp.com\/www.proyectum.com\/pa\/wp-content\/uploads\/2020\/04\/proyectum-logo-snippet.png?fit=600%2C315&ssl=1\",\"width\":600,\"height\":315,\"caption\":\"Proyectum Panama\"},\"image\":{\"@id\":\"https:\/\/proyectum.com\/pa\/#\/schema\/logo\/image\/\"},\"sameAs\":[\"https:\/\/www.facebook.com\/Proyectum-Panam\u00e1-105975414514052\/\",\"https:\/\/www.instagram.com\/proyectumpanama\/\",\"https:\/\/www.linkedin.com\/company\/proyectum-panam\u00e1\",\"https:\/\/www.youtube.com\/channel\/UCyMurK2Bb2cIlw-BaZ0641Q\"]}]}<\/script>\n<!-- \/ Yoast SEO plugin. -->","yoast_head_json":{"title":"Foundations of Lean - Proyectum Panama","description":"Obt\u00e9n la certificaci\u00f3n como Profesional en Direcci\u00f3n de Proyectos (PMP\u00ae), la certificaci\u00f3n profesional con mayor reconocimiento y m\u00e1s respetada en el mundo","robots":{"index":"index","follow":"follow","max-snippet":"max-snippet:-1","max-image-preview":"max-image-preview:large","max-video-preview":"max-video-preview:-1"},"canonical":"https:\/\/proyectum.com\/pa\/capacitacion\/foundations-of-lean\/","og_locale":"es_ES","og_type":"article","og_title":"Foundations of Lean - Proyectum Panama","og_description":"Obt\u00e9n la certificaci\u00f3n como Profesional en Direcci\u00f3n de Proyectos (PMP\u00ae), la certificaci\u00f3n profesional con mayor reconocimiento y m\u00e1s respetada en el mundo","og_url":"https:\/\/proyectum.com\/pa\/capacitacion\/foundations-of-lean\/","og_site_name":"Proyectum Panama","article_publisher":"https:\/\/www.facebook.com\/Proyectum-Panam%c3%a1-105975414514052\/","article_modified_time":"2020-08-28T19:29:56+00:00","twitter_card":"summary_large_image","twitter_misc":{"Tiempo de lectura":"4 minutos"},"schema":{"@context":"https:\/\/schema.org","@graph":[{"@type":"WebPage","@id":"https:\/\/proyectum.com\/pa\/capacitacion\/foundations-of-lean\/","url":"https:\/\/proyectum.com\/pa\/capacitacion\/foundations-of-lean\/","name":"Foundations of Lean - Proyectum Panama","isPartOf":{"@id":"https:\/\/proyectum.com\/pa\/#website"},"datePublished":"2020-08-27T21:48:19+00:00","dateModified":"2020-08-28T19:29:56+00:00","description":"Obt\u00e9n la certificaci\u00f3n como Profesional en Direcci\u00f3n de Proyectos (PMP\u00ae), la certificaci\u00f3n profesional con mayor reconocimiento y m\u00e1s respetada en el mundo","breadcrumb":{"@id":"https:\/\/proyectum.com\/pa\/capacitacion\/foundations-of-lean\/#breadcrumb"},"inLanguage":"es","potentialAction":[{"@type":"ReadAction","target":["https:\/\/proyectum.com\/pa\/capacitacion\/foundations-of-lean\/"]}]},{"@type":"BreadcrumbList","@id":"https:\/\/proyectum.com\/pa\/capacitacion\/foundations-of-lean\/#breadcrumb","itemListElement":[{"@type":"ListItem","position":1,"name":"Home","item":"https:\/\/proyectum.com\/pa\/"},{"@type":"ListItem","position":2,"name":"Capacitaci\u00f3n","item":"https:\/\/proyectum.com\/pa\/capacitacion\/"},{"@type":"ListItem","position":3,"name":"Foundations of Lean"}]},{"@type":"WebSite","@id":"https:\/\/proyectum.com\/pa\/#website","url":"https:\/\/proyectum.com\/pa\/","name":"Proyectum Panama","description":"Ahora somos m\u00e1s \u00e1giles","publisher":{"@id":"https:\/\/proyectum.com\/pa\/#organization"},"potentialAction":[{"@type":"SearchAction","target":{"@type":"EntryPoint","urlTemplate":"https:\/\/proyectum.com\/pa\/?s={search_term_string}"},"query-input":{"@type":"PropertyValueSpecification","valueRequired":true,"valueName":"search_term_string"}}],"inLanguage":"es"},{"@type":"Organization","@id":"https:\/\/proyectum.com\/pa\/#organization","name":"Proyectum Panama","url":"https:\/\/proyectum.com\/pa\/","logo":{"@type":"ImageObject","inLanguage":"es","@id":"https:\/\/proyectum.com\/pa\/#\/schema\/logo\/image\/","url":"https:\/\/i2.wp.com\/www.proyectum.com\/pa\/wp-content\/uploads\/2020\/04\/proyectum-logo-snippet.png?fit=600%2C315&ssl=1","contentUrl":"https:\/\/i2.wp.com\/www.proyectum.com\/pa\/wp-content\/uploads\/2020\/04\/proyectum-logo-snippet.png?fit=600%2C315&ssl=1","width":600,"height":315,"caption":"Proyectum Panama"},"image":{"@id":"https:\/\/proyectum.com\/pa\/#\/schema\/logo\/image\/"},"sameAs":["https:\/\/www.facebook.com\/Proyectum-Panam\u00e1-105975414514052\/","https:\/\/www.instagram.com\/proyectumpanama\/","https:\/\/www.linkedin.com\/company\/proyectum-panam\u00e1","https:\/\/www.youtube.com\/channel\/UCyMurK2Bb2cIlw-BaZ0641Q"]}]}},"jetpack_sharing_enabled":true,"_links":{"self":[{"href":"https:\/\/proyectum.com\/pa\/wp-json\/wp\/v2\/pages\/7525"}],"collection":[{"href":"https:\/\/proyectum.com\/pa\/wp-json\/wp\/v2\/pages"}],"about":[{"href":"https:\/\/proyectum.com\/pa\/wp-json\/wp\/v2\/types\/page"}],"author":[{"embeddable":true,"href":"https:\/\/proyectum.com\/pa\/wp-json\/wp\/v2\/users\/21"}],"replies":[{"embeddable":true,"href":"https:\/\/proyectum.com\/pa\/wp-json\/wp\/v2\/comments?post=7525"}],"version-history":[{"count":0,"href":"https:\/\/proyectum.com\/pa\/wp-json\/wp\/v2\/pages\/7525\/revisions"}],"up":[{"embeddable":true,"href":"https:\/\/proyectum.com\/pa\/wp-json\/wp\/v2\/pages\/6889"}],"wp:attachment":[{"href":"https:\/\/proyectum.com\/pa\/wp-json\/wp\/v2\/media?parent=7525"}],"curies":[{"name":"wp","href":"https:\/\/api.w.org\/{rel}","templated":true}]}}