{"id":7584,"date":"2021-07-28T17:12:31","date_gmt":"2021-07-28T21:12:31","guid":{"rendered":"https:\/\/proyectum.com\/pe\/cart\/"},"modified":"2024-01-29T09:29:43","modified_gmt":"2024-01-29T12:29:43","slug":"cart","status":"publish","type":"page","link":"https:\/\/proyectum.com\/pe\/cart\/","title":{"rendered":"Cart"},"content":{"rendered":"\t\t<div data-elementor-type=\"wp-page\" data-elementor-id=\"7584\" class=\"elementor elementor-7584\" data-elementor-post-type=\"page\">\n\t\t\t\t<div class=\"elementor-element elementor-element-aeefe52 e-flex e-con-boxed e-con e-parent\" data-id=\"aeefe52\" data-element_type=\"container\">\n\t\t\t\t\t<div class=\"e-con-inner\">\n\t\t\t\t<div class=\"elementor-element elementor-element-8475057 elementor-widget elementor-widget-heading\" data-id=\"8475057\" data-element_type=\"widget\" data-widget_type=\"heading.default\">\n\t\t\t\t<div class=\"elementor-widget-container\">\n\t\t\t\t\t<h2 class=\"elementor-heading-title elementor-size-default\">Carrito de compra<\/h2>\t\t\t\t<\/div>\n\t\t\t\t<\/div>\n\t\t\t\t\t<\/div>\n\t\t\t\t<\/div>\n\t\t<div class=\"elementor-element elementor-element-6ccd8f5 e-flex e-con-boxed e-con e-parent\" data-id=\"6ccd8f5\" data-element_type=\"container\">\n\t\t\t\t\t<div class=\"e-con-inner\">\n\t\t<div class=\"elementor-element elementor-element-00f5310 e-flex e-con-boxed e-con e-child\" data-id=\"00f5310\" data-element_type=\"container\">\n\t\t\t\t\t<div class=\"e-con-inner\">\n\t\t\t\t\t<\/div>\n\t\t\t\t<\/div>\n\t\t\t\t\t<\/div>\n\t\t\t\t<\/div>\n\t\t\t\t<\/div>\n\t\t","protected":false},"excerpt":{"rendered":"<p>Carrito de compra Eliminar art\u00edculo Imagen en miniatura Producto Precio Cantidad Subtotal &times; TALLER DE PREPARACI\u00d3N PARA LA CERTIFICACI\u00d3N PMP\u00ae &#36;890.000 TALLER DE PREPARACI\u00d3N PARA LA CERTIFICACI\u00d3N PMP\u00ae cantidad &#36;890.000 Aplicar el cup\u00f3n Resumen de la compra Subtotal &#36;890.000 Total &#36;890.000 Ir al checkout<\/p>\n","protected":false},"author":1,"featured_media":0,"parent":0,"menu_order":0,"comment_status":"closed","ping_status":"closed","template":"elementor_header_footer","meta":{"_acf_changed":false,"footnotes":""},"class_list":["post-7584","page","type-page","status-publish","hentry"],"acf":[],"yoast_head":"<!-- This site is optimized with the Yoast SEO plugin v24.4 - https:\/\/yoast.com\/wordpress\/plugins\/seo\/ -->\n<title>Cart - Proyectum Per\u00fa<\/title>\n<meta name=\"robots\" content=\"index, follow, max-snippet:-1, max-image-preview:large, max-video-preview:-1\" \/>\n<link rel=\"canonical\" href=\"https:\/\/proyectum.com\/pe\/cart\/\" \/>\n<meta property=\"og:locale\" content=\"es_ES\" \/>\n<meta property=\"og:type\" content=\"article\" \/>\n<meta property=\"og:title\" content=\"Cart - Proyectum Per\u00fa\" \/>\n<meta property=\"og:description\" content=\"Carrito de compra Eliminar art\u00edculo Imagen en miniatura Producto Precio Cantidad Subtotal &times; TALLER DE PREPARACI\u00d3N PARA LA CERTIFICACI\u00d3N PMP\u00ae &#036;890.000 TALLER DE PREPARACI\u00d3N PARA LA CERTIFICACI\u00d3N PMP\u00ae cantidad &#036;890.000 Aplicar el cup\u00f3n Resumen de la compra Subtotal &#036;890.000 Total &#036;890.000 Ir al checkout\" \/>\n<meta property=\"og:url\" content=\"https:\/\/proyectum.com\/pe\/cart\/\" \/>\n<meta property=\"og:site_name\" content=\"Proyectum Per\u00fa\" \/>\n<meta property=\"article:publisher\" content=\"https:\/\/www.facebook.com\/proyectum.pe\/\" \/>\n<meta property=\"article:modified_time\" content=\"2024-01-29T12:29:43+00:00\" \/>\n<meta property=\"og:image\" content=\"https:\/\/proyectum.com\/pe\/wp-content\/uploads\/2021\/08\/Back-PMP-1030x686-1-300x300.jpg\" \/>\n<meta name=\"twitter:card\" content=\"summary_large_image\" \/>\n<script type=\"application\/ld+json\" class=\"yoast-schema-graph\">{\"@context\":\"https:\/\/schema.org\",\"@graph\":[{\"@type\":\"WebPage\",\"@id\":\"https:\/\/proyectum.com\/pe\/cart\/\",\"url\":\"https:\/\/proyectum.com\/pe\/cart\/\",\"name\":\"Cart - Proyectum Per\u00fa\",\"isPartOf\":{\"@id\":\"https:\/\/proyectum.com\/pe\/#website\"},\"primaryImageOfPage\":{\"@id\":\"https:\/\/proyectum.com\/pe\/cart\/#primaryimage\"},\"image\":{\"@id\":\"https:\/\/proyectum.com\/pe\/cart\/#primaryimage\"},\"thumbnailUrl\":\"https:\/\/proyectum.com\/pe\/wp-content\/uploads\/2021\/08\/Back-PMP-1030x686-1-300x300.jpg\",\"datePublished\":\"2021-07-28T21:12:31+00:00\",\"dateModified\":\"2024-01-29T12:29:43+00:00\",\"breadcrumb\":{\"@id\":\"https:\/\/proyectum.com\/pe\/cart\/#breadcrumb\"},\"inLanguage\":\"es\",\"potentialAction\":[{\"@type\":\"ReadAction\",\"target\":[\"https:\/\/proyectum.com\/pe\/cart\/\"]}]},{\"@type\":\"ImageObject\",\"inLanguage\":\"es\",\"@id\":\"https:\/\/proyectum.com\/pe\/cart\/#primaryimage\",\"url\":\"https:\/\/proyectum.com\/pe\/wp-content\/uploads\/2021\/08\/Back-PMP-1030x686-1.jpg\",\"contentUrl\":\"https:\/\/proyectum.com\/pe\/wp-content\/uploads\/2021\/08\/Back-PMP-1030x686-1.jpg\",\"width\":1030,\"height\":686},{\"@type\":\"BreadcrumbList\",\"@id\":\"https:\/\/proyectum.com\/pe\/cart\/#breadcrumb\",\"itemListElement\":[{\"@type\":\"ListItem\",\"position\":1,\"name\":\"Home\",\"item\":\"https:\/\/proyectum.com\/pe\/\"},{\"@type\":\"ListItem\",\"position\":2,\"name\":\"Cart\"}]},{\"@type\":\"WebSite\",\"@id\":\"https:\/\/proyectum.com\/pe\/#website\",\"url\":\"https:\/\/proyectum.com\/pe\/\",\"name\":\"Proyectum Per\u00fa\",\"description\":\"Direcci\u00f3n de Proyectos y Metodolog\u00edas \u00c1giles\",\"publisher\":{\"@id\":\"https:\/\/proyectum.com\/pe\/#organization\"},\"potentialAction\":[{\"@type\":\"SearchAction\",\"target\":{\"@type\":\"EntryPoint\",\"urlTemplate\":\"https:\/\/proyectum.com\/pe\/?s={search_term_string}\"},\"query-input\":{\"@type\":\"PropertyValueSpecification\",\"valueRequired\":true,\"valueName\":\"search_term_string\"}}],\"inLanguage\":\"es\"},{\"@type\":\"Organization\",\"@id\":\"https:\/\/proyectum.com\/pe\/#organization\",\"name\":\"Proyectum Per\u00fa\",\"url\":\"https:\/\/proyectum.com\/pe\/\",\"logo\":{\"@type\":\"ImageObject\",\"inLanguage\":\"es\",\"@id\":\"https:\/\/proyectum.com\/pe\/#\/schema\/logo\/image\/\",\"url\":\"https:\/\/proyectum.com\/pe\/wp-content\/uploads\/2020\/04\/proyectum-logo-snippet.png\",\"contentUrl\":\"https:\/\/proyectum.com\/pe\/wp-content\/uploads\/2020\/04\/proyectum-logo-snippet.png\",\"width\":600,\"height\":315,\"caption\":\"Proyectum Per\u00fa\"},\"image\":{\"@id\":\"https:\/\/proyectum.com\/pe\/#\/schema\/logo\/image\/\"},\"sameAs\":[\"https:\/\/www.facebook.com\/proyectum.pe\/\",\"https:\/\/www.instagram.com\/proyectum.pe\/\",\"https:\/\/www.linkedin.com\/company\/proyectumperu\/\",\"https:\/\/www.youtube.com\/@proyectum2283\/videos\"]}]}<\/script>\n<!-- \/ Yoast SEO plugin. -->","yoast_head_json":{"title":"Cart - Proyectum Per\u00fa","robots":{"index":"index","follow":"follow","max-snippet":"max-snippet:-1","max-image-preview":"max-image-preview:large","max-video-preview":"max-video-preview:-1"},"canonical":"https:\/\/proyectum.com\/pe\/cart\/","og_locale":"es_ES","og_type":"article","og_title":"Cart - Proyectum Per\u00fa","og_description":"Carrito de compra Eliminar art\u00edculo Imagen en miniatura Producto Precio Cantidad Subtotal &times; TALLER DE PREPARACI\u00d3N PARA LA CERTIFICACI\u00d3N PMP\u00ae &#36;890.000 TALLER DE PREPARACI\u00d3N PARA LA CERTIFICACI\u00d3N PMP\u00ae cantidad &#36;890.000 Aplicar el cup\u00f3n Resumen de la compra Subtotal &#36;890.000 Total &#36;890.000 Ir al checkout","og_url":"https:\/\/proyectum.com\/pe\/cart\/","og_site_name":"Proyectum Per\u00fa","article_publisher":"https:\/\/www.facebook.com\/proyectum.pe\/","article_modified_time":"2024-01-29T12:29:43+00:00","og_image":[{"url":"https:\/\/proyectum.com\/pe\/wp-content\/uploads\/2021\/08\/Back-PMP-1030x686-1-300x300.jpg","type":"","width":"","height":""}],"twitter_card":"summary_large_image","schema":{"@context":"https:\/\/schema.org","@graph":[{"@type":"WebPage","@id":"https:\/\/proyectum.com\/pe\/cart\/","url":"https:\/\/proyectum.com\/pe\/cart\/","name":"Cart - Proyectum Per\u00fa","isPartOf":{"@id":"https:\/\/proyectum.com\/pe\/#website"},"primaryImageOfPage":{"@id":"https:\/\/proyectum.com\/pe\/cart\/#primaryimage"},"image":{"@id":"https:\/\/proyectum.com\/pe\/cart\/#primaryimage"},"thumbnailUrl":"https:\/\/proyectum.com\/pe\/wp-content\/uploads\/2021\/08\/Back-PMP-1030x686-1-300x300.jpg","datePublished":"2021-07-28T21:12:31+00:00","dateModified":"2024-01-29T12:29:43+00:00","breadcrumb":{"@id":"https:\/\/proyectum.com\/pe\/cart\/#breadcrumb"},"inLanguage":"es","potentialAction":[{"@type":"ReadAction","target":["https:\/\/proyectum.com\/pe\/cart\/"]}]},{"@type":"ImageObject","inLanguage":"es","@id":"https:\/\/proyectum.com\/pe\/cart\/#primaryimage","url":"https:\/\/proyectum.com\/pe\/wp-content\/uploads\/2021\/08\/Back-PMP-1030x686-1.jpg","contentUrl":"https:\/\/proyectum.com\/pe\/wp-content\/uploads\/2021\/08\/Back-PMP-1030x686-1.jpg","width":1030,"height":686},{"@type":"BreadcrumbList","@id":"https:\/\/proyectum.com\/pe\/cart\/#breadcrumb","itemListElement":[{"@type":"ListItem","position":1,"name":"Home","item":"https:\/\/proyectum.com\/pe\/"},{"@type":"ListItem","position":2,"name":"Cart"}]},{"@type":"WebSite","@id":"https:\/\/proyectum.com\/pe\/#website","url":"https:\/\/proyectum.com\/pe\/","name":"Proyectum Per\u00fa","description":"Direcci\u00f3n de Proyectos y Metodolog\u00edas \u00c1giles","publisher":{"@id":"https:\/\/proyectum.com\/pe\/#organization"},"potentialAction":[{"@type":"SearchAction","target":{"@type":"EntryPoint","urlTemplate":"https:\/\/proyectum.com\/pe\/?s={search_term_string}"},"query-input":{"@type":"PropertyValueSpecification","valueRequired":true,"valueName":"search_term_string"}}],"inLanguage":"es"},{"@type":"Organization","@id":"https:\/\/proyectum.com\/pe\/#organization","name":"Proyectum Per\u00fa","url":"https:\/\/proyectum.com\/pe\/","logo":{"@type":"ImageObject","inLanguage":"es","@id":"https:\/\/proyectum.com\/pe\/#\/schema\/logo\/image\/","url":"https:\/\/proyectum.com\/pe\/wp-content\/uploads\/2020\/04\/proyectum-logo-snippet.png","contentUrl":"https:\/\/proyectum.com\/pe\/wp-content\/uploads\/2020\/04\/proyectum-logo-snippet.png","width":600,"height":315,"caption":"Proyectum Per\u00fa"},"image":{"@id":"https:\/\/proyectum.com\/pe\/#\/schema\/logo\/image\/"},"sameAs":["https:\/\/www.facebook.com\/proyectum.pe\/","https:\/\/www.instagram.com\/proyectum.pe\/","https:\/\/www.linkedin.com\/company\/proyectumperu\/","https:\/\/www.youtube.com\/@proyectum2283\/videos"]}]}},"_links":{"self":[{"href":"https:\/\/proyectum.com\/pe\/wp-json\/wp\/v2\/pages\/7584","targetHints":{"allow":["GET"]}}],"collection":[{"href":"https:\/\/proyectum.com\/pe\/wp-json\/wp\/v2\/pages"}],"about":[{"href":"https:\/\/proyectum.com\/pe\/wp-json\/wp\/v2\/types\/page"}],"author":[{"embeddable":true,"href":"https:\/\/proyectum.com\/pe\/wp-json\/wp\/v2\/users\/1"}],"replies":[{"embeddable":true,"href":"https:\/\/proyectum.com\/pe\/wp-json\/wp\/v2\/comments?post=7584"}],"version-history":[{"count":0,"href":"https:\/\/proyectum.com\/pe\/wp-json\/wp\/v2\/pages\/7584\/revisions"}],"wp:attachment":[{"href":"https:\/\/proyectum.com\/pe\/wp-json\/wp\/v2\/media?parent=7584"}],"curies":[{"name":"wp","href":"https:\/\/api.w.org\/{rel}","templated":true}]}}