{"id":7693,"date":"2021-08-20T13:01:04","date_gmt":"2021-08-20T17:01:04","guid":{"rendered":"https:\/\/proyectum.com\/pe\/?post_type=product&#038;p=7693"},"modified":"2025-04-22T22:24:09","modified_gmt":"2025-04-23T02:24:09","slug":"gestion-agil-de-equipos-remotos","status":"publish","type":"product","link":"https:\/\/proyectum.com\/pe\/product\/gestion-agil-de-equipos-remotos\/","title":{"rendered":"Workshop Direcci\u00f3n de Proyectos"},"content":{"rendered":"<p class=\"p1\">Conocer\u00e1s desde los fundamentos hasta la gobernabilidad y la creaci\u00f3n de una PMO. Descubre c\u00f3mo impulsar una cultura de direcci\u00f3n de proyectos, entender el rol de la alta gerencia y agregar valor estrat\u00e9gico a tu organizaci\u00f3n<\/p>\n","protected":false},"excerpt":{"rendered":"<p>Conocer\u00e1s desde los fundamentos hasta la gobernabilidad y la creaci\u00f3n de una PMO. Descubre c\u00f3mo impulsar una cultura de direcci\u00f3n de proyectos, entender el rol de la alta gerencia y agregar valor estrat\u00e9gico a tu organizaci\u00f3n<\/p>\n","protected":false},"featured_media":7694,"comment_status":"closed","ping_status":"closed","template":"","meta":{"_acf_changed":false},"product_brand":[],"product_cat":[184],"product_tag":[],"class_list":{"0":"post-7693","1":"product","2":"type-product","3":"status-publish","4":"has-post-thumbnail","6":"product_cat-direccion-de-proyectos","8":"first","9":"instock","10":"virtual","11":"product-type-simple"},"acf":[],"yoast_head":"<!-- This site is optimized with the Yoast SEO plugin v24.4 - https:\/\/yoast.com\/wordpress\/plugins\/seo\/ -->\n<title>Workshop Direcci\u00f3n de Proyectos - Proyectum Per\u00fa<\/title>\n<meta name=\"robots\" content=\"index, follow, max-snippet:-1, max-image-preview:large, max-video-preview:-1\" \/>\n<link rel=\"canonical\" href=\"https:\/\/proyectum.com\/pe\/product\/gestion-agil-de-equipos-remotos\/\" \/>\n<meta property=\"og:locale\" content=\"es_ES\" \/>\n<meta property=\"og:type\" content=\"article\" \/>\n<meta property=\"og:title\" content=\"Workshop Direcci\u00f3n de Proyectos - Proyectum Per\u00fa\" \/>\n<meta property=\"og:description\" content=\"Conocer\u00e1s desde los fundamentos hasta la gobernabilidad y la creaci\u00f3n de una PMO. Descubre c\u00f3mo impulsar una cultura de direcci\u00f3n de proyectos, entender el rol de la alta gerencia y agregar valor estrat\u00e9gico a tu organizaci\u00f3n\" \/>\n<meta property=\"og:url\" content=\"https:\/\/proyectum.com\/pe\/product\/gestion-agil-de-equipos-remotos\/\" \/>\n<meta property=\"og:site_name\" content=\"Proyectum Per\u00fa\" \/>\n<meta property=\"article:publisher\" content=\"https:\/\/www.facebook.com\/proyectum.pe\/\" \/>\n<meta property=\"article:modified_time\" content=\"2025-04-23T02:24:09+00:00\" \/>\n<meta property=\"og:image\" content=\"https:\/\/proyectum.com\/pe\/wp-content\/uploads\/2021\/08\/Gestion-agil.jpg\" \/>\n\t<meta property=\"og:image:width\" content=\"1030\" \/>\n\t<meta property=\"og:image:height\" content=\"686\" \/>\n\t<meta property=\"og:image:type\" content=\"image\/jpeg\" \/>\n<meta name=\"twitter:card\" content=\"summary_large_image\" \/>\n<meta name=\"twitter:label1\" content=\"Tiempo de lectura\" \/>\n\t<meta name=\"twitter:data1\" content=\"1 minuto\" \/>\n<script type=\"application\/ld+json\" class=\"yoast-schema-graph\">{\"@context\":\"https:\/\/schema.org\",\"@graph\":[{\"@type\":\"WebPage\",\"@id\":\"https:\/\/proyectum.com\/pe\/product\/gestion-agil-de-equipos-remotos\/\",\"url\":\"https:\/\/proyectum.com\/pe\/product\/gestion-agil-de-equipos-remotos\/\",\"name\":\"Workshop Direcci\u00f3n de Proyectos - Proyectum Per\u00fa\",\"isPartOf\":{\"@id\":\"https:\/\/proyectum.com\/pe\/#website\"},\"primaryImageOfPage\":{\"@id\":\"https:\/\/proyectum.com\/pe\/product\/gestion-agil-de-equipos-remotos\/#primaryimage\"},\"image\":{\"@id\":\"https:\/\/proyectum.com\/pe\/product\/gestion-agil-de-equipos-remotos\/#primaryimage\"},\"thumbnailUrl\":\"https:\/\/proyectum.com\/pe\/wp-content\/uploads\/2021\/08\/Gestion-agil.jpg\",\"datePublished\":\"2021-08-20T17:01:04+00:00\",\"dateModified\":\"2025-04-23T02:24:09+00:00\",\"breadcrumb\":{\"@id\":\"https:\/\/proyectum.com\/pe\/product\/gestion-agil-de-equipos-remotos\/#breadcrumb\"},\"inLanguage\":\"es\",\"potentialAction\":[{\"@type\":\"ReadAction\",\"target\":[\"https:\/\/proyectum.com\/pe\/product\/gestion-agil-de-equipos-remotos\/\"]}]},{\"@type\":\"ImageObject\",\"inLanguage\":\"es\",\"@id\":\"https:\/\/proyectum.com\/pe\/product\/gestion-agil-de-equipos-remotos\/#primaryimage\",\"url\":\"https:\/\/proyectum.com\/pe\/wp-content\/uploads\/2021\/08\/Gestion-agil.jpg\",\"contentUrl\":\"https:\/\/proyectum.com\/pe\/wp-content\/uploads\/2021\/08\/Gestion-agil.jpg\",\"width\":1030,\"height\":686,\"caption\":\"Direcci\u00f3n de Proyectos y Metodolog\u00edas \u00c1giles Proyectum Per\u00fa\"},{\"@type\":\"BreadcrumbList\",\"@id\":\"https:\/\/proyectum.com\/pe\/product\/gestion-agil-de-equipos-remotos\/#breadcrumb\",\"itemListElement\":[{\"@type\":\"ListItem\",\"position\":1,\"name\":\"Home\",\"item\":\"https:\/\/proyectum.com\/pe\/\"},{\"@type\":\"ListItem\",\"position\":2,\"name\":\"Nuestros Cursos\",\"item\":\"https:\/\/proyectum.com\/pe\/nuestros-cursos\/\"},{\"@type\":\"ListItem\",\"position\":3,\"name\":\"Workshop Direcci\u00f3n de Proyectos\"}]},{\"@type\":\"WebSite\",\"@id\":\"https:\/\/proyectum.com\/pe\/#website\",\"url\":\"https:\/\/proyectum.com\/pe\/\",\"name\":\"Proyectum Per\u00fa\",\"description\":\"Direcci\u00f3n de Proyectos y Metodolog\u00edas \u00c1giles\",\"publisher\":{\"@id\":\"https:\/\/proyectum.com\/pe\/#organization\"},\"potentialAction\":[{\"@type\":\"SearchAction\",\"target\":{\"@type\":\"EntryPoint\",\"urlTemplate\":\"https:\/\/proyectum.com\/pe\/?s={search_term_string}\"},\"query-input\":{\"@type\":\"PropertyValueSpecification\",\"valueRequired\":true,\"valueName\":\"search_term_string\"}}],\"inLanguage\":\"es\"},{\"@type\":\"Organization\",\"@id\":\"https:\/\/proyectum.com\/pe\/#organization\",\"name\":\"Proyectum Per\u00fa\",\"url\":\"https:\/\/proyectum.com\/pe\/\",\"logo\":{\"@type\":\"ImageObject\",\"inLanguage\":\"es\",\"@id\":\"https:\/\/proyectum.com\/pe\/#\/schema\/logo\/image\/\",\"url\":\"https:\/\/proyectum.com\/pe\/wp-content\/uploads\/2020\/04\/proyectum-logo-snippet.png\",\"contentUrl\":\"https:\/\/proyectum.com\/pe\/wp-content\/uploads\/2020\/04\/proyectum-logo-snippet.png\",\"width\":600,\"height\":315,\"caption\":\"Proyectum Per\u00fa\"},\"image\":{\"@id\":\"https:\/\/proyectum.com\/pe\/#\/schema\/logo\/image\/\"},\"sameAs\":[\"https:\/\/www.facebook.com\/proyectum.pe\/\",\"https:\/\/www.instagram.com\/proyectum.pe\/\",\"https:\/\/www.linkedin.com\/company\/proyectumperu\/\",\"https:\/\/www.youtube.com\/@proyectum2283\/videos\"]}]}<\/script>\n<!-- \/ Yoast SEO plugin. -->","yoast_head_json":{"title":"Workshop Direcci\u00f3n de Proyectos - Proyectum Per\u00fa","robots":{"index":"index","follow":"follow","max-snippet":"max-snippet:-1","max-image-preview":"max-image-preview:large","max-video-preview":"max-video-preview:-1"},"canonical":"https:\/\/proyectum.com\/pe\/product\/gestion-agil-de-equipos-remotos\/","og_locale":"es_ES","og_type":"article","og_title":"Workshop Direcci\u00f3n de Proyectos - Proyectum Per\u00fa","og_description":"Conocer\u00e1s desde los fundamentos hasta la gobernabilidad y la creaci\u00f3n de una PMO. Descubre c\u00f3mo impulsar una cultura de direcci\u00f3n de proyectos, entender el rol de la alta gerencia y agregar valor estrat\u00e9gico a tu organizaci\u00f3n","og_url":"https:\/\/proyectum.com\/pe\/product\/gestion-agil-de-equipos-remotos\/","og_site_name":"Proyectum Per\u00fa","article_publisher":"https:\/\/www.facebook.com\/proyectum.pe\/","article_modified_time":"2025-04-23T02:24:09+00:00","og_image":[{"width":1030,"height":686,"url":"https:\/\/proyectum.com\/pe\/wp-content\/uploads\/2021\/08\/Gestion-agil.jpg","type":"image\/jpeg"}],"twitter_card":"summary_large_image","twitter_misc":{"Tiempo de lectura":"1 minuto"},"schema":{"@context":"https:\/\/schema.org","@graph":[{"@type":"WebPage","@id":"https:\/\/proyectum.com\/pe\/product\/gestion-agil-de-equipos-remotos\/","url":"https:\/\/proyectum.com\/pe\/product\/gestion-agil-de-equipos-remotos\/","name":"Workshop Direcci\u00f3n de Proyectos - Proyectum Per\u00fa","isPartOf":{"@id":"https:\/\/proyectum.com\/pe\/#website"},"primaryImageOfPage":{"@id":"https:\/\/proyectum.com\/pe\/product\/gestion-agil-de-equipos-remotos\/#primaryimage"},"image":{"@id":"https:\/\/proyectum.com\/pe\/product\/gestion-agil-de-equipos-remotos\/#primaryimage"},"thumbnailUrl":"https:\/\/proyectum.com\/pe\/wp-content\/uploads\/2021\/08\/Gestion-agil.jpg","datePublished":"2021-08-20T17:01:04+00:00","dateModified":"2025-04-23T02:24:09+00:00","breadcrumb":{"@id":"https:\/\/proyectum.com\/pe\/product\/gestion-agil-de-equipos-remotos\/#breadcrumb"},"inLanguage":"es","potentialAction":[{"@type":"ReadAction","target":["https:\/\/proyectum.com\/pe\/product\/gestion-agil-de-equipos-remotos\/"]}]},{"@type":"ImageObject","inLanguage":"es","@id":"https:\/\/proyectum.com\/pe\/product\/gestion-agil-de-equipos-remotos\/#primaryimage","url":"https:\/\/proyectum.com\/pe\/wp-content\/uploads\/2021\/08\/Gestion-agil.jpg","contentUrl":"https:\/\/proyectum.com\/pe\/wp-content\/uploads\/2021\/08\/Gestion-agil.jpg","width":1030,"height":686,"caption":"Direcci\u00f3n de Proyectos y Metodolog\u00edas \u00c1giles Proyectum Per\u00fa"},{"@type":"BreadcrumbList","@id":"https:\/\/proyectum.com\/pe\/product\/gestion-agil-de-equipos-remotos\/#breadcrumb","itemListElement":[{"@type":"ListItem","position":1,"name":"Home","item":"https:\/\/proyectum.com\/pe\/"},{"@type":"ListItem","position":2,"name":"Nuestros Cursos","item":"https:\/\/proyectum.com\/pe\/nuestros-cursos\/"},{"@type":"ListItem","position":3,"name":"Workshop Direcci\u00f3n de Proyectos"}]},{"@type":"WebSite","@id":"https:\/\/proyectum.com\/pe\/#website","url":"https:\/\/proyectum.com\/pe\/","name":"Proyectum Per\u00fa","description":"Direcci\u00f3n de Proyectos y Metodolog\u00edas \u00c1giles","publisher":{"@id":"https:\/\/proyectum.com\/pe\/#organization"},"potentialAction":[{"@type":"SearchAction","target":{"@type":"EntryPoint","urlTemplate":"https:\/\/proyectum.com\/pe\/?s={search_term_string}"},"query-input":{"@type":"PropertyValueSpecification","valueRequired":true,"valueName":"search_term_string"}}],"inLanguage":"es"},{"@type":"Organization","@id":"https:\/\/proyectum.com\/pe\/#organization","name":"Proyectum Per\u00fa","url":"https:\/\/proyectum.com\/pe\/","logo":{"@type":"ImageObject","inLanguage":"es","@id":"https:\/\/proyectum.com\/pe\/#\/schema\/logo\/image\/","url":"https:\/\/proyectum.com\/pe\/wp-content\/uploads\/2020\/04\/proyectum-logo-snippet.png","contentUrl":"https:\/\/proyectum.com\/pe\/wp-content\/uploads\/2020\/04\/proyectum-logo-snippet.png","width":600,"height":315,"caption":"Proyectum Per\u00fa"},"image":{"@id":"https:\/\/proyectum.com\/pe\/#\/schema\/logo\/image\/"},"sameAs":["https:\/\/www.facebook.com\/proyectum.pe\/","https:\/\/www.instagram.com\/proyectum.pe\/","https:\/\/www.linkedin.com\/company\/proyectumperu\/","https:\/\/www.youtube.com\/@proyectum2283\/videos"]}]}},"_links":{"self":[{"href":"https:\/\/proyectum.com\/pe\/wp-json\/wp\/v2\/product\/7693","targetHints":{"allow":["GET"]}}],"collection":[{"href":"https:\/\/proyectum.com\/pe\/wp-json\/wp\/v2\/product"}],"about":[{"href":"https:\/\/proyectum.com\/pe\/wp-json\/wp\/v2\/types\/product"}],"replies":[{"embeddable":true,"href":"https:\/\/proyectum.com\/pe\/wp-json\/wp\/v2\/comments?post=7693"}],"version-history":[{"count":0,"href":"https:\/\/proyectum.com\/pe\/wp-json\/wp\/v2\/product\/7693\/revisions"}],"wp:featuredmedia":[{"embeddable":true,"href":"https:\/\/proyectum.com\/pe\/wp-json\/wp\/v2\/media\/7694"}],"wp:attachment":[{"href":"https:\/\/proyectum.com\/pe\/wp-json\/wp\/v2\/media?parent=7693"}],"wp:term":[{"taxonomy":"product_brand","embeddable":true,"href":"https:\/\/proyectum.com\/pe\/wp-json\/wp\/v2\/product_brand?post=7693"},{"taxonomy":"product_cat","embeddable":true,"href":"https:\/\/proyectum.com\/pe\/wp-json\/wp\/v2\/product_cat?post=7693"},{"taxonomy":"product_tag","embeddable":true,"href":"https:\/\/proyectum.com\/pe\/wp-json\/wp\/v2\/product_tag?post=7693"}],"curies":[{"name":"wp","href":"https:\/\/api.w.org\/{rel}","templated":true}]}}