{"id":7701,"date":"2021-08-23T10:58:38","date_gmt":"2021-08-23T14:58:38","guid":{"rendered":"https:\/\/proyectum.com\/pe\/?post_type=product&#038;p=7701"},"modified":"2025-04-22T23:03:23","modified_gmt":"2025-04-23T03:03:23","slug":"lider-safe-con-certificacion-sa-safe-agilist","status":"publish","type":"product","link":"https:\/\/proyectum.com\/pe\/product\/lider-safe-con-certificacion-sa-safe-agilist\/","title":{"rendered":"Leading SaFe con certificaci\u00f3n SA (Safe\u00ae Agilist)"},"content":{"rendered":"<p class=\"p1\">Adquiere los conocimientos para aplicar SAFe\u00ae para escalar desarrollos Lean y Agile, coordinar grandes cadenas de valor y gestionar portafolios Lean-Agile. Domina la configuraci\u00f3n del framework, libera la motivaci\u00f3n de tu equipo y lidera una transformaci\u00f3n Lean-Agile exitosa.<\/p>\n","protected":false},"excerpt":{"rendered":"<p>Adquiere los conocimientos para aplicar SAFe\u00ae para escalar desarrollos Lean y Agile, coordinar grandes cadenas de valor y gestionar portafolios Lean-Agile. Domina la configuraci\u00f3n del framework, libera la motivaci\u00f3n de tu equipo y lidera una transformaci\u00f3n Lean-Agile exitosa.<\/p>\n","protected":false},"featured_media":7702,"comment_status":"closed","ping_status":"closed","template":"","meta":{"_acf_changed":false},"product_brand":[],"product_cat":[201],"product_tag":[],"class_list":{"0":"post-7701","1":"product","2":"type-product","3":"status-publish","4":"has-post-thumbnail","6":"product_cat-metodologias-agiles","8":"first","9":"instock","10":"virtual","11":"product-type-simple"},"acf":[],"yoast_head":"<!-- This site is optimized with the Yoast SEO plugin v24.4 - https:\/\/yoast.com\/wordpress\/plugins\/seo\/ -->\n<title>Leading SaFe con certificaci\u00f3n SA (Safe\u00ae Agilist) - Proyectum Per\u00fa<\/title>\n<meta name=\"robots\" content=\"index, follow, max-snippet:-1, max-image-preview:large, max-video-preview:-1\" \/>\n<link rel=\"canonical\" href=\"https:\/\/proyectum.com\/pe\/product\/lider-safe-con-certificacion-sa-safe-agilist\/\" \/>\n<meta property=\"og:locale\" content=\"es_ES\" \/>\n<meta property=\"og:type\" content=\"article\" \/>\n<meta property=\"og:title\" content=\"Leading SaFe con certificaci\u00f3n SA (Safe\u00ae Agilist) - Proyectum Per\u00fa\" \/>\n<meta property=\"og:description\" content=\"Adquiere los conocimientos para aplicar SAFe\u00ae para escalar desarrollos Lean y Agile, coordinar grandes cadenas de valor y gestionar portafolios Lean-Agile. Domina la configuraci\u00f3n del framework, libera la motivaci\u00f3n de tu equipo y lidera una transformaci\u00f3n Lean-Agile exitosa.\" \/>\n<meta property=\"og:url\" content=\"https:\/\/proyectum.com\/pe\/product\/lider-safe-con-certificacion-sa-safe-agilist\/\" \/>\n<meta property=\"og:site_name\" content=\"Proyectum Per\u00fa\" \/>\n<meta property=\"article:publisher\" content=\"https:\/\/www.facebook.com\/proyectum.pe\/\" \/>\n<meta property=\"article:modified_time\" content=\"2025-04-23T03:03:23+00:00\" \/>\n<meta property=\"og:image\" content=\"https:\/\/proyectum.com\/pe\/wp-content\/uploads\/2021\/08\/lider-safe.png\" \/>\n\t<meta property=\"og:image:width\" content=\"890\" \/>\n\t<meta property=\"og:image:height\" content=\"594\" \/>\n\t<meta property=\"og:image:type\" content=\"image\/png\" \/>\n<meta name=\"twitter:card\" content=\"summary_large_image\" \/>\n<meta name=\"twitter:label1\" content=\"Tiempo de lectura\" \/>\n\t<meta name=\"twitter:data1\" content=\"1 minuto\" \/>\n<script type=\"application\/ld+json\" class=\"yoast-schema-graph\">{\"@context\":\"https:\/\/schema.org\",\"@graph\":[{\"@type\":\"WebPage\",\"@id\":\"https:\/\/proyectum.com\/pe\/product\/lider-safe-con-certificacion-sa-safe-agilist\/\",\"url\":\"https:\/\/proyectum.com\/pe\/product\/lider-safe-con-certificacion-sa-safe-agilist\/\",\"name\":\"Leading SaFe con certificaci\u00f3n SA (Safe\u00ae Agilist) - Proyectum Per\u00fa\",\"isPartOf\":{\"@id\":\"https:\/\/proyectum.com\/pe\/#website\"},\"primaryImageOfPage\":{\"@id\":\"https:\/\/proyectum.com\/pe\/product\/lider-safe-con-certificacion-sa-safe-agilist\/#primaryimage\"},\"image\":{\"@id\":\"https:\/\/proyectum.com\/pe\/product\/lider-safe-con-certificacion-sa-safe-agilist\/#primaryimage\"},\"thumbnailUrl\":\"https:\/\/proyectum.com\/pe\/wp-content\/uploads\/2021\/08\/lider-safe.png\",\"datePublished\":\"2021-08-23T14:58:38+00:00\",\"dateModified\":\"2025-04-23T03:03:23+00:00\",\"breadcrumb\":{\"@id\":\"https:\/\/proyectum.com\/pe\/product\/lider-safe-con-certificacion-sa-safe-agilist\/#breadcrumb\"},\"inLanguage\":\"es\",\"potentialAction\":[{\"@type\":\"ReadAction\",\"target\":[\"https:\/\/proyectum.com\/pe\/product\/lider-safe-con-certificacion-sa-safe-agilist\/\"]}]},{\"@type\":\"ImageObject\",\"inLanguage\":\"es\",\"@id\":\"https:\/\/proyectum.com\/pe\/product\/lider-safe-con-certificacion-sa-safe-agilist\/#primaryimage\",\"url\":\"https:\/\/proyectum.com\/pe\/wp-content\/uploads\/2021\/08\/lider-safe.png\",\"contentUrl\":\"https:\/\/proyectum.com\/pe\/wp-content\/uploads\/2021\/08\/lider-safe.png\",\"width\":890,\"height\":594,\"caption\":\"Direcci\u00f3n de Proyectos y Metodolog\u00edas \u00c1giles Proyectum Per\u00fa\"},{\"@type\":\"BreadcrumbList\",\"@id\":\"https:\/\/proyectum.com\/pe\/product\/lider-safe-con-certificacion-sa-safe-agilist\/#breadcrumb\",\"itemListElement\":[{\"@type\":\"ListItem\",\"position\":1,\"name\":\"Home\",\"item\":\"https:\/\/proyectum.com\/pe\/\"},{\"@type\":\"ListItem\",\"position\":2,\"name\":\"Nuestros Cursos\",\"item\":\"https:\/\/proyectum.com\/pe\/nuestros-cursos\/\"},{\"@type\":\"ListItem\",\"position\":3,\"name\":\"Leading SaFe con certificaci\u00f3n SA (Safe\u00ae Agilist)\"}]},{\"@type\":\"WebSite\",\"@id\":\"https:\/\/proyectum.com\/pe\/#website\",\"url\":\"https:\/\/proyectum.com\/pe\/\",\"name\":\"Proyectum Per\u00fa\",\"description\":\"Direcci\u00f3n de Proyectos y Metodolog\u00edas \u00c1giles\",\"publisher\":{\"@id\":\"https:\/\/proyectum.com\/pe\/#organization\"},\"potentialAction\":[{\"@type\":\"SearchAction\",\"target\":{\"@type\":\"EntryPoint\",\"urlTemplate\":\"https:\/\/proyectum.com\/pe\/?s={search_term_string}\"},\"query-input\":{\"@type\":\"PropertyValueSpecification\",\"valueRequired\":true,\"valueName\":\"search_term_string\"}}],\"inLanguage\":\"es\"},{\"@type\":\"Organization\",\"@id\":\"https:\/\/proyectum.com\/pe\/#organization\",\"name\":\"Proyectum Per\u00fa\",\"url\":\"https:\/\/proyectum.com\/pe\/\",\"logo\":{\"@type\":\"ImageObject\",\"inLanguage\":\"es\",\"@id\":\"https:\/\/proyectum.com\/pe\/#\/schema\/logo\/image\/\",\"url\":\"https:\/\/proyectum.com\/pe\/wp-content\/uploads\/2020\/04\/proyectum-logo-snippet.png\",\"contentUrl\":\"https:\/\/proyectum.com\/pe\/wp-content\/uploads\/2020\/04\/proyectum-logo-snippet.png\",\"width\":600,\"height\":315,\"caption\":\"Proyectum Per\u00fa\"},\"image\":{\"@id\":\"https:\/\/proyectum.com\/pe\/#\/schema\/logo\/image\/\"},\"sameAs\":[\"https:\/\/www.facebook.com\/proyectum.pe\/\",\"https:\/\/www.instagram.com\/proyectum.pe\/\",\"https:\/\/www.linkedin.com\/company\/proyectumperu\/\",\"https:\/\/www.youtube.com\/@proyectum2283\/videos\"]}]}<\/script>\n<!-- \/ Yoast SEO plugin. -->","yoast_head_json":{"title":"Leading SaFe con certificaci\u00f3n SA (Safe\u00ae Agilist) - Proyectum Per\u00fa","robots":{"index":"index","follow":"follow","max-snippet":"max-snippet:-1","max-image-preview":"max-image-preview:large","max-video-preview":"max-video-preview:-1"},"canonical":"https:\/\/proyectum.com\/pe\/product\/lider-safe-con-certificacion-sa-safe-agilist\/","og_locale":"es_ES","og_type":"article","og_title":"Leading SaFe con certificaci\u00f3n SA (Safe\u00ae Agilist) - Proyectum Per\u00fa","og_description":"Adquiere los conocimientos para aplicar SAFe\u00ae para escalar desarrollos Lean y Agile, coordinar grandes cadenas de valor y gestionar portafolios Lean-Agile. Domina la configuraci\u00f3n del framework, libera la motivaci\u00f3n de tu equipo y lidera una transformaci\u00f3n Lean-Agile exitosa.","og_url":"https:\/\/proyectum.com\/pe\/product\/lider-safe-con-certificacion-sa-safe-agilist\/","og_site_name":"Proyectum Per\u00fa","article_publisher":"https:\/\/www.facebook.com\/proyectum.pe\/","article_modified_time":"2025-04-23T03:03:23+00:00","og_image":[{"width":890,"height":594,"url":"https:\/\/proyectum.com\/pe\/wp-content\/uploads\/2021\/08\/lider-safe.png","type":"image\/png"}],"twitter_card":"summary_large_image","twitter_misc":{"Tiempo de lectura":"1 minuto"},"schema":{"@context":"https:\/\/schema.org","@graph":[{"@type":"WebPage","@id":"https:\/\/proyectum.com\/pe\/product\/lider-safe-con-certificacion-sa-safe-agilist\/","url":"https:\/\/proyectum.com\/pe\/product\/lider-safe-con-certificacion-sa-safe-agilist\/","name":"Leading SaFe con certificaci\u00f3n SA (Safe\u00ae Agilist) - Proyectum Per\u00fa","isPartOf":{"@id":"https:\/\/proyectum.com\/pe\/#website"},"primaryImageOfPage":{"@id":"https:\/\/proyectum.com\/pe\/product\/lider-safe-con-certificacion-sa-safe-agilist\/#primaryimage"},"image":{"@id":"https:\/\/proyectum.com\/pe\/product\/lider-safe-con-certificacion-sa-safe-agilist\/#primaryimage"},"thumbnailUrl":"https:\/\/proyectum.com\/pe\/wp-content\/uploads\/2021\/08\/lider-safe.png","datePublished":"2021-08-23T14:58:38+00:00","dateModified":"2025-04-23T03:03:23+00:00","breadcrumb":{"@id":"https:\/\/proyectum.com\/pe\/product\/lider-safe-con-certificacion-sa-safe-agilist\/#breadcrumb"},"inLanguage":"es","potentialAction":[{"@type":"ReadAction","target":["https:\/\/proyectum.com\/pe\/product\/lider-safe-con-certificacion-sa-safe-agilist\/"]}]},{"@type":"ImageObject","inLanguage":"es","@id":"https:\/\/proyectum.com\/pe\/product\/lider-safe-con-certificacion-sa-safe-agilist\/#primaryimage","url":"https:\/\/proyectum.com\/pe\/wp-content\/uploads\/2021\/08\/lider-safe.png","contentUrl":"https:\/\/proyectum.com\/pe\/wp-content\/uploads\/2021\/08\/lider-safe.png","width":890,"height":594,"caption":"Direcci\u00f3n de Proyectos y Metodolog\u00edas \u00c1giles Proyectum Per\u00fa"},{"@type":"BreadcrumbList","@id":"https:\/\/proyectum.com\/pe\/product\/lider-safe-con-certificacion-sa-safe-agilist\/#breadcrumb","itemListElement":[{"@type":"ListItem","position":1,"name":"Home","item":"https:\/\/proyectum.com\/pe\/"},{"@type":"ListItem","position":2,"name":"Nuestros Cursos","item":"https:\/\/proyectum.com\/pe\/nuestros-cursos\/"},{"@type":"ListItem","position":3,"name":"Leading SaFe con certificaci\u00f3n SA (Safe\u00ae Agilist)"}]},{"@type":"WebSite","@id":"https:\/\/proyectum.com\/pe\/#website","url":"https:\/\/proyectum.com\/pe\/","name":"Proyectum Per\u00fa","description":"Direcci\u00f3n de Proyectos y Metodolog\u00edas \u00c1giles","publisher":{"@id":"https:\/\/proyectum.com\/pe\/#organization"},"potentialAction":[{"@type":"SearchAction","target":{"@type":"EntryPoint","urlTemplate":"https:\/\/proyectum.com\/pe\/?s={search_term_string}"},"query-input":{"@type":"PropertyValueSpecification","valueRequired":true,"valueName":"search_term_string"}}],"inLanguage":"es"},{"@type":"Organization","@id":"https:\/\/proyectum.com\/pe\/#organization","name":"Proyectum Per\u00fa","url":"https:\/\/proyectum.com\/pe\/","logo":{"@type":"ImageObject","inLanguage":"es","@id":"https:\/\/proyectum.com\/pe\/#\/schema\/logo\/image\/","url":"https:\/\/proyectum.com\/pe\/wp-content\/uploads\/2020\/04\/proyectum-logo-snippet.png","contentUrl":"https:\/\/proyectum.com\/pe\/wp-content\/uploads\/2020\/04\/proyectum-logo-snippet.png","width":600,"height":315,"caption":"Proyectum Per\u00fa"},"image":{"@id":"https:\/\/proyectum.com\/pe\/#\/schema\/logo\/image\/"},"sameAs":["https:\/\/www.facebook.com\/proyectum.pe\/","https:\/\/www.instagram.com\/proyectum.pe\/","https:\/\/www.linkedin.com\/company\/proyectumperu\/","https:\/\/www.youtube.com\/@proyectum2283\/videos"]}]}},"_links":{"self":[{"href":"https:\/\/proyectum.com\/pe\/wp-json\/wp\/v2\/product\/7701","targetHints":{"allow":["GET"]}}],"collection":[{"href":"https:\/\/proyectum.com\/pe\/wp-json\/wp\/v2\/product"}],"about":[{"href":"https:\/\/proyectum.com\/pe\/wp-json\/wp\/v2\/types\/product"}],"replies":[{"embeddable":true,"href":"https:\/\/proyectum.com\/pe\/wp-json\/wp\/v2\/comments?post=7701"}],"version-history":[{"count":0,"href":"https:\/\/proyectum.com\/pe\/wp-json\/wp\/v2\/product\/7701\/revisions"}],"wp:featuredmedia":[{"embeddable":true,"href":"https:\/\/proyectum.com\/pe\/wp-json\/wp\/v2\/media\/7702"}],"wp:attachment":[{"href":"https:\/\/proyectum.com\/pe\/wp-json\/wp\/v2\/media?parent=7701"}],"wp:term":[{"taxonomy":"product_brand","embeddable":true,"href":"https:\/\/proyectum.com\/pe\/wp-json\/wp\/v2\/product_brand?post=7701"},{"taxonomy":"product_cat","embeddable":true,"href":"https:\/\/proyectum.com\/pe\/wp-json\/wp\/v2\/product_cat?post=7701"},{"taxonomy":"product_tag","embeddable":true,"href":"https:\/\/proyectum.com\/pe\/wp-json\/wp\/v2\/product_tag?post=7701"}],"curies":[{"name":"wp","href":"https:\/\/api.w.org\/{rel}","templated":true}]}}