{"id":9040,"date":"2024-04-10T21:57:31","date_gmt":"2024-04-11T01:57:31","guid":{"rendered":"https:\/\/proyectum.com\/pe\/?post_type=product&#038;p=9040"},"modified":"2025-04-22T22:55:42","modified_gmt":"2025-04-23T02:55:42","slug":"curso-de-preparacion-para-la-certificacion-en-itil4","status":"publish","type":"product","link":"https:\/\/proyectum.com\/pe\/product\/curso-de-preparacion-para-la-certificacion-en-itil4\/","title":{"rendered":"Curso de preparaci\u00f3n para la Certificaci\u00f3n en ITIL\u00ae4"},"content":{"rendered":"<p class=\"p1\">Explora los conceptos clave, principios gu\u00eda y dimensiones de la gesti\u00f3n de servicios ITIL 4. Domina la cadena de valor del servicio y las pr\u00e1cticas de gesti\u00f3n, y prep\u00e1rate para el examen de certificaci\u00f3n con un simulacro completo.<\/p>\n","protected":false},"excerpt":{"rendered":"<p>Explora los conceptos clave, principios gu\u00eda y dimensiones de la gesti\u00f3n de servicios ITIL 4. Domina la cadena de valor del servicio y las pr\u00e1cticas de gesti\u00f3n, y prep\u00e1rate para el examen de certificaci\u00f3n con un simulacro completo.<\/p>\n","protected":false},"featured_media":9069,"comment_status":"closed","ping_status":"closed","template":"","meta":{"_acf_changed":false},"product_brand":[],"product_cat":[203],"product_tag":[],"class_list":{"0":"post-9040","1":"product","2":"type-product","3":"status-publish","4":"has-post-thumbnail","6":"product_cat-servicios-ti","8":"first","9":"instock","10":"shipping-taxable","11":"product-type-simple"},"acf":[],"yoast_head":"<!-- This site is optimized with the Yoast SEO plugin v24.4 - https:\/\/yoast.com\/wordpress\/plugins\/seo\/ -->\n<title>Curso de preparaci\u00f3n para la Certificaci\u00f3n en ITIL\u00ae4 - Proyectum Per\u00fa<\/title>\n<meta name=\"robots\" content=\"index, follow, max-snippet:-1, max-image-preview:large, max-video-preview:-1\" \/>\n<link rel=\"canonical\" href=\"https:\/\/proyectum.com\/pe\/product\/curso-de-preparacion-para-la-certificacion-en-itil4\/\" \/>\n<meta property=\"og:locale\" content=\"es_ES\" \/>\n<meta property=\"og:type\" content=\"article\" \/>\n<meta property=\"og:title\" content=\"Curso de preparaci\u00f3n para la Certificaci\u00f3n en ITIL\u00ae4 - Proyectum Per\u00fa\" \/>\n<meta property=\"og:description\" content=\"Explora los conceptos clave, principios gu\u00eda y dimensiones de la gesti\u00f3n de servicios ITIL 4. Domina la cadena de valor del servicio y las pr\u00e1cticas de gesti\u00f3n, y prep\u00e1rate para el examen de certificaci\u00f3n con un simulacro completo.\" \/>\n<meta property=\"og:url\" content=\"https:\/\/proyectum.com\/pe\/product\/curso-de-preparacion-para-la-certificacion-en-itil4\/\" \/>\n<meta property=\"og:site_name\" content=\"Proyectum Per\u00fa\" \/>\n<meta property=\"article:publisher\" content=\"https:\/\/www.facebook.com\/proyectum.pe\/\" \/>\n<meta property=\"article:modified_time\" content=\"2025-04-23T02:55:42+00:00\" \/>\n<meta property=\"og:image\" content=\"https:\/\/proyectum.com\/pe\/wp-content\/uploads\/2024\/04\/Curso-de-preparacion-para-la-Certificacion-en-ITIL\u00ae4.webp\" \/>\n\t<meta property=\"og:image:width\" content=\"660\" \/>\n\t<meta property=\"og:image:height\" content=\"693\" \/>\n\t<meta property=\"og:image:type\" content=\"image\/webp\" \/>\n<meta name=\"twitter:card\" content=\"summary_large_image\" \/>\n<meta name=\"twitter:label1\" content=\"Tiempo de lectura\" \/>\n\t<meta name=\"twitter:data1\" content=\"1 minuto\" \/>\n<script type=\"application\/ld+json\" class=\"yoast-schema-graph\">{\"@context\":\"https:\/\/schema.org\",\"@graph\":[{\"@type\":\"WebPage\",\"@id\":\"https:\/\/proyectum.com\/pe\/product\/curso-de-preparacion-para-la-certificacion-en-itil4\/\",\"url\":\"https:\/\/proyectum.com\/pe\/product\/curso-de-preparacion-para-la-certificacion-en-itil4\/\",\"name\":\"Curso de preparaci\u00f3n para la Certificaci\u00f3n en ITIL\u00ae4 - Proyectum Per\u00fa\",\"isPartOf\":{\"@id\":\"https:\/\/proyectum.com\/pe\/#website\"},\"primaryImageOfPage\":{\"@id\":\"https:\/\/proyectum.com\/pe\/product\/curso-de-preparacion-para-la-certificacion-en-itil4\/#primaryimage\"},\"image\":{\"@id\":\"https:\/\/proyectum.com\/pe\/product\/curso-de-preparacion-para-la-certificacion-en-itil4\/#primaryimage\"},\"thumbnailUrl\":\"https:\/\/proyectum.com\/pe\/wp-content\/uploads\/2024\/04\/Curso-de-preparacion-para-la-Certificacion-en-ITIL\u00ae4.webp\",\"datePublished\":\"2024-04-11T01:57:31+00:00\",\"dateModified\":\"2025-04-23T02:55:42+00:00\",\"breadcrumb\":{\"@id\":\"https:\/\/proyectum.com\/pe\/product\/curso-de-preparacion-para-la-certificacion-en-itil4\/#breadcrumb\"},\"inLanguage\":\"es\",\"potentialAction\":[{\"@type\":\"ReadAction\",\"target\":[\"https:\/\/proyectum.com\/pe\/product\/curso-de-preparacion-para-la-certificacion-en-itil4\/\"]}]},{\"@type\":\"ImageObject\",\"inLanguage\":\"es\",\"@id\":\"https:\/\/proyectum.com\/pe\/product\/curso-de-preparacion-para-la-certificacion-en-itil4\/#primaryimage\",\"url\":\"https:\/\/proyectum.com\/pe\/wp-content\/uploads\/2024\/04\/Curso-de-preparacion-para-la-Certificacion-en-ITIL\u00ae4.webp\",\"contentUrl\":\"https:\/\/proyectum.com\/pe\/wp-content\/uploads\/2024\/04\/Curso-de-preparacion-para-la-Certificacion-en-ITIL\u00ae4.webp\",\"width\":660,\"height\":693},{\"@type\":\"BreadcrumbList\",\"@id\":\"https:\/\/proyectum.com\/pe\/product\/curso-de-preparacion-para-la-certificacion-en-itil4\/#breadcrumb\",\"itemListElement\":[{\"@type\":\"ListItem\",\"position\":1,\"name\":\"Home\",\"item\":\"https:\/\/proyectum.com\/pe\/\"},{\"@type\":\"ListItem\",\"position\":2,\"name\":\"Nuestros Cursos\",\"item\":\"https:\/\/proyectum.com\/pe\/nuestros-cursos\/\"},{\"@type\":\"ListItem\",\"position\":3,\"name\":\"Curso de preparaci\u00f3n para la Certificaci\u00f3n en ITIL\u00ae4\"}]},{\"@type\":\"WebSite\",\"@id\":\"https:\/\/proyectum.com\/pe\/#website\",\"url\":\"https:\/\/proyectum.com\/pe\/\",\"name\":\"Proyectum Per\u00fa\",\"description\":\"Direcci\u00f3n de Proyectos y Metodolog\u00edas \u00c1giles\",\"publisher\":{\"@id\":\"https:\/\/proyectum.com\/pe\/#organization\"},\"potentialAction\":[{\"@type\":\"SearchAction\",\"target\":{\"@type\":\"EntryPoint\",\"urlTemplate\":\"https:\/\/proyectum.com\/pe\/?s={search_term_string}\"},\"query-input\":{\"@type\":\"PropertyValueSpecification\",\"valueRequired\":true,\"valueName\":\"search_term_string\"}}],\"inLanguage\":\"es\"},{\"@type\":\"Organization\",\"@id\":\"https:\/\/proyectum.com\/pe\/#organization\",\"name\":\"Proyectum Per\u00fa\",\"url\":\"https:\/\/proyectum.com\/pe\/\",\"logo\":{\"@type\":\"ImageObject\",\"inLanguage\":\"es\",\"@id\":\"https:\/\/proyectum.com\/pe\/#\/schema\/logo\/image\/\",\"url\":\"https:\/\/proyectum.com\/pe\/wp-content\/uploads\/2020\/04\/proyectum-logo-snippet.png\",\"contentUrl\":\"https:\/\/proyectum.com\/pe\/wp-content\/uploads\/2020\/04\/proyectum-logo-snippet.png\",\"width\":600,\"height\":315,\"caption\":\"Proyectum Per\u00fa\"},\"image\":{\"@id\":\"https:\/\/proyectum.com\/pe\/#\/schema\/logo\/image\/\"},\"sameAs\":[\"https:\/\/www.facebook.com\/proyectum.pe\/\",\"https:\/\/www.instagram.com\/proyectum.pe\/\",\"https:\/\/www.linkedin.com\/company\/proyectumperu\/\",\"https:\/\/www.youtube.com\/@proyectum2283\/videos\"]}]}<\/script>\n<!-- \/ Yoast SEO plugin. -->","yoast_head_json":{"title":"Curso de preparaci\u00f3n para la Certificaci\u00f3n en ITIL\u00ae4 - Proyectum Per\u00fa","robots":{"index":"index","follow":"follow","max-snippet":"max-snippet:-1","max-image-preview":"max-image-preview:large","max-video-preview":"max-video-preview:-1"},"canonical":"https:\/\/proyectum.com\/pe\/product\/curso-de-preparacion-para-la-certificacion-en-itil4\/","og_locale":"es_ES","og_type":"article","og_title":"Curso de preparaci\u00f3n para la Certificaci\u00f3n en ITIL\u00ae4 - Proyectum Per\u00fa","og_description":"Explora los conceptos clave, principios gu\u00eda y dimensiones de la gesti\u00f3n de servicios ITIL 4. Domina la cadena de valor del servicio y las pr\u00e1cticas de gesti\u00f3n, y prep\u00e1rate para el examen de certificaci\u00f3n con un simulacro completo.","og_url":"https:\/\/proyectum.com\/pe\/product\/curso-de-preparacion-para-la-certificacion-en-itil4\/","og_site_name":"Proyectum Per\u00fa","article_publisher":"https:\/\/www.facebook.com\/proyectum.pe\/","article_modified_time":"2025-04-23T02:55:42+00:00","og_image":[{"width":660,"height":693,"url":"https:\/\/proyectum.com\/pe\/wp-content\/uploads\/2024\/04\/Curso-de-preparacion-para-la-Certificacion-en-ITIL\u00ae4.webp","type":"image\/webp"}],"twitter_card":"summary_large_image","twitter_misc":{"Tiempo de lectura":"1 minuto"},"schema":{"@context":"https:\/\/schema.org","@graph":[{"@type":"WebPage","@id":"https:\/\/proyectum.com\/pe\/product\/curso-de-preparacion-para-la-certificacion-en-itil4\/","url":"https:\/\/proyectum.com\/pe\/product\/curso-de-preparacion-para-la-certificacion-en-itil4\/","name":"Curso de preparaci\u00f3n para la Certificaci\u00f3n en ITIL\u00ae4 - Proyectum Per\u00fa","isPartOf":{"@id":"https:\/\/proyectum.com\/pe\/#website"},"primaryImageOfPage":{"@id":"https:\/\/proyectum.com\/pe\/product\/curso-de-preparacion-para-la-certificacion-en-itil4\/#primaryimage"},"image":{"@id":"https:\/\/proyectum.com\/pe\/product\/curso-de-preparacion-para-la-certificacion-en-itil4\/#primaryimage"},"thumbnailUrl":"https:\/\/proyectum.com\/pe\/wp-content\/uploads\/2024\/04\/Curso-de-preparacion-para-la-Certificacion-en-ITIL\u00ae4.webp","datePublished":"2024-04-11T01:57:31+00:00","dateModified":"2025-04-23T02:55:42+00:00","breadcrumb":{"@id":"https:\/\/proyectum.com\/pe\/product\/curso-de-preparacion-para-la-certificacion-en-itil4\/#breadcrumb"},"inLanguage":"es","potentialAction":[{"@type":"ReadAction","target":["https:\/\/proyectum.com\/pe\/product\/curso-de-preparacion-para-la-certificacion-en-itil4\/"]}]},{"@type":"ImageObject","inLanguage":"es","@id":"https:\/\/proyectum.com\/pe\/product\/curso-de-preparacion-para-la-certificacion-en-itil4\/#primaryimage","url":"https:\/\/proyectum.com\/pe\/wp-content\/uploads\/2024\/04\/Curso-de-preparacion-para-la-Certificacion-en-ITIL\u00ae4.webp","contentUrl":"https:\/\/proyectum.com\/pe\/wp-content\/uploads\/2024\/04\/Curso-de-preparacion-para-la-Certificacion-en-ITIL\u00ae4.webp","width":660,"height":693},{"@type":"BreadcrumbList","@id":"https:\/\/proyectum.com\/pe\/product\/curso-de-preparacion-para-la-certificacion-en-itil4\/#breadcrumb","itemListElement":[{"@type":"ListItem","position":1,"name":"Home","item":"https:\/\/proyectum.com\/pe\/"},{"@type":"ListItem","position":2,"name":"Nuestros Cursos","item":"https:\/\/proyectum.com\/pe\/nuestros-cursos\/"},{"@type":"ListItem","position":3,"name":"Curso de preparaci\u00f3n para la Certificaci\u00f3n en ITIL\u00ae4"}]},{"@type":"WebSite","@id":"https:\/\/proyectum.com\/pe\/#website","url":"https:\/\/proyectum.com\/pe\/","name":"Proyectum Per\u00fa","description":"Direcci\u00f3n de Proyectos y Metodolog\u00edas \u00c1giles","publisher":{"@id":"https:\/\/proyectum.com\/pe\/#organization"},"potentialAction":[{"@type":"SearchAction","target":{"@type":"EntryPoint","urlTemplate":"https:\/\/proyectum.com\/pe\/?s={search_term_string}"},"query-input":{"@type":"PropertyValueSpecification","valueRequired":true,"valueName":"search_term_string"}}],"inLanguage":"es"},{"@type":"Organization","@id":"https:\/\/proyectum.com\/pe\/#organization","name":"Proyectum Per\u00fa","url":"https:\/\/proyectum.com\/pe\/","logo":{"@type":"ImageObject","inLanguage":"es","@id":"https:\/\/proyectum.com\/pe\/#\/schema\/logo\/image\/","url":"https:\/\/proyectum.com\/pe\/wp-content\/uploads\/2020\/04\/proyectum-logo-snippet.png","contentUrl":"https:\/\/proyectum.com\/pe\/wp-content\/uploads\/2020\/04\/proyectum-logo-snippet.png","width":600,"height":315,"caption":"Proyectum Per\u00fa"},"image":{"@id":"https:\/\/proyectum.com\/pe\/#\/schema\/logo\/image\/"},"sameAs":["https:\/\/www.facebook.com\/proyectum.pe\/","https:\/\/www.instagram.com\/proyectum.pe\/","https:\/\/www.linkedin.com\/company\/proyectumperu\/","https:\/\/www.youtube.com\/@proyectum2283\/videos"]}]}},"_links":{"self":[{"href":"https:\/\/proyectum.com\/pe\/wp-json\/wp\/v2\/product\/9040","targetHints":{"allow":["GET"]}}],"collection":[{"href":"https:\/\/proyectum.com\/pe\/wp-json\/wp\/v2\/product"}],"about":[{"href":"https:\/\/proyectum.com\/pe\/wp-json\/wp\/v2\/types\/product"}],"replies":[{"embeddable":true,"href":"https:\/\/proyectum.com\/pe\/wp-json\/wp\/v2\/comments?post=9040"}],"version-history":[{"count":0,"href":"https:\/\/proyectum.com\/pe\/wp-json\/wp\/v2\/product\/9040\/revisions"}],"wp:featuredmedia":[{"embeddable":true,"href":"https:\/\/proyectum.com\/pe\/wp-json\/wp\/v2\/media\/9069"}],"wp:attachment":[{"href":"https:\/\/proyectum.com\/pe\/wp-json\/wp\/v2\/media?parent=9040"}],"wp:term":[{"taxonomy":"product_brand","embeddable":true,"href":"https:\/\/proyectum.com\/pe\/wp-json\/wp\/v2\/product_brand?post=9040"},{"taxonomy":"product_cat","embeddable":true,"href":"https:\/\/proyectum.com\/pe\/wp-json\/wp\/v2\/product_cat?post=9040"},{"taxonomy":"product_tag","embeddable":true,"href":"https:\/\/proyectum.com\/pe\/wp-json\/wp\/v2\/product_tag?post=9040"}],"curies":[{"name":"wp","href":"https:\/\/api.w.org\/{rel}","templated":true}]}}