{"id":10200,"date":"2022-09-01T15:23:59","date_gmt":"2022-09-01T18:23:59","guid":{"rendered":"https:\/\/www.proyectum.com\/sistema\/?page_id=10200"},"modified":"2023-11-20T17:12:50","modified_gmt":"2023-11-20T20:12:50","slug":"pmo-hispanic-america","status":"publish","type":"page","link":"https:\/\/proyectum.com\/sistema\/pmo-awards\/","title":{"rendered":"PMO Awards"},"content":{"rendered":"<div class=\"wpb-content-wrapper\"><p>[vc_row full_width=\u00bbstretch_row_content\u00bb][vc_column css=\u00bb.vc_custom_1640296015548{padding-bottom: 2em !important;background-image: url(https:\/\/www.proyectum.com\/sistema\/wp-content\/uploads\/2021\/12\/Proyectum-PMP-fondo.jpg?id=9866) !important;background-position: center !important;background-repeat: no-repeat !important;background-size: cover !important;}\u00bb][vc_custom_heading text=\u00bbPROYECTUM Y PMO GLOBAL ALLIANCE SE UNEN PARA CELEBRAR LA EXCELENCIA DE LAS PMO\u00bb font_container=\u00bbtag:h2|font_size:30px|text_align:center|color:%23ffffff\u00bb google_fonts=\u00bbfont_family:Asap%3Aregular%2Citalic%2C700%2C700italic|font_style:400%20regular%3A400%3Anormal\u00bb css=\u00bb.vc_custom_1662056390374{padding-top: 3em !important;}\u00bb][vc_column_text css=\u00bb.vc_custom_1697212102909{padding-bottom: 1em !important;}\u00bb]<\/p>\n<h1 style=\"text-align: center;\"><span style=\"font-size: 26px; color: #ffffff;\"><strong>PMO Hispanic-America Awards 2023<\/strong><\/span><br \/>\n<span style=\"font-size: 20px; color: #f9aa54;\">Un reconocimiento a la excelencia y el desempe\u00f1o de las PMO en Hispanoam\u00e9rica<\/span><\/h1>\n<p>[\/vc_column_text][vc_column_text css=\u00bb.vc_custom_1697211556082{padding-bottom: 1em !important;}\u00bb]<\/p>\n<h3 style=\"text-align: center;\"><span style=\"font-size: 18px; color: #f9aa54;\">Inscripciones: 16 octubre &#8211; 31 de diciembre<\/span><\/h3>\n<p>[\/vc_column_text][vc_row_inner][vc_column_inner][vc_btn title=\u00bbSolicita informaci\u00f3n\u00bb style=\u00bb3d\u00bb shape=\u00bbrounded\u00bb color=\u00bborange\u00bb align=\u00bbcenter\u00bb btn_fs=\u00bb16px\u00bb link=\u00bburl:https%3A%2F%2Fwww.proyectum.com%2Fsistema%2Fpmo-awards%2F%23ancla-form\u00bb][\/vc_column_inner][\/vc_row_inner][\/vc_column][\/vc_row][vc_row full_width=\u00bbstretch_row_content\u00bb css=\u00bb.vc_custom_1640303220409{padding-top: 3em !important;padding-bottom: 1.5em !important;}\u00bb][vc_column width=\u00bb1\/2&#8243; css=\u00bb.vc_custom_1640300129670{padding-left: 1.5em !important;}\u00bb][vc_custom_heading text=\u00bbTU OFICINA DE DIRECCI\u00d3N DE PROYECTOS (PMO) AGREGA VALOR A TU ORGANIZACI\u00d3N\u00bb font_container=\u00bbtag:h2|font_size:26px|text_align:left|color:%2300416b\u00bb google_fonts=\u00bbfont_family:Asap%3Aregular%2Citalic%2C700%2C700italic|font_style:700%20bold%20regular%3A700%3Anormal\u00bb letter_spacing=\u00bb0.1em\u00bb][vc_row_inner][vc_column_inner width=\u00bb1\/4&#8243;][vc_single_image image=\u00bb10205&#8243; img_size=\u00bbfull\u00bb][\/vc_column_inner][vc_column_inner width=\u00bb3\/4&#8243;][vc_column_text]<span style=\"color: #00416b; font-size: 20px;\"><strong>LA PMO DE TU ORGANIZACI\u00d3N AGREGA VALOR A TRAV\u00c9S DE:<\/strong><\/span><\/p>\n<ul>\n<li><span style=\"color: #00416b; font-size: 17px;\">Alinear el trabajo de los proyectos con los objetivos estrat\u00e9gicos\u00a0<\/span><\/li>\n<li><span style=\"color: #00416b; font-size: 17px;\">Involucrar y colaborar con los interesados<\/span><\/li>\n<li><span style=\"color: #00416b; font-size: 17px;\">Desarrollar el talento<\/span><\/li>\n<li><span style=\"color: #00416b; font-size: 17px;\">Obtener valor de las inversiones en los proyectos<\/span><\/li>\n<\/ul>\n<p>[\/vc_column_text][\/vc_column_inner][\/vc_row_inner][\/vc_column][vc_column width=\u00bb1\/2&#8243; css=\u00bb.vc_custom_1640300842201{padding-right: 1.5em !important;}\u00bb][vc_custom_heading text=\u00bbES MOMENTO DE RECONOCER A TU PMO POR SU EXCELENCIA Y DESEMPE\u00d1O EN LOS PMO HISPANIC-AMERICA AWARDS 2023&#8243; font_container=\u00bbtag:h2|font_size:26px|text_align:left|color:%2300416b\u00bb google_fonts=\u00bbfont_family:Asap%3Aregular%2Citalic%2C700%2C700italic|font_style:700%20bold%20regular%3A700%3Anormal\u00bb letter_spacing=\u00bb0.1em\u00bb][vc_column_text]<span style=\"color: #00416b; font-size: 19px;\">Los <strong>PMO Hispanic-America Awards<\/strong> reconocen y honran la excelencia y el desempe\u00f1o de las PMO en Hispanoam\u00e9rica.<\/span>[\/vc_column_text][vc_single_image image=\u00bb10204&#8243; img_size=\u00bbfull\u00bb css=\u00bb.vc_custom_1662164631536{padding-top: 1em !important;padding-bottom: 1.2em !important;}\u00bb][\/vc_column][\/vc_row][vc_row full_width=\u00bbstretch_row_content\u00bb css=\u00bb.vc_custom_1640301429977{padding-top: 3em !important;padding-bottom: 3em !important;background-color: #00416b !important;}\u00bb][vc_column][vc_custom_heading text=\u00bbPON EN ALTO EL NOMBRE DE TU ORGANIZACI\u00d3N\u00bb font_container=\u00bbtag:h2|font_size:32px|text_align:center|color:%23ffffff\u00bb google_fonts=\u00bbfont_family:Asap%3Aregular%2Citalic%2C700%2C700italic|font_style:700%20bold%20regular%3A700%3Anormal\u00bb letter_spacing=\u00bb1.3px\u00bb][vc_row_inner][vc_column_inner width=\u00bb2\/3&#8243; css=\u00bb.vc_custom_1640303181827{padding-top: 1em !important;padding-right: 3em !important;padding-left: 3em !important;}\u00bb][vc_column_text]<span style=\"color: #ffffff; font-size: 20px;\">La PMO con mejor desempe\u00f1o en Hispanoam\u00e9rica ser\u00e1 reconocida con el premio \u00ab<strong>PMO of the year 2023<\/strong>\u00ab.\u00a0<\/span><\/p>\n<p>&nbsp;<\/p>\n<p><span style=\"color: #ffffff; font-size: 20px;\">Los <strong>ganadores de PMO Hispanic-America<\/strong> podr\u00e1n representarnos en los <strong>PMO Global Awards 2024<\/strong>, el premio m\u00e1s grande y prestigioso del mundo para PMOs.<\/span><\/p>\n<p>&nbsp;<\/p>\n<p><strong><span style=\"color: #ffffff; font-size: 20px;\">La PMO de tu organizaci\u00f3n puede ser reconocida a nivel mundial.<\/span><\/strong>[\/vc_column_text][\/vc_column_inner][vc_column_inner width=\u00bb1\/3&#8243; css=\u00bb.vc_custom_1640303044543{padding-right: 3em !important;}\u00bb][vc_single_image image=\u00bb10206&#8243; img_size=\u00bbfull\u00bb][\/vc_column_inner][\/vc_row_inner][\/vc_column][\/vc_row][vc_row][vc_column][vc_row_inner css=\u00bb.vc_custom_1640905016593{padding-top: 2em !important;padding-bottom: 3em !important;}\u00bb][vc_column_inner width=\u00bb1\/2&#8243; css=\u00bb.vc_custom_1662165899700{padding-right: 1em !important;}\u00bb][vc_custom_heading text=\u00bb\u00bfQUIERES PARTICIPAR CON TU PMO?\u00bb font_container=\u00bbtag:h2|font_size:31px|text_align:left|color:%2300416b|line_height:33px\u00bb google_fonts=\u00bbfont_family:Asap%3Aregular%2Citalic%2C700%2C700italic|font_style:700%20bold%20regular%3A700%3Anormal\u00bb text_transform=\u00bbtext-uppercase\u00bb letter_spacing=\u00bb2px\u00bb][vc_column_text]<span style=\"font-size: 21px;\"><span style=\"color: #00416b;\"><strong>Te invitamos a nuestra sesi\u00f3n informativa: <\/strong><\/span><\/span><\/p>\n<p><span style=\"font-size: 21px;\"><span style=\"color: #00416b;\"><strong>21 de noviembre a las 14:30 horas tiempo de Centro Am\u00e9rica. <\/strong><\/span><\/span><\/p>\n<p><span style=\"font-size: 21px;\"><span style=\"color: #00416b;\"><strong>Inscr\u00edbete aqu\u00ed para participar:<\/strong><\/span><\/span>[\/vc_column_text][\/vc_column_inner][vc_column_inner width=\u00bb1\/2&#8243;][vc_raw_html]JTNDYSUyMGlkJTNEJTIyYW5jbGEtZm9ybSUyMiUzRSUzQyUyRmElM0U=[\/vc_raw_html]\n<div class=\"wpcf7 no-js\" id=\"wpcf7-f10207-o1\" lang=\"es-ES\" dir=\"ltr\" data-wpcf7-id=\"10207\">\n<div class=\"screen-reader-response\"><p role=\"status\" aria-live=\"polite\" aria-atomic=\"true\"><\/p> <ul><\/ul><\/div>\n<form action=\"\/sistema\/wp-json\/wp\/v2\/pages\/10200#wpcf7-f10207-o1\" method=\"post\" class=\"wpcf7-form init\" aria-label=\"Formulario de contacto\" novalidate=\"novalidate\" data-status=\"init\">\n<fieldset class=\"hidden-fields-container\"><input type=\"hidden\" name=\"_wpcf7\" value=\"10207\" \/><input type=\"hidden\" name=\"_wpcf7_version\" value=\"6.1.5\" \/><input type=\"hidden\" name=\"_wpcf7_locale\" value=\"es_ES\" \/><input type=\"hidden\" name=\"_wpcf7_unit_tag\" value=\"wpcf7-f10207-o1\" \/><input type=\"hidden\" name=\"_wpcf7_container_post\" value=\"0\" \/><input type=\"hidden\" name=\"_wpcf7_posted_data_hash\" value=\"\" \/><input type=\"hidden\" name=\"_wpcf7_recaptcha_response\" value=\"\" \/>\n<\/fieldset>\n<div class=\"row\">\n    <div class=\"col-md-6 text-left\">\n        <div class=\"form-group\">\n            <label class=\"text-title-form\"><i class=\"Simple-Line-Icons-user text-color-light\"><\/i> Nombre Completo<\/label><span class=\"wpcf7-form-control-wrap\" data-name=\"fname\"><input size=\"40\" maxlength=\"400\" class=\"wpcf7-form-control wpcf7-text wpcf7-validates-as-required custom-contact-input\" aria-required=\"true\" aria-invalid=\"false\" placeholder=\"Escribe tu nombre y apellido *\" value=\"\" type=\"text\" name=\"fname\" \/><\/span>\n        <br>\n        <\/div>\n        <div class=\"form-group\">\n            <label class=\"text-title-form\"><i class=\"Simple-Line-Icons-envelope text-color-light\"><\/i> Correo Electr\u00f3nico<\/label><span class=\"wpcf7-form-control-wrap\" data-name=\"email\"><input size=\"40\" maxlength=\"400\" class=\"wpcf7-form-control wpcf7-email wpcf7-validates-as-required wpcf7-text wpcf7-validates-as-email custom-contact-input\" aria-required=\"true\" aria-invalid=\"false\" placeholder=\"A donde te escribiremos *\" value=\"\" type=\"email\" name=\"email\" \/><\/span>\n        <br>\n        <\/div>\n        <div class=\"form-group\">\n            <label class=\"text-title-form\"><i class=\"Simple-Line-Icons-call-out icons text-color-light\"><\/i> Tel\u00e9fono<\/label><span class=\"wpcf7-form-control-wrap\" data-name=\"worktel\"><input size=\"40\" maxlength=\"400\" class=\"wpcf7-form-control wpcf7-text custom-contact-input\" aria-invalid=\"false\" placeholder=\"N\u00famero de contacto\" value=\"\" type=\"text\" name=\"worktel\" \/><\/span>\n        <br>\n        <\/div>\n    <\/div>\n    <div class=\"col-md-6 text-left\">\n        <div class=\"form-group\">\n            <label class=\"text-title-form\"><i class=\"Simple-Line-Icons-bubble icons text-color-light\"><\/i> Pa\u00eds<\/label><span class=\"wpcf7-form-control-wrap\" data-name=\"country1\"><select class=\"wpcf7-form-control wpcf7-select wpcf7-validates-as-required\" id=\"selector\" aria-required=\"true\" aria-invalid=\"false\" name=\"country1\"><option value=\"\"><\/option><option value=\"Chile\">Chile<\/option><option value=\"Colombia\">Colombia<\/option><option value=\"Costa Rica\">Costa Rica<\/option><option value=\"Ecuador\">Ecuador<\/option><option value=\"El Salvador\">El Salvador<\/option><option value=\"Guatemala\">Guatemala<\/option><option value=\"M\u00e9xico\">M\u00e9xico<\/option><option value=\"Panam\u00e1\">Panam\u00e1<\/option><option value=\"Per\u00fa\">Per\u00fa<\/option><option value=\"Rep\u00fablica Dominicana\">Rep\u00fablica Dominicana<\/option><option value=\"Otro\">Otro<\/option><\/select><\/span>\n        <br>\n        <\/div>\n        <br \/>\n        <div class=\"form-group\">\n            <label class=\"text-title-form\"><i class=\"Simple-Line-Icons-bubble icons text-color-light\"><\/i> Mensaje<\/label><span class=\"wpcf7-form-control-wrap\" data-name=\"txt-msg\"><textarea cols=\"40\" rows=\"10\" maxlength=\"2000\" class=\"wpcf7-form-control wpcf7-textarea wpcf7-validates-as-required custom-contact-input\" id=\"text-area-home\" aria-required=\"true\" aria-invalid=\"false\" placeholder=\"\u00bfAlgo que nos quieras decir? *\" name=\"txt-msg\"><\/textarea><\/span>\n        <br>\n        <\/div>\n    <\/div>\n<\/div>\n\n<div class=\"row text-left\">\n    <div class=\"col-lg-6\">\n\n        <div class=\"text-left text-checkbox\"><span class=\"wpcf7-form-control-wrap\" data-name=\"acceptance-boletin\"><span class=\"wpcf7-form-control wpcf7-acceptance optional\"><span class=\"wpcf7-list-item\"><label><input type=\"checkbox\" name=\"acceptance-boletin\" value=\"1\" checked=\"checked\" aria-invalid=\"false\" \/><span class=\"wpcf7-list-item-label\">Deseo recibir el bolet\u00edn\n            quincenal<\/span><\/label><\/span><\/span><\/span><\/div>\n        <div class=\"text-left text-checkbox\"><span class=\"wpcf7-form-control-wrap\" data-name=\"acceptance-invitacion\"><span class=\"wpcf7-form-control wpcf7-acceptance optional\"><span class=\"wpcf7-list-item\"><label><input type=\"checkbox\" name=\"acceptance-invitacion\" value=\"1\" checked=\"checked\" aria-invalid=\"false\" \/><span class=\"wpcf7-list-item-label\">Deseo recibir invitaciones a\n            webinars<\/span><\/label><\/span><\/span><\/span><\/div>\n        <div class=\"text-left text-checkbox\"><span class=\"wpcf7-form-control-wrap\" data-name=\"acceptance-684\"><span class=\"wpcf7-form-control wpcf7-acceptance\"><span class=\"wpcf7-list-item\"><label><input type=\"checkbox\" name=\"acceptance-684\" value=\"1\" aria-invalid=\"false\" \/><span class=\"wpcf7-list-item-label\">He le\u00eddo la <a href=\"..\/politica-de-privacidad\"\n                target=\"_blank\">pol\u00edtica de privacidad<\/a> y la acepto.<\/span><\/label><\/span><\/span><\/span><\/div>\n    <\/div>\n    <div class=\"col-lg-6 text-right\">\n        <div class=\"form-group text-right\">\n            \n        <\/div>\n        \n        <div class=\"form-group text-right\">\n\n\n            \n            <input class=\"wpcf7-form-control wpcf7-submit has-spinner custom-btn-style-4 btn-enviar-form box\" type=\"submit\" value=\"Cont\u00e1ctanos\" \/><\/div>\n    <\/div>\n\n<\/div><input type='hidden' class='wpcf7-pum' value='{\"closepopup\":false,\"closedelay\":0,\"openpopup\":false,\"openpopup_id\":0}' \/><div class=\"wpcf7-response-output\" aria-hidden=\"true\"><\/div>\n<\/form>\n<\/div>\n[\/vc_column_inner][\/vc_row_inner][\/vc_column][\/vc_row]<\/p>\n<\/div>","protected":false},"excerpt":{"rendered":"<p>[vc_row full_width=\u00bbstretch_row_content\u00bb][vc_column css=\u00bb.vc_custom_1640296015548{padding-bottom: 2em !important;background-image: url(https:\/\/www.proyectum.com\/sistema\/wp-content\/uploads\/2021\/12\/Proyectum-PMP-fondo.jpg?id=9866) !important;background-position: center !important;background-repeat: no-repeat !important;background-size: cover !important;}\u00bb][vc_custom_heading text=\u00bbPROYECTUM Y PMO GLOBAL ALLIANCE SE UNEN PARA CELEBRAR LA EXCELENCIA DE LAS PMO\u00bb font_container=\u00bbtag:h2|font_size:30px|text_align:center|color:%23ffffff\u00bb google_fonts=\u00bbfont_family:Asap%3Aregular%2Citalic%2C700%2C700italic|font_style:400%20regular%3A400%3Anormal\u00bb css=\u00bb.vc_custom_1662056390374{padding-top: 3em !important;}\u00bb][vc_column_text css=\u00bb.vc_custom_1697212102909{padding-bottom: 1em !important;}\u00bb] PMO Hispanic-America Awards 2023 Un reconocimiento a la excelencia y el desempe\u00f1o de las PMO en Hispanoam\u00e9rica [\/vc_column_text][vc_column_text css=\u00bb.vc_custom_1697211556082{padding-bottom: 1em [&hellip;]<\/p>\n","protected":false},"author":46,"featured_media":8258,"parent":0,"menu_order":0,"comment_status":"closed","ping_status":"closed","template":"","meta":{"_acf_changed":false,"content-type":"","footnotes":""},"class_list":["post-10200","page","type-page","status-publish","has-post-thumbnail","hentry"],"acf":[],"yoast_head":"<!-- This site is optimized with the Yoast SEO plugin v27.6 - https:\/\/yoast.com\/product\/yoast-seo-wordpress\/ -->\n<title>PMO Awards - Proyectum<\/title>\n<meta name=\"description\" content=\"Los PMO Hispanic-America Awards reconocen y honran la excelencia y el desempe\u00f1o de las PMO en Hispanoam\u00e9rica.\" \/>\n<meta name=\"robots\" content=\"index, follow, max-snippet:-1, max-image-preview:large, max-video-preview:-1\" \/>\n<link rel=\"canonical\" href=\"https:\/\/proyectum.com\/sistema\/pmo-awards\/\" \/>\n<meta property=\"og:locale\" content=\"es_ES\" \/>\n<meta property=\"og:type\" content=\"article\" \/>\n<meta property=\"og:title\" content=\"PMO Awards - Proyectum\" \/>\n<meta property=\"og:description\" content=\"Los PMO Hispanic-America Awards reconocen y honran la excelencia y el desempe\u00f1o de las PMO en Hispanoam\u00e9rica.\" \/>\n<meta property=\"og:url\" content=\"https:\/\/proyectum.com\/sistema\/pmo-awards\/\" \/>\n<meta property=\"og:site_name\" content=\"Proyectum\" \/>\n<meta property=\"article:publisher\" content=\"https:\/\/www.facebook.com\/proyectum\/\" \/>\n<meta property=\"article:modified_time\" content=\"2023-11-20T20:12:50+00:00\" \/>\n<meta name=\"twitter:card\" content=\"summary_large_image\" \/>\n<meta name=\"twitter:label1\" content=\"Tiempo de lectura\" \/>\n\t<meta name=\"twitter:data1\" content=\"2 minutos\" \/>\n<script type=\"application\/ld+json\" class=\"yoast-schema-graph\">{\"@context\":\"https:\\\/\\\/schema.org\",\"@graph\":[{\"@type\":\"WebPage\",\"@id\":\"https:\\\/\\\/proyectum.com\\\/sistema\\\/pmo-awards\\\/\",\"url\":\"https:\\\/\\\/proyectum.com\\\/sistema\\\/pmo-awards\\\/\",\"name\":\"PMO Awards - Proyectum\",\"isPartOf\":{\"@id\":\"https:\\\/\\\/proyectum.com\\\/sistema\\\/#website\"},\"primaryImageOfPage\":{\"@id\":\"https:\\\/\\\/proyectum.com\\\/sistema\\\/pmo-awards\\\/#primaryimage\"},\"image\":{\"@id\":\"https:\\\/\\\/proyectum.com\\\/sistema\\\/pmo-awards\\\/#primaryimage\"},\"thumbnailUrl\":\"\",\"datePublished\":\"2022-09-01T18:23:59+00:00\",\"dateModified\":\"2023-11-20T20:12:50+00:00\",\"description\":\"Los PMO Hispanic-America Awards reconocen y honran la excelencia y el desempe\u00f1o de las PMO en Hispanoam\u00e9rica.\",\"breadcrumb\":{\"@id\":\"https:\\\/\\\/proyectum.com\\\/sistema\\\/pmo-awards\\\/#breadcrumb\"},\"inLanguage\":\"es\",\"potentialAction\":[{\"@type\":\"ReadAction\",\"target\":[\"https:\\\/\\\/proyectum.com\\\/sistema\\\/pmo-awards\\\/\"]}]},{\"@type\":\"ImageObject\",\"inLanguage\":\"es\",\"@id\":\"https:\\\/\\\/proyectum.com\\\/sistema\\\/pmo-awards\\\/#primaryimage\",\"url\":\"\",\"contentUrl\":\"\"},{\"@type\":\"BreadcrumbList\",\"@id\":\"https:\\\/\\\/proyectum.com\\\/sistema\\\/pmo-awards\\\/#breadcrumb\",\"itemListElement\":[{\"@type\":\"ListItem\",\"position\":1,\"name\":\"Home\",\"item\":\"https:\\\/\\\/proyectum.com\\\/sistema\\\/\"},{\"@type\":\"ListItem\",\"position\":2,\"name\":\"PMO Awards\"}]},{\"@type\":\"WebSite\",\"@id\":\"https:\\\/\\\/proyectum.com\\\/sistema\\\/#website\",\"url\":\"https:\\\/\\\/proyectum.com\\\/sistema\\\/\",\"name\":\"Proyectum\",\"description\":\"Direcci\u00f3n de Proyectos y M\u00e9todos \u00c1giles\",\"publisher\":{\"@id\":\"https:\\\/\\\/proyectum.com\\\/sistema\\\/#organization\"},\"potentialAction\":[{\"@type\":\"SearchAction\",\"target\":{\"@type\":\"EntryPoint\",\"urlTemplate\":\"https:\\\/\\\/proyectum.com\\\/sistema\\\/?s={search_term_string}\"},\"query-input\":{\"@type\":\"PropertyValueSpecification\",\"valueRequired\":true,\"valueName\":\"search_term_string\"}}],\"inLanguage\":\"es\"},{\"@type\":\"Organization\",\"@id\":\"https:\\\/\\\/proyectum.com\\\/sistema\\\/#organization\",\"name\":\"Proyectum\",\"url\":\"https:\\\/\\\/proyectum.com\\\/sistema\\\/\",\"logo\":{\"@type\":\"ImageObject\",\"inLanguage\":\"es\",\"@id\":\"https:\\\/\\\/proyectum.com\\\/sistema\\\/#\\\/schema\\\/logo\\\/image\\\/\",\"url\":\"https:\\\/\\\/www.proyectum.com\\\/sistema\\\/wp-content\\\/uploads\\\/2020\\\/04\\\/proyectum-logo-snippet.png\",\"contentUrl\":\"https:\\\/\\\/www.proyectum.com\\\/sistema\\\/wp-content\\\/uploads\\\/2020\\\/04\\\/proyectum-logo-snippet.png\",\"width\":600,\"height\":315,\"caption\":\"Proyectum\"},\"image\":{\"@id\":\"https:\\\/\\\/proyectum.com\\\/sistema\\\/#\\\/schema\\\/logo\\\/image\\\/\"},\"sameAs\":[\"https:\\\/\\\/www.facebook.com\\\/proyectum\\\/\",\"https:\\\/\\\/www.linkedin.com\\\/company\\\/sistemaproyectum\\\/\",\"https:\\\/\\\/www.youtube.com\\\/channel\\\/UCljouWimyhK_cNcC2jniUgw\"]}]}<\/script>\n<!-- \/ Yoast SEO plugin. -->","yoast_head_json":{"title":"PMO Awards - Proyectum","description":"Los PMO Hispanic-America Awards reconocen y honran la excelencia y el desempe\u00f1o de las PMO en Hispanoam\u00e9rica.","robots":{"index":"index","follow":"follow","max-snippet":"max-snippet:-1","max-image-preview":"max-image-preview:large","max-video-preview":"max-video-preview:-1"},"canonical":"https:\/\/proyectum.com\/sistema\/pmo-awards\/","og_locale":"es_ES","og_type":"article","og_title":"PMO Awards - Proyectum","og_description":"Los PMO Hispanic-America Awards reconocen y honran la excelencia y el desempe\u00f1o de las PMO en Hispanoam\u00e9rica.","og_url":"https:\/\/proyectum.com\/sistema\/pmo-awards\/","og_site_name":"Proyectum","article_publisher":"https:\/\/www.facebook.com\/proyectum\/","article_modified_time":"2023-11-20T20:12:50+00:00","twitter_card":"summary_large_image","twitter_misc":{"Tiempo de lectura":"2 minutos"},"schema":{"@context":"https:\/\/schema.org","@graph":[{"@type":"WebPage","@id":"https:\/\/proyectum.com\/sistema\/pmo-awards\/","url":"https:\/\/proyectum.com\/sistema\/pmo-awards\/","name":"PMO Awards - Proyectum","isPartOf":{"@id":"https:\/\/proyectum.com\/sistema\/#website"},"primaryImageOfPage":{"@id":"https:\/\/proyectum.com\/sistema\/pmo-awards\/#primaryimage"},"image":{"@id":"https:\/\/proyectum.com\/sistema\/pmo-awards\/#primaryimage"},"thumbnailUrl":"","datePublished":"2022-09-01T18:23:59+00:00","dateModified":"2023-11-20T20:12:50+00:00","description":"Los PMO Hispanic-America Awards reconocen y honran la excelencia y el desempe\u00f1o de las PMO en Hispanoam\u00e9rica.","breadcrumb":{"@id":"https:\/\/proyectum.com\/sistema\/pmo-awards\/#breadcrumb"},"inLanguage":"es","potentialAction":[{"@type":"ReadAction","target":["https:\/\/proyectum.com\/sistema\/pmo-awards\/"]}]},{"@type":"ImageObject","inLanguage":"es","@id":"https:\/\/proyectum.com\/sistema\/pmo-awards\/#primaryimage","url":"","contentUrl":""},{"@type":"BreadcrumbList","@id":"https:\/\/proyectum.com\/sistema\/pmo-awards\/#breadcrumb","itemListElement":[{"@type":"ListItem","position":1,"name":"Home","item":"https:\/\/proyectum.com\/sistema\/"},{"@type":"ListItem","position":2,"name":"PMO Awards"}]},{"@type":"WebSite","@id":"https:\/\/proyectum.com\/sistema\/#website","url":"https:\/\/proyectum.com\/sistema\/","name":"Proyectum","description":"Direcci\u00f3n de Proyectos y M\u00e9todos \u00c1giles","publisher":{"@id":"https:\/\/proyectum.com\/sistema\/#organization"},"potentialAction":[{"@type":"SearchAction","target":{"@type":"EntryPoint","urlTemplate":"https:\/\/proyectum.com\/sistema\/?s={search_term_string}"},"query-input":{"@type":"PropertyValueSpecification","valueRequired":true,"valueName":"search_term_string"}}],"inLanguage":"es"},{"@type":"Organization","@id":"https:\/\/proyectum.com\/sistema\/#organization","name":"Proyectum","url":"https:\/\/proyectum.com\/sistema\/","logo":{"@type":"ImageObject","inLanguage":"es","@id":"https:\/\/proyectum.com\/sistema\/#\/schema\/logo\/image\/","url":"https:\/\/www.proyectum.com\/sistema\/wp-content\/uploads\/2020\/04\/proyectum-logo-snippet.png","contentUrl":"https:\/\/www.proyectum.com\/sistema\/wp-content\/uploads\/2020\/04\/proyectum-logo-snippet.png","width":600,"height":315,"caption":"Proyectum"},"image":{"@id":"https:\/\/proyectum.com\/sistema\/#\/schema\/logo\/image\/"},"sameAs":["https:\/\/www.facebook.com\/proyectum\/","https:\/\/www.linkedin.com\/company\/sistemaproyectum\/","https:\/\/www.youtube.com\/channel\/UCljouWimyhK_cNcC2jniUgw"]}]}},"_links":{"self":[{"href":"https:\/\/proyectum.com\/sistema\/wp-json\/wp\/v2\/pages\/10200","targetHints":{"allow":["GET"]}}],"collection":[{"href":"https:\/\/proyectum.com\/sistema\/wp-json\/wp\/v2\/pages"}],"about":[{"href":"https:\/\/proyectum.com\/sistema\/wp-json\/wp\/v2\/types\/page"}],"author":[{"embeddable":true,"href":"https:\/\/proyectum.com\/sistema\/wp-json\/wp\/v2\/users\/46"}],"replies":[{"embeddable":true,"href":"https:\/\/proyectum.com\/sistema\/wp-json\/wp\/v2\/comments?post=10200"}],"version-history":[{"count":0,"href":"https:\/\/proyectum.com\/sistema\/wp-json\/wp\/v2\/pages\/10200\/revisions"}],"wp:featuredmedia":[{"embeddable":true,"href":"https:\/\/proyectum.com\/sistema\/wp-json\/"}],"wp:attachment":[{"href":"https:\/\/proyectum.com\/sistema\/wp-json\/wp\/v2\/media?parent=10200"}],"curies":[{"name":"wp","href":"https:\/\/api.w.org\/{rel}","templated":true}]}}