{"id":8174,"date":"2019-08-20T11:29:37","date_gmt":"2019-08-20T14:29:37","guid":{"rendered":"https:\/\/www.proyectum.com\/sistema\/?page_id=8174"},"modified":"2021-01-12T17:45:57","modified_gmt":"2021-01-12T20:45:57","slug":"knowledge-center","status":"publish","type":"page","link":"https:\/\/proyectum.com\/sistema\/knowledge-center\/","title":{"rendered":"Knowledge Center"},"content":{"rendered":"<div class=\"wpb-content-wrapper\"><p>[vc_row full_width=\u00bbstretch_row\u00bb wrap_container=\u00bbyes\u00bb css=\u00bb.vc_custom_1571940958422{padding-top: 128px !important;padding-bottom: 128px !important;background: #e5edf1 url(https:\/\/www.proyectum.com\/cl\/wp-content\/uploads\/2018\/09\/contacto-banner.png?id=6993) !important;background-position: center !important;background-repeat: no-repeat !important;background-size: cover !important;}\u00bb el_class=\u00bbbg-degrade-header\u00bb][vc_column][vc_custom_heading text=\u00bbKnowledge Center\u00bb font_container=\u00bbtag:h1|text_align:center|color:%23ffffff\u00bb use_theme_fonts=\u00bbyes\u00bb text_transform=\u00bbtext-uppercase\u00bb css=\u00bb.vc_custom_1584620504899{margin-bottom: 0px !important;}\u00bb][\/vc_column][\/vc_row][vc_row][vc_column][vc_column_text]<\/p>\n<p style=\"text-align: left; padding: 0 0 35px 0;\">\u00a1Bienvenidos a nuestro centro de conocimientos! Aqu\u00ed podr\u00e1s encontrar todas nuestras entradas al blog y nuestros nuevos webinars.<\/p>\n<p>[\/vc_column_text][\/vc_column][\/vc_row][vc_row][vc_column][vc_custom_heading text=\u00bbBLOG\u00bb font_container=\u00bbtag:h1|text_align:left|color:%2300416b\u00bb use_theme_fonts=\u00bbyes\u00bb el_class=\u00bbtitle-recursos\u00bb][vc_column_text]<\/p>\n<p style=\"text-align: left; padding: 0 0 15px 0;\">Suscr\u00edbete y recibe nuestras \u00faltimas novedades.<\/p>\n<p>[\/vc_column_text]<div class=\"porto-blog wpb_content_element   wpb_custom_9c745ac33a8bb4820cfc6b89805915cc porto-blog-e0b603537120859819a60b8e18355fe8\">\t\t<div class=\"blog-posts posts-grid\">\r\n\t\t\t<div class=\"posts-container row\">\r\n\t\t\r\n<article class=\"post post-grid col-md-6 col-lg-4 post-11255 post type-post status-publish format-standard has-post-thumbnail hentry category-direccion-de-proyectos tag-proposito tag-trabajo-en-equipo-okrs\">\r\n\t<div class=\"grid-box\">\r\n\t\t\t<div class=\"post-image single\">\r\n\t\t<div class=\"post-slideshow porto-carousel owl-carousel has-ccols ccols-1  nav-inside nav-inside-center nav-style-2 show-nav-hover\" data-plugin-options='{\"nav\":true}'>\r\n\t\t\t\t\t\t\t\t\t\t\t<a href=\"https:\/\/proyectum.com\/sistema\/blog\/proposito-no-perfeccion\/\" aria-label=\"post image\">\r\n\t\t\t\t\t\t\t\t<div class=\"img-thumbnail\">\r\n\t\t\t\t\t\t<img loading=\"lazy\" decoding=\"async\" width=\"400\" height=\"300\" src=\"https:\/\/proyectum.com\/sistema\/wp-content\/uploads\/2026\/04\/Captura-de-pantalla-2026-04-06-135126-400x300.png\" class=\"owl-lazy img-responsive\" alt=\"\" \/>\t\t\t\t\t\t\t\t\t\t\t<\/div>\r\n\t\t\t\t\t\t\t\t<\/a>\r\n\t\t\t\t\t\t\t\t<\/div>\r\n\t\t\r\n\t\t\t<\/div>\r\n\t\r\n\t\t<!-- Post meta before content -->\r\n\t\t<div class=\"post-meta\"><span class=\"meta-date\"><i class=\"far fa-calendar-alt\"><\/i>6 abril, 2026<\/span><\/div><div class=\"post-meta\"><span class=\"meta-like\"><span class=\"like-text\">Like: <\/span><span class=\"blog-like cur-pointer font-weight-semibold text-color-secondary\" title=\"Like\" data-bs-tooltip data-id=\"11255\"><i class=\"fas fa-heart\"><\/i> 0<\/span><\/span><\/div>\t\t<div class=\"post-content\">\r\n\r\n\t\t\t<h4 class=\"entry-title\"><a href=\"https:\/\/proyectum.com\/sistema\/blog\/proposito-no-perfeccion\/\">Prop\u00f3sito, no perfecci\u00f3n<\/a><\/h4>\r\n\t\t\t<span class=\"vcard\" style=\"display: none;\"><span class=\"fn\"><a href=\"https:\/\/proyectum.com\/sistema\/author\/jvaldex\/\" title=\"Entradas de Jorge Vald\u00e9s Garciatorres\" rel=\"author\">Jorge Vald\u00e9s Garciatorres<\/a><\/span><\/span><span class=\"updated\" style=\"display:none\">2026-04-06T16:54:08-03:00<\/span><a href=\"https:\/\/proyectum.com\/sistema\/blog\/proposito-no-perfeccion\/\"><p class=\"post-excerpt\">\u201cEl esfuerzo y el valor no bastan\r\nSi no hay\u00a0 un prop\u00f3sito y una direcci\u00f3n\u201c\r\nJohn F....<\/p><\/a>\t\t\t\t\t\t\t<div class=\"post-block post-share\">\r\n\t\t\t\t\t<div class=\"share-links\"><a href=\"https:\/\/www.facebook.com\/sharer.php?u=https:\/\/proyectum.com\/sistema\/blog\/proposito-no-perfeccion\/\" target=\"_blank\"  rel=\"noopener noreferrer nofollow\" data-bs-tooltip data-bs-placement='bottom' title=\"Facebook\" class=\"share-facebook\">Facebook<\/a>\r\n\t\t<a href=\"https:\/\/twitter.com\/intent\/tweet?text=Prop%C3%B3sito%2C+no+perfecci%C3%B3n&amp;url=https:\/\/proyectum.com\/sistema\/blog\/proposito-no-perfeccion\/\" target=\"_blank\"  rel=\"noopener noreferrer nofollow\" data-bs-tooltip data-bs-placement='bottom' title=\"X\" class=\"share-twitter\">Twitter<\/a>\r\n\t\t<a href=\"https:\/\/www.linkedin.com\/shareArticle?mini=true&amp;url=https:\/\/proyectum.com\/sistema\/blog\/proposito-no-perfeccion\/&amp;title=Prop%C3%B3sito%2C+no+perfecci%C3%B3n\" target=\"_blank\"  rel=\"noopener noreferrer nofollow\" data-bs-tooltip data-bs-placement='bottom' title=\"LinkedIn\" class=\"share-linkedin\">LinkedIn<\/a>\r\n\t<\/div>\t\t\t\t<\/div>\r\n\t\t\t\t\t<\/div>\r\n\t\t<!-- Post meta after content -->\r\n\t\t\t\t<div class=\"clearfix\">\r\n\t\t\t<a class=\"btn btn-xs btn-default text-xs text-uppercase btn-readmore\" href=\"https:\/\/proyectum.com\/sistema\/blog\/proposito-no-perfeccion\/\">Read more...<\/a>\r\n\t\t<\/div>\r\n\t<\/div>\r\n<\/article>\r\n\r\n<article class=\"post post-grid col-md-6 col-lg-4 post-11230 post type-post status-publish format-standard has-post-thumbnail hentry category-direccion-de-proyectos tag-estrategia tag-proyectos tag-valor-al-negocio\">\r\n\t<div class=\"grid-box\">\r\n\t\t\t<div class=\"post-image single\">\r\n\t\t<div class=\"post-slideshow porto-carousel owl-carousel has-ccols ccols-1  nav-inside nav-inside-center nav-style-2 show-nav-hover\" data-plugin-options='{\"nav\":true}'>\r\n\t\t\t\t\t\t\t\t\t\t\t<a href=\"https:\/\/proyectum.com\/sistema\/blog\/haciendo-realidad-la-estrategia-marcos-para-alinear-balancear-y-ejecutar-en-ecosistemas-organizacionales\/\" aria-label=\"post image\">\r\n\t\t\t\t\t\t\t\t<div class=\"img-thumbnail\">\r\n\t\t\t\t\t\t<img loading=\"lazy\" decoding=\"async\" width=\"400\" height=\"300\" src=\"https:\/\/proyectum.com\/sistema\/wp-content\/uploads\/2026\/03\/Captura-de-pantalla-2026-03-05-112745-400x300.png\" class=\"owl-lazy img-responsive\" alt=\"\" \/>\t\t\t\t\t\t\t\t\t\t\t<\/div>\r\n\t\t\t\t\t\t\t\t<\/a>\r\n\t\t\t\t\t\t\t\t<\/div>\r\n\t\t\r\n\t\t\t<\/div>\r\n\t\r\n\t\t<!-- Post meta before content -->\r\n\t\t<div class=\"post-meta\"><span class=\"meta-date\"><i class=\"far fa-calendar-alt\"><\/i>5 marzo, 2026<\/span><\/div><div class=\"post-meta\"><span class=\"meta-like\"><span class=\"like-text\">Like: <\/span><span class=\"blog-like cur-pointer font-weight-semibold text-color-secondary\" title=\"Like\" data-bs-tooltip data-id=\"11230\"><i class=\"fas fa-heart\"><\/i> 0<\/span><\/span><\/div>\t\t<div class=\"post-content\">\r\n\r\n\t\t\t<h4 class=\"entry-title\"><a href=\"https:\/\/proyectum.com\/sistema\/blog\/haciendo-realidad-la-estrategia-marcos-para-alinear-balancear-y-ejecutar-en-ecosistemas-organizacionales\/\">Haciendo Realidad la Estrategia: Marcos para alinear, balancear y ejecutar en ecosistemas organizacionales<\/a><\/h4>\r\n\t\t\t<span class=\"vcard\" style=\"display: none;\"><span class=\"fn\"><a href=\"https:\/\/proyectum.com\/sistema\/author\/jvaldex\/\" title=\"Entradas de Jorge Vald\u00e9s Garciatorres\" rel=\"author\">Jorge Vald\u00e9s Garciatorres<\/a><\/span><\/span><span class=\"updated\" style=\"display:none\">2026-03-05T14:38:53-03:00<\/span><a href=\"https:\/\/proyectum.com\/sistema\/blog\/haciendo-realidad-la-estrategia-marcos-para-alinear-balancear-y-ejecutar-en-ecosistemas-organizacionales\/\"><p class=\"post-excerpt\">Por: Jorge Vald\u00e9s Garciatorres, MDO, PST, PMP\r\n\u00a0\r\n\u201cLa planificaci\u00f3n a largo plazo\r\nno trata sobre decisiones futuras,\r\nsino...<\/p><\/a>\t\t\t\t\t\t\t<div class=\"post-block post-share\">\r\n\t\t\t\t\t<div class=\"share-links\"><a href=\"https:\/\/www.facebook.com\/sharer.php?u=https:\/\/proyectum.com\/sistema\/blog\/haciendo-realidad-la-estrategia-marcos-para-alinear-balancear-y-ejecutar-en-ecosistemas-organizacionales\/\" target=\"_blank\"  rel=\"noopener noreferrer nofollow\" data-bs-tooltip data-bs-placement='bottom' title=\"Facebook\" class=\"share-facebook\">Facebook<\/a>\r\n\t\t<a href=\"https:\/\/twitter.com\/intent\/tweet?text=Haciendo+Realidad+la+Estrategia%3A+Marcos+para+alinear%2C+balancear+y+ejecutar+en+ecosistemas+organizacionales&amp;url=https:\/\/proyectum.com\/sistema\/blog\/haciendo-realidad-la-estrategia-marcos-para-alinear-balancear-y-ejecutar-en-ecosistemas-organizacionales\/\" target=\"_blank\"  rel=\"noopener noreferrer nofollow\" data-bs-tooltip data-bs-placement='bottom' title=\"X\" class=\"share-twitter\">Twitter<\/a>\r\n\t\t<a href=\"https:\/\/www.linkedin.com\/shareArticle?mini=true&amp;url=https:\/\/proyectum.com\/sistema\/blog\/haciendo-realidad-la-estrategia-marcos-para-alinear-balancear-y-ejecutar-en-ecosistemas-organizacionales\/&amp;title=Haciendo+Realidad+la+Estrategia%3A+Marcos+para+alinear%2C+balancear+y+ejecutar+en+ecosistemas+organizacionales\" target=\"_blank\"  rel=\"noopener noreferrer nofollow\" data-bs-tooltip data-bs-placement='bottom' title=\"LinkedIn\" class=\"share-linkedin\">LinkedIn<\/a>\r\n\t<\/div>\t\t\t\t<\/div>\r\n\t\t\t\t\t<\/div>\r\n\t\t<!-- Post meta after content -->\r\n\t\t\t\t<div class=\"clearfix\">\r\n\t\t\t<a class=\"btn btn-xs btn-default text-xs text-uppercase btn-readmore\" href=\"https:\/\/proyectum.com\/sistema\/blog\/haciendo-realidad-la-estrategia-marcos-para-alinear-balancear-y-ejecutar-en-ecosistemas-organizacionales\/\">Read more...<\/a>\r\n\t\t<\/div>\r\n\t<\/div>\r\n<\/article>\r\n\r\n<article class=\"post post-grid col-md-6 col-lg-4 post-11221 post type-post status-publish format-standard has-post-thumbnail hentry category-pensamiento-sistemico tag-habilidades-suaves tag-liderazgo-2 tag-pensamiento-sistemico tag-preguntas-poderosas\">\r\n\t<div class=\"grid-box\">\r\n\t\t\t<div class=\"post-image single\">\r\n\t\t<div class=\"post-slideshow porto-carousel owl-carousel has-ccols ccols-1  nav-inside nav-inside-center nav-style-2 show-nav-hover\" data-plugin-options='{\"nav\":true}'>\r\n\t\t\t\t\t\t\t\t\t\t\t<a href=\"https:\/\/proyectum.com\/sistema\/blog\/por-que-hacerle-mas-preguntas-a-tu-equipo-puede-estar-empeorando-tus-decisiones\/\" aria-label=\"post image\">\r\n\t\t\t\t\t\t\t\t<div class=\"img-thumbnail\">\r\n\t\t\t\t\t\t<img loading=\"lazy\" decoding=\"async\" width=\"400\" height=\"300\" src=\"https:\/\/proyectum.com\/sistema\/wp-content\/uploads\/2026\/02\/Captura-de-pantalla-2026-02-17-165220-400x300.png\" class=\"owl-lazy img-responsive\" alt=\"\" \/>\t\t\t\t\t\t\t\t\t\t\t<\/div>\r\n\t\t\t\t\t\t\t\t<\/a>\r\n\t\t\t\t\t\t\t\t<\/div>\r\n\t\t\r\n\t\t\t<\/div>\r\n\t\r\n\t\t<!-- Post meta before content -->\r\n\t\t<div class=\"post-meta\"><span class=\"meta-date\"><i class=\"far fa-calendar-alt\"><\/i>17 febrero, 2026<\/span><\/div><div class=\"post-meta\"><span class=\"meta-like\"><span class=\"like-text\">Like: <\/span><span class=\"blog-like cur-pointer font-weight-semibold text-color-secondary\" title=\"Like\" data-bs-tooltip data-id=\"11221\"><i class=\"fas fa-heart\"><\/i> 0<\/span><\/span><\/div>\t\t<div class=\"post-content\">\r\n\r\n\t\t\t<h4 class=\"entry-title\"><a href=\"https:\/\/proyectum.com\/sistema\/blog\/por-que-hacerle-mas-preguntas-a-tu-equipo-puede-estar-empeorando-tus-decisiones\/\">Por qu\u00e9 hacerle m\u00e1s preguntas a tu equipo puede estar empeorando tus decisiones<\/a><\/h4>\r\n\t\t\t<span class=\"vcard\" style=\"display: none;\"><span class=\"fn\"><a href=\"https:\/\/proyectum.com\/sistema\/author\/jvaldex\/\" title=\"Entradas de Jorge Vald\u00e9s Garciatorres\" rel=\"author\">Jorge Vald\u00e9s Garciatorres<\/a><\/span><\/span><span class=\"updated\" style=\"display:none\">2026-02-17T19:55:20-03:00<\/span><a href=\"https:\/\/proyectum.com\/sistema\/blog\/por-que-hacerle-mas-preguntas-a-tu-equipo-puede-estar-empeorando-tus-decisiones\/\"><p class=\"post-excerpt\">\u201cCuanto m\u00e1s eficiente seas haciendo lo incorrecto, m\u00e1s incorrecto te volver\u00e1s. Es mucho mejor hacer...<\/p><\/a>\t\t\t\t\t\t\t<div class=\"post-block post-share\">\r\n\t\t\t\t\t<div class=\"share-links\"><a href=\"https:\/\/www.facebook.com\/sharer.php?u=https:\/\/proyectum.com\/sistema\/blog\/por-que-hacerle-mas-preguntas-a-tu-equipo-puede-estar-empeorando-tus-decisiones\/\" target=\"_blank\"  rel=\"noopener noreferrer nofollow\" data-bs-tooltip data-bs-placement='bottom' title=\"Facebook\" class=\"share-facebook\">Facebook<\/a>\r\n\t\t<a href=\"https:\/\/twitter.com\/intent\/tweet?text=Por+qu%C3%A9+hacerle+m%C3%A1s+preguntas+a+tu+equipo+puede+estar+empeorando+tus+decisiones&amp;url=https:\/\/proyectum.com\/sistema\/blog\/por-que-hacerle-mas-preguntas-a-tu-equipo-puede-estar-empeorando-tus-decisiones\/\" target=\"_blank\"  rel=\"noopener noreferrer nofollow\" data-bs-tooltip data-bs-placement='bottom' title=\"X\" class=\"share-twitter\">Twitter<\/a>\r\n\t\t<a href=\"https:\/\/www.linkedin.com\/shareArticle?mini=true&amp;url=https:\/\/proyectum.com\/sistema\/blog\/por-que-hacerle-mas-preguntas-a-tu-equipo-puede-estar-empeorando-tus-decisiones\/&amp;title=Por+qu%C3%A9+hacerle+m%C3%A1s+preguntas+a+tu+equipo+puede+estar+empeorando+tus+decisiones\" target=\"_blank\"  rel=\"noopener noreferrer nofollow\" data-bs-tooltip data-bs-placement='bottom' title=\"LinkedIn\" class=\"share-linkedin\">LinkedIn<\/a>\r\n\t<\/div>\t\t\t\t<\/div>\r\n\t\t\t\t\t<\/div>\r\n\t\t<!-- Post meta after content -->\r\n\t\t\t\t<div class=\"clearfix\">\r\n\t\t\t<a class=\"btn btn-xs btn-default text-xs text-uppercase btn-readmore\" href=\"https:\/\/proyectum.com\/sistema\/blog\/por-que-hacerle-mas-preguntas-a-tu-equipo-puede-estar-empeorando-tus-decisiones\/\">Read more...<\/a>\r\n\t\t<\/div>\r\n\t<\/div>\r\n<\/article>\r\n\r\n\t\r\n\t\t\t<\/div>\r\n\t\t<\/div>\r\n\r\n\t\r\n\t\r\n\t<\/div>[vc_column_text]<\/p>\n<div class=\"row\">\n<div class=\"col-md-12 text-center\">\n<div class=\"content-boton\"><a class=\"btn-ver-todas\" href=\"https:\/\/www.proyectum.com\/sistema\/knowledge-center\/blog\" target=\"_self\" rel=\"noopener noreferrer\">Ver todos<\/a><\/div>\n<\/div>\n<\/div>\n<p>[\/vc_column_text][\/vc_column][\/vc_row][vc_row][vc_column][vc_custom_heading text=\u00bbWEBINARS\u00bb font_container=\u00bbtag:h1|text_align:left|color:%2300416b\u00bb use_theme_fonts=\u00bbyes\u00bb el_class=\u00bbtitle-recursos\u00bb][vc_column_text]<\/p>\n<p style=\"text-align: left; padding: 0 0 15px 0;\">Suscr\u00edbete y recibe nuestras \u00faltimas novedades.<\/p>\n<p>[\/vc_column_text][\/vc_column][\/vc_row]<\/p>\n<\/div>","protected":false},"excerpt":{"rendered":"<p>[vc_row full_width=\u00bbstretch_row\u00bb wrap_container=\u00bbyes\u00bb css=\u00bb.vc_custom_1571940958422{padding-top: 128px !important;padding-bottom: 128px !important;background: #e5edf1 url(https:\/\/www.proyectum.com\/cl\/wp-content\/uploads\/2018\/09\/contacto-banner.png?id=6993) !important;background-position: center !important;background-repeat: no-repeat !important;background-size: cover !important;}\u00bb el_class=\u00bbbg-degrade-header\u00bb][vc_column][vc_custom_heading text=\u00bbKnowledge Center\u00bb font_container=\u00bbtag:h1|text_align:center|color:%23ffffff\u00bb use_theme_fonts=\u00bbyes\u00bb text_transform=\u00bbtext-uppercase\u00bb css=\u00bb.vc_custom_1584620504899{margin-bottom: 0px !important;}\u00bb][\/vc_column][\/vc_row][vc_row][vc_column][vc_column_text] \u00a1Bienvenidos a nuestro centro de conocimientos! Aqu\u00ed podr\u00e1s encontrar todas nuestras entradas al blog y nuestros nuevos webinars. [\/vc_column_text][\/vc_column][\/vc_row][vc_row][vc_column][vc_custom_heading text=\u00bbBLOG\u00bb font_container=\u00bbtag:h1|text_align:left|color:%2300416b\u00bb use_theme_fonts=\u00bbyes\u00bb el_class=\u00bbtitle-recursos\u00bb][vc_column_text] Suscr\u00edbete y recibe nuestras \u00faltimas novedades. [&hellip;]<\/p>\n","protected":false},"author":26,"featured_media":8258,"parent":0,"menu_order":0,"comment_status":"closed","ping_status":"closed","template":"page-recursos.php","meta":{"_acf_changed":false,"content-type":"","footnotes":""},"class_list":["post-8174","page","type-page","status-publish","has-post-thumbnail","hentry"],"acf":[],"yoast_head":"<!-- This site is optimized with the Yoast SEO plugin v27.4 - https:\/\/yoast.com\/product\/yoast-seo-wordpress\/ -->\n<title>Knowledge Center - Proyectum<\/title>\n<meta name=\"robots\" content=\"index, follow, max-snippet:-1, max-image-preview:large, max-video-preview:-1\" \/>\n<link rel=\"canonical\" href=\"https:\/\/proyectum.com\/sistema\/knowledge-center\/\" \/>\n<meta property=\"og:locale\" content=\"es_ES\" \/>\n<meta property=\"og:type\" content=\"article\" \/>\n<meta property=\"og:title\" content=\"Knowledge Center - Proyectum\" \/>\n<meta property=\"og:description\" content=\"[vc_row full_width=\u00bbstretch_row\u00bb wrap_container=\u00bbyes\u00bb css=\u00bb.vc_custom_1571940958422{padding-top: 128px !important;padding-bottom: 128px !important;background: #e5edf1 url(https:\/\/www.proyectum.com\/cl\/wp-content\/uploads\/2018\/09\/contacto-banner.png?id=6993) !important;background-position: center !important;background-repeat: no-repeat !important;background-size: cover !important;}\u00bb el_class=\u00bbbg-degrade-header\u00bb][vc_column][vc_custom_heading text=\u00bbKnowledge Center\u00bb font_container=\u00bbtag:h1|text_align:center|color:%23ffffff\u00bb use_theme_fonts=\u00bbyes\u00bb text_transform=\u00bbtext-uppercase\u00bb css=\u00bb.vc_custom_1584620504899{margin-bottom: 0px !important;}\u00bb][\/vc_column][\/vc_row][vc_row][vc_column][vc_column_text] \u00a1Bienvenidos a nuestro centro de conocimientos! Aqu\u00ed podr\u00e1s encontrar todas nuestras entradas al blog y nuestros nuevos webinars. [\/vc_column_text][\/vc_column][\/vc_row][vc_row][vc_column][vc_custom_heading text=\u00bbBLOG\u00bb font_container=\u00bbtag:h1|text_align:left|color:%2300416b\u00bb use_theme_fonts=\u00bbyes\u00bb el_class=\u00bbtitle-recursos\u00bb][vc_column_text] Suscr\u00edbete y recibe nuestras \u00faltimas novedades. [&hellip;]\" \/>\n<meta property=\"og:url\" content=\"https:\/\/proyectum.com\/sistema\/knowledge-center\/\" \/>\n<meta property=\"og:site_name\" content=\"Proyectum\" \/>\n<meta property=\"article:publisher\" content=\"https:\/\/www.facebook.com\/proyectum\/\" \/>\n<meta property=\"article:modified_time\" content=\"2021-01-12T20:45:57+00:00\" \/>\n<meta name=\"twitter:card\" content=\"summary_large_image\" \/>\n<meta name=\"twitter:label1\" content=\"Tiempo de lectura\" \/>\n\t<meta name=\"twitter:data1\" content=\"1 minuto\" \/>\n<script type=\"application\/ld+json\" class=\"yoast-schema-graph\">{\"@context\":\"https:\\\/\\\/schema.org\",\"@graph\":[{\"@type\":\"WebPage\",\"@id\":\"https:\\\/\\\/proyectum.com\\\/sistema\\\/knowledge-center\\\/\",\"url\":\"https:\\\/\\\/proyectum.com\\\/sistema\\\/knowledge-center\\\/\",\"name\":\"Knowledge Center - Proyectum\",\"isPartOf\":{\"@id\":\"https:\\\/\\\/proyectum.com\\\/sistema\\\/#website\"},\"primaryImageOfPage\":{\"@id\":\"https:\\\/\\\/proyectum.com\\\/sistema\\\/knowledge-center\\\/#primaryimage\"},\"image\":{\"@id\":\"https:\\\/\\\/proyectum.com\\\/sistema\\\/knowledge-center\\\/#primaryimage\"},\"thumbnailUrl\":\"\",\"datePublished\":\"2019-08-20T14:29:37+00:00\",\"dateModified\":\"2021-01-12T20:45:57+00:00\",\"breadcrumb\":{\"@id\":\"https:\\\/\\\/proyectum.com\\\/sistema\\\/knowledge-center\\\/#breadcrumb\"},\"inLanguage\":\"es\",\"potentialAction\":[{\"@type\":\"ReadAction\",\"target\":[\"https:\\\/\\\/proyectum.com\\\/sistema\\\/knowledge-center\\\/\"]}]},{\"@type\":\"ImageObject\",\"inLanguage\":\"es\",\"@id\":\"https:\\\/\\\/proyectum.com\\\/sistema\\\/knowledge-center\\\/#primaryimage\",\"url\":\"\",\"contentUrl\":\"\"},{\"@type\":\"BreadcrumbList\",\"@id\":\"https:\\\/\\\/proyectum.com\\\/sistema\\\/knowledge-center\\\/#breadcrumb\",\"itemListElement\":[{\"@type\":\"ListItem\",\"position\":1,\"name\":\"Home\",\"item\":\"https:\\\/\\\/proyectum.com\\\/sistema\\\/\"},{\"@type\":\"ListItem\",\"position\":2,\"name\":\"Knowledge Center\"}]},{\"@type\":\"WebSite\",\"@id\":\"https:\\\/\\\/proyectum.com\\\/sistema\\\/#website\",\"url\":\"https:\\\/\\\/proyectum.com\\\/sistema\\\/\",\"name\":\"Proyectum\",\"description\":\"Direcci\u00f3n de Proyectos y M\u00e9todos \u00c1giles\",\"publisher\":{\"@id\":\"https:\\\/\\\/proyectum.com\\\/sistema\\\/#organization\"},\"potentialAction\":[{\"@type\":\"SearchAction\",\"target\":{\"@type\":\"EntryPoint\",\"urlTemplate\":\"https:\\\/\\\/proyectum.com\\\/sistema\\\/?s={search_term_string}\"},\"query-input\":{\"@type\":\"PropertyValueSpecification\",\"valueRequired\":true,\"valueName\":\"search_term_string\"}}],\"inLanguage\":\"es\"},{\"@type\":\"Organization\",\"@id\":\"https:\\\/\\\/proyectum.com\\\/sistema\\\/#organization\",\"name\":\"Proyectum\",\"url\":\"https:\\\/\\\/proyectum.com\\\/sistema\\\/\",\"logo\":{\"@type\":\"ImageObject\",\"inLanguage\":\"es\",\"@id\":\"https:\\\/\\\/proyectum.com\\\/sistema\\\/#\\\/schema\\\/logo\\\/image\\\/\",\"url\":\"https:\\\/\\\/www.proyectum.com\\\/sistema\\\/wp-content\\\/uploads\\\/2020\\\/04\\\/proyectum-logo-snippet.png\",\"contentUrl\":\"https:\\\/\\\/www.proyectum.com\\\/sistema\\\/wp-content\\\/uploads\\\/2020\\\/04\\\/proyectum-logo-snippet.png\",\"width\":600,\"height\":315,\"caption\":\"Proyectum\"},\"image\":{\"@id\":\"https:\\\/\\\/proyectum.com\\\/sistema\\\/#\\\/schema\\\/logo\\\/image\\\/\"},\"sameAs\":[\"https:\\\/\\\/www.facebook.com\\\/proyectum\\\/\",\"https:\\\/\\\/www.linkedin.com\\\/company\\\/sistemaproyectum\\\/\",\"https:\\\/\\\/www.youtube.com\\\/channel\\\/UCljouWimyhK_cNcC2jniUgw\"]}]}<\/script>\n<!-- \/ Yoast SEO plugin. -->","yoast_head_json":{"title":"Knowledge Center - Proyectum","robots":{"index":"index","follow":"follow","max-snippet":"max-snippet:-1","max-image-preview":"max-image-preview:large","max-video-preview":"max-video-preview:-1"},"canonical":"https:\/\/proyectum.com\/sistema\/knowledge-center\/","og_locale":"es_ES","og_type":"article","og_title":"Knowledge Center - Proyectum","og_description":"[vc_row full_width=\u00bbstretch_row\u00bb wrap_container=\u00bbyes\u00bb css=\u00bb.vc_custom_1571940958422{padding-top: 128px !important;padding-bottom: 128px !important;background: #e5edf1 url(https:\/\/www.proyectum.com\/cl\/wp-content\/uploads\/2018\/09\/contacto-banner.png?id=6993) !important;background-position: center !important;background-repeat: no-repeat !important;background-size: cover !important;}\u00bb el_class=\u00bbbg-degrade-header\u00bb][vc_column][vc_custom_heading text=\u00bbKnowledge Center\u00bb font_container=\u00bbtag:h1|text_align:center|color:%23ffffff\u00bb use_theme_fonts=\u00bbyes\u00bb text_transform=\u00bbtext-uppercase\u00bb css=\u00bb.vc_custom_1584620504899{margin-bottom: 0px !important;}\u00bb][\/vc_column][\/vc_row][vc_row][vc_column][vc_column_text] \u00a1Bienvenidos a nuestro centro de conocimientos! Aqu\u00ed podr\u00e1s encontrar todas nuestras entradas al blog y nuestros nuevos webinars. [\/vc_column_text][\/vc_column][\/vc_row][vc_row][vc_column][vc_custom_heading text=\u00bbBLOG\u00bb font_container=\u00bbtag:h1|text_align:left|color:%2300416b\u00bb use_theme_fonts=\u00bbyes\u00bb el_class=\u00bbtitle-recursos\u00bb][vc_column_text] Suscr\u00edbete y recibe nuestras \u00faltimas novedades. [&hellip;]","og_url":"https:\/\/proyectum.com\/sistema\/knowledge-center\/","og_site_name":"Proyectum","article_publisher":"https:\/\/www.facebook.com\/proyectum\/","article_modified_time":"2021-01-12T20:45:57+00:00","twitter_card":"summary_large_image","twitter_misc":{"Tiempo de lectura":"1 minuto"},"schema":{"@context":"https:\/\/schema.org","@graph":[{"@type":"WebPage","@id":"https:\/\/proyectum.com\/sistema\/knowledge-center\/","url":"https:\/\/proyectum.com\/sistema\/knowledge-center\/","name":"Knowledge Center - Proyectum","isPartOf":{"@id":"https:\/\/proyectum.com\/sistema\/#website"},"primaryImageOfPage":{"@id":"https:\/\/proyectum.com\/sistema\/knowledge-center\/#primaryimage"},"image":{"@id":"https:\/\/proyectum.com\/sistema\/knowledge-center\/#primaryimage"},"thumbnailUrl":"","datePublished":"2019-08-20T14:29:37+00:00","dateModified":"2021-01-12T20:45:57+00:00","breadcrumb":{"@id":"https:\/\/proyectum.com\/sistema\/knowledge-center\/#breadcrumb"},"inLanguage":"es","potentialAction":[{"@type":"ReadAction","target":["https:\/\/proyectum.com\/sistema\/knowledge-center\/"]}]},{"@type":"ImageObject","inLanguage":"es","@id":"https:\/\/proyectum.com\/sistema\/knowledge-center\/#primaryimage","url":"","contentUrl":""},{"@type":"BreadcrumbList","@id":"https:\/\/proyectum.com\/sistema\/knowledge-center\/#breadcrumb","itemListElement":[{"@type":"ListItem","position":1,"name":"Home","item":"https:\/\/proyectum.com\/sistema\/"},{"@type":"ListItem","position":2,"name":"Knowledge Center"}]},{"@type":"WebSite","@id":"https:\/\/proyectum.com\/sistema\/#website","url":"https:\/\/proyectum.com\/sistema\/","name":"Proyectum","description":"Direcci\u00f3n de Proyectos y M\u00e9todos \u00c1giles","publisher":{"@id":"https:\/\/proyectum.com\/sistema\/#organization"},"potentialAction":[{"@type":"SearchAction","target":{"@type":"EntryPoint","urlTemplate":"https:\/\/proyectum.com\/sistema\/?s={search_term_string}"},"query-input":{"@type":"PropertyValueSpecification","valueRequired":true,"valueName":"search_term_string"}}],"inLanguage":"es"},{"@type":"Organization","@id":"https:\/\/proyectum.com\/sistema\/#organization","name":"Proyectum","url":"https:\/\/proyectum.com\/sistema\/","logo":{"@type":"ImageObject","inLanguage":"es","@id":"https:\/\/proyectum.com\/sistema\/#\/schema\/logo\/image\/","url":"https:\/\/www.proyectum.com\/sistema\/wp-content\/uploads\/2020\/04\/proyectum-logo-snippet.png","contentUrl":"https:\/\/www.proyectum.com\/sistema\/wp-content\/uploads\/2020\/04\/proyectum-logo-snippet.png","width":600,"height":315,"caption":"Proyectum"},"image":{"@id":"https:\/\/proyectum.com\/sistema\/#\/schema\/logo\/image\/"},"sameAs":["https:\/\/www.facebook.com\/proyectum\/","https:\/\/www.linkedin.com\/company\/sistemaproyectum\/","https:\/\/www.youtube.com\/channel\/UCljouWimyhK_cNcC2jniUgw"]}]}},"_links":{"self":[{"href":"https:\/\/proyectum.com\/sistema\/wp-json\/wp\/v2\/pages\/8174","targetHints":{"allow":["GET"]}}],"collection":[{"href":"https:\/\/proyectum.com\/sistema\/wp-json\/wp\/v2\/pages"}],"about":[{"href":"https:\/\/proyectum.com\/sistema\/wp-json\/wp\/v2\/types\/page"}],"author":[{"embeddable":true,"href":"https:\/\/proyectum.com\/sistema\/wp-json\/wp\/v2\/users\/26"}],"replies":[{"embeddable":true,"href":"https:\/\/proyectum.com\/sistema\/wp-json\/wp\/v2\/comments?post=8174"}],"version-history":[{"count":0,"href":"https:\/\/proyectum.com\/sistema\/wp-json\/wp\/v2\/pages\/8174\/revisions"}],"wp:featuredmedia":[{"embeddable":true,"href":"https:\/\/proyectum.com\/sistema\/wp-json\/"}],"wp:attachment":[{"href":"https:\/\/proyectum.com\/sistema\/wp-json\/wp\/v2\/media?parent=8174"}],"curies":[{"name":"wp","href":"https:\/\/api.w.org\/{rel}","templated":true}]}}