{"id":8245,"date":"2019-09-04T17:01:04","date_gmt":"2019-09-04T20:01:04","guid":{"rendered":"https:\/\/www.proyectum.com\/sistema\/?page_id=8245"},"modified":"2021-06-16T23:05:04","modified_gmt":"2021-06-17T02:05:04","slug":"all-webinars","status":"publish","type":"page","link":"https:\/\/proyectum.com\/sistema\/all-webinars\/","title":{"rendered":"All Webinars"},"content":{"rendered":"<div class=\"wpb-content-wrapper\"><p>[vc_row full_width=\u00bbstretch_row\u00bb parallax=\u00bbcontent-moving\u00bb parallax_image=\u00bb7333&#8243; css=\u00bb.vc_custom_1562689151861{margin-bottom: 50px !important;padding-top: 128px !important;padding-bottom: 128px !important;}\u00bb][vc_column][vc_custom_heading text=\u00bbWEBINARS PROYECTUM\u00bb font_container=\u00bbtag:h1|text_align:center|color:%23ffffff\u00bb use_theme_fonts=\u00bbyes\u00bb css=\u00bb.vc_custom_1623895383865{margin-bottom: 0px !important;}\u00bb][\/vc_column][\/vc_row][vc_row disable_element=\u00bbyes\u00bb css=\u00bb.vc_custom_1567686091474{margin-top: 0px !important;margin-bottom: 0px !important;}\u00bb el_class=\u00bbfiltro\u00bb][vc_column css=\u00bb.vc_custom_1565118206135{margin-top: 0px !important;margin-bottom: 0px !important;}\u00bb el_class=\u00bbfiltro\u00bb][vc_basic_grid post_type=\u00bbwebinas_post\u00bb max_items=\u00bb10&#8243; element_width=\u00bb3&#8243; order=\u00bbASC\u00bb grid_id=\u00bbvc_gid:1623895345610-a3f8f0be-be60-4&#8243;][\/vc_column][\/vc_row]<\/p>\n<\/div>","protected":false},"excerpt":{"rendered":"<p>[vc_row full_width=\u00bbstretch_row\u00bb parallax=\u00bbcontent-moving\u00bb parallax_image=\u00bb7333&#8243; css=\u00bb.vc_custom_1562689151861{margin-bottom: 50px !important;padding-top: 128px !important;padding-bottom: 128px !important;}\u00bb][vc_column][vc_custom_heading text=\u00bbWEBINARS PROYECTUM\u00bb font_container=\u00bbtag:h1|text_align:center|color:%23ffffff\u00bb use_theme_fonts=\u00bbyes\u00bb css=\u00bb.vc_custom_1623895383865{margin-bottom: 0px !important;}\u00bb][\/vc_column][\/vc_row][vc_row disable_element=\u00bbyes\u00bb css=\u00bb.vc_custom_1567686091474{margin-top: 0px !important;margin-bottom: 0px !important;}\u00bb el_class=\u00bbfiltro\u00bb][vc_column css=\u00bb.vc_custom_1565118206135{margin-top: 0px !important;margin-bottom: 0px !important;}\u00bb el_class=\u00bbfiltro\u00bb][vc_basic_grid post_type=\u00bbwebinas_post\u00bb max_items=\u00bb10&#8243; element_width=\u00bb3&#8243; order=\u00bbASC\u00bb grid_id=\u00bbvc_gid:1623895345610-a3f8f0be-be60-4&#8243;][\/vc_column][\/vc_row]<\/p>\n","protected":false},"author":26,"featured_media":8258,"parent":0,"menu_order":0,"comment_status":"closed","ping_status":"closed","template":"page-all-webinars.php","meta":{"_acf_changed":false,"content-type":"","footnotes":""},"class_list":["post-8245","page","type-page","status-publish","has-post-thumbnail","hentry"],"acf":[],"yoast_head":"<!-- This site is optimized with the Yoast SEO plugin v27.3 - https:\/\/yoast.com\/product\/yoast-seo-wordpress\/ -->\n<title>All Webinars - Proyectum<\/title>\n<meta name=\"robots\" content=\"index, follow, max-snippet:-1, max-image-preview:large, max-video-preview:-1\" \/>\n<link rel=\"canonical\" href=\"https:\/\/proyectum.com\/sistema\/all-webinars\/\" \/>\n<meta property=\"og:locale\" content=\"es_ES\" \/>\n<meta property=\"og:type\" content=\"article\" \/>\n<meta property=\"og:title\" content=\"All Webinars - Proyectum\" \/>\n<meta property=\"og:description\" content=\"[vc_row full_width=\u00bbstretch_row\u00bb parallax=\u00bbcontent-moving\u00bb parallax_image=\u00bb7333&#8243; css=\u00bb.vc_custom_1562689151861{margin-bottom: 50px !important;padding-top: 128px !important;padding-bottom: 128px !important;}\u00bb][vc_column][vc_custom_heading text=\u00bbWEBINARS PROYECTUM\u00bb font_container=\u00bbtag:h1|text_align:center|color:%23ffffff\u00bb use_theme_fonts=\u00bbyes\u00bb css=\u00bb.vc_custom_1623895383865{margin-bottom: 0px !important;}\u00bb][\/vc_column][\/vc_row][vc_row disable_element=\u00bbyes\u00bb css=\u00bb.vc_custom_1567686091474{margin-top: 0px !important;margin-bottom: 0px !important;}\u00bb el_class=\u00bbfiltro\u00bb][vc_column css=\u00bb.vc_custom_1565118206135{margin-top: 0px !important;margin-bottom: 0px !important;}\u00bb el_class=\u00bbfiltro\u00bb][vc_basic_grid post_type=\u00bbwebinas_post\u00bb max_items=\u00bb10&#8243; element_width=\u00bb3&#8243; order=\u00bbASC\u00bb grid_id=\u00bbvc_gid:1623895345610-a3f8f0be-be60-4&#8243;][\/vc_column][\/vc_row]\" \/>\n<meta property=\"og:url\" content=\"https:\/\/proyectum.com\/sistema\/all-webinars\/\" \/>\n<meta property=\"og:site_name\" content=\"Proyectum\" \/>\n<meta property=\"article:publisher\" content=\"https:\/\/www.facebook.com\/proyectum\/\" \/>\n<meta property=\"article:modified_time\" content=\"2021-06-17T02:05:04+00:00\" \/>\n<meta name=\"twitter:card\" content=\"summary_large_image\" \/>\n<meta name=\"twitter:label1\" content=\"Tiempo de lectura\" \/>\n\t<meta name=\"twitter:data1\" content=\"1 minuto\" \/>\n<script type=\"application\/ld+json\" class=\"yoast-schema-graph\">{\"@context\":\"https:\\\/\\\/schema.org\",\"@graph\":[{\"@type\":\"WebPage\",\"@id\":\"https:\\\/\\\/proyectum.com\\\/sistema\\\/all-webinars\\\/\",\"url\":\"https:\\\/\\\/proyectum.com\\\/sistema\\\/all-webinars\\\/\",\"name\":\"All Webinars - Proyectum\",\"isPartOf\":{\"@id\":\"https:\\\/\\\/proyectum.com\\\/sistema\\\/#website\"},\"primaryImageOfPage\":{\"@id\":\"https:\\\/\\\/proyectum.com\\\/sistema\\\/all-webinars\\\/#primaryimage\"},\"image\":{\"@id\":\"https:\\\/\\\/proyectum.com\\\/sistema\\\/all-webinars\\\/#primaryimage\"},\"thumbnailUrl\":\"\",\"datePublished\":\"2019-09-04T20:01:04+00:00\",\"dateModified\":\"2021-06-17T02:05:04+00:00\",\"breadcrumb\":{\"@id\":\"https:\\\/\\\/proyectum.com\\\/sistema\\\/all-webinars\\\/#breadcrumb\"},\"inLanguage\":\"es\",\"potentialAction\":[{\"@type\":\"ReadAction\",\"target\":[\"https:\\\/\\\/proyectum.com\\\/sistema\\\/all-webinars\\\/\"]}]},{\"@type\":\"ImageObject\",\"inLanguage\":\"es\",\"@id\":\"https:\\\/\\\/proyectum.com\\\/sistema\\\/all-webinars\\\/#primaryimage\",\"url\":\"\",\"contentUrl\":\"\"},{\"@type\":\"BreadcrumbList\",\"@id\":\"https:\\\/\\\/proyectum.com\\\/sistema\\\/all-webinars\\\/#breadcrumb\",\"itemListElement\":[{\"@type\":\"ListItem\",\"position\":1,\"name\":\"Home\",\"item\":\"https:\\\/\\\/proyectum.com\\\/sistema\\\/\"},{\"@type\":\"ListItem\",\"position\":2,\"name\":\"All Webinars\"}]},{\"@type\":\"WebSite\",\"@id\":\"https:\\\/\\\/proyectum.com\\\/sistema\\\/#website\",\"url\":\"https:\\\/\\\/proyectum.com\\\/sistema\\\/\",\"name\":\"Proyectum\",\"description\":\"Direcci\u00f3n de Proyectos y M\u00e9todos \u00c1giles\",\"publisher\":{\"@id\":\"https:\\\/\\\/proyectum.com\\\/sistema\\\/#organization\"},\"potentialAction\":[{\"@type\":\"SearchAction\",\"target\":{\"@type\":\"EntryPoint\",\"urlTemplate\":\"https:\\\/\\\/proyectum.com\\\/sistema\\\/?s={search_term_string}\"},\"query-input\":{\"@type\":\"PropertyValueSpecification\",\"valueRequired\":true,\"valueName\":\"search_term_string\"}}],\"inLanguage\":\"es\"},{\"@type\":\"Organization\",\"@id\":\"https:\\\/\\\/proyectum.com\\\/sistema\\\/#organization\",\"name\":\"Proyectum\",\"url\":\"https:\\\/\\\/proyectum.com\\\/sistema\\\/\",\"logo\":{\"@type\":\"ImageObject\",\"inLanguage\":\"es\",\"@id\":\"https:\\\/\\\/proyectum.com\\\/sistema\\\/#\\\/schema\\\/logo\\\/image\\\/\",\"url\":\"https:\\\/\\\/www.proyectum.com\\\/sistema\\\/wp-content\\\/uploads\\\/2020\\\/04\\\/proyectum-logo-snippet.png\",\"contentUrl\":\"https:\\\/\\\/www.proyectum.com\\\/sistema\\\/wp-content\\\/uploads\\\/2020\\\/04\\\/proyectum-logo-snippet.png\",\"width\":600,\"height\":315,\"caption\":\"Proyectum\"},\"image\":{\"@id\":\"https:\\\/\\\/proyectum.com\\\/sistema\\\/#\\\/schema\\\/logo\\\/image\\\/\"},\"sameAs\":[\"https:\\\/\\\/www.facebook.com\\\/proyectum\\\/\",\"https:\\\/\\\/www.linkedin.com\\\/company\\\/sistemaproyectum\\\/\",\"https:\\\/\\\/www.youtube.com\\\/channel\\\/UCljouWimyhK_cNcC2jniUgw\"]}]}<\/script>\n<!-- \/ Yoast SEO plugin. -->","yoast_head_json":{"title":"All Webinars - Proyectum","robots":{"index":"index","follow":"follow","max-snippet":"max-snippet:-1","max-image-preview":"max-image-preview:large","max-video-preview":"max-video-preview:-1"},"canonical":"https:\/\/proyectum.com\/sistema\/all-webinars\/","og_locale":"es_ES","og_type":"article","og_title":"All Webinars - Proyectum","og_description":"[vc_row full_width=\u00bbstretch_row\u00bb parallax=\u00bbcontent-moving\u00bb parallax_image=\u00bb7333&#8243; css=\u00bb.vc_custom_1562689151861{margin-bottom: 50px !important;padding-top: 128px !important;padding-bottom: 128px !important;}\u00bb][vc_column][vc_custom_heading text=\u00bbWEBINARS PROYECTUM\u00bb font_container=\u00bbtag:h1|text_align:center|color:%23ffffff\u00bb use_theme_fonts=\u00bbyes\u00bb css=\u00bb.vc_custom_1623895383865{margin-bottom: 0px !important;}\u00bb][\/vc_column][\/vc_row][vc_row disable_element=\u00bbyes\u00bb css=\u00bb.vc_custom_1567686091474{margin-top: 0px !important;margin-bottom: 0px !important;}\u00bb el_class=\u00bbfiltro\u00bb][vc_column css=\u00bb.vc_custom_1565118206135{margin-top: 0px !important;margin-bottom: 0px !important;}\u00bb el_class=\u00bbfiltro\u00bb][vc_basic_grid post_type=\u00bbwebinas_post\u00bb max_items=\u00bb10&#8243; element_width=\u00bb3&#8243; order=\u00bbASC\u00bb grid_id=\u00bbvc_gid:1623895345610-a3f8f0be-be60-4&#8243;][\/vc_column][\/vc_row]","og_url":"https:\/\/proyectum.com\/sistema\/all-webinars\/","og_site_name":"Proyectum","article_publisher":"https:\/\/www.facebook.com\/proyectum\/","article_modified_time":"2021-06-17T02:05:04+00:00","twitter_card":"summary_large_image","twitter_misc":{"Tiempo de lectura":"1 minuto"},"schema":{"@context":"https:\/\/schema.org","@graph":[{"@type":"WebPage","@id":"https:\/\/proyectum.com\/sistema\/all-webinars\/","url":"https:\/\/proyectum.com\/sistema\/all-webinars\/","name":"All Webinars - Proyectum","isPartOf":{"@id":"https:\/\/proyectum.com\/sistema\/#website"},"primaryImageOfPage":{"@id":"https:\/\/proyectum.com\/sistema\/all-webinars\/#primaryimage"},"image":{"@id":"https:\/\/proyectum.com\/sistema\/all-webinars\/#primaryimage"},"thumbnailUrl":"","datePublished":"2019-09-04T20:01:04+00:00","dateModified":"2021-06-17T02:05:04+00:00","breadcrumb":{"@id":"https:\/\/proyectum.com\/sistema\/all-webinars\/#breadcrumb"},"inLanguage":"es","potentialAction":[{"@type":"ReadAction","target":["https:\/\/proyectum.com\/sistema\/all-webinars\/"]}]},{"@type":"ImageObject","inLanguage":"es","@id":"https:\/\/proyectum.com\/sistema\/all-webinars\/#primaryimage","url":"","contentUrl":""},{"@type":"BreadcrumbList","@id":"https:\/\/proyectum.com\/sistema\/all-webinars\/#breadcrumb","itemListElement":[{"@type":"ListItem","position":1,"name":"Home","item":"https:\/\/proyectum.com\/sistema\/"},{"@type":"ListItem","position":2,"name":"All Webinars"}]},{"@type":"WebSite","@id":"https:\/\/proyectum.com\/sistema\/#website","url":"https:\/\/proyectum.com\/sistema\/","name":"Proyectum","description":"Direcci\u00f3n de Proyectos y M\u00e9todos \u00c1giles","publisher":{"@id":"https:\/\/proyectum.com\/sistema\/#organization"},"potentialAction":[{"@type":"SearchAction","target":{"@type":"EntryPoint","urlTemplate":"https:\/\/proyectum.com\/sistema\/?s={search_term_string}"},"query-input":{"@type":"PropertyValueSpecification","valueRequired":true,"valueName":"search_term_string"}}],"inLanguage":"es"},{"@type":"Organization","@id":"https:\/\/proyectum.com\/sistema\/#organization","name":"Proyectum","url":"https:\/\/proyectum.com\/sistema\/","logo":{"@type":"ImageObject","inLanguage":"es","@id":"https:\/\/proyectum.com\/sistema\/#\/schema\/logo\/image\/","url":"https:\/\/www.proyectum.com\/sistema\/wp-content\/uploads\/2020\/04\/proyectum-logo-snippet.png","contentUrl":"https:\/\/www.proyectum.com\/sistema\/wp-content\/uploads\/2020\/04\/proyectum-logo-snippet.png","width":600,"height":315,"caption":"Proyectum"},"image":{"@id":"https:\/\/proyectum.com\/sistema\/#\/schema\/logo\/image\/"},"sameAs":["https:\/\/www.facebook.com\/proyectum\/","https:\/\/www.linkedin.com\/company\/sistemaproyectum\/","https:\/\/www.youtube.com\/channel\/UCljouWimyhK_cNcC2jniUgw"]}]}},"_links":{"self":[{"href":"https:\/\/proyectum.com\/sistema\/wp-json\/wp\/v2\/pages\/8245","targetHints":{"allow":["GET"]}}],"collection":[{"href":"https:\/\/proyectum.com\/sistema\/wp-json\/wp\/v2\/pages"}],"about":[{"href":"https:\/\/proyectum.com\/sistema\/wp-json\/wp\/v2\/types\/page"}],"author":[{"embeddable":true,"href":"https:\/\/proyectum.com\/sistema\/wp-json\/wp\/v2\/users\/26"}],"replies":[{"embeddable":true,"href":"https:\/\/proyectum.com\/sistema\/wp-json\/wp\/v2\/comments?post=8245"}],"version-history":[{"count":0,"href":"https:\/\/proyectum.com\/sistema\/wp-json\/wp\/v2\/pages\/8245\/revisions"}],"wp:featuredmedia":[{"embeddable":true,"href":"https:\/\/proyectum.com\/sistema\/wp-json\/"}],"wp:attachment":[{"href":"https:\/\/proyectum.com\/sistema\/wp-json\/wp\/v2\/media?parent=8245"}],"curies":[{"name":"wp","href":"https:\/\/api.w.org\/{rel}","templated":true}]}}