{"id":8939,"date":"2020-10-06T20:30:11","date_gmt":"2020-10-06T23:30:11","guid":{"rendered":"https:\/\/www.proyectum.com\/sistema\/?page_id=8939"},"modified":"2023-08-22T15:39:06","modified_gmt":"2023-08-22T18:39:06","slug":"test-lp","status":"publish","type":"page","link":"https:\/\/proyectum.com\/sistema\/dassm\/","title":{"rendered":"Disciplined Agile Senior Scrum Master"},"content":{"rendered":"<div class=\"wpb-content-wrapper\"><p>[vc_row full_width=\u00bbstretch_row_content\u00bb el_id=\u00bbform\u00bb][vc_column width=\u00bb1\/2&#8243; css=\u00bb.vc_custom_1602630824112{padding-top: 3em !important;padding-left: 3em !important;background: #000315 url(https:\/\/www.proyectum.com\/sistema\/wp-content\/uploads\/2020\/10\/Disciplined-Agile-DALSM.jpg?id=8973) !important;background-position: center !important;background-repeat: no-repeat !important;background-size: cover !important;}\u00bb][vc_column_text]<\/p>\n<h1><span style=\"color: #ffffff;\">IMPLEMENTA CUALQUIER ENFOQUE \u00c1GIL O LEAN UTILIZANDO EL KIT DE HERRAMIENTAS DISCIPLINED AGILE<\/span><\/h1>\n<p>[\/vc_column_text][vc_column_text css=\u00bb.vc_custom_1604343273913{padding-top: 3em !important;}\u00bb]<span style=\"color: #ffffff; font-size: 22px;\">Forma parte del exclusivo grupo de profesionales que obtienen la certificaci\u00f3n como<strong> Disciplined Agile Senior Scrum Master del Project Management Institute PMI\u00ae<\/strong>.<\/span>[\/vc_column_text][\/vc_column][vc_column width=\u00bb1\/2&#8243; css=\u00bb.vc_custom_1602021492720{border-bottom-width: 0.5em !important;padding-top: 3em !important;padding-left: 1.5em !important;border-bottom-color: #000315 !important;border-bottom-style: solid !important;}\u00bb][vc_column_text css=\u00bb.vc_custom_1602022709212{padding-bottom: 3em !important;}\u00bb]<\/p>\n<h3><span style=\"color: #010520; font-size: 25px;\">QUIERO M\u00c1S INFORMACI\u00d3N DE ESTA CERTIFICACI\u00d3N DISCIPLINED AGILE<\/span><\/h3>\n<p>[\/vc_column_text]\n<div class=\"wpcf7 no-js\" id=\"wpcf7-f9448-o1\" lang=\"es-ES\" dir=\"ltr\" data-wpcf7-id=\"9448\">\n<div class=\"screen-reader-response\"><p role=\"status\" aria-live=\"polite\" aria-atomic=\"true\"><\/p> <ul><\/ul><\/div>\n<form action=\"\/sistema\/wp-json\/wp\/v2\/pages\/8939#wpcf7-f9448-o1\" method=\"post\" class=\"wpcf7-form init\" aria-label=\"Formulario de contacto\" novalidate=\"novalidate\" data-status=\"init\">\n<fieldset class=\"hidden-fields-container\"><input type=\"hidden\" name=\"_wpcf7\" value=\"9448\" \/><input type=\"hidden\" name=\"_wpcf7_version\" value=\"6.1.5\" \/><input type=\"hidden\" name=\"_wpcf7_locale\" value=\"es_ES\" \/><input type=\"hidden\" name=\"_wpcf7_unit_tag\" value=\"wpcf7-f9448-o1\" \/><input type=\"hidden\" name=\"_wpcf7_container_post\" value=\"0\" \/><input type=\"hidden\" name=\"_wpcf7_posted_data_hash\" value=\"\" \/><input type=\"hidden\" name=\"_wpcf7_recaptcha_response\" value=\"\" \/>\n<\/fieldset>\n<div class=\"row\">\n    <div class=\"col-md-6 text-left\">\n        <div class=\"form-group\">\n            <label class=\"text-title-form\"><i class=\"Simple-Line-Icons-user text-color-light\"><\/i> Nombre Completo<\/label><span class=\"wpcf7-form-control-wrap\" data-name=\"fname\"><input size=\"40\" maxlength=\"400\" class=\"wpcf7-form-control wpcf7-text wpcf7-validates-as-required custom-contact-input\" aria-required=\"true\" aria-invalid=\"false\" placeholder=\"Escribe tu nombre y apellido *\" value=\"\" type=\"text\" name=\"fname\" \/><\/span>\n        <br>\n        <\/div>\n        <div class=\"form-group\">\n            <label class=\"text-title-form\"><i class=\"Simple-Line-Icons-envelope text-color-light\"><\/i> Correo Electr\u00f3nico<\/label><span class=\"wpcf7-form-control-wrap\" data-name=\"email\"><input size=\"40\" maxlength=\"400\" class=\"wpcf7-form-control wpcf7-email wpcf7-validates-as-required wpcf7-text wpcf7-validates-as-email custom-contact-input\" aria-required=\"true\" aria-invalid=\"false\" placeholder=\"A donde te escribiremos *\" value=\"\" type=\"email\" name=\"email\" \/><\/span>\n        <br>\n        <\/div>\n        <div class=\"form-group\">\n            <label class=\"text-title-form\"><i class=\"Simple-Line-Icons-call-out icons text-color-light\"><\/i> Tel\u00e9fono<\/label><span class=\"wpcf7-form-control-wrap\" data-name=\"worktel\"><input size=\"40\" maxlength=\"400\" class=\"wpcf7-form-control wpcf7-text custom-contact-input\" aria-invalid=\"false\" placeholder=\"N\u00famero de contacto\" value=\"\" type=\"text\" name=\"worktel\" \/><\/span>\n        <br>\n        <\/div>\n    <\/div>\n    <div class=\"col-md-6 text-left\">\n        <div class=\"form-group\">\n            <label class=\"text-title-form\"><i class=\"Simple-Line-Icons-bubble icons text-color-light\"><\/i> Pa\u00eds<\/label><span class=\"wpcf7-form-control-wrap\" data-name=\"country1\"><select class=\"wpcf7-form-control wpcf7-select wpcf7-validates-as-required\" id=\"selector\" aria-required=\"true\" aria-invalid=\"false\" name=\"country1\"><option value=\"\"><\/option><option value=\"Chile\">Chile<\/option><option value=\"Colombia\">Colombia<\/option><option value=\"Costa Rica\">Costa Rica<\/option><option value=\"Ecuador\">Ecuador<\/option><option value=\"El Salvador\">El Salvador<\/option><option value=\"Guatemala\">Guatemala<\/option><option value=\"M\u00e9xico\">M\u00e9xico<\/option><option value=\"Panam\u00e1\">Panam\u00e1<\/option><option value=\"Per\u00fa\">Per\u00fa<\/option><option value=\"Rep\u00fablica Dominicana\">Rep\u00fablica Dominicana<\/option><option value=\"Honduras\">Honduras<\/option><option value=\"Otro\">Otro<\/option><\/select><\/span>\n        <br>\n        <\/div>\n        <br \/>\n        <div class=\"form-group\">\n            <label class=\"text-title-form\"><i class=\"Simple-Line-Icons-bubble icons text-color-light\"><\/i> Mensaje<\/label><span class=\"wpcf7-form-control-wrap\" data-name=\"txt-msg\"><textarea cols=\"40\" rows=\"10\" maxlength=\"2000\" class=\"wpcf7-form-control wpcf7-textarea wpcf7-validates-as-required custom-contact-input\" id=\"text-area-home\" aria-required=\"true\" aria-invalid=\"false\" placeholder=\"\u00bfAlgo que nos quieras decir? *\" name=\"txt-msg\"><\/textarea><\/span>\n        <br>\n        <\/div>\n    <\/div>\n<\/div>\n\n<div class=\"row text-left\">\n    <div class=\"col-lg-6\">\n\n        <div class=\"text-left text-checkbox\"><span class=\"wpcf7-form-control-wrap\" data-name=\"acceptance-boletin\"><span class=\"wpcf7-form-control wpcf7-acceptance optional\"><span class=\"wpcf7-list-item\"><label><input type=\"checkbox\" name=\"acceptance-boletin\" value=\"1\" checked=\"checked\" aria-invalid=\"false\" \/><span class=\"wpcf7-list-item-label\">Deseo recibir el bolet\u00edn\n            quincenal<\/span><\/label><\/span><\/span><\/span><\/div>\n        <div class=\"text-left text-checkbox\"><span class=\"wpcf7-form-control-wrap\" data-name=\"acceptance-invitacion\"><span class=\"wpcf7-form-control wpcf7-acceptance optional\"><span class=\"wpcf7-list-item\"><label><input type=\"checkbox\" name=\"acceptance-invitacion\" value=\"1\" checked=\"checked\" aria-invalid=\"false\" \/><span class=\"wpcf7-list-item-label\">Deseo recibir invitaciones a\n            webinars<\/span><\/label><\/span><\/span><\/span><\/div>\n        <div class=\"text-left text-checkbox\"><span class=\"wpcf7-form-control-wrap\" data-name=\"acceptance-684\"><span class=\"wpcf7-form-control wpcf7-acceptance\"><span class=\"wpcf7-list-item\"><label><input type=\"checkbox\" name=\"acceptance-684\" value=\"1\" aria-invalid=\"false\" \/><span class=\"wpcf7-list-item-label\">He le\u00eddo la <a href=\"..\/politica-de-privacidad\"\n                target=\"_blank\">pol\u00edtica de privacidad<\/a> y la acepto.<\/span><\/label><\/span><\/span><\/span><\/div>\n    <\/div>\n    <div class=\"col-lg-6 text-right\">\n      <!--  <div class=\"form-group text-right\">\n            \n        <\/div>\n        \n        <div class=\"form-group text-right\">\n\ninicio script crm jetpack \n\n<input class=\"wpcf7-form-control wpcf7-hidden\" value=\"jetpackcrm-add\" type=\"hidden\" name=\"jetpackcrm-add\" \/>\n<input class=\"wpcf7-form-control wpcf7-hidden\" value=\"Lead\" type=\"hidden\" name=\"status\" \/>\n<input class=\"wpcf7-form-control wpcf7-hidden\" value=\"DASSM\" type=\"hidden\" name=\"curso\" \/>\n-->\n<!--fin script crm jetpack -->\n            \n            <input class=\"wpcf7-form-control wpcf7-submit has-spinner custom-btn-style-4 btn-enviar-form box\" type=\"submit\" value=\"Cont\u00e1ctanos\" \/><\/div>\n    <\/div>\n\n<\/div><input type='hidden' class='wpcf7-pum' value='{\"closepopup\":false,\"closedelay\":0,\"openpopup\":false,\"openpopup_id\":0}' \/><div class=\"wpcf7-response-output\" aria-hidden=\"true\"><\/div>\n<\/form>\n<\/div>\n[\/vc_column][\/vc_row][vc_row full_width=\u00bbstretch_row_content\u00bb content_placement=\u00bbmiddle\u00bb css=\u00bb.vc_custom_1602021553804{padding-top: 1.5em !important;padding-right: 3em !important;padding-bottom: 3em !important;padding-left: 3em !important;}\u00bb][vc_column width=\u00bb2\/3&#8243;][vc_column_text css=\u00bb.vc_custom_1625533077267{padding-left: 3em !important;}\u00bb]<span style=\"color: #004183; font-size: 18px;\">Proyectum es una organizaci\u00f3n multinacional de consultor\u00eda, capacitaci\u00f3n y formaci\u00f3n continua con presencia en 10 pa\u00edses de Latinoam\u00e9rica. <\/span><\/p>\n<p><span style=\"color: #004183; font-size: 18px;\"><strong>Somos Authorized Training Partner del Project Management Institute PMI\u00ae<\/strong>.<\/span>[\/vc_column_text][\/vc_column][vc_column width=\u00bb1\/3&#8243;][vc_single_image image=\u00bb9963&#8243; img_size=\u00bbfull\u00bb alignment=\u00bbcenter\u00bb][\/vc_column][\/vc_row][vc_row full_width=\u00bbstretch_row_content\u00bb css=\u00bb.vc_custom_1601667617631{padding-top: 3em !important;background-color: #02041c !important;}\u00bb][vc_column width=\u00bb1\/4&#8243;][vc_single_image image=\u00bb7268&#8243; img_size=\u00bb160&#215;160&#8243; alignment=\u00bbcenter\u00bb][vc_custom_heading text=\u00bbConsigue la Certificaci\u00f3n como Disciplined Agile Senior Scrum Master\u00bb font_container=\u00bbtag:h2|text_align:center|color:%23ffffff\u00bb use_theme_fonts=\u00bbyes\u00bb css=\u00bb.vc_custom_1604344356797{padding-top: 0.5em !important;}\u00bb][\/vc_column][vc_column width=\u00bb1\/4&#8243;][vc_single_image image=\u00bb7261&#8243; img_size=\u00bbfull\u00bb alignment=\u00bbcenter\u00bb][vc_custom_heading text=\u00bbLidera tu equipo con Disciplined Agile\u00bb font_container=\u00bbtag:h2|text_align:center|color:%23ffffff\u00bb use_theme_fonts=\u00bbyes\u00bb][\/vc_column][vc_column width=\u00bb1\/4&#8243;][vc_single_image image=\u00bb7260&#8243; img_size=\u00bbfull\u00bb alignment=\u00bbcenter\u00bb][vc_custom_heading text=\u00bbComprende distintos enfoques \u00e1giles y Lean\u00bb font_container=\u00bbtag:h2|text_align:center|color:%23ffffff\u00bb use_theme_fonts=\u00bbyes\u00bb][\/vc_column][vc_column width=\u00bb1\/4&#8243;][vc_single_image image=\u00bb7262&#8243; img_size=\u00bbfull\u00bb alignment=\u00bbcenter\u00bb][vc_custom_heading text=\u00bbAdopta una mentalidad \u00e1gil para elegir tu forma de trabajar (WoW)\u00bb font_container=\u00bbtag:h2|text_align:center|color:%23ffffff\u00bb use_theme_fonts=\u00bbyes\u00bb][\/vc_column][\/vc_row][vc_row full_width=\u00bbstretch_row_content\u00bb][vc_column][vc_custom_heading text=\u00bbACERCA DE DISCIPLINED AGILE SENIOR SCRUM MASTER DASSM\u00bb font_container=\u00bbtag:h2|text_align:center|color:%23010520&#8243; use_theme_fonts=\u00bbyes\u00bb css=\u00bb.vc_custom_1604343484318{border-top-width: 3em !important;}\u00bb][vc_column_text css=\u00bb.vc_custom_1604343503444{padding-right: 6em !important;padding-bottom: 3em !important;padding-left: 6em !important;}\u00bb]<span style=\"color: #004183; font-size: 18px;\"><strong>Disciplined Agile Senior Scrum Master DASSM<\/strong> es la nueva certificaci\u00f3n \u00e1gil del Project Management Institute PMI\u00ae. Esta certificaci\u00f3n te permite adaptar tu enfoque y liderar tu equipo con Disciplined Agile. <\/span><\/p>\n<p><span style=\"color: #004183; font-size: 18px;\">La capacitaci\u00f3n te habilita para liderar con \u00e9xito un equipo \u00e1gil (o varios equipos) y emprender iniciativas m\u00e1s complejas y clave para tu organizaci\u00f3n. Adopta una mentalidad \u00e1gil y aprende c\u00f3mo adaptar y escalar cualquier enfoque \u00e1gil o lean utilizando el kit de herramientas Disciplined Agile para elegir tu forma de trabajar (WoW).<\/span>[\/vc_column_text][\/vc_column][\/vc_row][vc_row full_width=\u00bbstretch_row_content\u00bb css=\u00bb.vc_custom_1602023350615{padding-top: 3em !important;padding-bottom: 3em !important;background-color: #3d7db7 !important;}\u00bb][vc_column][vc_custom_heading text=\u00bb\u00a1QUIERO OBTENER ESTA CERTIFICACI\u00d3N!\u00bb font_container=\u00bbtag:h2|text_align:center|color:%23ffffff\u00bb use_theme_fonts=\u00bbyes\u00bb css=\u00bb.vc_custom_1602023418331{border-top-width: 3em !important;}\u00bb][vc_column_text css=\u00bb.vc_custom_1604344297383{padding-right: 6em !important;padding-left: 6em !important;}\u00bb]<\/p>\n<p style=\"text-align: center;\"><span style=\"color: #ffffff; font-size: 18px;\">Si est\u00e1s listo para conseguir esta certificaci\u00f3n es momento de que conozcas nuestro curso<strong> DISCIPLINED AGILE SENIOR SCRUM MASTER \u2013 DASSM\u00ae avalado por el PMI\u00ae.<\/strong><\/span><\/p>\n<p>[\/vc_column_text][vc_row_inner css=\u00bb.vc_custom_1602024726947{padding-top: 1.5em !important;padding-right: 3em !important;padding-left: 3em !important;}\u00bb][vc_column_inner width=\u00bb1\/3&#8243;][vc_single_image image=\u00bb8222&#8243; img_size=\u00bb45&#215;45&#8243; alignment=\u00bbcenter\u00bb css=\u00bb.vc_custom_1602025079038{padding-bottom: 1em !important;}\u00bb][vc_column_text]<\/p>\n<p style=\"text-align: center;\"><span style=\"color: #ffffff;\"><span style=\"font-size: 18px;\"><b>Dirigido a los practicantes \u00e1giles experimentados<\/b><\/span><\/span><\/p>\n<p>[\/vc_column_text][\/vc_column_inner][vc_column_inner width=\u00bb1\/3&#8243;][vc_single_image image=\u00bb8222&#8243; img_size=\u00bb45&#215;45&#8243; alignment=\u00bbcenter\u00bb css=\u00bb.vc_custom_1602025142568{padding-bottom: 1em !important;}\u00bb][vc_column_text]<\/p>\n<p style=\"text-align: center;\"><span style=\"color: #ffffff;\"><span style=\"font-size: 18px;\"><b>18 horas en 6 sesiones<\/b><\/span><\/span><\/p>\n<p>[\/vc_column_text][\/vc_column_inner][vc_column_inner width=\u00bb1\/3&#8243;][vc_single_image image=\u00bb8222&#8243; img_size=\u00bb45&#215;45&#8243; alignment=\u00bbcenter\u00bb css=\u00bb.vc_custom_1602025172235{padding-bottom: 1em !important;}\u00bb][vc_column_text]<\/p>\n<p style=\"text-align: center;\"><strong><span style=\"color: #ffffff; font-size: 18px;\">Incluye 1 voucher para presentar el examen de certificaci\u00f3n.<\/span><\/strong><\/p>\n<p>[\/vc_column_text][\/vc_column_inner][\/vc_row_inner][vc_btn title=\u00bb\u00a1QUIERO M\u00c1S INFORMACI\u00d3N DEL CURSO!\u00bb style=\u00bbcustom\u00bb custom_background=\u00bb#010417&#8243; custom_text=\u00bb#ffffff\u00bb size=\u00bblg\u00bb align=\u00bbcenter\u00bb css=\u00bb.vc_custom_1602026969986{padding-top: 3em !important;}\u00bb link=\u00bburl:%23form|||\u00bb][\/vc_column][\/vc_row]<\/p>\n<\/div>","protected":false},"excerpt":{"rendered":"<p>[vc_row full_width=\u00bbstretch_row_content\u00bb el_id=\u00bbform\u00bb][vc_column width=\u00bb1\/2&#8243; css=\u00bb.vc_custom_1602630824112{padding-top: 3em !important;padding-left: 3em !important;background: #000315 url(https:\/\/www.proyectum.com\/sistema\/wp-content\/uploads\/2020\/10\/Disciplined-Agile-DALSM.jpg?id=8973) !important;background-position: center !important;background-repeat: no-repeat !important;background-size: cover !important;}\u00bb][vc_column_text] IMPLEMENTA CUALQUIER ENFOQUE \u00c1GIL O LEAN UTILIZANDO EL KIT DE HERRAMIENTAS DISCIPLINED AGILE [\/vc_column_text][vc_column_text css=\u00bb.vc_custom_1604343273913{padding-top: 3em !important;}\u00bb]Forma parte del exclusivo grupo de profesionales que obtienen la certificaci\u00f3n como Disciplined Agile Senior Scrum Master del Project Management Institute [&hellip;]<\/p>\n","protected":false},"author":46,"featured_media":8258,"parent":0,"menu_order":0,"comment_status":"closed","ping_status":"closed","template":"","meta":{"_acf_changed":false,"content-type":"","footnotes":""},"class_list":["post-8939","page","type-page","status-publish","has-post-thumbnail","hentry"],"acf":[],"yoast_head":"<!-- This site is optimized with the Yoast SEO plugin v27.4 - https:\/\/yoast.com\/product\/yoast-seo-wordpress\/ -->\n<title>Disciplined Agile Senior Scrum Master - Proyectum<\/title>\n<meta name=\"robots\" content=\"index, follow, max-snippet:-1, max-image-preview:large, max-video-preview:-1\" \/>\n<link rel=\"canonical\" href=\"https:\/\/proyectum.com\/sistema\/dassm\/\" \/>\n<meta property=\"og:locale\" content=\"es_ES\" \/>\n<meta property=\"og:type\" content=\"article\" \/>\n<meta property=\"og:title\" content=\"Disciplined Agile Senior Scrum Master - Proyectum\" \/>\n<meta property=\"og:description\" content=\"[vc_row full_width=\u00bbstretch_row_content\u00bb el_id=\u00bbform\u00bb][vc_column width=\u00bb1\/2&#8243; css=\u00bb.vc_custom_1602630824112{padding-top: 3em !important;padding-left: 3em !important;background: #000315 url(https:\/\/www.proyectum.com\/sistema\/wp-content\/uploads\/2020\/10\/Disciplined-Agile-DALSM.jpg?id=8973) !important;background-position: center !important;background-repeat: no-repeat !important;background-size: cover !important;}\u00bb][vc_column_text] IMPLEMENTA CUALQUIER ENFOQUE \u00c1GIL O LEAN UTILIZANDO EL KIT DE HERRAMIENTAS DISCIPLINED AGILE [\/vc_column_text][vc_column_text css=\u00bb.vc_custom_1604343273913{padding-top: 3em !important;}\u00bb]Forma parte del exclusivo grupo de profesionales que obtienen la certificaci\u00f3n como Disciplined Agile Senior Scrum Master del Project Management Institute [&hellip;]\" \/>\n<meta property=\"og:url\" content=\"https:\/\/proyectum.com\/sistema\/dassm\/\" \/>\n<meta property=\"og:site_name\" content=\"Proyectum\" \/>\n<meta property=\"article:publisher\" content=\"https:\/\/www.facebook.com\/proyectum\/\" \/>\n<meta property=\"article:modified_time\" content=\"2023-08-22T18:39:06+00:00\" \/>\n<meta name=\"twitter:card\" content=\"summary_large_image\" \/>\n<meta name=\"twitter:label1\" content=\"Tiempo de lectura\" \/>\n\t<meta name=\"twitter:data1\" content=\"2 minutos\" \/>\n<script type=\"application\/ld+json\" class=\"yoast-schema-graph\">{\"@context\":\"https:\\\/\\\/schema.org\",\"@graph\":[{\"@type\":\"WebPage\",\"@id\":\"https:\\\/\\\/proyectum.com\\\/sistema\\\/dassm\\\/\",\"url\":\"https:\\\/\\\/proyectum.com\\\/sistema\\\/dassm\\\/\",\"name\":\"Disciplined Agile Senior Scrum Master - Proyectum\",\"isPartOf\":{\"@id\":\"https:\\\/\\\/proyectum.com\\\/sistema\\\/#website\"},\"primaryImageOfPage\":{\"@id\":\"https:\\\/\\\/proyectum.com\\\/sistema\\\/dassm\\\/#primaryimage\"},\"image\":{\"@id\":\"https:\\\/\\\/proyectum.com\\\/sistema\\\/dassm\\\/#primaryimage\"},\"thumbnailUrl\":\"\",\"datePublished\":\"2020-10-06T23:30:11+00:00\",\"dateModified\":\"2023-08-22T18:39:06+00:00\",\"breadcrumb\":{\"@id\":\"https:\\\/\\\/proyectum.com\\\/sistema\\\/dassm\\\/#breadcrumb\"},\"inLanguage\":\"es\",\"potentialAction\":[{\"@type\":\"ReadAction\",\"target\":[\"https:\\\/\\\/proyectum.com\\\/sistema\\\/dassm\\\/\"]}]},{\"@type\":\"ImageObject\",\"inLanguage\":\"es\",\"@id\":\"https:\\\/\\\/proyectum.com\\\/sistema\\\/dassm\\\/#primaryimage\",\"url\":\"\",\"contentUrl\":\"\"},{\"@type\":\"BreadcrumbList\",\"@id\":\"https:\\\/\\\/proyectum.com\\\/sistema\\\/dassm\\\/#breadcrumb\",\"itemListElement\":[{\"@type\":\"ListItem\",\"position\":1,\"name\":\"Home\",\"item\":\"https:\\\/\\\/proyectum.com\\\/sistema\\\/\"},{\"@type\":\"ListItem\",\"position\":2,\"name\":\"Disciplined Agile Senior Scrum Master\"}]},{\"@type\":\"WebSite\",\"@id\":\"https:\\\/\\\/proyectum.com\\\/sistema\\\/#website\",\"url\":\"https:\\\/\\\/proyectum.com\\\/sistema\\\/\",\"name\":\"Proyectum\",\"description\":\"Direcci\u00f3n de Proyectos y M\u00e9todos \u00c1giles\",\"publisher\":{\"@id\":\"https:\\\/\\\/proyectum.com\\\/sistema\\\/#organization\"},\"potentialAction\":[{\"@type\":\"SearchAction\",\"target\":{\"@type\":\"EntryPoint\",\"urlTemplate\":\"https:\\\/\\\/proyectum.com\\\/sistema\\\/?s={search_term_string}\"},\"query-input\":{\"@type\":\"PropertyValueSpecification\",\"valueRequired\":true,\"valueName\":\"search_term_string\"}}],\"inLanguage\":\"es\"},{\"@type\":\"Organization\",\"@id\":\"https:\\\/\\\/proyectum.com\\\/sistema\\\/#organization\",\"name\":\"Proyectum\",\"url\":\"https:\\\/\\\/proyectum.com\\\/sistema\\\/\",\"logo\":{\"@type\":\"ImageObject\",\"inLanguage\":\"es\",\"@id\":\"https:\\\/\\\/proyectum.com\\\/sistema\\\/#\\\/schema\\\/logo\\\/image\\\/\",\"url\":\"https:\\\/\\\/www.proyectum.com\\\/sistema\\\/wp-content\\\/uploads\\\/2020\\\/04\\\/proyectum-logo-snippet.png\",\"contentUrl\":\"https:\\\/\\\/www.proyectum.com\\\/sistema\\\/wp-content\\\/uploads\\\/2020\\\/04\\\/proyectum-logo-snippet.png\",\"width\":600,\"height\":315,\"caption\":\"Proyectum\"},\"image\":{\"@id\":\"https:\\\/\\\/proyectum.com\\\/sistema\\\/#\\\/schema\\\/logo\\\/image\\\/\"},\"sameAs\":[\"https:\\\/\\\/www.facebook.com\\\/proyectum\\\/\",\"https:\\\/\\\/www.linkedin.com\\\/company\\\/sistemaproyectum\\\/\",\"https:\\\/\\\/www.youtube.com\\\/channel\\\/UCljouWimyhK_cNcC2jniUgw\"]}]}<\/script>\n<!-- \/ Yoast SEO plugin. -->","yoast_head_json":{"title":"Disciplined Agile Senior Scrum Master - Proyectum","robots":{"index":"index","follow":"follow","max-snippet":"max-snippet:-1","max-image-preview":"max-image-preview:large","max-video-preview":"max-video-preview:-1"},"canonical":"https:\/\/proyectum.com\/sistema\/dassm\/","og_locale":"es_ES","og_type":"article","og_title":"Disciplined Agile Senior Scrum Master - Proyectum","og_description":"[vc_row full_width=\u00bbstretch_row_content\u00bb el_id=\u00bbform\u00bb][vc_column width=\u00bb1\/2&#8243; css=\u00bb.vc_custom_1602630824112{padding-top: 3em !important;padding-left: 3em !important;background: #000315 url(https:\/\/www.proyectum.com\/sistema\/wp-content\/uploads\/2020\/10\/Disciplined-Agile-DALSM.jpg?id=8973) !important;background-position: center !important;background-repeat: no-repeat !important;background-size: cover !important;}\u00bb][vc_column_text] IMPLEMENTA CUALQUIER ENFOQUE \u00c1GIL O LEAN UTILIZANDO EL KIT DE HERRAMIENTAS DISCIPLINED AGILE [\/vc_column_text][vc_column_text css=\u00bb.vc_custom_1604343273913{padding-top: 3em !important;}\u00bb]Forma parte del exclusivo grupo de profesionales que obtienen la certificaci\u00f3n como Disciplined Agile Senior Scrum Master del Project Management Institute [&hellip;]","og_url":"https:\/\/proyectum.com\/sistema\/dassm\/","og_site_name":"Proyectum","article_publisher":"https:\/\/www.facebook.com\/proyectum\/","article_modified_time":"2023-08-22T18:39:06+00:00","twitter_card":"summary_large_image","twitter_misc":{"Tiempo de lectura":"2 minutos"},"schema":{"@context":"https:\/\/schema.org","@graph":[{"@type":"WebPage","@id":"https:\/\/proyectum.com\/sistema\/dassm\/","url":"https:\/\/proyectum.com\/sistema\/dassm\/","name":"Disciplined Agile Senior Scrum Master - Proyectum","isPartOf":{"@id":"https:\/\/proyectum.com\/sistema\/#website"},"primaryImageOfPage":{"@id":"https:\/\/proyectum.com\/sistema\/dassm\/#primaryimage"},"image":{"@id":"https:\/\/proyectum.com\/sistema\/dassm\/#primaryimage"},"thumbnailUrl":"","datePublished":"2020-10-06T23:30:11+00:00","dateModified":"2023-08-22T18:39:06+00:00","breadcrumb":{"@id":"https:\/\/proyectum.com\/sistema\/dassm\/#breadcrumb"},"inLanguage":"es","potentialAction":[{"@type":"ReadAction","target":["https:\/\/proyectum.com\/sistema\/dassm\/"]}]},{"@type":"ImageObject","inLanguage":"es","@id":"https:\/\/proyectum.com\/sistema\/dassm\/#primaryimage","url":"","contentUrl":""},{"@type":"BreadcrumbList","@id":"https:\/\/proyectum.com\/sistema\/dassm\/#breadcrumb","itemListElement":[{"@type":"ListItem","position":1,"name":"Home","item":"https:\/\/proyectum.com\/sistema\/"},{"@type":"ListItem","position":2,"name":"Disciplined Agile Senior Scrum Master"}]},{"@type":"WebSite","@id":"https:\/\/proyectum.com\/sistema\/#website","url":"https:\/\/proyectum.com\/sistema\/","name":"Proyectum","description":"Direcci\u00f3n de Proyectos y M\u00e9todos \u00c1giles","publisher":{"@id":"https:\/\/proyectum.com\/sistema\/#organization"},"potentialAction":[{"@type":"SearchAction","target":{"@type":"EntryPoint","urlTemplate":"https:\/\/proyectum.com\/sistema\/?s={search_term_string}"},"query-input":{"@type":"PropertyValueSpecification","valueRequired":true,"valueName":"search_term_string"}}],"inLanguage":"es"},{"@type":"Organization","@id":"https:\/\/proyectum.com\/sistema\/#organization","name":"Proyectum","url":"https:\/\/proyectum.com\/sistema\/","logo":{"@type":"ImageObject","inLanguage":"es","@id":"https:\/\/proyectum.com\/sistema\/#\/schema\/logo\/image\/","url":"https:\/\/www.proyectum.com\/sistema\/wp-content\/uploads\/2020\/04\/proyectum-logo-snippet.png","contentUrl":"https:\/\/www.proyectum.com\/sistema\/wp-content\/uploads\/2020\/04\/proyectum-logo-snippet.png","width":600,"height":315,"caption":"Proyectum"},"image":{"@id":"https:\/\/proyectum.com\/sistema\/#\/schema\/logo\/image\/"},"sameAs":["https:\/\/www.facebook.com\/proyectum\/","https:\/\/www.linkedin.com\/company\/sistemaproyectum\/","https:\/\/www.youtube.com\/channel\/UCljouWimyhK_cNcC2jniUgw"]}]}},"_links":{"self":[{"href":"https:\/\/proyectum.com\/sistema\/wp-json\/wp\/v2\/pages\/8939","targetHints":{"allow":["GET"]}}],"collection":[{"href":"https:\/\/proyectum.com\/sistema\/wp-json\/wp\/v2\/pages"}],"about":[{"href":"https:\/\/proyectum.com\/sistema\/wp-json\/wp\/v2\/types\/page"}],"author":[{"embeddable":true,"href":"https:\/\/proyectum.com\/sistema\/wp-json\/wp\/v2\/users\/46"}],"replies":[{"embeddable":true,"href":"https:\/\/proyectum.com\/sistema\/wp-json\/wp\/v2\/comments?post=8939"}],"version-history":[{"count":0,"href":"https:\/\/proyectum.com\/sistema\/wp-json\/wp\/v2\/pages\/8939\/revisions"}],"wp:featuredmedia":[{"embeddable":true,"href":"https:\/\/proyectum.com\/sistema\/wp-json\/"}],"wp:attachment":[{"href":"https:\/\/proyectum.com\/sistema\/wp-json\/wp\/v2\/media?parent=8939"}],"curies":[{"name":"wp","href":"https:\/\/api.w.org\/{rel}","templated":true}]}}