{"id":9059,"date":"2020-11-15T16:04:24","date_gmt":"2020-11-15T19:04:24","guid":{"rendered":"https:\/\/www.proyectum.com\/sistema\/?page_id=9059"},"modified":"2026-02-26T15:42:49","modified_gmt":"2026-02-26T18:42:49","slug":"disciplined-agile-scrum-master-2","status":"publish","type":"page","link":"https:\/\/proyectum.com\/sistema\/cursos\/acp-agile-certified\/","title":{"rendered":"Preparaci\u00f3n para Certificaci\u00f3n AGILE CERTIFIED PRACTITIONER &#8211; (PMI-ACP)\u00ae"},"content":{"rendered":"<div class=\"wpb-content-wrapper\"><p>[vc_row el_class=\u00bbbox-cursos\u00bb][vc_column width=\u00bb2\/3&#8243;][vc_column_text]<\/p>\n<h2>PREPARACI\u00d3N PARA CERTIFICACI\u00d3N AGILE CERTIFIED PRACTITIONER (PMI-ACP)\u00ae<\/h2>\n<p class=\"subtitle-curso\">Instructores certificados por el PMI\u00ae<\/p>\n<p>[\/vc_column_text][vc_row_inner el_class=\u00bbmod\u00bb][vc_column_inner width=\u00bb1\/4&#8243;][vc_column_text css=\u00bb\u00bb css_params=\u00bb\u00bb]<img decoding=\"async\" class=\"icons-curso\" src=\"https:\/\/www.proyectum.com\/sistema\/wp-content\/uploads\/2021\/01\/speaker.svg\" \/>Espa\u00f1ol[\/vc_column_text][\/vc_column_inner][vc_column_inner width=\u00bb1\/4&#8243;][vc_column_text]<img decoding=\"async\" class=\"icons-curso\" src=\"https:\/\/www.proyectum.com\/sistema\/wp-content\/uploads\/2021\/01\/training.svg\" \/>Modalidad: online[\/vc_column_text][\/vc_column_inner][vc_column_inner width=\u00bb1\/4&#8243;][vc_column_text css=\u00bb\u00bb css_params=\u00bb\u00bb]<img decoding=\"async\" class=\"icons-curso\" src=\"https:\/\/www.proyectum.com\/sistema\/wp-content\/uploads\/2021\/01\/clock.svg\" \/>Duraci\u00f3n: 36 horas[\/vc_column_text][\/vc_column_inner][\/vc_row_inner][vc_row_inner][vc_column_inner][vc_single_image image=\u00bb9060&#8243; img_size=\u00bblarge\u00bb][\/vc_column_inner][\/vc_row_inner][vc_row_inner][vc_column_inner][vc_custom_heading text=\u00bbInformaci\u00f3n\u00bb use_theme_fonts=\u00bbyes\u00bb][\/vc_column_inner][\/vc_row_inner][vc_row_inner][vc_column_inner el_class=\u00bbinfo-lh\u00bb width=\u00bb1\/2&#8243;][vc_column_text css=\u00bb\u00bb css_params=\u00bb\u00bb]<img decoding=\"async\" class=\"icons-curso\" src=\"https:\/\/www.proyectum.com\/sistema\/wp-content\/uploads\/2021\/01\/training.svg\" \/>Modalidad online con instructor en vivo<\/p>\n<p><img decoding=\"async\" class=\"icons-curso\" src=\"https:\/\/www.proyectum.com\/sistema\/wp-content\/uploads\/2021\/01\/icono-01.svg\" \/> Ejercicios y Quiz<\/p>\n<p><img decoding=\"async\" class=\"icons-curso\" src=\"https:\/\/www.proyectum.com\/sistema\/wp-content\/uploads\/2021\/01\/paperclip.svg\" \/>Material del estudiante<\/p>\n<p><img decoding=\"async\" class=\"icons-curso\" src=\"https:\/\/www.proyectum.com\/sistema\/wp-content\/uploads\/2021\/01\/clock.svg\" \/>12\u00a0Sesiones[\/vc_column_text][\/vc_column_inner][vc_column_inner el_class=\u00bbinfo-lh\u00bb width=\u00bb1\/2&#8243;][vc_column_text css=\u00bb\u00bb css_params=\u00bb\u00bb]<img decoding=\"async\" class=\"icons-curso\" src=\"https:\/\/www.proyectum.com\/sistema\/wp-content\/uploads\/2021\/01\/star.svg\" \/>Diploma de participaci\u00f3n con el respaldo de PMI\u00ae<\/p>\n<p><img decoding=\"async\" class=\"icons-curso\" src=\"https:\/\/www.proyectum.com\/sistema\/wp-content\/uploads\/2021\/01\/book.svg\" \/>Otorga 36 PDUs estrat\u00e9gicos<\/p>\n<p><img decoding=\"async\" class=\"icons-curso\" src=\"https:\/\/www.proyectum.com\/sistema\/wp-content\/uploads\/2021\/01\/rocket.svg\" \/>Plataforma colaborativa<\/p>\n<p><img decoding=\"async\" class=\"icons-curso\" src=\"https:\/\/www.proyectum.com\/sistema\/wp-content\/uploads\/2021\/01\/calendar.svg\" \/><strong>Fecha de inicio Lunes 13 de abril. Las sesiones son los lunes\u00a0 y jueves en horario de 17:00 a 20:00.<\/strong> Horario GMT-6. Consulta el <a href=\"https:\/\/www.timeanddate.com\/worldclock\/personal.html?cities=51,124,45,232,41,225,99,230,190,228,980,94,245,155,143,192,21,131,226,25,163,58&amp;wch=2\" target=\"_blank\" rel=\"noopener noreferrer\">horario de tu pa\u00eds aqu\u00ed<\/a>.[\/vc_column_text][\/vc_column_inner][\/vc_row_inner][vc_custom_heading text=\u00bbAcerca del curso\u00bb use_theme_fonts=\u00bbyes\u00bb][vc_column_text css=\u00bb\u00bb css_params=\u00bb\u00bb]El uso de enfoques \u00e1giles en la gesti\u00f3n de proyectos ha crecido exponencialmente en los \u00faltimos a\u00f1os. Empresas de todos los tama\u00f1os han adoptado estas pr\u00e1cticas para mejorar su capacidad de respuesta, entrega de valor y colaboraci\u00f3n en sus proyectos.<\/p>\n<p>&nbsp;<\/p>\n<p><strong>La certificaci\u00f3n PMI-ACP\u00ae<\/strong> valida el conocimiento y la aplicaci\u00f3n de principios \u00e1giles en entornos din\u00e1micos. No solo reconoce la experiencia pr\u00e1ctica en metodolog\u00edas \u00e1giles, sino que tambi\u00e9n complementa otros enfoques de gesti\u00f3n de proyectos, permitiendo su integraci\u00f3n seg\u00fan las necesidades espec\u00edficas de cada organizaci\u00f3n.<\/p>\n<p>&nbsp;<\/p>\n<p>Este curso de preparaci\u00f3n te ayudar\u00e1 a desarrollar la mentalidad \u00e1gil y a dominar herramientas clave para desempe\u00f1arte eficazmente en equipos \u00e1giles. Adem\u00e1s, <strong>te preparar\u00e1 para aprobar el nuevo examen PMI-ACP\u00ae<\/strong>, alineado con los cambios vigentes desde noviembre de 2024.[\/vc_column_text][vc_custom_heading text=\u00bbContenidos\u00bb use_theme_fonts=\u00bbyes\u00bb][vc_custom_heading text=\u00bbIncursionar en metodolog\u00edas \u00e1giles te permitir\u00e1 simplificar procesos y agregar valor, lo cual beneficiar\u00e1 tus proyectos.\u00bb font_container=\u00bbtag:h3|text_align:left\u00bb use_theme_fonts=\u00bbyes\u00bb][vc_column_text]Los contenidos del curso <b>de preparaci\u00f3n para la Certificaci\u00f3n <strong>(PMI-ACP)\u00ae<\/strong><\/b>:[\/vc_column_text][vc_column_text css=\u00bb\u00bb el_class=\u00bbbox-contenido\u00bb css_params=\u00bb\u00bb]Ahora se centra en cuatro dominios principales:<\/p>\n<p>\u2705 Mentalidad \u00c1gil<\/p>\n<p>\u2705 Liderazgo<\/p>\n<p>\u2705 Producto<\/p>\n<p>\u2705 Entrega[\/vc_column_text][\/vc_column][vc_column width=\u00bb1\/3&#8243;][vc_row_inner el_class=\u00bbcontent-interes\u00bb][vc_column_inner][vc_column_text]<\/p>\n<div class=\"top\">ONLINE<\/div>\n<p>[\/vc_column_text][vc_custom_heading text=\u00bbPREPARACI\u00d3N PARA CERTIFICACI\u00d3N AGILE CERTIFIED PRACTITIONER (PMI-ACP)\u00ae\u00bb use_theme_fonts=\u00bbyes\u00bb el_class=\u00bbtitle-interes\u00bb][vc_column_text css=\u00bb\u00bb css_params=\u00bb\u00bb]<\/p>\n<p class=\"precio\" style=\"text-align: left;\">USD<\/p>\n<p class=\"amount\"><strong>$749<\/strong><\/p>\n<p>[\/vc_column_text][vc_column_text]<\/p>\n<p class=\"precio\" style=\"text-align: left;\">Pregunta por nuestro descuento por pago anticipado<\/p>\n<p>[\/vc_column_text][vc_column_text]Pregunta por los impuestos locales aplicables, dependiendo de tu pa\u00eds[\/vc_column_text][vc_btn title=\u00bbME INTERESA\u00bb color=\u00bbdefault\u00bb el_class=\u00bbbtn-interes\u00bb link=\u00bburl:%23contacto|||\u00bb][\/vc_column_inner][\/vc_row_inner][vc_row_inner disable_element=\u00bbyes\u00bb][vc_column_inner width=\u00bb1\/3&#8243;][vc_single_image image=\u00bb10890&#8243; img_size=\u00bbmedium\u00bb style=\u00bbvc_box_circle_2&#8243; css=\u00bb\u00bb css_params=\u00bb\u00bb][\/vc_column_inner][vc_column_inner width=\u00bb2\/3&#8243;][vc_column_text css=\u00bb\u00bb css_params=\u00bb\u00bb]<\/p>\n<h5>Instructor del Curso:<\/h5>\n<h2>Leslie Donis<\/h2>\n<p style=\"text-align: left;\">Director General de Proyectum El Salvador<\/p>\n<p>[\/vc_column_text][vc_btn title=\u00bbSeguir\u00bb el_class=\u00bbboton-seguir\u00bb link=\u00bburl:https%3A%2F%2Fwww.linkedin.com%2Fin%2Fevasquez%2F||target:%20_blank|\u00bb][\/vc_column_inner][\/vc_row_inner][vc_row_inner disable_element=\u00bbyes\u00bb][vc_column_inner][vc_column_text]<strong>Edgar V\u00e1squez<\/strong><\/p>\n<p><strong>Project Management Professional (PMP)<\/strong>, Scrum Master Certified SMC\u2122, Master en Administraci\u00f3n de Empresas y Master en Administraci\u00f3n de Proyectos.<\/p>\n<p>&nbsp;<\/p>\n<p>Director General de Proyectum Costa Rica e Intesys Consulting. Vasta experiencia en proyectos de infraestructura y estrat\u00e9gicos, en lo que se refiere a su gesti\u00f3n, venta, an\u00e1lisis, planificaci\u00f3n, dise\u00f1o, implementaci\u00f3n y rescate. Gran conocimiento y experiencia en el desarrollo e implementaci\u00f3n de soluciones, coordinando empresas integradoras de soluciones, distribuidoras, consultoras y desarrolladoras de soluciones.<\/p>\n<p>&nbsp;<\/p>\n<p>Especial experiencia como gerente de proyectos, gerente de producto, gerente general y gerente de desarrollo de empresas, en diversas industrias, tales como alimentos, tecnolog\u00eda, manufactura, banca, gobierno y educaci\u00f3n. Con experiencia en relaciones de negocios corporativos en Latinoam\u00e9rica. Ganador del premio a la excelencia de Oracle Latinoam\u00e9rica, a\u00f1os: 1991, 1993, 1997, 1998, 1999, 2002.<\/p>\n<p>&nbsp;<\/p>\n<p>Miembro activo del PMI en Costa Rica por m\u00e1s de 14 a\u00f1os, tiempo en el cual ha ocupado diversos puestos en Juntas Directivas del PMI de Costa Rica y contribuido como voluntario en otras posiciones. Presidente del Cap\u00edtulo del PMI 2014-2017. Personalmente ha ayudado a m\u00e1s de 400 profesionales a lograr su Certificaci\u00f3n PMP\u00ae.[\/vc_column_text][\/vc_column_inner][\/vc_row_inner][vc_row_inner][vc_column_inner][vc_custom_heading text=\u00bbINSTRUCTORES\u00bb use_theme_fonts=\u00bbyes\u00bb][vc_column_text]Este curso es impartido por un Instructor Certificado por el PMI\u00ae. Conoce <a href=\"https:\/\/www.proyectum.com\/sistema\/instructores\/\" target=\"_blank\" rel=\"noopener noreferrer\">aqu\u00ed a nuestro equipo de instructore<\/a>s.[\/vc_column_text][\/vc_column_inner][\/vc_row_inner][vc_row_inner][vc_column_inner][vc_custom_heading text=\u00bbINCLUYE\u00bb use_theme_fonts=\u00bbyes\u00bb][vc_column_text css=\u00bb\u00bb css_params=\u00bb\u00bb]<\/p>\n<ul>\n<li>Instructor certificado con m\u00e1s de 10 a\u00f1os de experiencia en agilidad y gesti\u00f3n de proyectos.<\/li>\n<li>Material de estudio exclusivo.<\/li>\n<li>Diploma de participaci\u00f3n con acreditaci\u00f3n de PDUs.<\/li>\n<\/ul>\n<p>[\/vc_column_text][\/vc_column_inner][\/vc_row_inner][vc_row_inner][vc_column_inner][vc_custom_heading text=\u00bb\u00bfQui\u00e9nes deben participar?\u00bb use_theme_fonts=\u00bbyes\u00bb][vc_column_text css=\u00bb\u00bb css_params=\u00bb\u00bb]Ideal para profesionales que trabajan en equipos \u00e1giles y desean validar su conocimiento con una certificaci\u00f3n globalmente reconocida.<\/p>\n<p>No es necesario ser un Director de Proyecto ni tener certificaciones previas como PMP\u00ae.<\/p>\n<ul>\n<li>Si buscas demostrar tu profesionalismo en pr\u00e1cticas \u00e1giles.<\/li>\n<li>Si deseas ampliar tu versatilidad combinando enfoques \u00e1giles y tradicionales.<\/li>\n<li>Si quieres obtener una certificaci\u00f3n con alto reconocimiento en el mercado.<\/li>\n<\/ul>\n<p><strong>Este curso cumple con los requisitos de formaci\u00f3n exigidos por el PMI.<\/strong>[\/vc_column_text][\/vc_column_inner][\/vc_row_inner][vc_row_inner][vc_column_inner][vc_custom_heading text=\u00bbOBJETIVOS\u00bb use_theme_fonts=\u00bbyes\u00bb][vc_column_text css=\u00bb\u00bb css_params=\u00bb\u00bb]Al finalizar el curso, los participantes podr\u00e1n:<\/p>\n<ul>\n<li>Comprender la mentalidad \u00e1gil y su impacto en la gesti\u00f3n de proyectos.<\/li>\n<li>Diferenciar las metodolog\u00edas \u00e1giles de los enfoques tradicionales.<\/li>\n<li>Aplicar flujos de trabajo, roles y artefactos \u00e1giles en sus equipos.<\/li>\n<li>Usar herramientas y t\u00e9cnicas \u00e1giles para mejorar la entrega de valor.<\/li>\n<li>Medir y mejorar la agilidad en sus proyectos mediante indicadores clave.<\/li>\n<\/ul>\n<p>Presentarse al examen de certificaci\u00f3n PMI-ACP\u00ae con confianza[\/vc_column_text][\/vc_column_inner][\/vc_row_inner][vc_row_inner][vc_column_inner][vc_custom_heading text=\u00bbPre-requisitos\u00bb use_theme_fonts=\u00bbyes\u00bb][vc_column_text css=\u00bb\u00bb css_params=\u00bb\u00bb]<strong>Para rendir el ex\u00e1men PMI-ACP\u00ae, debes cumplir con los requisitos de elegibilidad del PMI:<\/strong><\/p>\n<ul>\n<li>Experiencia en proyectos \u00e1giles: Al menos 2 a\u00f1os de experiencia en proyectos \u00e1giles dentro de los \u00faltimos 5 a\u00f1os.<\/li>\n<li>Capacitaci\u00f3n en pr\u00e1cticas \u00e1giles: 28 horas de formaci\u00f3n en agilidad (este curso cubre este requisito).<\/li>\n<li>Nivel educativo: Diploma de bachillerato o superior.<\/li>\n<\/ul>\n<p><strong>Si ya tienes la certificaci\u00f3n PMP\u00ae, el PMI valida autom\u00e1ticamente tu experiencia en proyectos<\/strong>[\/vc_column_text][\/vc_column_inner][\/vc_row_inner][\/vc_column][\/vc_row][vc_row el_id=\u00bbcontacto\u00bb][vc_column][vc_custom_heading text=\u00bbReg\u00edstrate ahora mismo para recibir m\u00e1s informaci\u00f3n y sigue gestionando como todo un l\u00edder\u00bb use_theme_fonts=\u00bbyes\u00bb][vc_raw_html css=\u00bb\u00bb css_params=\u00bb\u00bb]JTVCaHVic3BvdCUyMHR5cGUlM0QlMjJmb3JtJTIyJTIwcG9ydGFsJTNEJTIyNDk1MTI3NjMlMjIlMjBpZCUzRCUyMjk0MDBiNGYyLTAwNGUtNGI5MS1hM2I1LWUwM2FiM2E2Nzk5NCUyMiU1RA==[\/vc_raw_html][\/vc_column][\/vc_row][vc_row el_class=\u00bbbox-cursos\u00bb][vc_column][vc_custom_heading text=\u00bbCursos que te pueden interesar\u00bb use_theme_fonts=\u00bbyes\u00bb][vc_row_inner][vc_column_inner el_class=\u00bbbox-curso\u00bb width=\u00bb1\/3&#8243;][vc_column_text]<\/p>\n<div class=\"category\">AGILE<\/div>\n<p>[\/vc_column_text][vc_single_image image=\u00bb9221&#8243; img_size=\u00bbfull\u00bb][vc_column_text el_class=\u00bbmm-box-grid-curso\u00bb]<\/p>\n<div class=\"top\">TOP VENTAS<\/div>\n<p>[\/vc_column_text][vc_custom_heading text=\u00bbGesti\u00f3n \u00c1gil de Equipos Remotos\u00bb use_theme_fonts=\u00bbyes\u00bb el_class=\u00bbmm-box-grid-curso title-curso\u00bb][vc_column_text el_class=\u00bbmm-box-grid-curso\u00bb]Instructor: H\u00e9ctor Villarreal[\/vc_column_text][vc_column_text el_class=\u00bbmm-box-grid-curso\u00bb]En este taller el participante aprender\u00e1 los elementos clave para liderar y gestionar a su equipo a pesar de la distancia.[\/vc_column_text][vc_btn title=\u00bbVER M\u00c1S\u00bb link=\u00bburl:https%3A%2F%2Fwww.proyectum.com%2Fsistema%2Fgestion-agil-de-equipos-remotos%2F|title:GESTI%C3%93N%20%C3%81GIL%20DE%20EQUIPOS%20REMOTOS||\u00bb][\/vc_column_inner][vc_column_inner width=\u00bb1\/2&#8243;][\/vc_column_inner][\/vc_row_inner][\/vc_column][\/vc_row]<\/p>\n<\/div>","protected":false},"excerpt":{"rendered":"<p>[vc_row el_class=\u00bbbox-cursos\u00bb][vc_column width=\u00bb2\/3&#8243;][vc_column_text] PREPARACI\u00d3N PARA CERTIFICACI\u00d3N AGILE CERTIFIED PRACTITIONER (PMI-ACP)\u00ae Instructores certificados por el PMI\u00ae [\/vc_column_text][vc_row_inner el_class=\u00bbmod\u00bb][vc_column_inner width=\u00bb1\/4&#8243;][vc_column_text css=\u00bb\u00bb css_params=\u00bb\u00bb]Espa\u00f1ol[\/vc_column_text][\/vc_column_inner][vc_column_inner width=\u00bb1\/4&#8243;][vc_column_text]Modalidad: online[\/vc_column_text][\/vc_column_inner][vc_column_inner width=\u00bb1\/4&#8243;][vc_column_text css=\u00bb\u00bb css_params=\u00bb\u00bb]Duraci\u00f3n: 36 horas[\/vc_column_text][\/vc_column_inner][\/vc_row_inner][vc_row_inner][vc_column_inner][vc_single_image image=\u00bb9060&#8243; img_size=\u00bblarge\u00bb][\/vc_column_inner][\/vc_row_inner][vc_row_inner][vc_column_inner][vc_custom_heading text=\u00bbInformaci\u00f3n\u00bb use_theme_fonts=\u00bbyes\u00bb][\/vc_column_inner][\/vc_row_inner][vc_row_inner][vc_column_inner el_class=\u00bbinfo-lh\u00bb width=\u00bb1\/2&#8243;][vc_column_text css=\u00bb\u00bb css_params=\u00bb\u00bb]Modalidad online con instructor en vivo Ejercicios y Quiz Material del estudiante 12\u00a0Sesiones[\/vc_column_text][\/vc_column_inner][vc_column_inner el_class=\u00bbinfo-lh\u00bb width=\u00bb1\/2&#8243;][vc_column_text css=\u00bb\u00bb css_params=\u00bb\u00bb]Diploma de participaci\u00f3n con el [&hellip;]<\/p>\n","protected":false},"author":46,"featured_media":8258,"parent":8655,"menu_order":0,"comment_status":"closed","ping_status":"closed","template":"","meta":{"_acf_changed":false,"content-type":"","footnotes":""},"class_list":["post-9059","page","type-page","status-publish","has-post-thumbnail","hentry"],"acf":[],"yoast_head":"<!-- This site is optimized with the Yoast SEO plugin v27.5 - https:\/\/yoast.com\/product\/yoast-seo-wordpress\/ -->\n<title>Preparaci\u00f3n para Certificaci\u00f3n AGILE CERTIFIED PRACTITIONER - (PMI-ACP)\u00ae - Proyectum<\/title>\n<meta name=\"description\" content=\"Con este curso, te familiarizar\u00e1s con las pr\u00e1cticas \u00c1giles y Lean fundamentales que apoyan Disciplined Agile\" \/>\n<meta name=\"robots\" content=\"index, follow, max-snippet:-1, max-image-preview:large, max-video-preview:-1\" \/>\n<link rel=\"canonical\" href=\"https:\/\/proyectum.com\/sistema\/cursos\/acp-agile-certified\/\" \/>\n<meta property=\"og:locale\" content=\"es_ES\" \/>\n<meta property=\"og:type\" content=\"article\" \/>\n<meta property=\"og:title\" content=\"Preparaci\u00f3n para Certificaci\u00f3n AGILE CERTIFIED PRACTITIONER - (PMI-ACP)\u00ae - Proyectum\" \/>\n<meta property=\"og:description\" content=\"Con este curso, te familiarizar\u00e1s con las pr\u00e1cticas \u00c1giles y Lean fundamentales que apoyan Disciplined Agile\" \/>\n<meta property=\"og:url\" content=\"https:\/\/proyectum.com\/sistema\/cursos\/acp-agile-certified\/\" \/>\n<meta property=\"og:site_name\" content=\"Proyectum\" \/>\n<meta property=\"article:publisher\" content=\"https:\/\/www.facebook.com\/proyectum\/\" \/>\n<meta property=\"article:modified_time\" content=\"2026-02-26T18:42:49+00:00\" \/>\n<meta property=\"og:image\" content=\"https:\/\/www.proyectum.com\/sistema\/wp-content\/uploads\/2021\/01\/speaker.svg\" \/>\n<meta name=\"twitter:card\" content=\"summary_large_image\" \/>\n<meta name=\"twitter:label1\" content=\"Tiempo de lectura\" \/>\n\t<meta name=\"twitter:data1\" content=\"7 minutos\" \/>\n<script type=\"application\/ld+json\" class=\"yoast-schema-graph\">{\"@context\":\"https:\\\/\\\/schema.org\",\"@graph\":[{\"@type\":\"WebPage\",\"@id\":\"https:\\\/\\\/proyectum.com\\\/sistema\\\/cursos\\\/acp-agile-certified\\\/\",\"url\":\"https:\\\/\\\/proyectum.com\\\/sistema\\\/cursos\\\/acp-agile-certified\\\/\",\"name\":\"Preparaci\u00f3n para Certificaci\u00f3n AGILE CERTIFIED PRACTITIONER - (PMI-ACP)\u00ae - Proyectum\",\"isPartOf\":{\"@id\":\"https:\\\/\\\/proyectum.com\\\/sistema\\\/#website\"},\"primaryImageOfPage\":{\"@id\":\"https:\\\/\\\/proyectum.com\\\/sistema\\\/cursos\\\/acp-agile-certified\\\/#primaryimage\"},\"image\":{\"@id\":\"https:\\\/\\\/proyectum.com\\\/sistema\\\/cursos\\\/acp-agile-certified\\\/#primaryimage\"},\"thumbnailUrl\":\"\",\"datePublished\":\"2020-11-15T19:04:24+00:00\",\"dateModified\":\"2026-02-26T18:42:49+00:00\",\"description\":\"Con este curso, te familiarizar\u00e1s con las pr\u00e1cticas \u00c1giles y Lean fundamentales que apoyan Disciplined Agile\",\"breadcrumb\":{\"@id\":\"https:\\\/\\\/proyectum.com\\\/sistema\\\/cursos\\\/acp-agile-certified\\\/#breadcrumb\"},\"inLanguage\":\"es\",\"potentialAction\":[{\"@type\":\"ReadAction\",\"target\":[\"https:\\\/\\\/proyectum.com\\\/sistema\\\/cursos\\\/acp-agile-certified\\\/\"]}]},{\"@type\":\"ImageObject\",\"inLanguage\":\"es\",\"@id\":\"https:\\\/\\\/proyectum.com\\\/sistema\\\/cursos\\\/acp-agile-certified\\\/#primaryimage\",\"url\":\"\",\"contentUrl\":\"\"},{\"@type\":\"BreadcrumbList\",\"@id\":\"https:\\\/\\\/proyectum.com\\\/sistema\\\/cursos\\\/acp-agile-certified\\\/#breadcrumb\",\"itemListElement\":[{\"@type\":\"ListItem\",\"position\":1,\"name\":\"Home\",\"item\":\"https:\\\/\\\/proyectum.com\\\/sistema\\\/\"},{\"@type\":\"ListItem\",\"position\":2,\"name\":\"Cursos\",\"item\":\"https:\\\/\\\/proyectum.com\\\/sistema\\\/cursos\\\/\"},{\"@type\":\"ListItem\",\"position\":3,\"name\":\"Preparaci\u00f3n para Certificaci\u00f3n AGILE CERTIFIED PRACTITIONER &#8211; (PMI-ACP)\u00ae\"}]},{\"@type\":\"WebSite\",\"@id\":\"https:\\\/\\\/proyectum.com\\\/sistema\\\/#website\",\"url\":\"https:\\\/\\\/proyectum.com\\\/sistema\\\/\",\"name\":\"Proyectum\",\"description\":\"Direcci\u00f3n de Proyectos y M\u00e9todos \u00c1giles\",\"publisher\":{\"@id\":\"https:\\\/\\\/proyectum.com\\\/sistema\\\/#organization\"},\"potentialAction\":[{\"@type\":\"SearchAction\",\"target\":{\"@type\":\"EntryPoint\",\"urlTemplate\":\"https:\\\/\\\/proyectum.com\\\/sistema\\\/?s={search_term_string}\"},\"query-input\":{\"@type\":\"PropertyValueSpecification\",\"valueRequired\":true,\"valueName\":\"search_term_string\"}}],\"inLanguage\":\"es\"},{\"@type\":\"Organization\",\"@id\":\"https:\\\/\\\/proyectum.com\\\/sistema\\\/#organization\",\"name\":\"Proyectum\",\"url\":\"https:\\\/\\\/proyectum.com\\\/sistema\\\/\",\"logo\":{\"@type\":\"ImageObject\",\"inLanguage\":\"es\",\"@id\":\"https:\\\/\\\/proyectum.com\\\/sistema\\\/#\\\/schema\\\/logo\\\/image\\\/\",\"url\":\"https:\\\/\\\/www.proyectum.com\\\/sistema\\\/wp-content\\\/uploads\\\/2020\\\/04\\\/proyectum-logo-snippet.png\",\"contentUrl\":\"https:\\\/\\\/www.proyectum.com\\\/sistema\\\/wp-content\\\/uploads\\\/2020\\\/04\\\/proyectum-logo-snippet.png\",\"width\":600,\"height\":315,\"caption\":\"Proyectum\"},\"image\":{\"@id\":\"https:\\\/\\\/proyectum.com\\\/sistema\\\/#\\\/schema\\\/logo\\\/image\\\/\"},\"sameAs\":[\"https:\\\/\\\/www.facebook.com\\\/proyectum\\\/\",\"https:\\\/\\\/www.linkedin.com\\\/company\\\/sistemaproyectum\\\/\",\"https:\\\/\\\/www.youtube.com\\\/channel\\\/UCljouWimyhK_cNcC2jniUgw\"]}]}<\/script>\n<!-- \/ Yoast SEO plugin. -->","yoast_head_json":{"title":"Preparaci\u00f3n para Certificaci\u00f3n AGILE CERTIFIED PRACTITIONER - (PMI-ACP)\u00ae - Proyectum","description":"Con este curso, te familiarizar\u00e1s con las pr\u00e1cticas \u00c1giles y Lean fundamentales que apoyan Disciplined Agile","robots":{"index":"index","follow":"follow","max-snippet":"max-snippet:-1","max-image-preview":"max-image-preview:large","max-video-preview":"max-video-preview:-1"},"canonical":"https:\/\/proyectum.com\/sistema\/cursos\/acp-agile-certified\/","og_locale":"es_ES","og_type":"article","og_title":"Preparaci\u00f3n para Certificaci\u00f3n AGILE CERTIFIED PRACTITIONER - (PMI-ACP)\u00ae - Proyectum","og_description":"Con este curso, te familiarizar\u00e1s con las pr\u00e1cticas \u00c1giles y Lean fundamentales que apoyan Disciplined Agile","og_url":"https:\/\/proyectum.com\/sistema\/cursos\/acp-agile-certified\/","og_site_name":"Proyectum","article_publisher":"https:\/\/www.facebook.com\/proyectum\/","article_modified_time":"2026-02-26T18:42:49+00:00","og_image":[{"url":"https:\/\/www.proyectum.com\/sistema\/wp-content\/uploads\/2021\/01\/speaker.svg","type":"","width":"","height":""}],"twitter_card":"summary_large_image","twitter_misc":{"Tiempo de lectura":"7 minutos"},"schema":{"@context":"https:\/\/schema.org","@graph":[{"@type":"WebPage","@id":"https:\/\/proyectum.com\/sistema\/cursos\/acp-agile-certified\/","url":"https:\/\/proyectum.com\/sistema\/cursos\/acp-agile-certified\/","name":"Preparaci\u00f3n para Certificaci\u00f3n AGILE CERTIFIED PRACTITIONER - (PMI-ACP)\u00ae - Proyectum","isPartOf":{"@id":"https:\/\/proyectum.com\/sistema\/#website"},"primaryImageOfPage":{"@id":"https:\/\/proyectum.com\/sistema\/cursos\/acp-agile-certified\/#primaryimage"},"image":{"@id":"https:\/\/proyectum.com\/sistema\/cursos\/acp-agile-certified\/#primaryimage"},"thumbnailUrl":"","datePublished":"2020-11-15T19:04:24+00:00","dateModified":"2026-02-26T18:42:49+00:00","description":"Con este curso, te familiarizar\u00e1s con las pr\u00e1cticas \u00c1giles y Lean fundamentales que apoyan Disciplined Agile","breadcrumb":{"@id":"https:\/\/proyectum.com\/sistema\/cursos\/acp-agile-certified\/#breadcrumb"},"inLanguage":"es","potentialAction":[{"@type":"ReadAction","target":["https:\/\/proyectum.com\/sistema\/cursos\/acp-agile-certified\/"]}]},{"@type":"ImageObject","inLanguage":"es","@id":"https:\/\/proyectum.com\/sistema\/cursos\/acp-agile-certified\/#primaryimage","url":"","contentUrl":""},{"@type":"BreadcrumbList","@id":"https:\/\/proyectum.com\/sistema\/cursos\/acp-agile-certified\/#breadcrumb","itemListElement":[{"@type":"ListItem","position":1,"name":"Home","item":"https:\/\/proyectum.com\/sistema\/"},{"@type":"ListItem","position":2,"name":"Cursos","item":"https:\/\/proyectum.com\/sistema\/cursos\/"},{"@type":"ListItem","position":3,"name":"Preparaci\u00f3n para Certificaci\u00f3n AGILE CERTIFIED PRACTITIONER &#8211; (PMI-ACP)\u00ae"}]},{"@type":"WebSite","@id":"https:\/\/proyectum.com\/sistema\/#website","url":"https:\/\/proyectum.com\/sistema\/","name":"Proyectum","description":"Direcci\u00f3n de Proyectos y M\u00e9todos \u00c1giles","publisher":{"@id":"https:\/\/proyectum.com\/sistema\/#organization"},"potentialAction":[{"@type":"SearchAction","target":{"@type":"EntryPoint","urlTemplate":"https:\/\/proyectum.com\/sistema\/?s={search_term_string}"},"query-input":{"@type":"PropertyValueSpecification","valueRequired":true,"valueName":"search_term_string"}}],"inLanguage":"es"},{"@type":"Organization","@id":"https:\/\/proyectum.com\/sistema\/#organization","name":"Proyectum","url":"https:\/\/proyectum.com\/sistema\/","logo":{"@type":"ImageObject","inLanguage":"es","@id":"https:\/\/proyectum.com\/sistema\/#\/schema\/logo\/image\/","url":"https:\/\/www.proyectum.com\/sistema\/wp-content\/uploads\/2020\/04\/proyectum-logo-snippet.png","contentUrl":"https:\/\/www.proyectum.com\/sistema\/wp-content\/uploads\/2020\/04\/proyectum-logo-snippet.png","width":600,"height":315,"caption":"Proyectum"},"image":{"@id":"https:\/\/proyectum.com\/sistema\/#\/schema\/logo\/image\/"},"sameAs":["https:\/\/www.facebook.com\/proyectum\/","https:\/\/www.linkedin.com\/company\/sistemaproyectum\/","https:\/\/www.youtube.com\/channel\/UCljouWimyhK_cNcC2jniUgw"]}]}},"_links":{"self":[{"href":"https:\/\/proyectum.com\/sistema\/wp-json\/wp\/v2\/pages\/9059","targetHints":{"allow":["GET"]}}],"collection":[{"href":"https:\/\/proyectum.com\/sistema\/wp-json\/wp\/v2\/pages"}],"about":[{"href":"https:\/\/proyectum.com\/sistema\/wp-json\/wp\/v2\/types\/page"}],"author":[{"embeddable":true,"href":"https:\/\/proyectum.com\/sistema\/wp-json\/wp\/v2\/users\/46"}],"replies":[{"embeddable":true,"href":"https:\/\/proyectum.com\/sistema\/wp-json\/wp\/v2\/comments?post=9059"}],"version-history":[{"count":0,"href":"https:\/\/proyectum.com\/sistema\/wp-json\/wp\/v2\/pages\/9059\/revisions"}],"up":[{"embeddable":true,"href":"https:\/\/proyectum.com\/sistema\/wp-json\/wp\/v2\/pages\/8655"}],"wp:featuredmedia":[{"embeddable":true,"href":"https:\/\/proyectum.com\/sistema\/wp-json\/"}],"wp:attachment":[{"href":"https:\/\/proyectum.com\/sistema\/wp-json\/wp\/v2\/media?parent=9059"}],"curies":[{"name":"wp","href":"https:\/\/api.w.org\/{rel}","templated":true}]}}