{"id":9081,"date":"2020-11-20T00:04:37","date_gmt":"2020-11-20T03:04:37","guid":{"rendered":"https:\/\/www.proyectum.com\/sistema\/?page_id=9081"},"modified":"2022-02-08T19:40:29","modified_gmt":"2022-02-08T22:40:29","slug":"resultados-de-tus-simulaciones","status":"publish","type":"page","link":"https:\/\/proyectum.com\/sistema\/resultados-de-tus-simulaciones\/","title":{"rendered":"Resultados de tus simulaciones"},"content":{"rendered":"<p><img loading=\"lazy\" decoding=\"async\" class=\" wp-image-8638 aligncenter\" src=\"https:\/\/www.proyectum.com\/sistema\/wp-content\/uploads\/2020\/04\/Bitacora-de-Navegaci\u00f3n-300x211.jpg\" alt=\"Bitacora de Navegaci\u00f3n\" width=\"425\" height=\"299\" \/><\/p>\n<p style=\"text-align: center;\"><span style=\"font-size: 22px;\"><strong>Los resultados de tus simulaciones<\/strong><\/span><\/p>\n<p style=\"text-align: center;\"><p style='text-align: center;font-style:italic;'>Tienes que conectarte para ver los resultados.<\/p><\/p>\n<p>&nbsp;<\/p>\n<hr \/>\n<p>&nbsp;<\/p>\n<p style=\"text-align: center;\"><span style=\"font-size: 22px;\"><strong>Cuadro de Honor General<\/strong><\/span><\/p>\n<p style=\"text-align: center;\">        <style>            .ays_glb_container table.ays_glb_ul tr.ays_glb_li th {                color: #000000;            }                    <\/style><div class='ays_lb_container ays_glb_container ays-leaderboard-main-container'>        <table class='ays_lb_ul ays_glb_ul ' style='width: 100%;'>            <thead>                <tr class='ays_lb_li ays_glb_li' style='background: #ffffff;'><th class='ays_lb_pos ays_glb_pos'>Posici\u00f3n<\/th><th class='ays_lb_user ays_glb_user'>Nombre<\/th><th class='ays_lb_score ays_glb_score'>Puntuaci\u00f3n<\/th><th class='ays_lb_duration ays_glb_duration'>Duraci\u00f3n<\/th><\/tr>            <\/thead>            <tbody><tr class='ays_lb_li' style=''><td class='ays_lb_pos ays_glb_pos'>1<\/td><td class='ays_lb_user ays_glb_user'><span class='ays-lb-user-avatar-row'><\/span><span>Enrique Ledesma<\/span><\/td><td class='ays_lb_score ays_glb_score'>100 %<\/td><td class='ays_lb_duration ays_glb_duration' data-order='6'>6 segundos<\/td><\/tr><tr class='ays_lb_li' style=''><td class='ays_lb_pos ays_glb_pos'>2<\/td><td class='ays_lb_user ays_glb_user'><span class='ays-lb-user-avatar-row'><\/span><span>Pedro Basualto<\/span><\/td><td class='ays_lb_score ays_glb_score'>100 %<\/td><td class='ays_lb_duration ays_glb_duration' data-order='16'>16 segundos<\/td><\/tr><tr class='ays_lb_li' style=''><td class='ays_lb_pos ays_glb_pos'>3<\/td><td class='ays_lb_user ays_glb_user'><span class='ays-lb-user-avatar-row'><\/span><span>Rodrigo Bastidas<\/span><\/td><td class='ays_lb_score ays_glb_score'>100 %<\/td><td class='ays_lb_duration ays_glb_duration' data-order='21'>21 segundos<\/td><\/tr><tr class='ays_lb_li' style=''><td class='ays_lb_pos ays_glb_pos'>4<\/td><td class='ays_lb_user ays_glb_user'><span class='ays-lb-user-avatar-row'><\/span><span>Harry Arana<\/span><\/td><td class='ays_lb_score ays_glb_score'>100 %<\/td><td class='ays_lb_duration ays_glb_duration' data-order='21'>21 segundos<\/td><\/tr><tr class='ays_lb_li' style=''><td class='ays_lb_pos ays_glb_pos'>5<\/td><td class='ays_lb_user ays_glb_user'><span class='ays-lb-user-avatar-row'><\/span><span>Xavier Montesdeoca<\/span><\/td><td class='ays_lb_score ays_glb_score'>100 %<\/td><td class='ays_lb_duration ays_glb_duration' data-order='22'>22 segundos<\/td><\/tr><tr class='ays_lb_li' style=''><td class='ays_lb_pos ays_glb_pos'>6<\/td><td class='ays_lb_user ays_glb_user'><span class='ays-lb-user-avatar-row'><\/span><span>Oki Ari<\/span><\/td><td class='ays_lb_score ays_glb_score'>100 %<\/td><td class='ays_lb_duration ays_glb_duration' data-order='24'>24 segundos<\/td><\/tr><tr class='ays_lb_li' style=''><td class='ays_lb_pos ays_glb_pos'>7<\/td><td class='ays_lb_user ays_glb_user'><span class='ays-lb-user-avatar-row'><\/span><span>Francisco Spross<\/span><\/td><td class='ays_lb_score ays_glb_score'>100 %<\/td><td class='ays_lb_duration ays_glb_duration' data-order='25'>25 segundos<\/td><\/tr><tr class='ays_lb_li' style=''><td class='ays_lb_pos ays_glb_pos'>8<\/td><td class='ays_lb_user ays_glb_user'><span class='ays-lb-user-avatar-row'><\/span><span>Christopher Mena<\/span><\/td><td class='ays_lb_score ays_glb_score'>100 %<\/td><td class='ays_lb_duration ays_glb_duration' data-order='26'>26 segundos<\/td><\/tr><tr class='ays_lb_li' style=''><td class='ays_lb_pos ays_glb_pos'>9<\/td><td class='ays_lb_user ays_glb_user'><span class='ays-lb-user-avatar-row'><\/span><span>Romina Acosta<\/span><\/td><td class='ays_lb_score ays_glb_score'>100 %<\/td><td class='ays_lb_duration ays_glb_duration' data-order='26'>26 segundos<\/td><\/tr><tr class='ays_lb_li' style=''><td class='ays_lb_pos ays_glb_pos'>10<\/td><td class='ays_lb_user ays_glb_user'><span class='ays-lb-user-avatar-row'><\/span><span>Mar\u00eda Fernanda Su\u00e1rez<\/span><\/td><td class='ays_lb_score ays_glb_score'>100 %<\/td><td class='ays_lb_duration ays_glb_duration' data-order='26'>26 segundos<\/td><\/tr><\/tbody>            <\/table>        <\/div>\n<p>&nbsp;<\/p>\n<hr \/>\n<p>&nbsp;<\/p>\n<p style=\"text-align: center;\"><span style=\"font-size: 22px;\"><strong>Simulador final del PMI 180 preguntas en Espa\u00f1ol<\/strong><\/span><\/p>\n<p style=\"text-align: center;\">                <style>                                    <\/style><div class='ays_lb_container ays-leaderboard-main-container'>                <table class='ays_lb_ul ays-quiz-individual-leaderboard-pagination' style='width: 100%;'>                    <thead>                        <tr class='ays_lb_li' style='background: #ffffff;'><th class='ays_lb_pos'>Posici\u00f3n<\/th><th class='ays_lb_user'>Nombre<\/th><th class='ays_lb_score'>Puntuaci\u00f3n<\/th><th class='ays_lb_duration'>Duraci\u00f3n<\/th><\/tr>                    <\/thead>                    <tbody><tr class='ays_lb_li'><td class='ays_lb_pos'>1<\/td><td class='ays_lb_user'><span class='ays-lb-user-avatar-row'><\/span><span>Alfredo Luna<\/span><\/td><td class='ays_lb_score'>100 %<\/td><td class='ays_lb_duration' data-order='5940'>1 horas 39 minutos <\/td><\/tr><tr class='ays_lb_li'><td class='ays_lb_pos'>2<\/td><td class='ays_lb_user'><span class='ays-lb-user-avatar-row'><\/span><span>Tamara Solano<\/span><\/td><td class='ays_lb_score'>100 %<\/td><td class='ays_lb_duration' data-order='7489'>2 horas 4 minutos 49 segundos<\/td><\/tr><tr class='ays_lb_li'><td class='ays_lb_pos'>3<\/td><td class='ays_lb_user'><span class='ays-lb-user-avatar-row'><\/span><span>Mario Octavio Castillo<\/span><\/td><td class='ays_lb_score'>100 %<\/td><td class='ays_lb_duration' data-order='8642'>2 horas 24 minutos 2 segundos<\/td><\/tr><tr class='ays_lb_li'><td class='ays_lb_pos'>4<\/td><td class='ays_lb_user'><span class='ays-lb-user-avatar-row'><\/span><span>Michelle Fernanda Jimenez Badilla<\/span><\/td><td class='ays_lb_score'>100 %<\/td><td class='ays_lb_duration' data-order='11860'>3 horas 17 minutos 40 segundos<\/td><\/tr><tr class='ays_lb_li'><td class='ays_lb_pos'>5<\/td><td class='ays_lb_user'><span class='ays-lb-user-avatar-row'><\/span><span>Moises Canario<\/span><\/td><td class='ays_lb_score'>100 %<\/td><td class='ays_lb_duration' data-order='14407'>4 horas 7 segundos<\/td><\/tr><tr class='ays_lb_li'><td class='ays_lb_pos'>6<\/td><td class='ays_lb_user'><span class='ays-lb-user-avatar-row'><\/span><span>Nayeli Sajaropolus<\/span><\/td><td class='ays_lb_score'>99 %<\/td><td class='ays_lb_duration' data-order='4453'>1 horas 14 minutos 13 segundos<\/td><\/tr><tr class='ays_lb_li'><td class='ays_lb_pos'>7<\/td><td class='ays_lb_user'><span class='ays-lb-user-avatar-row'><\/span><span>Jose manuel zuniga<\/span><\/td><td class='ays_lb_score'>99 %<\/td><td class='ays_lb_duration' data-order='4934'>1 horas 22 minutos 14 segundos<\/td><\/tr><tr class='ays_lb_li'><td class='ays_lb_pos'>8<\/td><td class='ays_lb_user'><span class='ays-lb-user-avatar-row'><\/span><span>Jose Miguel Reyes<\/span><\/td><td class='ays_lb_score'>99 %<\/td><td class='ays_lb_duration' data-order='5697'>1 horas 34 minutos 57 segundos<\/td><\/tr><tr class='ays_lb_li'><td class='ays_lb_pos'>9<\/td><td class='ays_lb_user'><span class='ays-lb-user-avatar-row'><\/span><span>Diana Dalila<\/span><\/td><td class='ays_lb_score'>99 %<\/td><td class='ays_lb_duration' data-order='6536'>1 horas 48 minutos 56 segundos<\/td><\/tr><tr class='ays_lb_li'><td class='ays_lb_pos'>10<\/td><td class='ays_lb_user'><span class='ays-lb-user-avatar-row'><\/span><span>Daniel Herrera Flores<\/span><\/td><td class='ays_lb_score'>99 %<\/td><td class='ays_lb_duration' data-order='7168'>1 horas 59 minutos 28 segundos<\/td><\/tr><\/tbody>                    <\/table>                <\/div>\n<p>&nbsp;<\/p>\n<hr \/>\n<p>&nbsp;<\/p>\n<p style=\"text-align: center;\"><span style=\"font-size: 22px;\"><strong>Simulador final del PMI 180 preguntas en Ingl\u00e9s<\/strong><\/span><\/p>\n<p style=\"text-align: center;\">                <style>                                    <\/style><div class='ays_lb_container ays-leaderboard-main-container'>                <table class='ays_lb_ul ays-quiz-individual-leaderboard-pagination' style='width: 100%;'>                    <thead>                        <tr class='ays_lb_li' style='background: #ffffff;'><th class='ays_lb_pos'>Posici\u00f3n<\/th><th class='ays_lb_user'>Nombre<\/th><th class='ays_lb_score'>Puntuaci\u00f3n<\/th><th class='ays_lb_duration'>Duraci\u00f3n<\/th><\/tr>                    <\/thead>                    <tbody><tr class='ays_lb_li'><td class='ays_lb_pos'>1<\/td><td class='ays_lb_user'><span class='ays-lb-user-avatar-row'><\/span><span>Alma Zepeda<\/span><\/td><td class='ays_lb_score'>93 %<\/td><td class='ays_lb_duration' data-order='7749'>2 horas 9 minutos 9 segundos<\/td><\/tr><tr class='ays_lb_li'><td class='ays_lb_pos'>2<\/td><td class='ays_lb_user'><span class='ays-lb-user-avatar-row'><\/span><span>Oscar Vargas<\/span><\/td><td class='ays_lb_score'>90 %<\/td><td class='ays_lb_duration' data-order='6426'>1 horas 47 minutos 6 segundos<\/td><\/tr><tr class='ays_lb_li'><td class='ays_lb_pos'>3<\/td><td class='ays_lb_user'><span class='ays-lb-user-avatar-row'><\/span><span>Ana Rosa Selva<\/span><\/td><td class='ays_lb_score'>90 %<\/td><td class='ays_lb_duration' data-order='8971'>2 horas 29 minutos 31 segundos<\/td><\/tr><tr class='ays_lb_li'><td class='ays_lb_pos'>4<\/td><td class='ays_lb_user'><span class='ays-lb-user-avatar-row'><\/span><span>Mario Montero<\/span><\/td><td class='ays_lb_score'>89 %<\/td><td class='ays_lb_duration' data-order='10790'>2 horas 59 minutos 50 segundos<\/td><\/tr><tr class='ays_lb_li'><td class='ays_lb_pos'>5<\/td><td class='ays_lb_user'><span class='ays-lb-user-avatar-row'><\/span><span>Maria Espinoza<\/span><\/td><td class='ays_lb_score'>89 %<\/td><td class='ays_lb_duration' data-order='10900'>3 horas 1 minutos 40 segundos<\/td><\/tr><tr class='ays_lb_li'><td class='ays_lb_pos'>6<\/td><td class='ays_lb_user'><span class='ays-lb-user-avatar-row'><\/span><span>Jose Marcelo Maroto Ruiz<\/span><\/td><td class='ays_lb_score'>87 %<\/td><td class='ays_lb_duration' data-order='5011'>1 horas 23 minutos 31 segundos<\/td><\/tr><tr class='ays_lb_li'><td class='ays_lb_pos'>7<\/td><td class='ays_lb_user'><span class='ays-lb-user-avatar-row'><\/span><span>Natalia Castro<\/span><\/td><td class='ays_lb_score'>85 %<\/td><td class='ays_lb_duration' data-order='12393'>3 horas 26 minutos 33 segundos<\/td><\/tr><tr class='ays_lb_li'><td class='ays_lb_pos'>8<\/td><td class='ays_lb_user'><span class='ays-lb-user-avatar-row'><\/span><span>Esteban Camacho<\/span><\/td><td class='ays_lb_score'>85 %<\/td><td class='ays_lb_duration' data-order='12880'>3 horas 34 minutos 40 segundos<\/td><\/tr><tr class='ays_lb_li'><td class='ays_lb_pos'>9<\/td><td class='ays_lb_user'><span class='ays-lb-user-avatar-row'><\/span><span>Carlos Zamora<\/span><\/td><td class='ays_lb_score'>85 %<\/td><td class='ays_lb_duration' data-order='14443'>4 horas 43 segundos<\/td><\/tr><tr class='ays_lb_li'><td class='ays_lb_pos'>10<\/td><td class='ays_lb_user'><span class='ays-lb-user-avatar-row'><\/span><span>Andr\u00e9s Rojas Molina<\/span><\/td><td class='ays_lb_score'>82 %<\/td><td class='ays_lb_duration' data-order='7490'>2 horas 4 minutos 50 segundos<\/td><\/tr><\/tbody>                    <\/table>                <\/div>\n","protected":false},"excerpt":{"rendered":"<p>Los resultados de tus simulaciones &nbsp; &nbsp; Cuadro de Honor General &nbsp; &nbsp; Simulador final del PMI 180 preguntas en Espa\u00f1ol &nbsp; &nbsp; Simulador final del PMI 180 preguntas en Ingl\u00e9s<\/p>\n","protected":false},"author":47,"featured_media":8258,"parent":0,"menu_order":0,"comment_status":"closed","ping_status":"closed","template":"","meta":{"_acf_changed":false,"content-type":"","footnotes":""},"class_list":["post-9081","page","type-page","status-publish","has-post-thumbnail","hentry"],"acf":[],"yoast_head":"<!-- This site is optimized with the Yoast SEO plugin v27.6 - https:\/\/yoast.com\/product\/yoast-seo-wordpress\/ -->\n<title>Resultados de tus simulaciones - Proyectum<\/title>\n<meta name=\"robots\" content=\"index, follow, max-snippet:-1, max-image-preview:large, max-video-preview:-1\" \/>\n<link rel=\"canonical\" href=\"https:\/\/proyectum.com\/sistema\/resultados-de-tus-simulaciones\/\" \/>\n<meta property=\"og:locale\" content=\"es_ES\" \/>\n<meta property=\"og:type\" content=\"article\" \/>\n<meta property=\"og:title\" content=\"Resultados de tus simulaciones - Proyectum\" \/>\n<meta property=\"og:description\" content=\"Los resultados de tus simulaciones &nbsp; &nbsp; Cuadro de Honor General &nbsp; &nbsp; Simulador final del PMI 180 preguntas en Espa\u00f1ol &nbsp; &nbsp; Simulador final del PMI 180 preguntas en Ingl\u00e9s\" \/>\n<meta property=\"og:url\" content=\"https:\/\/proyectum.com\/sistema\/resultados-de-tus-simulaciones\/\" \/>\n<meta property=\"og:site_name\" content=\"Proyectum\" \/>\n<meta property=\"article:publisher\" content=\"https:\/\/www.facebook.com\/proyectum\/\" \/>\n<meta property=\"article:modified_time\" content=\"2022-02-08T22:40:29+00:00\" \/>\n<meta name=\"twitter:card\" content=\"summary_large_image\" \/>\n<script type=\"application\/ld+json\" class=\"yoast-schema-graph\">{\"@context\":\"https:\\\/\\\/schema.org\",\"@graph\":[{\"@type\":\"WebPage\",\"@id\":\"https:\\\/\\\/proyectum.com\\\/sistema\\\/resultados-de-tus-simulaciones\\\/\",\"url\":\"https:\\\/\\\/proyectum.com\\\/sistema\\\/resultados-de-tus-simulaciones\\\/\",\"name\":\"Resultados de tus simulaciones - Proyectum\",\"isPartOf\":{\"@id\":\"https:\\\/\\\/proyectum.com\\\/sistema\\\/#website\"},\"primaryImageOfPage\":{\"@id\":\"https:\\\/\\\/proyectum.com\\\/sistema\\\/resultados-de-tus-simulaciones\\\/#primaryimage\"},\"image\":{\"@id\":\"https:\\\/\\\/proyectum.com\\\/sistema\\\/resultados-de-tus-simulaciones\\\/#primaryimage\"},\"thumbnailUrl\":\"\",\"datePublished\":\"2020-11-20T03:04:37+00:00\",\"dateModified\":\"2022-02-08T22:40:29+00:00\",\"breadcrumb\":{\"@id\":\"https:\\\/\\\/proyectum.com\\\/sistema\\\/resultados-de-tus-simulaciones\\\/#breadcrumb\"},\"inLanguage\":\"es\",\"potentialAction\":[{\"@type\":\"ReadAction\",\"target\":[\"https:\\\/\\\/proyectum.com\\\/sistema\\\/resultados-de-tus-simulaciones\\\/\"]}]},{\"@type\":\"ImageObject\",\"inLanguage\":\"es\",\"@id\":\"https:\\\/\\\/proyectum.com\\\/sistema\\\/resultados-de-tus-simulaciones\\\/#primaryimage\",\"url\":\"\",\"contentUrl\":\"\"},{\"@type\":\"BreadcrumbList\",\"@id\":\"https:\\\/\\\/proyectum.com\\\/sistema\\\/resultados-de-tus-simulaciones\\\/#breadcrumb\",\"itemListElement\":[{\"@type\":\"ListItem\",\"position\":1,\"name\":\"Home\",\"item\":\"https:\\\/\\\/proyectum.com\\\/sistema\\\/\"},{\"@type\":\"ListItem\",\"position\":2,\"name\":\"Resultados de tus simulaciones\"}]},{\"@type\":\"WebSite\",\"@id\":\"https:\\\/\\\/proyectum.com\\\/sistema\\\/#website\",\"url\":\"https:\\\/\\\/proyectum.com\\\/sistema\\\/\",\"name\":\"Proyectum\",\"description\":\"Direcci\u00f3n de Proyectos y M\u00e9todos \u00c1giles\",\"publisher\":{\"@id\":\"https:\\\/\\\/proyectum.com\\\/sistema\\\/#organization\"},\"potentialAction\":[{\"@type\":\"SearchAction\",\"target\":{\"@type\":\"EntryPoint\",\"urlTemplate\":\"https:\\\/\\\/proyectum.com\\\/sistema\\\/?s={search_term_string}\"},\"query-input\":{\"@type\":\"PropertyValueSpecification\",\"valueRequired\":true,\"valueName\":\"search_term_string\"}}],\"inLanguage\":\"es\"},{\"@type\":\"Organization\",\"@id\":\"https:\\\/\\\/proyectum.com\\\/sistema\\\/#organization\",\"name\":\"Proyectum\",\"url\":\"https:\\\/\\\/proyectum.com\\\/sistema\\\/\",\"logo\":{\"@type\":\"ImageObject\",\"inLanguage\":\"es\",\"@id\":\"https:\\\/\\\/proyectum.com\\\/sistema\\\/#\\\/schema\\\/logo\\\/image\\\/\",\"url\":\"https:\\\/\\\/www.proyectum.com\\\/sistema\\\/wp-content\\\/uploads\\\/2020\\\/04\\\/proyectum-logo-snippet.png\",\"contentUrl\":\"https:\\\/\\\/www.proyectum.com\\\/sistema\\\/wp-content\\\/uploads\\\/2020\\\/04\\\/proyectum-logo-snippet.png\",\"width\":600,\"height\":315,\"caption\":\"Proyectum\"},\"image\":{\"@id\":\"https:\\\/\\\/proyectum.com\\\/sistema\\\/#\\\/schema\\\/logo\\\/image\\\/\"},\"sameAs\":[\"https:\\\/\\\/www.facebook.com\\\/proyectum\\\/\",\"https:\\\/\\\/www.linkedin.com\\\/company\\\/sistemaproyectum\\\/\",\"https:\\\/\\\/www.youtube.com\\\/channel\\\/UCljouWimyhK_cNcC2jniUgw\"]}]}<\/script>\n<!-- \/ Yoast SEO plugin. -->","yoast_head_json":{"title":"Resultados de tus simulaciones - Proyectum","robots":{"index":"index","follow":"follow","max-snippet":"max-snippet:-1","max-image-preview":"max-image-preview:large","max-video-preview":"max-video-preview:-1"},"canonical":"https:\/\/proyectum.com\/sistema\/resultados-de-tus-simulaciones\/","og_locale":"es_ES","og_type":"article","og_title":"Resultados de tus simulaciones - Proyectum","og_description":"Los resultados de tus simulaciones &nbsp; &nbsp; Cuadro de Honor General &nbsp; &nbsp; Simulador final del PMI 180 preguntas en Espa\u00f1ol &nbsp; &nbsp; Simulador final del PMI 180 preguntas en Ingl\u00e9s","og_url":"https:\/\/proyectum.com\/sistema\/resultados-de-tus-simulaciones\/","og_site_name":"Proyectum","article_publisher":"https:\/\/www.facebook.com\/proyectum\/","article_modified_time":"2022-02-08T22:40:29+00:00","twitter_card":"summary_large_image","schema":{"@context":"https:\/\/schema.org","@graph":[{"@type":"WebPage","@id":"https:\/\/proyectum.com\/sistema\/resultados-de-tus-simulaciones\/","url":"https:\/\/proyectum.com\/sistema\/resultados-de-tus-simulaciones\/","name":"Resultados de tus simulaciones - Proyectum","isPartOf":{"@id":"https:\/\/proyectum.com\/sistema\/#website"},"primaryImageOfPage":{"@id":"https:\/\/proyectum.com\/sistema\/resultados-de-tus-simulaciones\/#primaryimage"},"image":{"@id":"https:\/\/proyectum.com\/sistema\/resultados-de-tus-simulaciones\/#primaryimage"},"thumbnailUrl":"","datePublished":"2020-11-20T03:04:37+00:00","dateModified":"2022-02-08T22:40:29+00:00","breadcrumb":{"@id":"https:\/\/proyectum.com\/sistema\/resultados-de-tus-simulaciones\/#breadcrumb"},"inLanguage":"es","potentialAction":[{"@type":"ReadAction","target":["https:\/\/proyectum.com\/sistema\/resultados-de-tus-simulaciones\/"]}]},{"@type":"ImageObject","inLanguage":"es","@id":"https:\/\/proyectum.com\/sistema\/resultados-de-tus-simulaciones\/#primaryimage","url":"","contentUrl":""},{"@type":"BreadcrumbList","@id":"https:\/\/proyectum.com\/sistema\/resultados-de-tus-simulaciones\/#breadcrumb","itemListElement":[{"@type":"ListItem","position":1,"name":"Home","item":"https:\/\/proyectum.com\/sistema\/"},{"@type":"ListItem","position":2,"name":"Resultados de tus simulaciones"}]},{"@type":"WebSite","@id":"https:\/\/proyectum.com\/sistema\/#website","url":"https:\/\/proyectum.com\/sistema\/","name":"Proyectum","description":"Direcci\u00f3n de Proyectos y M\u00e9todos \u00c1giles","publisher":{"@id":"https:\/\/proyectum.com\/sistema\/#organization"},"potentialAction":[{"@type":"SearchAction","target":{"@type":"EntryPoint","urlTemplate":"https:\/\/proyectum.com\/sistema\/?s={search_term_string}"},"query-input":{"@type":"PropertyValueSpecification","valueRequired":true,"valueName":"search_term_string"}}],"inLanguage":"es"},{"@type":"Organization","@id":"https:\/\/proyectum.com\/sistema\/#organization","name":"Proyectum","url":"https:\/\/proyectum.com\/sistema\/","logo":{"@type":"ImageObject","inLanguage":"es","@id":"https:\/\/proyectum.com\/sistema\/#\/schema\/logo\/image\/","url":"https:\/\/www.proyectum.com\/sistema\/wp-content\/uploads\/2020\/04\/proyectum-logo-snippet.png","contentUrl":"https:\/\/www.proyectum.com\/sistema\/wp-content\/uploads\/2020\/04\/proyectum-logo-snippet.png","width":600,"height":315,"caption":"Proyectum"},"image":{"@id":"https:\/\/proyectum.com\/sistema\/#\/schema\/logo\/image\/"},"sameAs":["https:\/\/www.facebook.com\/proyectum\/","https:\/\/www.linkedin.com\/company\/sistemaproyectum\/","https:\/\/www.youtube.com\/channel\/UCljouWimyhK_cNcC2jniUgw"]}]}},"_links":{"self":[{"href":"https:\/\/proyectum.com\/sistema\/wp-json\/wp\/v2\/pages\/9081","targetHints":{"allow":["GET"]}}],"collection":[{"href":"https:\/\/proyectum.com\/sistema\/wp-json\/wp\/v2\/pages"}],"about":[{"href":"https:\/\/proyectum.com\/sistema\/wp-json\/wp\/v2\/types\/page"}],"author":[{"embeddable":true,"href":"https:\/\/proyectum.com\/sistema\/wp-json\/wp\/v2\/users\/47"}],"replies":[{"embeddable":true,"href":"https:\/\/proyectum.com\/sistema\/wp-json\/wp\/v2\/comments?post=9081"}],"version-history":[{"count":0,"href":"https:\/\/proyectum.com\/sistema\/wp-json\/wp\/v2\/pages\/9081\/revisions"}],"wp:featuredmedia":[{"embeddable":true,"href":"https:\/\/proyectum.com\/sistema\/wp-json\/"}],"wp:attachment":[{"href":"https:\/\/proyectum.com\/sistema\/wp-json\/wp\/v2\/media?parent=9081"}],"curies":[{"name":"wp","href":"https:\/\/api.w.org\/{rel}","templated":true}]}}