{"id":3839,"date":"2015-01-16T20:52:01","date_gmt":"2015-01-16T20:52:01","guid":{"rendered":"http:\/\/tenstep.mundobox.cl\/?page_id=3839"},"modified":"2021-06-15T19:32:20","modified_gmt":"2021-06-16T01:32:20","slug":"taller-de-preparacion-a-la-certificacion-pmp","status":"publish","type":"page","link":"https:\/\/proyectum.com\/sv\/capacitacion\/taller-de-preparacion-a-la-certificacion-pmp\/","title":{"rendered":"Taller de preparaci\u00f3n para la certificaci\u00f3n PMP\u00ae"},"content":{"rendered":"<div class=\"wpb-content-wrapper\"><p>[vc_row full_width=\u00bbstretch_row_content\u00bb css=\u00bb.vc_custom_1581021238025{padding-top: 58px !important;padding-bottom: 58px !important;background-image: url(https:\/\/proyectum.com\/sv\/wp-content\/uploads\/2018\/09\/curso-tipo.png?id=6990) !important;background-position: center !important;background-repeat: no-repeat !important;background-size: cover !important;}\u00bb][vc_column width=\u00bb1\/2&#8243;][vc_custom_heading text=\u00bbTaller de preparaci\u00f3n para la certificaci\u00f3n PMP\u00ae\u00bb font_container=\u00bbtag:h1|font_size:40|text_align:center|color:%23ffffff\u00bb use_theme_fonts=\u00bbyes\u00bb css=\u00bb.vc_custom_1623806546622{margin-bottom: 0px !important;padding-top: 25px !important;padding-left: 150px !important;}\u00bb][\/vc_column][vc_column width=\u00bb1\/2&#8243;][vc_single_image image=\u00bb9634&#8243; img_size=\u00bb200&#215;170&#8243; css=\u00bb.vc_custom_1602877018696{padding-left: 250px !important;}\u00bb][\/vc_column][\/vc_row][vc_row][vc_column width=\u00bb2\/3&#8243;][vc_column_text]<span style=\"color: #000000;\">La certificaci\u00f3n <strong><em>\u00abProject Management Professional\u00bb (PMP\u00ae)<\/em><\/strong>, es la segunda de las ocho certificaciones de la asociaci\u00f3n de administradores de proyectos m\u00e1s grande del mundo, el \u00abProject Management Institute\u00bb (PMI\u00ae), y es la credencial m\u00e1s importante de la industria en direcci\u00f3n de proyectos de todo el mundo.\u00a0 Esta demuestra que el profesional certificado tiene la experiencia, la educaci\u00f3n y las competencias necesarias para liderar y dirigir proyectos, tanto a nivel social, civil, en ingenier\u00eda, computaci\u00f3n, o cualquier otra rama en que se requiera desarrollar proyectos exitosamente.<\/span><\/p>\n<p><span style=\"color: #000000;\">En Proyectum estamos comprometidos contigo para que obtengas la Certificaci\u00f3n PMP\u00ae. Por lo que hemos preparado este taller de preparaci\u00f3n para el\u00a0 examen de Certificaci\u00f3n PMP\u00ae con: sesiones te\u00f3rico\/pr\u00e1cticas.<\/span><\/p>\n<ul>\n<li><span style=\"color: #000000;\">El taller tiene una duraci\u00f3n de 21 sesiones virtuales en vivo:<\/span><\/li>\n<li style=\"list-style-type: none;\">\n<ul>\n<li><span style=\"color: #000000;\">1 sesi\u00f3n introductoria para presentar los contenidos, herramientas y atender dudas.<\/span><\/li>\n<li><span style=\"color: #000000;\">18 sesiones de capacitaci\u00f3n donde se aborda teor\u00eda, pr\u00e1ctica y an\u00e1lisis de preguntas.<\/span><\/li>\n<li><span style=\"color: #000000;\">1 sesi\u00f3n de examen de simulaci\u00f3n oficial del PMI\u00ae de 180 preguntas.<\/span><\/li>\n<li><span style=\"color: #000000;\">1 sesi\u00f3n final para analizar las preguntas m\u00e1s dif\u00edciles en el simulador.<\/span><\/li>\n<\/ul>\n<\/li>\n<li><span style=\"color: #000000;\">Modalidad online con instructor en vivo certificado por el PMI.<\/span><\/li>\n<li><span style=\"color: #000000;\">Otorga las horas de contacto requerido por el PMI.<\/span><\/li>\n<li><span style=\"color: #000000;\">Material del estudiante oficial del PMI utilizado en el curso (en idioma ingl\u00e9s o espa\u00f1ol).<\/span><\/li>\n<li><span style=\"color: #000000;\">Compromiso Proyectum, en caso de que el participante no apruebe el examen, podr\u00e1 repetir el Taller de Preparaci\u00f3n para el Examen PMP\u00ae sin costo,\u00a0conoce los requisitos.<\/span><\/li>\n<li><span style=\"color: #000000;\">6 meses de acceso al simulador.<\/span><\/li>\n<li><span style=\"color: #000000;\"><strong>Precio del taller: <\/strong>$990 (+13% <span style=\"font-size: 12px;\">IVA<\/span>)<\/span><\/li>\n<\/ul>\n<p>[\/vc_column_text][vc_tta_tabs][vc_tta_section title=\u00bbPerfil\u00bb tab_id=\u00bb1581183119743-1381735f-6e30&#8243;][vc_column_text]<span style=\"color: #000000;\"><strong>En este taller podr\u00e1n participar:\u00a0<\/strong><\/span><\/p>\n<ul>\n<li><span style=\"color: #000000;\">Directores de proyectos y miembros de equipos de proyectos.<\/span><\/li>\n<li><span style=\"color: #000000;\">Personal que dirija o participe en proyectos.<\/span><\/li>\n<li><span style=\"color: #000000;\">Directivos a cargo del seguimiento de los proyectos de la organizaci\u00f3n.<\/span><\/li>\n<li><span style=\"color: #000000;\">Todos los profesionales en carreras de Ingenier\u00eda, Construcci\u00f3n, Computaci\u00f3n y cualquier otra profesi\u00f3n que deseen realizar proyectos, tanto personales como empresariales de manera exitosa.<\/span><\/li>\n<li><span style=\"color: #000000;\">Profesionales que deseen complementar sus carreras con excelentes conocimientos en direcci\u00f3n de proyectos y que quieran tener un certificado reconocido en todo el mundo, como lo es el PMP\u00ae.<\/span><\/li>\n<\/ul>\n<p>[\/vc_column_text][\/vc_tta_section][vc_tta_section title=\u00bbIncluye\u00bb tab_id=\u00bb1581183119744-087167bc-e1ba\u00bb][vc_column_text]<span style=\"color: #000000;\"><strong>Al matricular este taller usted contar\u00e1 con:<\/strong><\/span><\/p>\n<ul>\n<li><strong>21 SESIONES impartidas por instructores certificados como PMP\u00ae<\/strong>, y acreditados por el Project Management Institute PMI para impartir este taller, con m\u00e1s de 15 a\u00f1os de experiencia en la preparaci\u00f3n de profesionales para la obtenci\u00f3n de su certificaci\u00f3n.<\/li>\n<li>Sesiones guiadas por personal especializado para el registro de la experiencia en la plataforma del PMI<sup>\u00ae<\/sup>\u00a0y para agendar el examen de certificaci\u00f3n PMP<sup>\u00ae<\/sup>.<\/li>\n<li>Material del estudiante oficial del PMI utilizado en el curso (en idioma ingl\u00e9s o espa\u00f1ol).<\/li>\n<li>Simuladores: A lo largo del taller se analizar\u00e1n preguntas simuladas que ayudan al participante a desarrollar un pensamiento anal\u00edtico para la resoluci\u00f3n de preguntas desde el enfoque del PMI\u00ae. Al finalizar el taller los participantes realizan el simulador oficial del PMI\u00ae de 180 preguntas.<\/li>\n<li>Simulador Final: Luego del curso, el estudiante realizar\u00e1 un examen de simulaci\u00f3n oficial del PMI\u00ae de 180 preguntas y se le entregar\u00e1 el resultado.<\/li>\n<li>Acceso a los simuladores durante 6 meses, el cual incluye distintos sets de preguntas<\/li>\n<li>Capacitaci\u00f3n v\u00e1lida ante el PMI\u00ae para optar por la certificaci\u00f3n PMP\u00ae.<\/li>\n<li>Al finalizar el taller se otorga un diploma de participaci\u00f3n \/ aprovechamiento en el que se avalan las horas de capacitaci\u00f3n formal, lo que cumple con el requisito m\u00ednimo de 35 horas de capacitaci\u00f3n en Direcci\u00f3n de Proyectos, exigido por el PMI.<\/li>\n<li>Acceso al curso online Scrum Fundamentals Certified y examen de certificaci\u00f3n.<\/li>\n<li><strong>Compromiso Proyectum<\/strong>. En caso de no aprobar el examen el participante podr\u00e1 repetir el\u00a0<strong>Taller de Preparaci\u00f3n para la Certificaci\u00f3n PMP\u00ae<\/strong>\u00a0hasta 2 veces sin costo adicional.<\/li>\n<\/ul>\n<p>[\/vc_column_text][\/vc_tta_section][vc_tta_section title=\u00bbContenido\u00bb tab_id=\u00bb1585604006934-a05e0c87-c0a6&#8243;][vc_column_text]<strong>En este taller usted aprender\u00e1 sobre:<\/strong><\/p>\n<ul>\n<li><strong>Creando un Equipo de Alto desempe\u00f1o.<\/strong><br \/>\nAprenda a definir reglas b\u00e1sicas del equipo, construya un entendimiento com\u00fan, lidere equipos virtuales y m\u00e1s.<\/li>\n<li><strong>Manteniendo a su equipo enfocado.<\/strong><br \/>\nAprende a colaborar con interesados, liderar el equipo, gestionar el conflicto y m\u00e1s.<\/li>\n<li><strong>Iniciando su Proyecto<\/strong><br \/>\nAprende a involucrar a los interesados, planificar y gestionar el alcance, evaluar y gestionar el riesgo y m\u00e1s.<\/li>\n<li><strong>Haciendo el Trabajo.<\/strong><br \/>\nAprenda a gestionar los cambios, identificar m\u00e9todos y pr\u00e1cticas, establecer el Gobierno del proyecto y m\u00e1s.<\/li>\n<li><strong>Manteniendo el Negocio en Mente.<\/strong><br \/>\nAprende a evaluar cambios en el entorno y el negocio, potenciar el cambio organizacional, mejore los procesos y m\u00e1s.<\/li>\n<\/ul>\n<p>[\/vc_column_text][\/vc_tta_section][vc_tta_section title=\u00bbObjetivos\u00bb tab_id=\u00bb1581183318380-3f3cb858-ec1b\u00bb][vc_column_text]<span style=\"color: #000000;\"><strong>Al finalizar este taller usted ser\u00e1 capaz de:<\/strong><\/span><\/p>\n<ul>\n<li>Contar con los conocimientos y los recursos necesarios para realizar el examen de Certificaci\u00f3n PMP\u00ae del PMI\u00ae.<\/li>\n<li>Conocer, comprender y dominar las mejores pr\u00e1cticas de Direcci\u00f3n de Proyectos del Project Management Institute PMI\u00ae.<\/li>\n<li>Aplicar estos conocimientos en su trabajo diario en Direcci\u00f3n de Proyectos.<\/li>\n<li>Influenciar a sus organizaciones para que estas pr\u00e1cticas mejoren la direcci\u00f3n de sus proyectos y as\u00ed, los resultados estrat\u00e9gicos de la empresa.<\/li>\n<li>Reconocer los distintos enfoques de entrega: predictivo, \u00e1gil o h\u00edbrido.<\/li>\n<\/ul>\n<p>[\/vc_column_text][\/vc_tta_section][vc_tta_section title=\u00bbPrerrequisitos\u00bb tab_id=\u00bb1623806681469-54be95aa-82ba\u00bb][vc_column_text]<\/p>\n<ul>\n<li><strong>Es necesario adquirir el PMBOK\u00ae y la Gu\u00eda \u00c1gil, pues se ocupar\u00e1n a lo largo de todo el taller.<\/strong><\/li>\n<li>Enfatizamos la necesidad de ser miembro activo del PMI. Siendo miembro, el examen tiene un costo menor; tienes acceso al PMBOK\u00ae y la Gu\u00eda \u00c1gil en versi\u00f3n digital, seminarios en l\u00ednea y mucho m\u00e1s material.<\/li>\n<li>Se recomienda que las personas que tomen este taller tengan programado postular para la certificaci\u00f3n en un periodo no mayor a 30 d\u00edas.<\/li>\n<li>Contar con t\u00edtulo universitario y tres a\u00f1os de experiencia dirigiendo proyectos.<\/li>\n<li>Cumplir con los requisitos de educaci\u00f3n y experiencia en Direcci\u00f3n de Proyectos establecidos por el PMI\u00ae y estar de acuerdo con regirse por su c\u00f3digo de \u00e9tica y conducta profesional.<\/li>\n<\/ul>\n<p>[\/vc_column_text][\/vc_tta_section][vc_tta_section title=\u00bbCompromiso\u00bb tab_id=\u00bb1623807006604-73990784-3f70&#8243;][vc_column_text]<strong>En Proyectum nos comprometemos contigo y tu proceso de certificaci\u00f3n<\/strong>, por lo que, en caso de no aprobar el examen del PMI el participante podr\u00e1 repetir nuestro Taller de Preparaci\u00f3n PMP\u00ae hasta 2 veces sin costo adicional, siempre y cuando cumpla con todos los requisitos, sin excepci\u00f3n alguna, que se presentan a continuaci\u00f3n:<\/p>\n<ul>\n<li>Debe haber cumplido con los requisitos definidos por el PMI para ser candidato para tomar el examen de certificaci\u00f3n\u00a0<strong>PMP\u00ae<\/strong>.<\/li>\n<li>Debe haber hecho el examen ante el PMI m\u00e1ximo 60 d\u00edas despu\u00e9s de finalizar el taller.<\/li>\n<li>Debe haber asistido a todas las sesiones del taller, cumpliendo el horario definido.<\/li>\n<li>Debe haber realizado todas las pr\u00e1cticas y actividades en las sesiones del taller.<\/li>\n<li>Debe aprobar el examen de simulaci\u00f3n oficial del PMI\u00ae de 180 preguntas, con una nota m\u00ednima de 85% antes del examen de certificaci\u00f3n.<\/li>\n<li>Debe volver a realizar el intento en el periodo de seis meses despu\u00e9s de realizar la elegibilidad.<\/li>\n<\/ul>\n<p>Si el participante no aprueba el examen en una segunda ocasi\u00f3n, se mantienen las mismas condiciones antes expuestas para hacer valido el compromiso Proyectum.[\/vc_column_text][\/vc_tta_section][\/vc_tta_tabs][\/vc_column][vc_column width=\u00bb1\/3&#8243;][vc_single_image image=\u00bb8779&#8243; img_size=\u00bbmedium\u00bb alignment=\u00bbcenter\u00bb]<div class=\"porto-u-heading  wpb_custom_95aa9a11c17ad45cfabaf210d84ee7cc porto-u-2188\"><div class=\"porto-u-main-heading\"><h2  >CAPACITACI\u00d3N<\/h2><\/div><style>.porto-u-2188.porto-u-heading{text-align:center}<\/style><\/div>[\/vc_column][\/vc_row][vc_row full_width=\u00bbstretch_row_content_no_spaces\u00bb equal_height=\u00bbyes\u00bb][vc_column el_class=\u00bbbackground-color-primary\u00bb css=\u00bb.vc_custom_1528971916644{padding-top: 60px !important;padding-bottom: 55px !important;padding-left: 15px !important;}\u00bb]<div class=\"porto-container container\">[vc_custom_heading text=\u00bb\u00bfQuieres m\u00e1s informaci\u00f3n sobre el Taller de Preparaci\u00f3n para la certificaci\u00f3n PMP\u00ae?\u00bb font_container=\u00bbtag:h2|text_align:left|color:%23ffffff\u00bb use_theme_fonts=\u00bbyes\u00bb text_transform=\u00bbtext-uppercase\u00bb css=\u00bb.vc_custom_1623806770416{margin-bottom: 0px !important;}\u00bb][vc_column_text el_class=\u00bbtext-color-dark m-b-md\u00bb]<span style=\"font-size: 16px; color: #c6d4ee;\">D\u00e9janos tus datos para que te llamemos<\/span>[\/vc_column_text][vc_raw_html]JTNDaWZyYW1lJTIwc3R5bGUlM0QlMjJib3JkZXIlM0ElMjAwcHglMjFpbXBvcnRhbnQlM0IlMjIlMjBzcmMlM0QlMjJodHRwcyUzQSUyRiUyRnd3dy5wcm95ZWN0dW0uY29tJTJGc2lzdGVtYSUyRmZvcm11bGFyaW8tamV0cGFjay1wbXAlMkYlMjIlMjB3aWR0aCUzRCUyMjEwMDBweCUyMiUyMGhlaWdodCUzRCUyMjcwMHB4JTIyJTNFJTNDJTJGaWZyYW1lJTNF[\/vc_raw_html]<\/div>[\/vc_column][\/vc_row][vc_row][vc_column][vc_column_text][\/vc_column_text][\/vc_column][\/vc_row]<\/p>\n<\/div>","protected":false},"excerpt":{"rendered":"<p>[vc_row full_width=\u00bbstretch_row_content\u00bb css=\u00bb.vc_custom_1581021238025{padding-top: 58px !important;padding-bottom: 58px !important;background-image: url(https:\/\/proyectum.com\/sv\/wp-content\/uploads\/2018\/09\/curso-tipo.png?id=6990) !important;background-position: center !important;background-repeat: no-repeat !important;background-size: cover !important;}\u00bb][vc_column width=\u00bb1\/2&#8243;][vc_custom_heading text=\u00bbTaller de preparaci\u00f3n para la certificaci\u00f3n PMP\u00ae\u00bb font_container=\u00bbtag:h1|font_size:40|text_align:center|color:%23ffffff\u00bb use_theme_fonts=\u00bbyes\u00bb css=\u00bb.vc_custom_1623806546622{margin-bottom: 0px !important;padding-top: 25px !important;padding-left: 150px !important;}\u00bb][\/vc_column][vc_column width=\u00bb1\/2&#8243;][vc_single_image image=\u00bb9634&#8243; img_size=\u00bb200&#215;170&#8243; css=\u00bb.vc_custom_1602877018696{padding-left: 250px !important;}\u00bb][\/vc_column][\/vc_row][vc_row][vc_column width=\u00bb2\/3&#8243;][vc_column_text]La certificaci\u00f3n \u00abProject Management Professional\u00bb (PMP\u00ae), es la segunda de las ocho certificaciones de la asociaci\u00f3n de [&hellip;]<\/p>\n","protected":false},"author":2,"featured_media":0,"parent":7466,"menu_order":1,"comment_status":"closed","ping_status":"closed","template":"","meta":{"_acf_changed":false,"_joinchat":[],"footnotes":""},"acf":[],"yoast_head":"<!-- This site is optimized with the Yoast SEO plugin v24.5 - https:\/\/yoast.com\/wordpress\/plugins\/seo\/ -->\n<title>Taller de preparaci\u00f3n para la certificaci\u00f3n PMP\u00ae - Proyectum El Salvador<\/title>\n<meta name=\"robots\" content=\"index, follow, max-snippet:-1, max-image-preview:large, max-video-preview:-1\" \/>\n<link rel=\"canonical\" href=\"https:\/\/proyectum.com\/sv\/capacitacion\/taller-de-preparacion-a-la-certificacion-pmp\/\" \/>\n<meta property=\"og:locale\" content=\"es_ES\" \/>\n<meta property=\"og:type\" content=\"article\" \/>\n<meta property=\"og:title\" content=\"Taller de preparaci\u00f3n para la certificaci\u00f3n PMP\u00ae - Proyectum El Salvador\" \/>\n<meta property=\"og:description\" content=\"[vc_row full_width=\u00bbstretch_row_content\u00bb css=\u00bb.vc_custom_1581021238025{padding-top: 58px !important;padding-bottom: 58px !important;background-image: url(https:\/\/proyectum.com\/sv\/wp-content\/uploads\/2018\/09\/curso-tipo.png?id=6990) !important;background-position: center !important;background-repeat: no-repeat !important;background-size: cover !important;}\u00bb][vc_column width=\u00bb1\/2&#8243;][vc_custom_heading text=\u00bbTaller de preparaci\u00f3n para la certificaci\u00f3n PMP\u00ae\u00bb font_container=\u00bbtag:h1|font_size:40|text_align:center|color:%23ffffff\u00bb use_theme_fonts=\u00bbyes\u00bb css=\u00bb.vc_custom_1623806546622{margin-bottom: 0px !important;padding-top: 25px !important;padding-left: 150px !important;}\u00bb][\/vc_column][vc_column width=\u00bb1\/2&#8243;][vc_single_image image=\u00bb9634&#8243; img_size=\u00bb200&#215;170&#8243; css=\u00bb.vc_custom_1602877018696{padding-left: 250px !important;}\u00bb][\/vc_column][\/vc_row][vc_row][vc_column width=\u00bb2\/3&#8243;][vc_column_text]La certificaci\u00f3n \u00abProject Management Professional\u00bb (PMP\u00ae), es la segunda de las ocho certificaciones de la asociaci\u00f3n de [&hellip;]\" \/>\n<meta property=\"og:url\" content=\"https:\/\/proyectum.com\/sv\/capacitacion\/taller-de-preparacion-a-la-certificacion-pmp\/\" \/>\n<meta property=\"og:site_name\" content=\"Proyectum El Salvador\" \/>\n<meta property=\"article:publisher\" content=\"https:\/\/www.facebook.com\/proyectumcr\/\" \/>\n<meta property=\"article:modified_time\" content=\"2021-06-16T01:32:20+00:00\" \/>\n<meta name=\"twitter:card\" content=\"summary_large_image\" \/>\n<meta name=\"twitter:label1\" content=\"Tiempo de lectura\" \/>\n\t<meta name=\"twitter:data1\" content=\"6 minutos\" \/>\n<script type=\"application\/ld+json\" class=\"yoast-schema-graph\">{\"@context\":\"https:\/\/schema.org\",\"@graph\":[{\"@type\":\"WebPage\",\"@id\":\"https:\/\/proyectum.com\/sv\/capacitacion\/taller-de-preparacion-a-la-certificacion-pmp\/\",\"url\":\"https:\/\/proyectum.com\/sv\/capacitacion\/taller-de-preparacion-a-la-certificacion-pmp\/\",\"name\":\"Taller de preparaci\u00f3n para la certificaci\u00f3n PMP\u00ae - Proyectum El Salvador\",\"isPartOf\":{\"@id\":\"https:\/\/proyectum.com\/sv\/#website\"},\"datePublished\":\"2015-01-16T20:52:01+00:00\",\"dateModified\":\"2021-06-16T01:32:20+00:00\",\"breadcrumb\":{\"@id\":\"https:\/\/proyectum.com\/sv\/capacitacion\/taller-de-preparacion-a-la-certificacion-pmp\/#breadcrumb\"},\"inLanguage\":\"es\",\"potentialAction\":[{\"@type\":\"ReadAction\",\"target\":[\"https:\/\/proyectum.com\/sv\/capacitacion\/taller-de-preparacion-a-la-certificacion-pmp\/\"]}]},{\"@type\":\"BreadcrumbList\",\"@id\":\"https:\/\/proyectum.com\/sv\/capacitacion\/taller-de-preparacion-a-la-certificacion-pmp\/#breadcrumb\",\"itemListElement\":[{\"@type\":\"ListItem\",\"position\":1,\"name\":\"Home\",\"item\":\"https:\/\/proyectum.com\/sv\/\"},{\"@type\":\"ListItem\",\"position\":2,\"name\":\"Capacitaciones\",\"item\":\"https:\/\/proyectum.com\/sv\/capacitacion\/\"},{\"@type\":\"ListItem\",\"position\":3,\"name\":\"Taller de preparaci\u00f3n para la certificaci\u00f3n PMP\u00ae\"}]},{\"@type\":\"WebSite\",\"@id\":\"https:\/\/proyectum.com\/sv\/#website\",\"url\":\"https:\/\/proyectum.com\/sv\/\",\"name\":\"Proyectum Costa Rica\",\"description\":\"La Agilidad Empresarial es una obligaci\u00f3n\",\"publisher\":{\"@id\":\"https:\/\/proyectum.com\/sv\/#organization\"},\"potentialAction\":[{\"@type\":\"SearchAction\",\"target\":{\"@type\":\"EntryPoint\",\"urlTemplate\":\"https:\/\/proyectum.com\/sv\/?s={search_term_string}\"},\"query-input\":{\"@type\":\"PropertyValueSpecification\",\"valueRequired\":true,\"valueName\":\"search_term_string\"}}],\"inLanguage\":\"es\"},{\"@type\":\"Organization\",\"@id\":\"https:\/\/proyectum.com\/sv\/#organization\",\"name\":\"Proyectum Costa Rica\",\"url\":\"https:\/\/proyectum.com\/sv\/\",\"logo\":{\"@type\":\"ImageObject\",\"inLanguage\":\"es\",\"@id\":\"https:\/\/proyectum.com\/sv\/#\/schema\/logo\/image\/\",\"url\":\"https:\/\/i1.wp.com\/proyectum.com\/sv\/wp-content\/uploads\/proyectum-logo-snippet.png?fit=600%2C315&ssl=1\",\"contentUrl\":\"https:\/\/i1.wp.com\/proyectum.com\/sv\/wp-content\/uploads\/proyectum-logo-snippet.png?fit=600%2C315&ssl=1\",\"width\":600,\"height\":315,\"caption\":\"Proyectum Costa Rica\"},\"image\":{\"@id\":\"https:\/\/proyectum.com\/sv\/#\/schema\/logo\/image\/\"},\"sameAs\":[\"https:\/\/www.facebook.com\/proyectumcr\/\",\"https:\/\/www.instagram.com\/proyectumcostarica\/\",\"https:\/\/www.linkedin.com\/company\/proyectum-costarica\/\",\"https:\/\/www.youtube.com\/channel\/UCljouWimyhK_cNcC2jniUgw\"]}]}<\/script>\n<!-- \/ Yoast SEO plugin. -->","yoast_head_json":{"title":"Taller de preparaci\u00f3n para la certificaci\u00f3n PMP\u00ae - Proyectum El Salvador","robots":{"index":"index","follow":"follow","max-snippet":"max-snippet:-1","max-image-preview":"max-image-preview:large","max-video-preview":"max-video-preview:-1"},"canonical":"https:\/\/proyectum.com\/sv\/capacitacion\/taller-de-preparacion-a-la-certificacion-pmp\/","og_locale":"es_ES","og_type":"article","og_title":"Taller de preparaci\u00f3n para la certificaci\u00f3n PMP\u00ae - Proyectum El Salvador","og_description":"[vc_row full_width=\u00bbstretch_row_content\u00bb css=\u00bb.vc_custom_1581021238025{padding-top: 58px !important;padding-bottom: 58px !important;background-image: url(https:\/\/proyectum.com\/sv\/wp-content\/uploads\/2018\/09\/curso-tipo.png?id=6990) !important;background-position: center !important;background-repeat: no-repeat !important;background-size: cover !important;}\u00bb][vc_column width=\u00bb1\/2&#8243;][vc_custom_heading text=\u00bbTaller de preparaci\u00f3n para la certificaci\u00f3n PMP\u00ae\u00bb font_container=\u00bbtag:h1|font_size:40|text_align:center|color:%23ffffff\u00bb use_theme_fonts=\u00bbyes\u00bb css=\u00bb.vc_custom_1623806546622{margin-bottom: 0px !important;padding-top: 25px !important;padding-left: 150px !important;}\u00bb][\/vc_column][vc_column width=\u00bb1\/2&#8243;][vc_single_image image=\u00bb9634&#8243; img_size=\u00bb200&#215;170&#8243; css=\u00bb.vc_custom_1602877018696{padding-left: 250px !important;}\u00bb][\/vc_column][\/vc_row][vc_row][vc_column width=\u00bb2\/3&#8243;][vc_column_text]La certificaci\u00f3n \u00abProject Management Professional\u00bb (PMP\u00ae), es la segunda de las ocho certificaciones de la asociaci\u00f3n de [&hellip;]","og_url":"https:\/\/proyectum.com\/sv\/capacitacion\/taller-de-preparacion-a-la-certificacion-pmp\/","og_site_name":"Proyectum El Salvador","article_publisher":"https:\/\/www.facebook.com\/proyectumcr\/","article_modified_time":"2021-06-16T01:32:20+00:00","twitter_card":"summary_large_image","twitter_misc":{"Tiempo de lectura":"6 minutos"},"schema":{"@context":"https:\/\/schema.org","@graph":[{"@type":"WebPage","@id":"https:\/\/proyectum.com\/sv\/capacitacion\/taller-de-preparacion-a-la-certificacion-pmp\/","url":"https:\/\/proyectum.com\/sv\/capacitacion\/taller-de-preparacion-a-la-certificacion-pmp\/","name":"Taller de preparaci\u00f3n para la certificaci\u00f3n PMP\u00ae - Proyectum El Salvador","isPartOf":{"@id":"https:\/\/proyectum.com\/sv\/#website"},"datePublished":"2015-01-16T20:52:01+00:00","dateModified":"2021-06-16T01:32:20+00:00","breadcrumb":{"@id":"https:\/\/proyectum.com\/sv\/capacitacion\/taller-de-preparacion-a-la-certificacion-pmp\/#breadcrumb"},"inLanguage":"es","potentialAction":[{"@type":"ReadAction","target":["https:\/\/proyectum.com\/sv\/capacitacion\/taller-de-preparacion-a-la-certificacion-pmp\/"]}]},{"@type":"BreadcrumbList","@id":"https:\/\/proyectum.com\/sv\/capacitacion\/taller-de-preparacion-a-la-certificacion-pmp\/#breadcrumb","itemListElement":[{"@type":"ListItem","position":1,"name":"Home","item":"https:\/\/proyectum.com\/sv\/"},{"@type":"ListItem","position":2,"name":"Capacitaciones","item":"https:\/\/proyectum.com\/sv\/capacitacion\/"},{"@type":"ListItem","position":3,"name":"Taller de preparaci\u00f3n para la certificaci\u00f3n PMP\u00ae"}]},{"@type":"WebSite","@id":"https:\/\/proyectum.com\/sv\/#website","url":"https:\/\/proyectum.com\/sv\/","name":"Proyectum Costa Rica","description":"La Agilidad Empresarial es una obligaci\u00f3n","publisher":{"@id":"https:\/\/proyectum.com\/sv\/#organization"},"potentialAction":[{"@type":"SearchAction","target":{"@type":"EntryPoint","urlTemplate":"https:\/\/proyectum.com\/sv\/?s={search_term_string}"},"query-input":{"@type":"PropertyValueSpecification","valueRequired":true,"valueName":"search_term_string"}}],"inLanguage":"es"},{"@type":"Organization","@id":"https:\/\/proyectum.com\/sv\/#organization","name":"Proyectum Costa Rica","url":"https:\/\/proyectum.com\/sv\/","logo":{"@type":"ImageObject","inLanguage":"es","@id":"https:\/\/proyectum.com\/sv\/#\/schema\/logo\/image\/","url":"https:\/\/i1.wp.com\/proyectum.com\/sv\/wp-content\/uploads\/proyectum-logo-snippet.png?fit=600%2C315&ssl=1","contentUrl":"https:\/\/i1.wp.com\/proyectum.com\/sv\/wp-content\/uploads\/proyectum-logo-snippet.png?fit=600%2C315&ssl=1","width":600,"height":315,"caption":"Proyectum Costa Rica"},"image":{"@id":"https:\/\/proyectum.com\/sv\/#\/schema\/logo\/image\/"},"sameAs":["https:\/\/www.facebook.com\/proyectumcr\/","https:\/\/www.instagram.com\/proyectumcostarica\/","https:\/\/www.linkedin.com\/company\/proyectum-costarica\/","https:\/\/www.youtube.com\/channel\/UCljouWimyhK_cNcC2jniUgw"]}]}},"jetpack_sharing_enabled":true,"_links":{"self":[{"href":"https:\/\/proyectum.com\/sv\/wp-json\/wp\/v2\/pages\/3839"}],"collection":[{"href":"https:\/\/proyectum.com\/sv\/wp-json\/wp\/v2\/pages"}],"about":[{"href":"https:\/\/proyectum.com\/sv\/wp-json\/wp\/v2\/types\/page"}],"author":[{"embeddable":true,"href":"https:\/\/proyectum.com\/sv\/wp-json\/wp\/v2\/users\/2"}],"replies":[{"embeddable":true,"href":"https:\/\/proyectum.com\/sv\/wp-json\/wp\/v2\/comments?post=3839"}],"version-history":[{"count":191,"href":"https:\/\/proyectum.com\/sv\/wp-json\/wp\/v2\/pages\/3839\/revisions"}],"predecessor-version":[{"id":10624,"href":"https:\/\/proyectum.com\/sv\/wp-json\/wp\/v2\/pages\/3839\/revisions\/10624"}],"up":[{"embeddable":true,"href":"https:\/\/proyectum.com\/sv\/wp-json\/wp\/v2\/pages\/7466"}],"wp:attachment":[{"href":"https:\/\/proyectum.com\/sv\/wp-json\/wp\/v2\/media?parent=3839"}],"curies":[{"name":"wp","href":"https:\/\/api.w.org\/{rel}","templated":true}]}}