{"id":3994,"date":"2015-04-07T19:45:47","date_gmt":"2015-04-07T19:45:47","guid":{"rendered":"http:\/\/tenstep.mundobox.cl\/?page_id=3994"},"modified":"2018-09-12T15:07:18","modified_gmt":"2018-09-12T18:07:18","slug":"pmostep-definicion-e-implementacion-de-una-pmo","status":"publish","type":"page","link":"https:\/\/proyectum.com\/sv\/productos\/pmostep-definicion-e-implementacion-de-una-pmo\/","title":{"rendered":"PMOStep: Definici\u00f3n e implementaci\u00f3n de una PMO"},"content":{"rendered":"<p>La habilidad de ejecutar mejor, m\u00e1s r\u00e1pido y m\u00e1s barato sus proyectos generalmente est\u00e1 asociada a la capacidad de poder implementar procesos y pr\u00e1cticas de trabajo comunes a lo largo de toda la organizaci\u00f3n. Sin embargo, lograr que su organizaci\u00f3n aplique procesos y pr\u00e1cticas de trabajo comunes puede ser un verdadero desaf\u00edo.<\/p>\n<p>Muchas organizaciones buscan alcanzar esta meta a trav\u00e9s de la creaci\u00f3n de una Oficina de Proyecto o Project Management Office (PMO por sus siglas en ingles), organizaci\u00f3n interna responsable de brindar soporte y asistencia a las funciones de direcci\u00f3n de proyectos. Una oficina de proyectos puede agregar valor significativo a sus proyectos y a su organizaci\u00f3n.<\/p>\n<p>PMOStep es nuestro marco de referencia para dise\u00f1o, despliegue y operaci\u00f3n de una PMO, que a trav\u00e9s de un modelo de procesos predefinido lo ayudar\u00e1 durante toda la etapa de implementaci\u00f3n.<\/p>\n<p>Tenemos una metodolog\u00eda con probados resultados y la experiencia para ayudarlo a crear e implementar el plan de despliegue de una PMO de acuerdo a sus necesidades.<\/p>\n<p><strong>PMO Step le permitir\u00e1:<\/strong><\/p>\n<ul>\n<li>Identificar el modelo de PMO adecuado para su organizaci\u00f3n.<\/li>\n<li>Establecer los productos y servicios que deber\u00e1 administrar su PMO.<\/li>\n<li>Evaluar la situaci\u00f3n actual.<\/li>\n<li>Proyectar la situaci\u00f3n deseada.<\/li>\n<li>Establecer la estrategia detallada de despliegue para implementar la PMO.<\/li>\n<li>Poner en marcha la PMO y sus procesos.<\/li>\n<\/ul>\n","protected":false},"excerpt":{"rendered":"<p>La habilidad de ejecutar mejor, m\u00e1s r\u00e1pido y m\u00e1s barato sus proyectos generalmente est\u00e1 asociada a la capacidad de poder implementar procesos y pr\u00e1cticas de trabajo comunes a lo largo de toda la organizaci\u00f3n. Sin embargo, lograr que su organizaci\u00f3n aplique procesos y pr\u00e1cticas de trabajo comunes puede ser un verdadero desaf\u00edo. Muchas organizaciones buscan [&hellip;]<\/p>\n","protected":false},"author":10,"featured_media":0,"parent":3984,"menu_order":4,"comment_status":"open","ping_status":"closed","template":"","meta":{"_acf_changed":false,"_joinchat":[],"footnotes":""},"acf":[],"yoast_head":"<!-- This site is optimized with the Yoast SEO plugin v24.5 - https:\/\/yoast.com\/wordpress\/plugins\/seo\/ -->\n<title>PMOStep: Definici\u00f3n e implementaci\u00f3n de una PMO - Proyectum El Salvador<\/title>\n<meta name=\"robots\" content=\"index, follow, max-snippet:-1, max-image-preview:large, max-video-preview:-1\" \/>\n<link rel=\"canonical\" href=\"https:\/\/proyectum.com\/sv\/productos\/pmostep-definicion-e-implementacion-de-una-pmo\/\" \/>\n<meta property=\"og:locale\" content=\"es_ES\" \/>\n<meta property=\"og:type\" content=\"article\" \/>\n<meta property=\"og:title\" content=\"PMOStep: Definici\u00f3n e implementaci\u00f3n de una PMO - Proyectum El Salvador\" \/>\n<meta property=\"og:description\" content=\"La habilidad de ejecutar mejor, m\u00e1s r\u00e1pido y m\u00e1s barato sus proyectos generalmente est\u00e1 asociada a la capacidad de poder implementar procesos y pr\u00e1cticas de trabajo comunes a lo largo de toda la organizaci\u00f3n. Sin embargo, lograr que su organizaci\u00f3n aplique procesos y pr\u00e1cticas de trabajo comunes puede ser un verdadero desaf\u00edo. Muchas organizaciones buscan [&hellip;]\" \/>\n<meta property=\"og:url\" content=\"https:\/\/proyectum.com\/sv\/productos\/pmostep-definicion-e-implementacion-de-una-pmo\/\" \/>\n<meta property=\"og:site_name\" content=\"Proyectum El Salvador\" \/>\n<meta property=\"article:publisher\" content=\"https:\/\/www.facebook.com\/proyectumcr\/\" \/>\n<meta property=\"article:modified_time\" content=\"2018-09-12T18:07:18+00:00\" \/>\n<meta name=\"twitter:card\" content=\"summary_large_image\" \/>\n<meta name=\"twitter:label1\" content=\"Tiempo de lectura\" \/>\n\t<meta name=\"twitter:data1\" content=\"1 minuto\" \/>\n<script type=\"application\/ld+json\" class=\"yoast-schema-graph\">{\"@context\":\"https:\/\/schema.org\",\"@graph\":[{\"@type\":\"WebPage\",\"@id\":\"https:\/\/proyectum.com\/sv\/productos\/pmostep-definicion-e-implementacion-de-una-pmo\/\",\"url\":\"https:\/\/proyectum.com\/sv\/productos\/pmostep-definicion-e-implementacion-de-una-pmo\/\",\"name\":\"PMOStep: Definici\u00f3n e implementaci\u00f3n de una PMO - Proyectum El Salvador\",\"isPartOf\":{\"@id\":\"https:\/\/proyectum.com\/sv\/#website\"},\"datePublished\":\"2015-04-07T19:45:47+00:00\",\"dateModified\":\"2018-09-12T18:07:18+00:00\",\"breadcrumb\":{\"@id\":\"https:\/\/proyectum.com\/sv\/productos\/pmostep-definicion-e-implementacion-de-una-pmo\/#breadcrumb\"},\"inLanguage\":\"es\",\"potentialAction\":[{\"@type\":\"ReadAction\",\"target\":[\"https:\/\/proyectum.com\/sv\/productos\/pmostep-definicion-e-implementacion-de-una-pmo\/\"]}]},{\"@type\":\"BreadcrumbList\",\"@id\":\"https:\/\/proyectum.com\/sv\/productos\/pmostep-definicion-e-implementacion-de-una-pmo\/#breadcrumb\",\"itemListElement\":[{\"@type\":\"ListItem\",\"position\":1,\"name\":\"Home\",\"item\":\"https:\/\/proyectum.com\/sv\/\"},{\"@type\":\"ListItem\",\"position\":2,\"name\":\"Productos\",\"item\":\"https:\/\/proyectum.com\/sv\/productos\/\"},{\"@type\":\"ListItem\",\"position\":3,\"name\":\"PMOStep: Definici\u00f3n e implementaci\u00f3n de una PMO\"}]},{\"@type\":\"WebSite\",\"@id\":\"https:\/\/proyectum.com\/sv\/#website\",\"url\":\"https:\/\/proyectum.com\/sv\/\",\"name\":\"Proyectum Costa Rica\",\"description\":\"La Agilidad Empresarial es una obligaci\u00f3n\",\"publisher\":{\"@id\":\"https:\/\/proyectum.com\/sv\/#organization\"},\"potentialAction\":[{\"@type\":\"SearchAction\",\"target\":{\"@type\":\"EntryPoint\",\"urlTemplate\":\"https:\/\/proyectum.com\/sv\/?s={search_term_string}\"},\"query-input\":{\"@type\":\"PropertyValueSpecification\",\"valueRequired\":true,\"valueName\":\"search_term_string\"}}],\"inLanguage\":\"es\"},{\"@type\":\"Organization\",\"@id\":\"https:\/\/proyectum.com\/sv\/#organization\",\"name\":\"Proyectum Costa Rica\",\"url\":\"https:\/\/proyectum.com\/sv\/\",\"logo\":{\"@type\":\"ImageObject\",\"inLanguage\":\"es\",\"@id\":\"https:\/\/proyectum.com\/sv\/#\/schema\/logo\/image\/\",\"url\":\"https:\/\/i1.wp.com\/proyectum.com\/sv\/wp-content\/uploads\/proyectum-logo-snippet.png?fit=600%2C315&ssl=1\",\"contentUrl\":\"https:\/\/i1.wp.com\/proyectum.com\/sv\/wp-content\/uploads\/proyectum-logo-snippet.png?fit=600%2C315&ssl=1\",\"width\":600,\"height\":315,\"caption\":\"Proyectum Costa Rica\"},\"image\":{\"@id\":\"https:\/\/proyectum.com\/sv\/#\/schema\/logo\/image\/\"},\"sameAs\":[\"https:\/\/www.facebook.com\/proyectumcr\/\",\"https:\/\/www.instagram.com\/proyectumcostarica\/\",\"https:\/\/www.linkedin.com\/company\/proyectum-costarica\/\",\"https:\/\/www.youtube.com\/channel\/UCljouWimyhK_cNcC2jniUgw\"]}]}<\/script>\n<!-- \/ Yoast SEO plugin. -->","yoast_head_json":{"title":"PMOStep: Definici\u00f3n e implementaci\u00f3n de una PMO - Proyectum El Salvador","robots":{"index":"index","follow":"follow","max-snippet":"max-snippet:-1","max-image-preview":"max-image-preview:large","max-video-preview":"max-video-preview:-1"},"canonical":"https:\/\/proyectum.com\/sv\/productos\/pmostep-definicion-e-implementacion-de-una-pmo\/","og_locale":"es_ES","og_type":"article","og_title":"PMOStep: Definici\u00f3n e implementaci\u00f3n de una PMO - Proyectum El Salvador","og_description":"La habilidad de ejecutar mejor, m\u00e1s r\u00e1pido y m\u00e1s barato sus proyectos generalmente est\u00e1 asociada a la capacidad de poder implementar procesos y pr\u00e1cticas de trabajo comunes a lo largo de toda la organizaci\u00f3n. Sin embargo, lograr que su organizaci\u00f3n aplique procesos y pr\u00e1cticas de trabajo comunes puede ser un verdadero desaf\u00edo. Muchas organizaciones buscan [&hellip;]","og_url":"https:\/\/proyectum.com\/sv\/productos\/pmostep-definicion-e-implementacion-de-una-pmo\/","og_site_name":"Proyectum El Salvador","article_publisher":"https:\/\/www.facebook.com\/proyectumcr\/","article_modified_time":"2018-09-12T18:07:18+00:00","twitter_card":"summary_large_image","twitter_misc":{"Tiempo de lectura":"1 minuto"},"schema":{"@context":"https:\/\/schema.org","@graph":[{"@type":"WebPage","@id":"https:\/\/proyectum.com\/sv\/productos\/pmostep-definicion-e-implementacion-de-una-pmo\/","url":"https:\/\/proyectum.com\/sv\/productos\/pmostep-definicion-e-implementacion-de-una-pmo\/","name":"PMOStep: Definici\u00f3n e implementaci\u00f3n de una PMO - Proyectum El Salvador","isPartOf":{"@id":"https:\/\/proyectum.com\/sv\/#website"},"datePublished":"2015-04-07T19:45:47+00:00","dateModified":"2018-09-12T18:07:18+00:00","breadcrumb":{"@id":"https:\/\/proyectum.com\/sv\/productos\/pmostep-definicion-e-implementacion-de-una-pmo\/#breadcrumb"},"inLanguage":"es","potentialAction":[{"@type":"ReadAction","target":["https:\/\/proyectum.com\/sv\/productos\/pmostep-definicion-e-implementacion-de-una-pmo\/"]}]},{"@type":"BreadcrumbList","@id":"https:\/\/proyectum.com\/sv\/productos\/pmostep-definicion-e-implementacion-de-una-pmo\/#breadcrumb","itemListElement":[{"@type":"ListItem","position":1,"name":"Home","item":"https:\/\/proyectum.com\/sv\/"},{"@type":"ListItem","position":2,"name":"Productos","item":"https:\/\/proyectum.com\/sv\/productos\/"},{"@type":"ListItem","position":3,"name":"PMOStep: Definici\u00f3n e implementaci\u00f3n de una PMO"}]},{"@type":"WebSite","@id":"https:\/\/proyectum.com\/sv\/#website","url":"https:\/\/proyectum.com\/sv\/","name":"Proyectum Costa Rica","description":"La Agilidad Empresarial es una obligaci\u00f3n","publisher":{"@id":"https:\/\/proyectum.com\/sv\/#organization"},"potentialAction":[{"@type":"SearchAction","target":{"@type":"EntryPoint","urlTemplate":"https:\/\/proyectum.com\/sv\/?s={search_term_string}"},"query-input":{"@type":"PropertyValueSpecification","valueRequired":true,"valueName":"search_term_string"}}],"inLanguage":"es"},{"@type":"Organization","@id":"https:\/\/proyectum.com\/sv\/#organization","name":"Proyectum Costa Rica","url":"https:\/\/proyectum.com\/sv\/","logo":{"@type":"ImageObject","inLanguage":"es","@id":"https:\/\/proyectum.com\/sv\/#\/schema\/logo\/image\/","url":"https:\/\/i1.wp.com\/proyectum.com\/sv\/wp-content\/uploads\/proyectum-logo-snippet.png?fit=600%2C315&ssl=1","contentUrl":"https:\/\/i1.wp.com\/proyectum.com\/sv\/wp-content\/uploads\/proyectum-logo-snippet.png?fit=600%2C315&ssl=1","width":600,"height":315,"caption":"Proyectum Costa Rica"},"image":{"@id":"https:\/\/proyectum.com\/sv\/#\/schema\/logo\/image\/"},"sameAs":["https:\/\/www.facebook.com\/proyectumcr\/","https:\/\/www.instagram.com\/proyectumcostarica\/","https:\/\/www.linkedin.com\/company\/proyectum-costarica\/","https:\/\/www.youtube.com\/channel\/UCljouWimyhK_cNcC2jniUgw"]}]}},"jetpack_sharing_enabled":true,"_links":{"self":[{"href":"https:\/\/proyectum.com\/sv\/wp-json\/wp\/v2\/pages\/3994"}],"collection":[{"href":"https:\/\/proyectum.com\/sv\/wp-json\/wp\/v2\/pages"}],"about":[{"href":"https:\/\/proyectum.com\/sv\/wp-json\/wp\/v2\/types\/page"}],"author":[{"embeddable":true,"href":"https:\/\/proyectum.com\/sv\/wp-json\/wp\/v2\/users\/10"}],"replies":[{"embeddable":true,"href":"https:\/\/proyectum.com\/sv\/wp-json\/wp\/v2\/comments?post=3994"}],"version-history":[{"count":0,"href":"https:\/\/proyectum.com\/sv\/wp-json\/wp\/v2\/pages\/3994\/revisions"}],"up":[{"embeddable":true,"href":"https:\/\/proyectum.com\/sv\/wp-json\/wp\/v2\/pages\/3984"}],"wp:attachment":[{"href":"https:\/\/proyectum.com\/sv\/wp-json\/wp\/v2\/media?parent=3994"}],"curies":[{"name":"wp","href":"https:\/\/api.w.org\/{rel}","templated":true}]}}